{"id":10655,"date":"2020-06-15T17:29:23","date_gmt":"2020-06-15T15:29:23","guid":{"rendered":"https:\/\/www.akademie-solitude.de\/?page_id=10655"},"modified":"2025-05-05T15:06:47","modified_gmt":"2025-05-05T13:06:47","slug":"web-residencies","status":"publish","type":"page","link":"https:\/\/www.akademie-solitude.de\/de\/stipendium\/sonderstipendien\/web-residencies\/","title":{"rendered":"Web Residencies"},"content":{"rendered":"","protected":false},"excerpt":{"rendered":"","protected":false},"author":3,"featured_media":9772,"parent":3649,"menu_order":57,"comment_status":"closed","ping_status":"closed","template":"","meta":{"_acf_changed":false,"inline_featured_image":false,"footnotes":""},"class_list":["post-10655","page","type-page","status-publish","hentry"],"acf":{"bgcolor":"has-bg-yellow","bgcolor_custom":"","custom_color_css_variable":"","content_type":[{"acf_fc_layout":"content_txt","acfe_flexible_layout_title":"Text","bgcolor":"has-bg-yellow","bgcolor_custom":"","layout_col_size":8,"txt_cols":"is-1-txtcol","txt":"<span class=\"has-font-maison-neue\" style=\"font-family: 'Maison Neue';\">Mit ihren Web Residencies f\u00f6rdert die Akademie Schloss Solitude seit 2016 K\u00fcnstler*innen, Designer*innen, Cyborgs, Hacker*innen und Forscher*innen, die den digitalen Raum nutzen. Das Programm findet ausschlie\u00dflich online statt.<\/span>\r\n\r\n&nbsp;\r\n<h3 style=\"text-align: center;\"><span class=\"has-font-maison-neue-extended\" style=\"font-family: 'Maison Neue Extended';\">Auswahlverfahren<\/span><\/h3>\r\n<span class=\"has-font-reckless-light\" style=\"font-family: 'Reckless Regular';\">Dreimal im Jahr gibt es Open Calls, die von eingeladenen Expert*innen oder Kollektiven kuratiert werden. Bei jedem Call w\u00e4hlen die Kurator*innen vier Personen oder Kollektive f\u00fcr eine vierw\u00f6chige Web Residency aus. Die Arbeitsprozesse und -ergebnisse werden online pr\u00e4sentiert.<\/span>\r\n\r\n<span class=\"has-font-reckless-light\" style=\"font-family: 'Reckless Regular';\">In den Jahren 2017-2020 haben die Akademie Schloss Solitude und das ZKM | Zentrum f\u00fcr Kunst und Medientechnologie in Kooperation neun Calls for Web Residencies mit unterschiedlichen Themen ausgeschrieben. In den Jahren 2018 und 2020 wurde der Produktionspreis \u00bbHASH\u00ab f\u00fcr herausragende Projekte der Web Residents vergeben. Der Preis war mit 8.000 Euro dotiert und wurde von der Stiftung Landesbank Baden-W\u00fcrttemberg gef\u00f6rdert.<\/span>"},{"acf_fc_layout":"content_cta","acfe_flexible_layout_title":"Link \/ Call-to-Action","bgcolor":"has-bg-blue","bgcolor_custom":"","layout_col_size":6,"cta_link":{"type":"url","value":"https:\/\/www.akademie-solitude.de\/de\/postproject\/web-residencies\/","title":"","target":false},"cta_txt":"Web Residencies","cta_button_txt":"Weitere Informationen"}],"intro_preview_headline":"Web Residencies","intro_preview_txt":"Mit ihren Web Residencies f\u00f6rdert die Akademie Schloss Solitude seit 2016 (von 2017 bis 2020 gemeinsam mit dem ZKM | Zentrum f\u00fcr Kunst und Medien) K\u00fcnstler*innen, Designer*innen, Cyborgs, Hacker*innen und Forscher*innen, die den digitalen Raum nutzen. Das Programm findet ausschlie\u00dflich online statt.","intro_preview_img":"","page_program_data":401},"_links":{"self":[{"href":"https:\/\/www.akademie-solitude.de\/de\/wp-json\/wp\/v2\/pages\/10655","targetHints":{"allow":["GET"]}}],"collection":[{"href":"https:\/\/www.akademie-solitude.de\/de\/wp-json\/wp\/v2\/pages"}],"about":[{"href":"https:\/\/www.akademie-solitude.de\/de\/wp-json\/wp\/v2\/types\/page"}],"author":[{"embeddable":true,"href":"https:\/\/www.akademie-solitude.de\/de\/wp-json\/wp\/v2\/users\/3"}],"replies":[{"embeddable":true,"href":"https:\/\/www.akademie-solitude.de\/de\/wp-json\/wp\/v2\/comments?post=10655"}],"version-history":[{"count":3,"href":"https:\/\/www.akademie-solitude.de\/de\/wp-json\/wp\/v2\/pages\/10655\/revisions"}],"predecessor-version":[{"id":42689,"href":"https:\/\/www.akademie-solitude.de\/de\/wp-json\/wp\/v2\/pages\/10655\/revisions\/42689"}],"up":[{"embeddable":true,"href":"https:\/\/www.akademie-solitude.de\/de\/wp-json\/wp\/v2\/pages\/3649"}],"acf:term":[{"embeddable":true,"taxonomy":"program","href":"https:\/\/www.akademie-solitude.de\/de\/wp-json\/wp\/v2\/program\/401"}],"wp:featuredmedia":[{"embeddable":true,"href":"https:\/\/www.akademie-solitude.de\/de\/wp-json\/wp\/v2\/media\/9772"}],"wp:attachment":[{"href":"https:\/\/www.akademie-solitude.de\/de\/wp-json\/wp\/v2\/media?parent=10655"}],"curies":[{"name":"wp","href":"https:\/\/api.w.org\/{rel}","templated":true}]}}