{"id":108,"date":"2020-01-24T17:22:09","date_gmt":"2020-01-24T16:22:09","guid":{"rendered":"https:\/\/www.akademie-solitude.de\/?page_id=108"},"modified":"2025-07-17T11:04:26","modified_gmt":"2025-07-17T09:04:26","slug":"impressum","status":"publish","type":"page","link":"https:\/\/www.akademie-solitude.de\/de\/impressum\/","title":{"rendered":"Impressum"},"content":{"rendered":"","protected":false},"excerpt":{"rendered":"","protected":false},"author":1,"featured_media":0,"parent":0,"menu_order":124,"comment_status":"closed","ping_status":"closed","template":"","meta":{"_acf_changed":false,"inline_featured_image":false,"footnotes":""},"class_list":["post-108","page","type-page","status-publish","hentry"],"acf":{"bgcolor":"","bgcolor_custom":"","custom_color_css_variable":"","content_type":[{"acf_fc_layout":"content_txt","acfe_flexible_layout_title":"Text","bgcolor":"","bgcolor_custom":"","layout_col_size":6,"txt_cols":"is-1-txtcol","txt":"<p class=\"is-size-6\" style=\"text-align: left;\">Akademie Schloss Solitude\r\nSolitude 3\r\n70197 Stuttgart\r\nDeutschland\r\nTel. 0049 (0)711 99 61 90\r\nFax 0049 (0)711 99 61 95 0\r\nEmail: mail@akademie-solitude.de\r\nInternet: www.akademie-solitude.de\r\nDie Akademie Schloss Solitude ist eine Stiftung des \u00f6ffentlichen Rechts.<\/p>\r\n<p class=\"is-size-6\">Vertretungsberechtigte Person: Dr. Anne Fleckstein (Direktorin)\r\nZust\u00e4ndige Aufsichtsbeh\u00f6rde: Ministerium f\u00fcr Wissenschaft, Forschung und Kunst Baden-W\u00fcrttemberg in Stuttgart<\/p>\r\n<p class=\"is-size-6\">Inhalt: Akademie Schloss Solitude\r\nVerantwortliche: Dr. Anne Fleckstein<\/p>\r\n<p class=\"is-size-6\" style=\"text-align: left;\">Grafische Konzeption und Gestaltung:\r\n<a href=\"https:\/\/www.stegmeyerfischer.de\/\" target=\"_blank\" rel=\"noopener\">Stegmeyer Fischer Creative Studio<\/a><\/p>\r\n<p class=\"is-size-6\" style=\"text-align: left;\">Entwicklung\/Programmierung:\r\n<a href=\"http:\/\/www.vonheintschel.de\/\" target=\"_blank\" rel=\"noopener\">von heintschel web development<\/a><\/p>\r\n<p class=\"is-size-6\" style=\"text-align: left;\">Rechtliche Hinweise:\r\nDie Akademie Schloss Solitude ist um Richtigkeit und Aktualit\u00e4t der auf dieser Internetpr\u00e4senz bereitgestellten Informationen bem\u00fcht. Trotzdem k\u00f6nnen Fehler und Unklarheiten nicht vollst\u00e4ndig ausgeschlossen werden. Die Akademie Schloss Solitude \u00fcbernimmt deshalb keine Gew\u00e4hr f\u00fcr die Aktualit\u00e4t, Richtigkeit, Vollst\u00e4ndigkeit oder Qualit\u00e4t der bereitgestellten Informationen. F\u00fcr Sch\u00e4den materieller oder immaterieller Art, die durch die Nutzung oder Nichtnutzung der dargebotenen Informationen bzw. durch die Nutzung fehlerhafter und unvollst\u00e4ndiger Informationen unmittelbar oder mittelbar verursacht werden, haftet die Akademie Schloss Solitude nicht, sofern ihr nicht nachweislich vors\u00e4tzliches oder grob fahrl\u00e4ssiges Verschulden zur Last f\u00e4llt. Die Akademie Schloss Solitude beh\u00e4lt es sich vor, Teile des Internetangebots oder das gesamte Angebot ohne gesonderte Ank\u00fcndigung zu ver\u00e4ndern, zu erg\u00e4nzen, zu l\u00f6schen oder die Ver\u00f6ffentlichung zeitweise oder endg\u00fcltig einzustellen.<\/p>\r\n<p class=\"is-size-6\" style=\"text-align: left;\">Wo die Akademie Schloss Solitude auf ihrem Internetangebot Platz l\u00e4sst f\u00fcr Dritte (z.B. Stipendiaten) haftet allein die Drittpartei f\u00fcr die dort zur Verf\u00fcgung gestellten Inhalte.\u00a0Die Verantwortlichkeit f\u00fcr \u00bbfremde Inhalte\u00ab, die beispielsweise durch direkte oder indirekte Verkn\u00fcpfungen (z.B. sogenannte \u00bbLinks\u00ab) zu anderen Anbietern bereitgehalten werden, setzt unter anderem positive Kenntnis des rechtswidrigen bzw. strafbaren Inhaltes voraus. Die Akademie Schloss Solitude hat auf \u00bbfremde Inhalte\u00ab keinerlei Einfluss und macht sich diese Inhalte auch nicht zu Eigen. Die Akademie Schloss Solitude hat keine Kenntnis \u00fcber rechtswidrige oder anst\u00f6\u00dfige Inhalte auf den mit ihrer Internetpr\u00e4senz verkn\u00fcpften Seiten fremder Anbieter. Sollten auf den verkn\u00fcpften Seiten fremder Anbieter dennoch rechtswidrige oder anst\u00f6\u00dfige Inhalte enthalten sein, so distanziert sich die Akademie Schloss Solitude von diesen Inhalten ausdr\u00fccklich.<\/p>\r\n<p class=\"is-size-6\" style=\"text-align: left;\">Alle innerhalb des Internetangebotes genannten und ggf. durch Dritte gesch\u00fctzten Marken- und Warenzeichen unterliegen uneingeschr\u00e4nkt den Bestimmungen des jeweils g\u00fcltigen Kennzeichenrechts und den Besitzrechten der jeweiligen eingetragenen Eigent\u00fcmer.<\/p>\r\n<p class=\"is-size-6\" style=\"text-align: left;\">Eine Vervielf\u00e4ltigung oder Verwendung jeglicher Grafiken, Tondokumente, Videosequenzen und\/oder Texte ist ohne ausdr\u00fcckliche Zustimmung der Akademie Schloss Solitude oder des jeweiligen Urhebers nicht gestattet.<\/p>"}],"intro_preview_headline":"","intro_preview_txt":"","intro_preview_img":""},"_links":{"self":[{"href":"https:\/\/www.akademie-solitude.de\/de\/wp-json\/wp\/v2\/pages\/108","targetHints":{"allow":["GET"]}}],"collection":[{"href":"https:\/\/www.akademie-solitude.de\/de\/wp-json\/wp\/v2\/pages"}],"about":[{"href":"https:\/\/www.akademie-solitude.de\/de\/wp-json\/wp\/v2\/types\/page"}],"author":[{"embeddable":true,"href":"https:\/\/www.akademie-solitude.de\/de\/wp-json\/wp\/v2\/users\/1"}],"replies":[{"embeddable":true,"href":"https:\/\/www.akademie-solitude.de\/de\/wp-json\/wp\/v2\/comments?post=108"}],"version-history":[{"count":3,"href":"https:\/\/www.akademie-solitude.de\/de\/wp-json\/wp\/v2\/pages\/108\/revisions"}],"predecessor-version":[{"id":43036,"href":"https:\/\/www.akademie-solitude.de\/de\/wp-json\/wp\/v2\/pages\/108\/revisions\/43036"}],"wp:attachment":[{"href":"https:\/\/www.akademie-solitude.de\/de\/wp-json\/wp\/v2\/media?parent=108"}],"curies":[{"name":"wp","href":"https:\/\/api.w.org\/{rel}","templated":true}]}}