{"id":10816,"date":"2020-06-30T16:06:55","date_gmt":"2020-06-30T14:06:55","guid":{"rendered":"https:\/\/www.akademie-solitude.de\/?page_id=10816"},"modified":"2026-03-24T14:58:41","modified_gmt":"2026-03-24T13:58:41","slug":"solitude-stipendium","status":"publish","type":"page","link":"https:\/\/www.akademie-solitude.de\/de\/stipendium\/solitude-stipendium\/","title":{"rendered":"Solitude-Stipendium"},"content":{"rendered":"","protected":false},"excerpt":{"rendered":"","protected":false},"author":3,"featured_media":0,"parent":85,"menu_order":47,"comment_status":"closed","ping_status":"closed","template":"","meta":{"_acf_changed":false,"inline_featured_image":false,"footnotes":""},"class_list":["post-10816","page","type-page","status-publish","hentry"],"acf":{"bgcolor":"has-bg-red","bgcolor_custom":"","custom_color_css_variable":"","content_type":{"0":{"acf_fc_layout":"content_txt","_acfe_flexible_layout_title":null,"acfe_flexible_layout_title":"Text","bgcolor":"has-bg-red","bgcolor_custom":"","layout_col_size":8,"txt_cols":"is-1-txtcol","txt":"Die Akademie Schloss Solitude in Stuttgart vergibt alle zwei Jahre zwischen 50 und 60 Aufenthaltsstipendien an internationale K\u00fcnstler*innen, Wissenschaftler*innen und Kulturschaffende aller Disziplinen. Mit dem Solitude-Stipendium schaffen wir Raum f\u00fcr konzentrierte Arbeit, interdisziplin\u00e4ren Austausch und internationale Vernetzung \u2013 und leisten damit einen Beitrag zu einer offenen vielf\u00e4ltigen und mit der Welt verbundenen Kulturlandschaft in Baden-W\u00fcrttemberg und Deutschland. Das Stipendium ist ergebnisoffen ausgerichtet und er\u00f6ffnet zugleich die M\u00f6glichkeit f\u00fcr Veranstaltungen vor Ort, auch in Kooperation mit anderen Kultureinrichtungen in Stuttgart und der Region.\r\n\r\n<span class=\"has-font-reckless-light\" style=\"font-family: Reckless Regular;\">Mit dem Solitude-Stipendium richten wir uns an Personen, die zwei bis zehn Jahre nach ihrer Ausbildung eine eigenst\u00e4ndige Praxis entwickelt haben und nun ihre berufliche Entwicklung vertiefen und den n\u00e4chsten Schritt in Richtung internationaler und interdisziplin\u00e4rer Vernetzung gehen m\u00f6chten.<\/span>\r\n<h3 style=\"text-align: center;\"><span class=\"has-font-maison-neue-extended\" style=\"font-family: 'Maison Neue Extended';\">Wer kann sich bewerben?<\/span><\/h3>\r\n<span class=\"has-font-reckless-light\" style=\"font-family: Reckless Regular;\">Das Stipendium richtet sich an K\u00fcnstler*innen, Wissenschaftler*innen und Kulturschaffende aus aller Welt, die bereits eine eigenst\u00e4ndige professionelle Praxis aufgebaut haben, sich jedoch in einer aktiven Phase der Weiterentwicklung befinden \u2013 also nicht mehr am Beginn, aber auch noch nicht fest etabliert in ihrer Laufbahn. In der Regel bedeutet das mindestens zwei und h\u00f6chstens zehn Jahre professionelle Praxis nach Beendigung einer k\u00fcnstlerischen oder wissenschaftlichen Ausbildung, unabh\u00e4ngig vom Alter. Dieser Zeitraum dient als Orientierung und ist kein striktes Zulassungskriterium. Wir suchen Bewerber*innen, die sich in einer Phase der ersten Konsolidierung ihrer Praxis befinden und den Wunsch haben, neue Kontexte und disziplinen\u00fcbergreifende Erfahrungen zu erschlie\u00dfen. In der Bewerbung sollte nachvollziehbar beschrieben werden, an welchem Punkt der eigenen beruflichen oder k\u00fcnstlerischen Entwicklung man sich aktuell befindet und warum ein Aufenthalt an der Akademie Schloss Solitude in dieser Phase besonders relevant ist. Auch Bewerbungen von Personen mit mehr als zehn Jahren professioneller Praxis werden ber\u00fccksichtigt, sofern sie \u00fcberzeugend darlegen, inwiefern das Stipendium f\u00fcr ihre aktuelle k\u00fcnstlerische oder berufliche Entwicklung von besonderer Bedeutung ist.<\/span>\r\n\r\n<span class=\"has-font-reckless-light\" style=\"font-family: Reckless Regular;\">In den Praxisfeldern<\/span> <span class=\"has-font-maison-neue\" style=\"font-family: Maison Neue;\">Visuell, Auditiv &amp; Physisch, Textuell, R\u00e4umlich<\/span>\u00a0<span class=\"has-font-reckless-light\" style=\"font-family: Reckless Regular;\">und<\/span> <span class=\"has-font-maison-neue\" style=\"font-family: Maison Neue;\">Digital<\/span> <span class=\"has-font-reckless-light\" style=\"font-family: Reckless Regular;\">umfasst der Begriff Ausbildung s\u00e4mtliche Formen k\u00fcnstlerischer Qualifikation \u2013 etwa Studien an Kunsthochschulen oder Universit\u00e4ten, berufliche Ausbildung, Mentoring, Meisterklassen oder autodidaktische Ausbildung. Im Praxisfeld<\/span> <span class=\"has-font-maison-neue\" style=\"font-family: Maison Neue;\">Wissenschaftlich<\/span> <span class=\"has-font-reckless-light\" style=\"font-family: Reckless Regular;\">wird mindestens ein Masterabschluss vorausgesetzt.<\/span>\r\n\r\n<span class=\"has-font-reckless-light\" style=\"font-family: Reckless Regular;\">Vom Auswahlverfahren ausgeschlossen sind Bewerber*innen, die sich noch in Ausbildung oder Studium befinden (mit Ausnahme einer Promotion), sowie Bewerber*innen, die bereits eine ordentliche Hochschulprofessur innehaben.<\/span>\r\n\r\n<span class=\"has-font-reckless-light\" style=\"font-family: Reckless Regular;\">Kollektive k\u00f6nnen sich mit maximal zwei Personen f\u00fcr ein Stipendium bewerben \u2013 Voraussetzung ist, dass sie seit mindestens zwei Jahren gemeinsam k\u00fcnstlerisch arbeiten.<\/span>\r\n\r\n<span class=\"has-font-reckless-light\" style=\"font-family: Reckless Regular;\">Sprachkenntnisse in Deutsch und\/oder Englisch werden vorausgesetzt. Die Haussprache ist Englisch.\u00a0<\/span>"},"1":{"acf_fc_layout":"content_img","_acfe_flexible_layout_title":null,"acfe_flexible_layout_title":"Bild(er)","bgcolor":"has-bg-red","bgcolor_custom":"","layout_col_size":8,"img_gallery":true,"img":[21888,21115,21514,15290,21891],"img_gallery_format":"is-16by9"},"2":{"acf_fc_layout":"content_txt","_acfe_flexible_layout_title":null,"acfe_flexible_layout_title":"Text","bgcolor":"has-bg-green","bgcolor_custom":"","layout_col_size":6,"txt_cols":"is-1-txtcol","txt":"<h3>Praxisfelder im Detail\r\n<span class=\"has-font-reckless-light\" style=\"font-family: 'Reckless Regular';\">Die Bewerbung ist offen f\u00fcr sechs \u00fcbergeordnete Praxisfelder, die verschiedene Disziplinen abdecken und jeweils in Unterkategorien gegliedert sind:<\/span><\/h3>"},"3":{"acf_fc_layout":"content_txt","_acfe_flexible_layout_title":null,"acfe_flexible_layout_title":"Text","bgcolor":"has-bg-green","bgcolor_custom":"","layout_col_size":6,"txt_cols":"is-1-txtcol","txt":"VISUELL \u2013 Bildende Kunst &amp; Film\/Video\r\n<ul>\r\n \t<li><span class=\"has-font-reckless-light\" style=\"font-family: Reckless Regular;\">Bildende Kunst \u2013 Malerei, Skulptur, Plastik, Zeichnung, Installation, Fotografie, Druck, Keramik, Textil und Performance Art<\/span><\/li>\r\n \t<li><span class=\"has-font-reckless-light\" style=\"font-family: Reckless Regular;\">Film\/Video \u2013 Film, Video, Dokumentarfilm, Fiktion<\/span><\/li>\r\n<\/ul>\r\nAUDITIV &amp; PHYSISCH \u2013 Musik\/Klang &amp; Darstellende Kunst\r\n<ul>\r\n \t<li><span class=\"has-font-reckless-light\" style=\"font-family: Reckless Regular;\">Musik\/Sound \u2013 Musik, Musik-Interpretation &amp; Komposition, Klanginstallation, Klangperformance, Musiktheater<\/span><\/li>\r\n \t<li><span class=\"has-font-reckless-light\" style=\"font-family: Reckless Regular;\">Darstellende Kunst \u2013 Tanz, Choreografie, Schauspiel, Dramaturgie, Regie<\/span><\/li>\r\n<\/ul>\r\nR\u00c4UMLICH \u2013 Architektur &amp; Design\r\n<ul>\r\n \t<li><span class=\"has-font-reckless-light\" style=\"font-family: Reckless Regular;\">Architecture \u2013 <span class=\"TextRun SCXW139911049 BCX2\" lang=\"DE-DE\" xml:lang=\"DE-DE\" data-contrast=\"auto\"><span class=\"NormalTextRun SCXW139911049 BCX2\">Architektur, Stadtplanung, Landschaftsarchitektur<\/span><\/span><\/span><\/li>\r\n \t<li><span class=\"has-font-reckless-light\" style=\"font-family: Reckless Regular;\">Design \u2013 <span class=\"TextRun SCXW253751507 BCX2\" lang=\"DE-DE\" xml:lang=\"DE-DE\" data-contrast=\"auto\"><span class=\"NormalTextRun SCXW253751507 BCX2\">Design,<\/span><span class=\"NormalTextRun CommentStart CommentHighlightPipeRest CommentHighlightRest SCXW253751507 BCX2\"> Szenografie<\/span><span class=\"NormalTextRun CommentHighlightPipeRest SCXW253751507 BCX2\">, Modedesign, Kost\u00fcm<\/span><\/span><span class=\"TextRun Highlight SCXW253751507 BCX2\" lang=\"DE-DE\" xml:lang=\"DE-DE\" data-contrast=\"auto\"><span class=\"NormalTextRun SCXW253751507 BCX2\">bild<\/span><\/span><span class=\"TextRun SCXW253751507 BCX2\" lang=\"DE-DE\" xml:lang=\"DE-DE\" data-contrast=\"auto\"><span class=\"NormalTextRun SCXW253751507 BCX2\">, Produktdesign<\/span><\/span><\/span><\/li>\r\n<\/ul>\r\nTEXTUELL \u2013 Literatur &amp; Sprache\r\n<ul>\r\n \t<li><span class=\"has-font-reckless-light\" style=\"font-family: Reckless Regular;\">Deutschsprachige Literatur \u2013 Lyrik, Prosa, Essay, Dramatische Texte sowie \u00dcbersetzung<\/span><\/li>\r\n \t<li><span class=\"has-font-reckless-light\" style=\"font-family: Reckless Regular;\">Internationale Literatur \u2013 Lyrik, Prosa, Essay, Dramatische Texte sowie \u00dcbersetzung<\/span><\/li>\r\n<\/ul>\r\nDIGITAL \u2013 Neue Medienkunst &amp; Digitale Kunst\r\n<span class=\"has-font-reckless-light\" style=\"font-family: Reckless Regular;\">K\u00fcnstlerische Praxis in Bezug auf digitale, algorithmische und vernetzte Technologien, Gaming, (Live-)Coding, Hacking, Open-Source-Kultur, digitale Communities, postdigitale \u00c4sthetik<\/span>\r\n\r\nWISSENSCHAFTLICH \u2013 <span class=\"has-font-reckless-light\" style=\"font-family: Reckless Regular;\">Geisteswissenschaften &amp; Angewandte Wissenschaften (mit wechselnden Schwerpunktdisziplinen)\r\n<span class=\"has-font-maison-neue\" style=\"font-family: Maison Neue;\">Aktuelle Schwerpunktdisziplinen:<\/span> Philosophie, Medienwissenschaften, Soziologie, Kulturwissenschaften, Politikwissenschaften, Rechtswissenschaften, Biowissenschaften und \u00d6konomie\r\n<\/span>"},"4":{"acf_fc_layout":"content_txt","_acfe_flexible_layout_title":null,"acfe_flexible_layout_title":"Text","bgcolor":"has-bg-red","bgcolor_custom":"","layout_col_size":8,"txt_cols":"is-1-txtcol","txt":"<h3 style=\"text-align: center;\"><span class=\"has-font-maison-neue-extended\" style=\"font-family: Maison Neue Extended;\">\u00a0\u00a0Was bieten wir mit dem Solitude-Stipendium?<\/span><\/h3>\r\n<ul>\r\n \t<li><span class=\"has-font-reckless-light\">einen 6- oder 9-monatigen Aufenthalt in Stuttgart, Deutschland<\/span><\/li>\r\n \t<li><span class=\"has-font-reckless-light\">ein monatliches Stipendium von 1300 Euro zur Deckung der Lebenshaltungskosten<\/span><\/li>\r\n \t<li><span class=\"has-font-reckless-light\">ein m\u00f6bliertes Wohn- und Arbeitsstudio in der Akademie Schloss Solitude inklusive Strom, Heizung und Wasser<\/span><\/li>\r\n \t<li><span class=\"has-font-reckless-light\">einmalige Erstattung der Reisekosten f\u00fcr die An- und Abreise<\/span><\/li>\r\n \t<li><span class=\"has-font-reckless-light\">Projektmittel (je nach Haushaltslage)<\/span><\/li>\r\n \t<li><span class=\"has-font-reckless-light\">\u00dcbernahme der Krankenversicherungskosten f\u00fcr Nicht-EU-B\u00fcrger*innen<\/span><\/li>\r\n \t<li><span class=\"has-font-reckless-light\">Austausch mit einer internationalen und multidisziplin\u00e4ren Stipendiat*innengemeinschaft)<\/span><\/li>\r\n \t<li><span class=\"has-font-reckless-light\">Teilnahme an Veranstaltungen der Akademie<\/span><\/li>\r\n \t<li><span class=\"has-font-reckless-light\">Unterst\u00fctzung bei lokaler und regionaler Vernetzung<\/span><\/li>\r\n \t<li><span class=\"has-font-reckless-light\"><span class=\"has-font-reckless-light\"><span class=\"has-font-reckless-light\">Nutzung unserer Werkst\u00e4tten (Holz, Metall, Videoschnitt\/VR) und Bibliotheken<\/span><\/span><\/span><\/li>\r\n<\/ul>\r\n<h3 style=\"text-align: center;\">Was erwarten wir?<\/h3>\r\n<ul>\r\n \t<li><span class=\"has-font-reckless-light\">Anwesenheit in Stuttgart w\u00e4hrend des gesamten Stipendiums (Hauptwohnsitz in Stuttgart erforderlich)<\/span><\/li>\r\n \t<li><span class=\"has-font-reckless-light\">Bereitschaft zur aktiven Beteiligung an unserer Gemeinschaft und an Veranstaltungen der Akademie<\/span><\/li>\r\n \t<li><span class=\"has-font-reckless-light\">Offenheit f\u00fcr interdisziplin\u00e4ren Austausch<\/span><\/li>\r\n \t<li><span class=\"has-font-reckless-light\">Toleranz und Dialogbereitschaft gegen\u00fcber Menschen mit unterschiedlichen Perspektiven, Identit\u00e4ten und Lebenskontexten<\/span><\/li>\r\n \t<li><span class=\"has-font-reckless-light\"><span class=\"has-font-reckless-light\"><span class=\"has-font-reckless-light\"><span class=\"has-font-reckless-light\">Bereitschaft zur lokalen Vernetzung in Stuttgart und Region<\/span><\/span><\/span><\/span><\/li>\r\n<\/ul>\r\n<h3 style=\"text-align: center;\">Wie sieht der Bewerbungs- und Auswahlprozess aus?<\/h3>\r\n<span class=\"has-font-reckless-light\">Der Bewerbungsprozess gliedert sich in drei Stufen.<\/span>\r\n\r\n<span style=\"text-decoration: underline;\"><span class=\"has-font-reckless-light\">1. Stufe: Offene Kurzbewerbung (online)<\/span><\/span>\r\n<span class=\"has-font-reckless-light\">\u00dcber unsere Bewerbungsplattform f\u00fcllen Bewerber*innen ein Onlineformular mit Angaben zur Person, Praxisfeld und Motivation aus. Nach Abschluss dieser ersten Bewerbungsstufe setzen wir in Praxisfeldern mit sehr hohen Bewerbungszahlen ein anonymes Losverfahren zur fairen Vorauswahl ein. Dieses Verfahren erfolgt ohne den Einsatz von K\u00fcnstlicher Intelligenz und wird notariell \u00fcberwacht.<\/span>\r\n\r\n<span style=\"text-decoration: underline;\"><span class=\"has-font-reckless-light\">2. Stufe: Ausf\u00fchrliche Bewerbung (online)<\/span><\/span>\r\n<span class=\"has-font-reckless-light\">Die zugelassenen Bewerber*innen k\u00f6nnen im Rahmen einer vorgegebenen Frist eine ausf\u00fchrliche Bewerbung auf der Bewerbungsplattform einreichen.<\/span>\r\n\r\n<span style=\"text-decoration: underline;\"><span class=\"has-font-reckless-light\">3. Stufe: Juryauswahl<\/span><\/span>\r\n<span class=\"has-font-reckless-light\">Eine unabh\u00e4ngige internationale Jury trifft die Auswahl nach qualitativen, fachlichen und interdisziplin\u00e4ren Kriterien. Mit Bekanntgabe der Ergebnisse ver\u00f6ffentlichen wir auch die Zusammensetzung der Jury.<\/span>\r\n\r\n<span class=\"has-font-reckless-light\">Stipendien werden fu\u0308r einen Zeitraum von sechs oder neun Monaten vergeben.<\/span>\r\n<h3 style=\"text-align: center;\"><span class=\"has-font-maison-neue-extended\" style=\"font-family: Maison Neue Extended;\">Welche Kriterien spielen bei der Auswahl eine Rolle?<\/span><\/h3>\r\n<span class=\"has-font-reckless-light\">Bei der Juryauswahl z\u00e4hlen vor allem die inhaltliche Tiefe und die k\u00fcnstlerische Substanz des Portfolios oder Vorhabens und der dahinterliegenden Praxis. Wichtig sind au\u00dferdem die gesellschaftliche und zeitliche Relevanz sowie die Offenheit, neue k\u00fcnstlerische oder wissenschaftliche Denk- und Ausdrucksformen zu entwickeln. Dar\u00fcber hinaus achtet die Jury darauf, an welchem Punkt in ihrer Laufbahn sich die Bewerber*innen befinden \u2013 und ob sie bereit sind, sich interdisziplin\u00e4r auszutauschen und regional zu vernetzen.<\/span>"},"5":{"acf_fc_layout":"content_txt","_acfe_flexible_layout_title":null,"acfe_flexible_layout_title":"Text","bgcolor":"has-bg-green","bgcolor_custom":"","layout_col_size":12,"txt_cols":"is-1-txtcol","txt":"<h3 style=\"text-align: center;\"><span class=\"has-font-maison-neue-extended\" style=\"font-family: 'Maison Neue Extended';\">Wichtige Rahmenbedingungen \u2013 Fragen &amp; Antworten<\/span><\/h3>\r\n&nbsp;"},"6":{"acf_fc_layout":"content_rows","_acfe_flexible_layout_title":null,"acfe_flexible_layout_title":"Auflistung","bgcolor":"has-bg-green","rows_el":[{"row_el_content_collapsible":true,"row_el_content_collapsible_init_state":false,"row_el_content_headline":"Wann und wo findet das Stipendium statt?","row_el_content_left":"","row_el_content_right":"<span class=\"has-font-reckless-light\">Das Solitude-Stipendium ist ein Vollzeit-Aufenthaltsstipendium, das vor Ort in Stuttgart stattfindet. Der Aufenthalt beginnt nach Absprache mit den Stipendiat*innen und abh\u00e4ngig von der Verf\u00fcgbarkeit der Studios innerhalb der zwei Jahre nach Bekanntgabe der Juryergebnisse.<\/span>\r\n<span class=\"has-font-reckless-light\">W\u00e4hrend des gesamten F\u00f6rderzeitraums ist ein Hauptwohnsitz in Stuttgart verpflichtend.<\/span>"},{"row_el_content_collapsible":true,"row_el_content_collapsible_init_state":false,"row_el_content_headline":"Wer kann sich bewerben?","row_el_content_left":"","row_el_content_right":"<span class=\"has-font-reckless-light\">Das Stipendium richtet sich an nationale und internationale K\u00fcnstler*innen und Wissenschaftler*innen mit zwei bis zehn Jahren Praxis- bzw. Forschungserfahrung \u2013 unabh\u00e4ngig vom Alter. Wir suchen Bewerber*innen, die sich in einer Phase der ersten Konsolidierung ihrer Praxis befinden und den Wunsch haben, neue Kontexte und disziplinen\u00fcbergreifende Erfahrungen zu erschlie\u00dfen.<\/span>"},{"row_el_content_collapsible":true,"row_el_content_collapsible_init_state":false,"row_el_content_headline":"K\u00f6nnen sich Kollektive bewerben?","row_el_content_left":"","row_el_content_right":"<span class=\"has-font-reckless-light\">Ja. Kollektive k\u00f6nnen sich mit maximal zwei Personen f\u00fcr ein Stipendium bewerben \u2013 Voraussetzung ist, dass sie seit mindestens zwei Jahren gemeinsam k\u00fcnstlerisch arbeiten. Beide Mitglieder m\u00fcssen w\u00e4hrend des Aufenthalts gleichzeitig vor Ort sein k\u00f6nnen. An Kollektive werden nur sechsmonatige Stipendien vergeben. Jede*r bekommt ein ein eigenes Studio und das volle monatliche Stipendium, das Projektbudget wird geteilt. Pro Praxisfeld f\u00f6rdern wir h\u00f6chstens ein Kollektiv.<\/span>"},{"row_el_content_collapsible":true,"row_el_content_collapsible_init_state":false,"row_el_content_headline":"Wie lange dauert das Stipendium?","row_el_content_left":"","row_el_content_right":"<span class=\"has-font-reckless-light\">F\u00fcr alle Praxisfelder (bis auf das Praxisfeld Wissenschaftlich) bieten wir sechs- oder neunmonatige Stipendien f\u00fcr Einzelpersonen und f\u00fcr Kollektive sechsmonatige Stipendien an. F\u00fcr das Praxisfeld Wissenschaftlich betr\u00e4gt die Stipendienlaufzeit sechs Monate. Die Anzahl der sechs- bzw. neunmonatigen Stipendien pro Disziplin wird von der Akademieleitung festgelegt.<\/span>"},{"row_el_content_collapsible":true,"row_el_content_collapsible_init_state":false,"row_el_content_headline":"Wie und wo bin ich w\u00e4hrend des Stipendiums untergebracht?","row_el_content_left":"","row_el_content_right":"<span class=\"has-font-reckless-light\">Die Unterbringung erfolgt in einem der 41 voll ausgestatteten Wohn- und Arbeitsstudios. Die Akademie Schloss Solitude befindet sich in den beiden Nebengeb\u00e4uden von Schloss Solitude. Alle Studios verf\u00fcgen \u00fcber einen Wohn- und Arbeitsbereich, eine K\u00fcchenzeile sowie ein eigenes Bad.<\/span>"},{"row_el_content_collapsible":true,"row_el_content_collapsible_init_state":false,"row_el_content_headline":"Wie barrierefrei ist die Akademie?","row_el_content_left":"","row_el_content_right":"<span class=\"has-font-reckless-light\">Aufgrund der historischen Bausubstanz ist die Barrierefreiheit eingeschr\u00e4nkt. Wir stellen ein vollst\u00e4ndig barrierefreies Studio bereit, alle anderen R\u00e4ume sind barrierearm. Bei Bedarf unterst\u00fctzen wir gerne individuell.<\/span>"},{"row_el_content_collapsible":true,"row_el_content_collapsible_init_state":false,"row_el_content_headline":"Kann ich mir ein Studio aussuchen?","row_el_content_left":"","row_el_content_right":"<span class=\"has-font-reckless-light\">Nein. Die Studios unterscheiden sich in Gr\u00f6\u00dfe und Zuschnitt aufgrund der denkmalgesch\u00fctzten Architektur. Die Vergabe erfolgt durch die Akademie, ein Anspruch auf ein bestimmtes Studio besteht nicht.<\/span>"},{"row_el_content_collapsible":true,"row_el_content_collapsible_init_state":false,"row_el_content_headline":"Sind die Studios f\u00fcr mehrere Personen geeignet?","row_el_content_left":"","row_el_content_right":"<span class=\"has-font-reckless-light\">Die Studios sind grunds\u00e4tzlich f\u00fcr Einzelpersonen konzipiert, verf\u00fcgen jedoch meist \u00fcber ein Doppelbett und zum Teil \u00fcber ein zus\u00e4tzliches Schlafsofa.<\/span>"},{"row_el_content_collapsible":true,"row_el_content_collapsible_init_state":false,"row_el_content_headline":"D\u00fcrfen Partner*innen mitkommen?","row_el_content_left":"","row_el_content_right":"<span class=\"has-font-reckless-light\">Ja, Partner*innen k\u00f6nnen im Studio mitwohnen. Wir \u00fcbernehmen jedoch keine Reisekosten und k\u00f6nnen weder Betreuung anbieten noch einen zus\u00e4tzlichen Arbeitsplatz bereitstellen. Bei einer Anreise aus dem Ausland m\u00fcssen die geltenden Einreise- und Aufenthaltsbestimmungen beachtet werden. Es sollte in der Planung ber\u00fccksichtigt werden, dass das Stipendium auf die Lebenshaltungskosten einer Person in Stuttgart ausgelegt ist.<\/span>"},{"row_el_content_collapsible":true,"row_el_content_collapsible_init_state":false,"row_el_content_headline":"Kann ich mit meiner Familie kommen?","row_el_content_left":"","row_el_content_right":"<span class=\"has-font-reckless-light\">Ja, in begrenztem Umfang. Wir verf\u00fcgen \u00fcber zwei familienfreundliche Studios, die nach Verf\u00fcgbarkeit vergeben werden. Eine Garantie k\u00f6nnen wir leider nicht geben. Zus\u00e4tzliche Reise- oder Kinderbetreuungskosten \u00fcbernehmen wir nicht. Die Organisation von Kinderbetreuung liegt bei den Stipendiat*innen \u2013 wir vermitteln keine Betreuungs- oder Schulpl\u00e4tze. Wir k\u00f6nnen au\u00dferdem nicht garantieren, dass die Studios oder Gemeinschaftsr\u00e4ume f\u00fcr jede Familie geeignet sind. Auch hier sollte in der Planung ber\u00fccksichtigt werden, dass das Stipendium auf die Lebenshaltungskosten einer Person in Stuttgart ausgelegt ist.<\/span>"},{"row_el_content_collapsible":true,"row_el_content_collapsible_init_state":false,"row_el_content_headline":"Darf ich ein Haustier mitbringen?","row_el_content_left":"","row_el_content_right":"<span class=\"has-font-reckless-light\">Nach vorheriger Absprache ist das eventuell m\u00f6glich. In einem unserer Geb\u00e4ude gibt es zwei tierfreundliche Studios, die nach Verf\u00fcgbarkeit vergeben werden. Diese sind stark nachgefragt und vorrangig f\u00fcr notwendige Therapie-Tiere reserviert. In Gemeinschaftsr\u00e4umen sind Haustiere nicht erlaubt. Wir \u00fcbernehmen keine Gew\u00e4hr daf\u00fcr, dass die Studios f\u00fcr jedes Haustier geeignet sind.<\/span>"},{"row_el_content_collapsible":true,"row_el_content_collapsible_init_state":false,"row_el_content_headline":"Kann ich w\u00e4hrend des Stipendiums einer Nebent\u00e4tigkeit nachgehen?","row_el_content_left":"","row_el_content_right":"<span class=\"has-font-reckless-light\">Das Solitude-Stipendium ist ein Vollzeitstipendium. Stipendiat*innen sollen sich w\u00e4hrend ihres Aufenthalts vollst\u00e4ndig ihrer k\u00fcnstlerischen oder wissenschaftlichen Arbeit widmen. Nebenberufliche T\u00e4tigkeiten \u2013 etwa Lehrauftr\u00e4ge \u2013 sollten pausiert oder deutlich reduziert werden.<\/span>"},{"row_el_content_collapsible":true,"row_el_content_collapsible_init_state":false,"row_el_content_headline":"Gibt es thematische oder geografische Schwerpunkte?","row_el_content_left":"","row_el_content_right":"<span class=\"has-font-reckless-light\">Nein. Wir freuen uns jedoch besonders \u00fcber Bewerbungen von Interessierten mit Wohnsitz in Baden-W\u00fcrttemberg, um die lokale und regionale Vernetzung der Stipendiat*innen zu st\u00e4rken.<\/span>"},{"row_el_content_collapsible":true,"row_el_content_collapsible_init_state":false,"row_el_content_headline":"Weitere FAQ","row_el_content_left":"","row_el_content_right":"<span class=\"has-font-maison-neue\">Weitere FAQs stellen wir auf unserer <a href=\"https:\/\/application.akademie-solitude.de\">Bewerbungsplattform<\/a> zur Verf\u00fcgung.<\/span>\r\n\r\nSiehe:\u00a0<a href=\"https:\/\/application.akademie-solitude.de\/fellowship-information\/solitude-fellowship\/faq\">https:\/\/application.akademie-solitude.de\/fellowship-information\/solitude-fellowship\/faq<\/a>"}]},"8":{"acf_fc_layout":"content_download","_acfe_flexible_layout_title":null,"acfe_flexible_layout_title":"Download","bgcolor":"has-bg-blue","bgcolor_custom":"","layout_col_size":10,"download_txt":" Richtlinie f\u00fcr Auswahlverfahren","download_file":43687}},"intro_preview_headline":"Solitude-Stipendium","intro_preview_txt":"Die Akademie Schloss Solitude f\u00f6rdert junge K\u00fcnstler*innen sowie Wissenschaftler*innen und junge Kulturschaffende durch Aufenthaltsstipendien. Sie interessieren sich f\u00fcr ein Aufenthaltsstipendium? Hier erfahren Sie alles zu Voraussetzungen, Leistungen und Auswahlverfahren des Solitude-Stipendiums.","intro_preview_img":""},"_links":{"self":[{"href":"https:\/\/www.akademie-solitude.de\/de\/wp-json\/wp\/v2\/pages\/10816","targetHints":{"allow":["GET"]}}],"collection":[{"href":"https:\/\/www.akademie-solitude.de\/de\/wp-json\/wp\/v2\/pages"}],"about":[{"href":"https:\/\/www.akademie-solitude.de\/de\/wp-json\/wp\/v2\/types\/page"}],"author":[{"embeddable":true,"href":"https:\/\/www.akademie-solitude.de\/de\/wp-json\/wp\/v2\/users\/3"}],"replies":[{"embeddable":true,"href":"https:\/\/www.akademie-solitude.de\/de\/wp-json\/wp\/v2\/comments?post=10816"}],"version-history":[{"count":3,"href":"https:\/\/www.akademie-solitude.de\/de\/wp-json\/wp\/v2\/pages\/10816\/revisions"}],"predecessor-version":[{"id":44963,"href":"https:\/\/www.akademie-solitude.de\/de\/wp-json\/wp\/v2\/pages\/10816\/revisions\/44963"}],"up":[{"embeddable":true,"href":"https:\/\/www.akademie-solitude.de\/de\/wp-json\/wp\/v2\/pages\/85"}],"wp:attachment":[{"href":"https:\/\/www.akademie-solitude.de\/de\/wp-json\/wp\/v2\/media?parent=10816"}],"curies":[{"name":"wp","href":"https:\/\/api.w.org\/{rel}","templated":true}]}}