{"id":10930,"date":"2020-07-07T08:36:47","date_gmt":"2020-07-07T06:36:47","guid":{"rendered":"https:\/\/www.akademie-solitude.de\/?page_id=10930"},"modified":"2026-02-10T14:23:49","modified_gmt":"2026-02-10T13:23:49","slug":"namibia-stipendium","status":"publish","type":"page","link":"https:\/\/www.akademie-solitude.de\/de\/stipendium\/sonderstipendien\/namibia-stipendium\/","title":{"rendered":"Namibia-Baden-W\u00fcrttemberg Residencies"},"content":{"rendered":"<ul>\n<li>Schriftsteller, San Jose\/Costa Rica<\/li>\n<\/ul>\n","protected":false},"excerpt":{"rendered":"<p>Schriftsteller, San Jose\/Costa Rica<\/p>\n","protected":false},"author":2,"featured_media":9772,"parent":3649,"menu_order":61,"comment_status":"closed","ping_status":"closed","template":"","meta":{"_acf_changed":false,"inline_featured_image":false,"footnotes":""},"class_list":["post-10930","page","type-page","status-publish","hentry"],"acf":{"bgcolor":"has-bg-yellow","bgcolor_custom":"","custom_color_css_variable":"","content_type":[{"acf_fc_layout":"content_txt","_acfe_flexible_layout_title":null,"acfe_flexible_layout_title":"Text","bgcolor":"has-bg-yellow","bgcolor_custom":"","layout_col_size":8,"txt_cols":"is-1-txtcol","txt":"<span class=\"has-font-maison-neue\" style=\"font-family: Maison Neue;\">Gemeinsam mit der <a href=\"http:\/\/www.nagn.org.na\/\">National Art Gallery of Namibia<\/a> und dem <a href=\"https:\/\/www.goethe.de\/ins\/na\/de\/index.html\">Goethe Institut Namibia<\/a> organisiert die Akademie Schloss Solitude seit 2020 das Namibia-Stipendium im Rahmen der <a href=\"https:\/\/mwk.baden-wuerttemberg.de\/de\/kunst-kultur\/provenienzforschung\/aufarbeitung-kolonialen-erbes\/\">Namibia-Initiative des Landes Baden-W\u00fcrttemberg<\/a>. Die Residencies richten sich an K\u00fcnstler*innen aus Namibia und K\u00fcnstler*innen aus Baden-W\u00fcrttemberg, die zwischen den Bereichen Bildende und Darstellende Kunst, Musik\/Klang, Design, Literatur und Kunstvermittlung arbeiten. K\u00fcnstler*innen aus Namibia k\u00f6nnen sich f\u00fcr einen sechsmonatigen Aufenthalt an der Akademie in Stuttgart bewerben, K\u00fcnstler*innen wohnhaft in Baden-W\u00fcrttemberg f\u00fcr einen sechsmonatigen Aufenthalt in Windhoek.<\/span>\r\n\r\n<span class=\"has-font-maison-neue\" style=\"font-family: Maison Neue;\">Ziel der Residencies ist es, die Stipendiat*innen mit den lokalen Kulturszenen vor Ort zu vernetzen und den Wissensaustausch innerhalb der k\u00fcnstlerischen Gemeinschaften beider Kontexte zu st\u00e4rken. Es ist ein Teil der Namibia-Initiative, in der das Land Baden-W\u00fcrttemberg sich mit der Aufarbeitung des kolonialen Erbes und seiner Folgen auseinandersetzt.<\/span>\r\n\r\n<span class=\"has-font-reckless-light\" style=\"font-family: Reckless Regular;\">Die erste Projektphase (2020 bis 2023) umfasste den Aufenthalt von zw\u00f6lf Stipendiat*innen aus den Bereichen der bildenden Kunst, Literatur, Performance, Textil- und Webdesign und der digitalen Musikproduktion in Stuttgart und in Windhoek in den Jahren von 2021 bis 2023. Die Aufenthalte waren thematisch eingebettet in das Projekt <em>P(r)ossession Pedagogies<\/em>, einer zweiteiligen Workshop-Reihe, die kuratiert wurde von der namibischen Klangk\u00fcnstlerin und Historikerin <a href=\"https:\/\/www.bayreuth-academy.uni-bayreuth.de\/en\/people\/Fellows-list\/Dr_-Memory-Biwa\/index.php\">Memory Biwa<\/a>. Als Reise zu Orten der Erinnerung, die ihren Anfang im Juli 2023 in Namibia nahm und im Oktober 2023 in Stuttgart ihren Abschluss fand, war die zweiteilige Reihe eine Einladung, sich mit der Geschichte der kolonialen Beziehungen zwischen Namibia und Deutschland auseinanderzusetzen und neue k\u00fcnstlerische Erz\u00e4hlungen zu diesem Thema zu pr\u00e4sentieren. Ebenfalls unterst\u00fctzt und begleitet wurde das Projekt durch die in Berlin lebende namibische K\u00fcnstler*in <a href=\"http:\/\/stefanie-lahya.de\/\">Lahya Aukongo<\/a>, deren Schwerpunkt auf der Schaffung machtkritischer und anti-diskriminierender Lernr\u00e4ume liegt.<\/span>\r\n\r\n<span class=\"has-font-reckless-light\" style=\"font-family: Reckless Regular;\">Die Namibia-Baden-W\u00fcrttemberg Residencies sind auf einen Zeitraum bis 2026 angelegt und werden finanziert vom Ministerium f\u00fcr Wissenschaft, Forschung und Kunst Baden-W\u00fcrttemberg im Rahmen der Namibia-Initiative des Landes Baden-W\u00fcrttemberg.<\/span>"},{"acf_fc_layout":"content_txt","_acfe_flexible_layout_title":null,"acfe_flexible_layout_title":"Text","bgcolor":"has-bg-yellow","bgcolor_custom":"","layout_col_size":8,"txt_cols":"is-1-txtcol","txt":"<h3 style=\"text-align: center;\"><span class=\"has-font-maison-neue-extended has-font-maison-neue\" style=\"font-family: 'Maison Neue Extended';\">Auswahlverfahren<\/span><\/h3>\r\n<span class=\"has-font-reckless-light\" style=\"font-family: Reckless Regular;\">K\u00fcnstler*innen, die zwischen den Bereichen Bildende und Darstellende Kunst, Musik\/Klang, Design, Literatur und Kunstvermittlung arbeiten, k\u00f6nnen sich f\u00fcr ein sechsmonatiges Stipendium bewerben. Das Stipendien bieten insbesondere die M\u00f6glichkeit, die eigene k\u00fcnstlerische Arbeit mit verschiedenen kulturellen Gemeinschaften in Namibia und Baden-W\u00fcrttemberg zu verkn\u00fcpfen, sich zu interdisziplin\u00e4ren Produktionsmethoden auszutauschen und die Sichtbarkeit der k\u00fcnstlerischen Ergebnisse auszuweiten. Einzureichen sind ein Motivationsschreiben, Projektskizze, sowie ein kurzer Lebenslauf und eine Dokumentation \u00fcber die bisherige k\u00fcnstlerische Arbeit. Die Auswahl wird von unabh\u00e4ngigen Juror*innen getroffen.<\/span>\r\n\r\n<span class=\"has-font-reckless-light\" style=\"font-family: Reckless Regular;\">Das Auswahlverfahren f\u00fcr die zweite Projektphase (2025 bis 2026) ist bereits abgeschlossen.<\/span>\r\n\r\n<span class=\"has-font-reckless-light\" style=\"font-family: Reckless Regular;\">R\u00fcckfragen zu den Namibia-Baden-W\u00fcrttemberg Residencies per E-Mail an Sophie-Charlotte Thieroff, <a href=\"http:\/\/s.thieroff@akademie-solitude.de\/\">s.thieroff@akademie-solitude.de<\/a><\/span>"},{"acf_fc_layout":"content_txt","_acfe_flexible_layout_title":null,"acfe_flexible_layout_title":"Text","bgcolor":"has-bg-yellow","bgcolor_custom":"","layout_col_size":8,"txt_cols":"is-1-txtcol","txt":"<h3 style=\"text-align: center;\"><span class=\"has-font-maison-neue-extended\" style=\"font-family: 'Maison Neue Extended';\"><strong>Stipendiat*innen <\/strong><\/span><\/h3>\r\n<h4 style=\"text-align: left;\"><span class=\"has-font-maison-neue-extended\" style=\"font-family: 'Maison Neue Extended';\"><strong>2021<\/strong><\/span><\/h4>\r\n<ul>\r\n \t<li><span class=\"has-font-reckless-light\" style=\"font-family: Reckless Regular;\">Hage Mukwendje, Maler, Illustrator und Grafikdesigner, Windhoek\/Namibia<\/span><\/li>\r\n \t<li><span class=\"has-font-reckless-light\" style=\"font-family: Reckless Regular;\">Nesindano \u00bbKhoes\u00ab Namises, Poetin und Performancek\u00fcnstlerin, Windhoek\/Namibia<\/span><\/li>\r\n \t<li><span class=\"has-font-reckless-light\" style=\"font-family: Reckless Regular;\">Vitjitua Ndjiharine, Bildende Ku\u0308nstlerin, Windhoek\/Namibia<\/span><\/li>\r\n<\/ul>\r\n<h4>2022<\/h4>\r\n<ul>\r\n \t<li><span class=\"has-font-reckless-light\" style=\"font-family: Reckless Regular;\">Miriam Chebaibai Koch, K\u00fcnstlerin und Beraterin, Berlin\/Deutschland<\/span><\/li>\r\n \t<li><span class=\"has-font-reckless-light\" style=\"font-family: Reckless Regular;\">Banu \u00c7i\u00e7ek T\u00fcl\u00fc, K\u00fcnstlerin, Forscherin und DJ, Berlin\/Deutschland<\/span><\/li>\r\n \t<li><span class=\"has-font-reckless-light\" style=\"font-family: Reckless Regular;\">Chantal Magano Kambrude, multidisziplin\u00e4re K\u00fcnstlerin, Windhoek\/Namibia<\/span><\/li>\r\n \t<li><span class=\"has-font-reckless-light\" style=\"font-family: Reckless Regular;\">Isabel Tueumuna Katjavivi, Multimedia-K\u00fcnstlerin, Windhoek\/Namibia<\/span><\/li>\r\n \t<li><span class=\"has-font-reckless-light\" style=\"font-family: Reckless Regular;\">Keith Vries, Dichter, Schriftsteller und Performer, Windhoek\/Namibia<\/span><\/li>\r\n<\/ul>\r\n<h4>2023<\/h4>\r\n<ul>\r\n \t<li><span class=\"has-font-reckless-light\" style=\"font-family: Reckless Regular;\">Gifty Amoateng, Oberfl\u00e4chen und Strukturdesignerin, Berlin\/Deutschland<\/span><\/li>\r\n \t<li><span class=\"has-font-reckless-light\" style=\"font-family: Reckless Regular;\">Abiye Ifeoma Okujagu, multidisziplin\u00e4re K\u00fcnstler*in, Berlin\/Deutschland<\/span><\/li>\r\n \t<li><span class=\"has-font-reckless-light\" style=\"font-family: Reckless Regular;\">Shaheen Wacker, Fotograf*in, Berlin\/Deutschland<\/span><\/li>\r\n \t<li><span class=\"has-font-reckless-light\" style=\"font-family: Reckless Regular;\">Corinne Nsimba-Lutonadio, Grafikdesignerin und bildende K\u00fcnstlerin, Berlin\/Deutschland<\/span><\/li>\r\n<\/ul>\r\n<h4>2026<\/h4>\r\n<ul>\r\n \t<li><span class=\"has-font-reckless-light\" style=\"font-family: Reckless Regular;\">Tweyapewa Ndapandula Mbendeka, Bildender K\u00fcnstler, Windhoek\/Namibia<\/span><\/li>\r\n \t<li><span class=\"has-font-reckless-light\" style=\"font-family: Reckless Regular;\">Tjijandjeua \u00bbGift\u00ab Uzera, Performer* und interdisziplin\u00e4rer K\u00fcnstler*, Windhoek\/Namibia<\/span><\/li>\r\n \t<li><span class=\"has-font-reckless-light\" style=\"font-family: Reckless Regular;\">Joscha Steffens, Medienk\u00fcnstler, Mannheim\/Deutschland<\/span><\/li>\r\n \t<li><span class=\"has-font-reckless-light\" style=\"font-family: Reckless Regular;\">Amela Hasani, K\u00fcnstlerin, Stuttgart\/Deutschland<\/span><\/li>\r\n<\/ul>"},{"acf_fc_layout":"content_posts_person","_acfe_flexible_layout_title":null,"acfe_flexible_layout_title":"Personen-Sammlung","bgcolor":"","bgcolor_custom":"","content_posts_person_headline":"Biografien der ausgew\u00e4hlten Stipendiat*innen","posts_person":[13182,13183,7098,29563,29567,33907,33916,33911,31092,44554]}],"intro_preview_headline":"Namibia-Baden-W\u00fcrttemberg Residencies","intro_preview_txt":"Gemeinsam mit der National Art Gallery of Namibia und dem Goethe Institut Namibia organisiert die Akademie Schloss Solitude seit 2020 die Namibia-Baden-W\u00fcrttemberg Residencies im Rahmen der Namibia-Initiative des Landes Baden-W\u00fcrttemberg.\r\n\r\nDie Residencies richten sich an K\u00fcnstler*innen aus Namibia und K\u00fcnstler*innen aus Baden-W\u00fcrttemberg, die zwischen den Bereichen Bildende und Darstellende Kunst, Musik\/Klang, Design, Literatur und Kunstvermittlung arbeiten.","intro_preview_img":"","page_program_data":809},"_links":{"self":[{"href":"https:\/\/www.akademie-solitude.de\/de\/wp-json\/wp\/v2\/pages\/10930","targetHints":{"allow":["GET"]}}],"collection":[{"href":"https:\/\/www.akademie-solitude.de\/de\/wp-json\/wp\/v2\/pages"}],"about":[{"href":"https:\/\/www.akademie-solitude.de\/de\/wp-json\/wp\/v2\/types\/page"}],"author":[{"embeddable":true,"href":"https:\/\/www.akademie-solitude.de\/de\/wp-json\/wp\/v2\/users\/2"}],"replies":[{"embeddable":true,"href":"https:\/\/www.akademie-solitude.de\/de\/wp-json\/wp\/v2\/comments?post=10930"}],"version-history":[{"count":4,"href":"https:\/\/www.akademie-solitude.de\/de\/wp-json\/wp\/v2\/pages\/10930\/revisions"}],"predecessor-version":[{"id":44599,"href":"https:\/\/www.akademie-solitude.de\/de\/wp-json\/wp\/v2\/pages\/10930\/revisions\/44599"}],"up":[{"embeddable":true,"href":"https:\/\/www.akademie-solitude.de\/de\/wp-json\/wp\/v2\/pages\/3649"}],"acf:term":[{"embeddable":true,"taxonomy":"program","href":"https:\/\/www.akademie-solitude.de\/de\/wp-json\/wp\/v2\/program\/809"}],"wp:featuredmedia":[{"embeddable":true,"href":"https:\/\/www.akademie-solitude.de\/de\/wp-json\/wp\/v2\/media\/9772"}],"wp:attachment":[{"href":"https:\/\/www.akademie-solitude.de\/de\/wp-json\/wp\/v2\/media?parent=10930"}],"curies":[{"name":"wp","href":"https:\/\/api.w.org\/{rel}","templated":true}]}}