{"id":10964,"date":"2020-07-07T11:03:10","date_gmt":"2020-07-07T09:03:10","guid":{"rendered":"https:\/\/www.akademie-solitude.de\/?page_id=10964"},"modified":"2025-09-03T16:29:04","modified_gmt":"2025-09-03T14:29:04","slug":"marie-zimmermann-stipendium","status":"publish","type":"page","link":"https:\/\/www.akademie-solitude.de\/de\/stipendium\/sonderstipendien\/marie-zimmermann-stipendium\/","title":{"rendered":"Marie-Zimmermann-Stipendium"},"content":{"rendered":"","protected":false},"excerpt":{"rendered":"","protected":false},"author":3,"featured_media":9772,"parent":3649,"menu_order":65,"comment_status":"closed","ping_status":"closed","template":"","meta":{"_acf_changed":false,"inline_featured_image":false,"footnotes":""},"class_list":["post-10964","page","type-page","status-publish","hentry"],"acf":{"bgcolor":"has-bg-yellow","bgcolor_custom":"","custom_color_css_variable":"","content_type":[{"acf_fc_layout":"content_txt","acfe_flexible_layout_title":"Text","bgcolor":"has-bg-yellow","bgcolor_custom":"","layout_col_size":8,"txt_cols":"is-1-txtcol","txt":"<span class=\"has-font-maison-neue\" style=\"font-family: 'Maison Neue';\">Im Andenken an die 2007 verstorbene Dramaturgin und Festivalmacherin Marie Zimmermann stiftete der ehemalige Intendant des Deutschen Schauspielhauses in Hamburg, Friedrich Schirmer, im April 2008 ein Stipendium zur F\u00f6rderung eines*einer Nachwuchsdramaturgen*Nachwuchsdramaturgin aus der deutschsprachigen Theaterszene, dessen Organisation und Vergabe die Akademie Schloss Solitude verantwortet. <\/span>\r\n\r\nEin Stipendium f\u00fcr deutschsprachige Dramaturg*innen ist einzigartig in der Landschaft der Artist-in-Residence-Programme. Es bietet den ausgew\u00e4hlten Stipendiat*innen die M\u00f6glichkeit, in einem internationalen Umfeld den transdisziplin\u00e4ren Austausch zu suchen und ihre Erfahrungen in neue Projekte einfliessen zu lassen.\r\n\r\n<span class=\"has-font-maison-neue\" style=\"font-family: 'Maison Neue';\">Seit 2019 wird das Marie-Zimmermann-Stipendium f\u00fcr Dramaturgie aus Mitteln des Ministeriums f\u00fcr Wissenschaft, Forschung und Kunst Baden-W\u00fcrttemberg finanziert.<\/span>"},{"acf_fc_layout":"content_txt","acfe_flexible_layout_title":"Text","bgcolor":"","bgcolor_custom":"","layout_col_size":8,"txt_cols":"is-1-txtcol","txt":"<h3 style=\"text-align: center;\"><span class=\"has-font-maison-neue-extended\" style=\"font-family: 'Maison Neue Extended';\">Umfang des Stipendiums<\/span><strong>\r\n<\/strong><\/h3>\r\n<span class=\"has-font-reckless-light\" style=\"font-family: 'Reckless Regular';\">Das Stipendium in H\u00f6he von 5.000 Euro beinhaltet einen zweimonatigen Aufenthalt an der Akademie Schloss Solitude in einem kostenfreien, m\u00f6blierten Wohn-\/Arbeitsstudio.<\/span>\r\n\r\n&nbsp;\r\n<h3 style=\"text-align: center;\"><span class=\"has-font-maison-neue-extended\" style=\"font-family: 'Maison Neue Extended';\">Auswahlverfahren<\/span><\/h3>\r\n<span class=\"has-font-reckless-light\" style=\"font-family: 'Reckless Regular';\">Deutschsprachige Dramaturg*innen (Altersgrenze: 40 Jahre) k\u00f6nnen sich w\u00e4hrend des Ausschreibungszeitraums formlos mit einer Darstellung ihrer T\u00e4tigkeitsschwerpunkte (maximal zwei Din A4-Seiten als PDF) und einem Lebenslauf (PDF) bewerben. Die Details zu den Bewerbungsbedingungen der aktuellen Ausschreibung finden Sie hier: <a href=\"https:\/\/www.akademie-solitude.de\/de\/news\/call-for-applications-marie-zimmermann-stipendium-fuer-dramaturgie-2025-2026\/\">https:\/\/www.akademie-solitude.de\/de\/news\/call-for-applications-marie-zimmermann-stipendium-fuer-dramaturgie-2025-2026\/<\/a><\/span>\r\n\r\n&nbsp;\r\n<h3 style=\"text-align: center;\"><span class=\"has-font-maison-neue-extended\" style=\"font-family: 'Maison Neue Extended';\">Jury<\/span><\/h3>\r\n<span class=\"has-font-reckless-light\" style=\"font-family: Reckless Regular;\">Eine unabh\u00e4ngige Jury aus Expert*innen entscheidet \u00fcber die Vergabe des Stipendiums.<\/span>"},{"acf_fc_layout":"content_txt","acfe_flexible_layout_title":"Text","bgcolor":"","bgcolor_custom":"","layout_col_size":8,"txt_cols":"is-1-txtcol","txt":"<h3 style=\"text-align: center;\">Stipendiat*innen<\/h3>\r\n<span class=\"has-font-reckless-light\" style=\"font-family: 'Reckless Regular';\"><a href=\"https:\/\/www.akademie-solitude.de\/de\/person\/anna-maria-volkland\/\">Anna Volkland<\/a> (M\u00e4rz 2009), <a href=\"https:\/\/www.akademie-solitude.de\/de\/person\/sarah-israel\/\">Sarah Israel<\/a> (Apr\u2013Mai 2009), <a href=\"https:\/\/www.akademie-solitude.de\/de\/person\/anna-heesen\/\">Anna Heesen<\/a> (Feb\u2013M\u00e4rz 2011), Christian Engelbrecht (2011), <a href=\"https:\/\/www.akademie-solitude.de\/de\/person\/nora-khuon\/\">Nora Khuon<\/a> (2012), <a href=\"https:\/\/www.akademie-solitude.de\/de\/person\/friederike-engel\/\">Friederike Engel<\/a> (2013), <a href=\"https:\/\/www.akademie-solitude.de\/de\/person\/michaela-stolte\/\">Michaela Stolte<\/a> (Juni\u2013Juli 2014), <a href=\"https:\/\/www.akademie-solitude.de\/de\/person\/verena-elisabet-eitel\/\">Verena Elisabeth Eitel<\/a> (Juni\u2013Aug 2015), <a href=\"https:\/\/www.akademie-solitude.de\/de\/person\/jonas-lindner\/\">Jonas Lindner<\/a> (2016), <a href=\"https:\/\/www.akademie-solitude.de\/de\/person\/jeffrey-doering\/\">Jeffrey D\u00f6ring<\/a> (Okt\u2013Dez 2017), <a href=\"https:\/\/www.akademie-solitude.de\/de\/person\/dirk-baumann\/\">Dirk Baumann<\/a> (Dez 2019, Aug 2020), <a href=\"https:\/\/www.akademie-solitude.de\/de\/person\/valerie-goehring\/\">Valerie G\u00f6hring<\/a> (Feb 2021), <a href=\"https:\/\/www.akademie-solitude.de\/de\/person\/martin-valdes-stauber\/\">Martin Vald\u00e9s-Stauber<\/a> (Juli 2022), <a href=\"https:\/\/www.akademie-solitude.de\/de\/person\/theresa-schlesinger\/\">Theresa Schlesinger<\/a> (Juni\u2013Juli 2023), <a href=\"https:\/\/www.akademie-solitude.de\/de\/person\/philipp-schaus\/\">Philipp Schaus<\/a> (Juni\u2013Aug 2024), <a href=\"https:\/\/www.akademie-solitude.de\/de\/person\/johann-otten\/\">Johann Otten<\/a> (2025)<\/span>"}],"intro_preview_headline":"Marie-Zimmermann-Stipendium","intro_preview_txt":"Im Andenken an die 2007 verstorbene Dramaturgin und Festivalmacherin Marie Zimmermann stiftete der ehemalige Intendant des Deutschen Schauspielhauses in Hamburg, Friedrich Schirmer, im April 2008 ein Stipendium zur F\u00f6rderung eines*einer Nachwuchsdramaturgen*Nachwuchsdramaturgin aus der deutschsprachigen Theaterszene, dessen Organisation und Vergabe die Akademie Schloss Solitude verantwortet. Ein Stipendium f\u00fcr deutschsprachige Dramaturg*innen ist einzigartig in der Landschaft der Artist-in-Residence-Programme. Es bietet den ausgew\u00e4hlten Stipendiat*innen die M\u00f6glichkeit, in einem internationalen Umfeld den transdisziplin\u00e4ren Austausch zu suchen und ihre Erfahrungen in neue Projekte einfliessen zu lassen.","intro_preview_img":"","page_program_data":350},"_links":{"self":[{"href":"https:\/\/www.akademie-solitude.de\/de\/wp-json\/wp\/v2\/pages\/10964","targetHints":{"allow":["GET"]}}],"collection":[{"href":"https:\/\/www.akademie-solitude.de\/de\/wp-json\/wp\/v2\/pages"}],"about":[{"href":"https:\/\/www.akademie-solitude.de\/de\/wp-json\/wp\/v2\/types\/page"}],"author":[{"embeddable":true,"href":"https:\/\/www.akademie-solitude.de\/de\/wp-json\/wp\/v2\/users\/3"}],"replies":[{"embeddable":true,"href":"https:\/\/www.akademie-solitude.de\/de\/wp-json\/wp\/v2\/comments?post=10964"}],"version-history":[{"count":3,"href":"https:\/\/www.akademie-solitude.de\/de\/wp-json\/wp\/v2\/pages\/10964\/revisions"}],"predecessor-version":[{"id":43497,"href":"https:\/\/www.akademie-solitude.de\/de\/wp-json\/wp\/v2\/pages\/10964\/revisions\/43497"}],"up":[{"embeddable":true,"href":"https:\/\/www.akademie-solitude.de\/de\/wp-json\/wp\/v2\/pages\/3649"}],"acf:term":[{"embeddable":true,"taxonomy":"program","href":"https:\/\/www.akademie-solitude.de\/de\/wp-json\/wp\/v2\/program\/350"}],"wp:featuredmedia":[{"embeddable":true,"href":"https:\/\/www.akademie-solitude.de\/de\/wp-json\/wp\/v2\/media\/9772"}],"wp:attachment":[{"href":"https:\/\/www.akademie-solitude.de\/de\/wp-json\/wp\/v2\/media?parent=10964"}],"curies":[{"name":"wp","href":"https:\/\/api.w.org\/{rel}","templated":true}]}}