{"id":10997,"date":"2020-07-07T22:00:54","date_gmt":"2020-07-07T20:00:54","guid":{"rendered":"https:\/\/www.akademie-solitude.de\/?page_id=10997"},"modified":"2026-04-16T12:26:18","modified_gmt":"2026-04-16T10:26:18","slug":"digital-solitude","status":"publish","type":"page","link":"https:\/\/www.akademie-solitude.de\/de\/stipendium\/sonderstipendien\/digital-solitude\/","title":{"rendered":"Digital Solitude"},"content":{"rendered":"","protected":false},"excerpt":{"rendered":"","protected":false},"author":3,"featured_media":9772,"parent":3649,"menu_order":54,"comment_status":"closed","ping_status":"closed","template":"","meta":{"_acf_changed":false,"inline_featured_image":false,"footnotes":""},"class_list":["post-10997","page","type-page","status-publish","hentry"],"acf":{"bgcolor":"has-bg-yellow","bgcolor_custom":"","custom_color_css_variable":"","content_type":[{"acf_fc_layout":"content_txt","_acfe_flexible_layout_title":null,"acfe_flexible_layout_title":"Text","bgcolor":"has-bg-yellow","bgcolor_custom":"","layout_col_size":8,"txt_cols":"is-1-txtcol","txt":"Der Fokus von Digital Solitude liegt auf der Verschr\u00e4nkung des physischen und digitalen Raums. Digital Solitude f\u00f6rdert die \u00f6ffentliche Sichtbarmachung und Vermittlung der Themen des Solitude-Netzwerks und digitaler Kulturen. Digital Solitude regt innovative und alternative Ans\u00e4tze im Umgang mit digitalen Medien und Technologien an, um diese f\u00fcr Transformationsprozesse innerhalb unserer Gesellschaft wirksam zu machen. Durch das Stipendium, die Web Residencies sowie wechselnde Ver\u00f6ffentlichungs- und Vermittlungsformate im Rahmen dieses Programms f\u00f6rdert die Akademie Schloss Solitude die spekulative und kritische Auseinandersetzung mit k\u00fcnstlerischer Praxis und Medienentwicklungen innerhalb der digitalen Kultur. Dabei spielen die Anwendung und Weitergabe von Wissen um Open-Source-Praktiken, das Gestalten niedrigschwelliger Zug\u00e4nge und das Erm\u00f6glichen kollaborativer Prozesse zur Teilhabe an Transformationsentwicklungen eine ma\u00dfgebliche Rolle. Das Programm Digital Solitude m\u00f6chte k\u00fcnstlerisch-wissenschaftliche Forschung mit zukunftsweisenden technischen Entwicklungen verbinden. Digitale Praxisfelder werden nachhaltig mit Werten und Methoden der K\u00fcnste verwoben."},{"acf_fc_layout":"content_txt","_acfe_flexible_layout_title":null,"acfe_flexible_layout_title":"Text","bgcolor":"has-bg-yellow","bgcolor_custom":"","layout_col_size":8,"txt_cols":"is-1-txtcol","txt":"<h3 style=\"text-align: center;\"><span class=\"has-font-maison-neue-extended\" style=\"font-family: 'Maison Neue Extended';\"><strong>Stipendium Praxisfeld DIGITAL\u00a0<\/strong><\/span><\/h3>\r\n<span class=\"has-font-reckless-regular\" style=\"font-family: 'Reckless Regular';\">Das Praxisfeld <span class=\"has-font-maison-neue\" style=\"font-family: 'Maison Neue';\">DIGITAL<\/span> ist disziplin- und aktions\u00fcbergreifend angelegt. Bewerben k\u00f6nnen sich K\u00fcnstler*innen, Aktivist*innen, Expert*innen und Kreative, ebenso wie Coder*innen, Hacker*innen und Journalist*innen, die im digitalen Bereich arbeiten und forschen oder diesen als aktiven Handlungsraum verstehen. Die Stipendien werden im Rahmen der alle zwei Jahre stattfindenden regul\u00e4ren Ausschreibung der Akademie Schloss Solitude von zwei Juror*innen vergeben.\u00a0<\/span>\r\n\r\n<span class=\"has-font-reckless-regular\" style=\"font-family: 'Reckless Regular';\">Digital Solitude bietet sowohl online als auch offline gro\u00dfen Spielraum f\u00fcr unterschiedliche Formen der Teilnahme und Teilhabe. Stipendiat*innen k\u00f6nnen an der Redaktion und Ver\u00f6ffentlichung von Inhalten f\u00fcr das Solitude Journal und den Solitude Blog mitwirken, eigene Projekte oder auch Workshops \u2013 zum Beispiel in Kooperation mit Stuttgarter Hochschulen \u2013 realisieren.<\/span>\r\n\r\n&nbsp;\r\n<h3 style=\"text-align: center;\"><span class=\"has-font-maison-neue-extended\" style=\"font-family: 'Maison Neue Extended';\">Web Residencies<\/span><\/h3>\r\n<span class=\"has-font-reckless-regular\" style=\"font-family: 'Reckless Regular';\">Mit ihren <a href=\"https:\/\/www.akademie-solitude.de\/stipendium\/stipendien\/web-residencies\/\">Web Residencies<\/a> f\u00f6rdert die Akademie Schloss Solitude seit 2016 (von 2017 bis 2020 gemeinsam mit dem ZKM | Zentrum f\u00fcr Kunst und Medien) K\u00fcnstler*innen, Designer*innen, Cyborgs, Hacker*innen und Forscher*innen, die den digitalen Raum nutzen. Das Programm findet ausschlie\u00dflich online statt. Dreimal im Jahr gibt es Open Calls, die von eingeladenen Expert*innen oder Kollektiven kuratiert werden. Bei jedem Call w\u00e4hlen die Kurator*innen vier Personen oder Kollektive f\u00fcr eine vierw\u00f6chige Web Residency aus. Die Arbeitsprozesse und -ergebnisse werden online pr\u00e4sentiert.<\/span>\r\n\r\n<span class=\"has-font-reckless-regular\" style=\"font-family: 'Reckless Regular';\">Zudem vergibt die Akademie Schloss Solitude einmal j\u00e4hrlich der Produktionspreis HASH an ein herausragendes Web-Residency-Projekt. Der Preis ist mit 8.000 Euro dotiert und wird von der Stiftung Landesbank Baden-W\u00fcrttemberg gef\u00f6rdert.<\/span>\r\n\r\n&nbsp;\r\n<h3 style=\"text-align: center;\"><span class=\"has-font-maison-neue-extended\" style=\"font-family: 'Maison Neue Extended';\">Online Publishing \u2013 Journal &amp; Blog<\/span><\/h3>\r\n<span class=\"has-font-reckless-regular\" style=\"font-family: 'Reckless Regular';\">Die Publishing-Formate der Akademie Schloss Solitude geben einer multiperspektivischen Welt und vielf\u00e4ltigen Wissensformen eine \u00d6ffentlichkeit und gestalten den digitalen Raum als transkulturellen und transdisziplin\u00e4ren Raum der Wissensproduktion.<\/span>\r\n\r\n<span class=\"has-font-reckless-regular\" style=\"font-family: 'Reckless Regular';\">Das <a href=\"https:\/\/www.akademie-solitude.de\/projekte-publikationen\/journal\/\">Solitude Journal<\/a> vermittelt aktuelle Themen der Akademie Schloss Solitude und erscheint mehrmals j\u00e4hrlich als Online- und Printmagazin. Das Solitude Journal pr\u00e4sentiert eine Auswahl eigens f\u00fcr dieses Format konzipierter Beitr\u00e4ge und erm\u00f6glicht eine diskursive und vertiefende Auseinandersetzung mit bestimmten Themenclustern. Es vereint unterschiedlichste k\u00fcnstlerische und wissenschaftliche Haltungen und erkundet Formen des Publizierens und Schreibens als kollektiven und kuratorischen Prozess.<\/span>\r\n\r\n<span class=\"has-font-reckless-regular\" style=\"font-family: 'Reckless Regular';\">Der <a href=\"https:\/\/www.akademie-solitude.de\/project\/projektkategorie\/solitude-blog\/\">Solitude Blog<\/a> ist eine transdisziplin\u00e4re Onlineplattform f\u00fcr die Publikation und Vermittlung von journalistischer, literarischer und k\u00fcnstlerischer Arbeit sowie k\u00fcnstlerisch-wissenschaftlicher Forschung. Die Plattform diskutiert gemeinsam mit Stipendiat*innen, den Web Residents und dem Solitude Netzwerk aktuelle Themen aus Kunst, Kultur, Gesellschaft und Wissenschaft. Das Format Studio Visits (LINK) bieten Einblicke in die Studios und die aktuelle Arbeit internationaler K\u00fcnstler*innen, Kurator*innen und Wissenschaftler*innen. Das Journal, der Blog und die Studio Visits erm\u00f6glichen die Sichtbarkeit des Solitude-Netzwerks aus Alumni, Expert*innen und Freund*innen aus \u00fcber 120 L\u00e4ndern sowie die F\u00f6rderung neuer k\u00fcnstlerischer und politischer Stimmen und kollektiver Diskurse.\u00a0<\/span>\r\n\r\n<span class=\"has-font-reckless-regular\" style=\"font-family: 'Reckless Regular';\"><a href=\"https:\/\/schloss-post.com\/\">Schlosspost<\/a>, die Onlineplattform der Akademie Schloss Solitude von 2015 bis 2020, bleibt als offenes Archiv mit rund 1.800 Beitr\u00e4gen frei zug\u00e4nglich.<\/span>\r\n\r\n&nbsp;\r\n<h3>Learning Units \u2013 Online Events &amp; Workshops<\/h3>\r\nLearning Units sind loses Cluster aus Online-Events, Workshops und partizipativen Formaten, initiiert durch\u00a0 die Akademie Schloss Solitude, Digital Solitude und das Solitude-Netzwerk. Learning Units zeigen die Notwendigkeit auf, alternative Handlungsweisen und Anwendungsmethoden zu entwickeln und diese zu teilen. Auf diese Weise f\u00f6rdert das Format kollektive Teilhabe und Zugang zu Wissen. Sein Schwerpunkt liegt sowohl auf dem technologiebasierten Kn\u00fcpfen und Pflegen von sozialen Beziehungen und R\u00e4umen als auch auf der Weitergabe von Wissen \u00fcber digitale Kulturen. Die Learning Units laden im Besonderen dazu ein, zusammen mit aktuellen und ehemaligen Stipendiat*innen, Web-Residents und Expert*innen Modelle zu diskutieren, die neue Realit\u00e4ten artikulieren und dazu ermutigen, sich in und zwischen analogen und digitalen Territorien, Netzwerken und Welten zu bewegen.\r\n\r\n&nbsp;"},{"acf_fc_layout":"content_footnotes","_acfe_flexible_layout_title":null,"acfe_flexible_layout_title":"Fu\u00dfnoten","bgcolor":"has-bg-yellow","footnotes_list_hide_numbers":true,"footnotes":[{"footnote":"<span class=\"has-font-reckless-regular\" style=\"font-family: 'Reckless Regular';\">Der <a href=\"https:\/\/www.akademie-solitude.de\/digital-solitude-newsletter\/\">Digital Solitude-Newsletter<\/a>\u00a0vermittelt die neuesten Inhalte aus dem Solitude Journal und dem Solitude Blog und informiert regelm\u00e4\u00dfig \u00fcber aktuelle Ausschreibungen und Projekte aus dem Programm Web Residencies sowie \u00fcber Offline- und Onlineangebote des Themenclusters Digital Solitude.<\/span>\r\n\r\n<span class=\"has-font-reckless-regular\" style=\"font-family: 'Reckless Regular';\">Die im Rahmen von Digital Solitude vergebenen Stipendien, das Journal, der Blog, das Format Educational sowie die Web Residencies werden vom Ministerium f\u00fcr Wissenschaft, Forschung und Kunst des Landes Baden-W\u00fcrttemberg finanziert.<\/span>"}]}],"intro_preview_headline":"Digital Solitude","intro_preview_txt":"Der Fokus von <i>Digital Solitude<\/i> liegt auf der Verschr\u00e4nkung des physischen und digitalen Raums. <i>Digital Solitud<\/i>e f\u00f6rdert die \u00f6ffentliche Sichtbarmachung und Vermittlung der Themen des Solitude Netzwerks und digitaler Kulturen. <i>Digital Solitude <\/i>regt innovative und alternative Ans\u00e4tze im Umgang mit digitalen Medien und Technologien an, um diese in der kritischen Auseinandersetzung f\u00fcr die Transformationsprozesse innerhalb unserer Gesellschaft wirksam zu machen.","intro_preview_img":"","page_program_data":351},"_links":{"self":[{"href":"https:\/\/www.akademie-solitude.de\/de\/wp-json\/wp\/v2\/pages\/10997","targetHints":{"allow":["GET"]}}],"collection":[{"href":"https:\/\/www.akademie-solitude.de\/de\/wp-json\/wp\/v2\/pages"}],"about":[{"href":"https:\/\/www.akademie-solitude.de\/de\/wp-json\/wp\/v2\/types\/page"}],"author":[{"embeddable":true,"href":"https:\/\/www.akademie-solitude.de\/de\/wp-json\/wp\/v2\/users\/3"}],"replies":[{"embeddable":true,"href":"https:\/\/www.akademie-solitude.de\/de\/wp-json\/wp\/v2\/comments?post=10997"}],"version-history":[{"count":1,"href":"https:\/\/www.akademie-solitude.de\/de\/wp-json\/wp\/v2\/pages\/10997\/revisions"}],"predecessor-version":[{"id":45094,"href":"https:\/\/www.akademie-solitude.de\/de\/wp-json\/wp\/v2\/pages\/10997\/revisions\/45094"}],"up":[{"embeddable":true,"href":"https:\/\/www.akademie-solitude.de\/de\/wp-json\/wp\/v2\/pages\/3649"}],"acf:term":[{"embeddable":true,"taxonomy":"program","href":"https:\/\/www.akademie-solitude.de\/de\/wp-json\/wp\/v2\/program\/351"}],"wp:featuredmedia":[{"embeddable":true,"href":"https:\/\/www.akademie-solitude.de\/de\/wp-json\/wp\/v2\/media\/9772"}],"wp:attachment":[{"href":"https:\/\/www.akademie-solitude.de\/de\/wp-json\/wp\/v2\/media?parent=10997"}],"curies":[{"name":"wp","href":"https:\/\/api.w.org\/{rel}","templated":true}]}}