{"id":11007,"date":"2020-07-07T22:15:09","date_gmt":"2020-07-07T20:15:09","guid":{"rendered":"https:\/\/www.akademie-solitude.de\/?page_id=11007"},"modified":"2026-02-10T13:02:57","modified_gmt":"2026-02-10T12:02:57","slug":"solitude-exchange-network","status":"publish","type":"page","link":"https:\/\/www.akademie-solitude.de\/de\/stipendium\/sonderstipendien\/solitude-exchange-network\/","title":{"rendered":"Solitude Exchange Network"},"content":{"rendered":"","protected":false},"excerpt":{"rendered":"","protected":false},"author":3,"featured_media":9772,"parent":3649,"menu_order":68,"comment_status":"closed","ping_status":"closed","template":"","meta":{"_acf_changed":false,"inline_featured_image":false,"footnotes":""},"class_list":["post-11007","page","type-page","status-publish","hentry"],"acf":{"bgcolor":"has-bg-yellow","bgcolor_custom":"","custom_color_css_variable":"","content_type":[{"acf_fc_layout":"content_txt","_acfe_flexible_layout_title":null,"acfe_flexible_layout_title":"Text","bgcolor":"","bgcolor_custom":"","layout_col_size":8,"txt_cols":"is-1-txtcol","txt":"<p style=\"text-align: center;\"><span class=\"has-font-maison-neue has-font-maison-neue-extended\" style=\"font-family: Maison Neue Extended;\">K\u00fcnstler*innenresidenzen in Mittel- und S\u00fcdosteuropa<\/span><\/p>\r\n<span class=\"has-font-maison-neue\" style=\"font-family: Maison Neue;\">Das Solitude Exchange Network (SEN) ist ein internationales Austauschprogramm f\u00fcr K\u00fcnstler*innenresidenzen zwischen der Akademie Schloss Solitude in Stuttgart und Partnerorganisationen in Bulgarien, Kroatien, Ungarn, Polen, Rum\u00e4nien und Serbien. <\/span>\r\n\r\n<span class=\"has-font-maison-neue\">Ziel des Solitude Exchange Network ist es, transnationale Verbindungen und kulturellen Austausch zwischen den jeweiligen lokalen Kunstszenen zu f\u00f6rdern. Im Rahmen des Austauschprogramms erhalten K\u00fcnstler*innen die M\u00f6glichkeit, f\u00fcr drei Monate im Ausland zu leben und zu arbeiten und sich mit einem neuen kulturellen Kontext auseinanderzusetzen.<\/span>\r\n\r\n<span class=\"has-font-reckless-light\" style=\"font-family: Reckless Regular;\">Die teilnehmenden Institutionen sind:<\/span>\r\n\r\n<span class=\"has-font-reckless-light\" style=\"font-family: Reckless Regular;\">\u2022\u00a0 Akademie Schloss Solitude (Deutschland)<\/span>\r\n<span class=\"has-font-reckless-light\" style=\"font-family: Reckless Regular;\">\u2022\u00a0 ARC Bucharest (Rum\u00e4nien)<\/span>\r\n<span class=\"has-font-reckless-light\" style=\"font-family: Reckless Regular;\">\u2022\u00a0 art quarter budapest (Ungarn)<\/span>\r\n<span class=\"has-font-reckless-light\" style=\"font-family: Reckless Regular;\">\u2022\u00a0 Atelietata in Kooperation mit dem Goethe-Institut Bulgarien (Bulgarien)<\/span>\r\n<span class=\"has-font-reckless-light\" style=\"font-family: Reckless Regular;\">\u2022\u00a0 Centre for Contemporary Art Ujazdowski Castle (Polen)<\/span>\r\n<span class=\"has-font-reckless-light\" style=\"font-family: Reckless Regular;\">\u2022\u00a0 POGON (Kroatien)<\/span>\r\n<span class=\"has-font-reckless-light\" style=\"font-family: Reckless Regular;\">\u2022\u00a0 STATION Service for Contemporary Dance (Serbien)<\/span>\r\n\r\n<span class=\"has-font-reckless-light\" style=\"font-family: Reckless Regular;\">Jedes Jahr entsendet jede Partnerorganisation eine*n K\u00fcnstler*in aus dem jeweiligen Land f\u00fcr einen dreimonatigen Aufenthalt an der Akademie Schloss Solitude. Im Gegenzug vermittelt die Akademie sechs K\u00fcnstler*innen aus ihrem Kreis aktueller und ehemaliger Stipendiat*innen an die sechs Partnerorganisationen. Die Austauschaufenthalte werden gemeinsam von der Akademie und den Partnerinstitutionen finanziert. Die Stipendien beinhalten in der Regel Unterkunft, ein monatliches Stipendium, Reisekosten sowie Projektmittel.<\/span>\r\n\r\n<span class=\"has-font-reckless-light\" style=\"font-family: Reckless Regular;\">Bewerbungen oder Nominierungen f\u00fcr ein SEN-Stipendium an der Akademie Schloss Solitude erfolgen \u00fcber die Partnerinstitutionen. Ausschreibungen f\u00fcr SEN-Residenzen bei den Partnerorganisationen richten sich ausschlie\u00dflich an aktuelle oder ehemalige Stipendiat*innen der Akademie Schloss Solitude.<\/span>\r\n\r\n<span class=\"has-font-reckless-light\" style=\"font-family: Reckless Regular;\">Die Urspr\u00fcnge des Solitude Exchange Network reichen bis ins Jahr 1990 zur\u00fcck, als K\u00fcnstler*innen aus der ehemaligen DDR Reisestipendien erhielten, um Teil der internationalen Gemeinschaft der Akademie zu werden. Eine wegweisende Partnerschaft mit dem CCA Ujazdowski Castle im Jahr 2003 markierte den Beginn eines strukturierten Austauschprogramms, das sp\u00e4ter auf mehrere L\u00e4nder in Mittel- und S\u00fcdosteuropa ausgeweitet wurde. Seitdem engagiert sich die Akademie kontinuierlich f\u00fcr den Ausbau des regionalen Kulturaustauschs.<\/span>\r\n\r\n<span class=\"has-font-reckless-light\" style=\"font-family: Reckless Regular;\">Im Jahr 2025 erm\u00f6glicht das Netzwerk mit Unterst\u00fctzung des Adam Mickiewicz Institute zus\u00e4tzliche bilaterale Residenzen zwischen dem CCA Ujazdowski Castle (Warschau), ARC Bucharest und STATION Service for Contemporary Dance (Belgrad).<\/span>\r\n\r\n&nbsp;\r\n<h4 style=\"text-align: center;\">Auswahlverfahren<\/h4>\r\n<span class=\"has-font-reckless-light\" style=\"font-family: Reckless Regular;\">Das Auswahlverfahren wird bilateral mit den jeweiligen Partnerinstitutionen festgelegt. Die Auswahl der Stipendiat*innen wird von unabh\u00e4ngigen Juror*innen getroffen.<\/span>\r\n\r\n&nbsp;\r\n<h4 style=\"text-align: center;\">Jury<\/h4>\r\n<span class=\"has-font-reckless-light\" style=\"font-family: Reckless Regular;\">Aktuell geh\u00f6ren der Jury f\u00fcr das Stipendium an der Akademie Schloss Solitude an: <\/span>\r\n<ul>\r\n \t<li><span class=\"has-font-reckless-light\" style=\"font-family: Reckless Regular;\">Fabiola Eidloth, Kulturschaffende in den Darstellenden K\u00fcnsten<\/span>\r\n<span class=\"has-font-reckless-light\" style=\"font-family: Reckless Regular;\">(Dramaturgie\/Produktion\/Projektmanagement)<\/span><\/li>\r\n \t<li><span class=\"has-font-reckless-light\" style=\"font-family: Reckless Regular;\">Maximilian Lehner, Kurator und Autor, Wien<\/span><\/li>\r\n \t<li><span class=\"has-font-reckless-light\" style=\"font-family: Reckless Regular;\">Dr. Anne Fleckstein, Direktorin der Akademie Schloss Solitude<\/span><\/li>\r\n<\/ul>\r\n&nbsp;\r\n\r\n<span class=\"has-font-maison-neue has-font-reckless-light\" style=\"font-family: Reckless Regular;\">R\u00fcckfragen per E-Mail an: ee-program(at)akademie-solitude.de<\/span>\r\n\r\n&nbsp;"},{"acf_fc_layout":"content_txt","_acfe_flexible_layout_title":null,"acfe_flexible_layout_title":"Text","bgcolor":"","bgcolor_custom":"","layout_col_size":8,"txt_cols":"is-1-txtcol","txt":"<h3><\/h3>\r\n<h3><\/h3>\r\n<h3 style=\"text-align: center;\"><span class=\"has-font-maison-neue-extended\" style=\"font-family: 'Maison Neue Extended';\">Aktuelle Austauschprogramme<\/span><\/h3>"},{"acf_fc_layout":"content_pages","_acfe_flexible_layout_title":null,"acfe_flexible_layout_title":"Seiten-Sammlung","bgcolor":"","page_list_col_name_page":"Name","page_list_col_name_pageinfo":" ","pages":[{"page_obj":28404,"page_list_txt":""},{"page_obj":24428,"page_list_txt":""},{"page_obj":20785,"page_list_txt":""},{"page_obj":20771,"page_list_txt":""},{"page_obj":35734,"page_list_txt":""},{"page_obj":31875,"page_list_txt":""}]},{"acf_fc_layout":"content_spacer","_acfe_flexible_layout_title":null,"acfe_flexible_layout_title":"Leerraum-Container","bgcolor":"has-bg-yellow","bgcolor_custom":"","layout_col_size":12,"space_height":60},{"acf_fc_layout":"content_txt","_acfe_flexible_layout_title":null,"acfe_flexible_layout_title":"Text","bgcolor":"","bgcolor_custom":"","layout_col_size":8,"txt_cols":"is-1-txtcol","txt":"<h3 style=\"text-align: center;\"><span class=\"has-font-maison-neue-extended\" style=\"font-family: 'Maison Neue Extended';\">Vergangene Austauschprogramme<\/span><\/h3>"},{"acf_fc_layout":"content_pages","_acfe_flexible_layout_title":null,"acfe_flexible_layout_title":"Seiten-Sammlung","bgcolor":"","page_list_col_name_page":" ","page_list_col_name_pageinfo":" ","pages":[{"page_obj":20787,"page_list_txt":""},{"page_obj":20756,"page_list_txt":""},{"page_obj":20782,"page_list_txt":""}]}],"intro_preview_headline":"Solitude Exchange Network","intro_preview_txt":"<span class=\"has-font-maison-neue\">Das Solitude Exchange Network (SEN) ist ein internationales Austauschprogramm f\u00fcr K\u00fcnstler*innenresidenzen zwischen der Akademie Schloss Solitude in Stuttgart und Partnerorganisationen in Bulgarien, Kroatien, Ungarn, Polen, Rum\u00e4nien und Serbien. <\/span>\r\n\r\n<span class=\"has-font-maison-neue\">Ziel des Solitude Exchange Network ist es, transnationale Verbindungen und kulturellen Austausch zwischen den jeweiligen lokalen Kunstszenen zu f\u00f6rdern. Im Rahmen des Austauschprogramms erhalten K\u00fcnstler*innen die M\u00f6glichkeit, f\u00fcr drei Monate im Ausland zu leben und zu arbeiten und sich mit einem neuen kulturellen Kontext auseinanderzusetzen.<\/span>","intro_preview_img":"","page_program_data":347},"_links":{"self":[{"href":"https:\/\/www.akademie-solitude.de\/de\/wp-json\/wp\/v2\/pages\/11007","targetHints":{"allow":["GET"]}}],"collection":[{"href":"https:\/\/www.akademie-solitude.de\/de\/wp-json\/wp\/v2\/pages"}],"about":[{"href":"https:\/\/www.akademie-solitude.de\/de\/wp-json\/wp\/v2\/types\/page"}],"author":[{"embeddable":true,"href":"https:\/\/www.akademie-solitude.de\/de\/wp-json\/wp\/v2\/users\/3"}],"replies":[{"embeddable":true,"href":"https:\/\/www.akademie-solitude.de\/de\/wp-json\/wp\/v2\/comments?post=11007"}],"version-history":[{"count":3,"href":"https:\/\/www.akademie-solitude.de\/de\/wp-json\/wp\/v2\/pages\/11007\/revisions"}],"predecessor-version":[{"id":44595,"href":"https:\/\/www.akademie-solitude.de\/de\/wp-json\/wp\/v2\/pages\/11007\/revisions\/44595"}],"up":[{"embeddable":true,"href":"https:\/\/www.akademie-solitude.de\/de\/wp-json\/wp\/v2\/pages\/3649"}],"acf:term":[{"embeddable":true,"taxonomy":"program","href":"https:\/\/www.akademie-solitude.de\/de\/wp-json\/wp\/v2\/program\/347"}],"wp:featuredmedia":[{"embeddable":true,"href":"https:\/\/www.akademie-solitude.de\/de\/wp-json\/wp\/v2\/media\/9772"}],"wp:attachment":[{"href":"https:\/\/www.akademie-solitude.de\/de\/wp-json\/wp\/v2\/media?parent=11007"}],"curies":[{"name":"wp","href":"https:\/\/api.w.org\/{rel}","templated":true}]}}