{"id":11123,"date":"2020-07-08T15:25:17","date_gmt":"2020-07-08T13:25:17","guid":{"rendered":"https:\/\/www.akademie-solitude.de\/?page_id=11123"},"modified":"2022-01-17T10:57:22","modified_gmt":"2022-01-17T09:57:22","slug":"kulturjournalismus-digitale-medien","status":"publish","type":"page","link":"https:\/\/www.akademie-solitude.de\/de\/stipendium\/sonderstipendien\/kulturjournalismus-digitale-medien\/","title":{"rendered":"Kulturjournalismus &#038; Digitale Medien"},"content":{"rendered":"","protected":false},"excerpt":{"rendered":"","protected":false},"author":2,"featured_media":9772,"parent":3649,"menu_order":88,"comment_status":"closed","ping_status":"closed","template":"","meta":{"_acf_changed":false,"inline_featured_image":false,"footnotes":""},"class_list":["post-11123","page","type-page","status-publish","hentry"],"acf":{"bgcolor":"has-bg-yellow","bgcolor_custom":"","custom_color_css_variable":"","content_type":[{"acf_fc_layout":"content_txt","acfe_flexible_layout_title":"Text","bgcolor":"has-bg-yellow","bgcolor_custom":"","layout_col_size":8,"txt_cols":"is-1-txtcol","txt":"<span class=\"has-font-maison-neue\" style=\"font-family: 'Maison Neue';\">Das 2016 gegr\u00fcndete und von der\u00a0<a href=\"https:\/\/www.carl-zeiss-stiftung.de\/german\/index.html\">Carl-Zeiss-Stiftung<\/a>\u00a0finanzierte Stipendienprogramm f\u00fcr Kulturjournalismus und Digitale Medien versteht sich als Beitrag zur Unterst\u00fctzung von jungen freien Journalist*innen, die am Aufbau einer kritischen zivilen Gesellschaft teilnehmen und ein besonderes Interesse an digitalen Formaten haben. Das Stipendium richtet sich an junge Kulturjournalist*innen aus Regionen, die sich in Transformation befinden oder in denen eingeschr\u00e4nkte Pressefreiheit herrscht.<\/span>\r\n\r\n<span class=\"has-font-maison-neue\" style=\"font-family: 'Maison Neue';\">Das Programm gr\u00fcndet auf einer engen Zusammenarbeit der eingeladenen Journalist*innen mit dem Solitude Journal und dem Solitude Blog. Die F\u00f6rderung soll ihnen erm\u00f6glichen, gesellschafts- und kulturpolitische Diskurse, die in den Herkunftsl\u00e4ndern marginalisiert werden, einer regionalen und internationalen \u00d6ffentlichkeit zug\u00e4nglich zu machen und ihre F\u00e4higkeiten im Bereich Online-Publishing und im Umgang mit digitalen journalistischen Produktions- und Distributionsformen zu sch\u00e4rfen. Das Stipendium st\u00e4rkt so zum einen den Kulturaustausch durch junge Perspektiven und Informationen aus erster Hand und f\u00f6rdert andererseits journalistischen Umgang mit neuen Technologien. Seit 2020 ist es dank der gro\u00dfz\u00fcgigen Unterst\u00fctzung durch die Carl-Zeiss-Stiftung m\u00f6glich, Mentor*innen in das Programm miteinzubeziehen.<\/span>"},{"acf_fc_layout":"content_txt","acfe_flexible_layout_title":"Text","bgcolor":"","bgcolor_custom":"","layout_col_size":8,"txt_cols":"is-1-txtcol","txt":"<h3 style=\"text-align: center;\"><span class=\"has-font-maison-neue-extended\" style=\"font-family: 'Maison Neue Extended';\">Auswahlverfahren<\/span><\/h3>\r\n<span class=\"has-font-reckless-light\" style=\"font-family: 'Reckless Regular';\">Eine Bewerbung f\u00fcr dieses Stipendium ist nicht m\u00f6glich.<\/span>\r\n\r\n<span class=\"has-font-reckless-light\" style=\"font-family: 'Reckless Regular';\">Vergabeverfahren: Die Akademie bittet jedes Jahr ein Dutzend Vermittler*innen aus ihrem internationalen Netzwerk um Nennung von Journalist*innen, die sie aus den oben genannten Gr\u00fcnden f\u00fcr unterst\u00fctzungsw\u00fcrdig halten. Neben den oben genannten Aspekten spielt die journalistische Qualit\u00e4t der Arbeit eine entscheidende Rolle.<\/span>\r\n\r\n<span class=\"has-font-reckless-light\" style=\"font-family: 'Reckless Regular';\">Die Suche nach Kandidat*innen kann sich auf Wunsch der Carl-Zeiss-Stiftung auf bestimmte L\u00e4nder beschr\u00e4nken.<\/span>\r\n\r\n<span class=\"has-font-reckless-light\" style=\"font-family: 'Reckless Regular';\">Die Entscheidung wird jedes Jahr von einer dreik\u00f6pfigen Jury getroffen.<\/span>\r\n<span class=\"has-font-reckless-light\" style=\"font-family: 'Reckless Regular';\">Kulturjournalistische Beitr\u00e4ge von ehemaligen Stipendiat*innen des Programms finden Sie archiviert auf <a href=\"https:\/\/schloss-post.com\/category\/journalism\/\">Schlosspost<\/a>, der Onlineplattform der Akademie Schloss Solitude f\u00fcr die Jahrg\u00e4nge 2014 bis 2020, sowie im Solitude Journal und auf dem Solitude Blog.<\/span>\r\n<h3><\/h3>\r\n&nbsp;\r\n<h3 style=\"text-align: center;\"><span class=\"has-font-maison-neue-extended\" style=\"font-family: 'Maison Neue Extended';\">Stipendiat*innen<\/span><\/h3>\r\n<span class=\"has-font-reckless-light\" style=\"font-family: 'Reckless Regular';\">2016<a href=\"https:\/\/www.akademie-solitude.de\/person\/rasha-hilwi\/\"> Rasha Hilwi<\/a>, Jerusalem\/Israel<span class=\"has-font-reckless-regular\"><span class=\"has-font-reckless-neue-book\">\r\n<\/span><\/span>2016 <a href=\"https:\/\/www.akademie-solitude.de\/person\/komi-antoine-feda\/\">Komi Antoine Feda<\/a>, Lom\u00e9\/Togo<\/span>\r\n<span class=\"has-font-reckless-light\" style=\"font-family: 'Reckless Regular';\">2016 <a href=\"https:\/\/www.akademie-solitude.de\/person\/yania-suarez-calleyro\/\">Yania Su\u00e1rez Calleyro,<\/a> Havanna\/Kuba<\/span>\r\n<span class=\"has-font-reckless-light\" style=\"font-family: 'Reckless Regular';\">2017\u00a0<a href=\"https:\/\/www.akademie-solitude.de\/person\/boris-gonzalez-arenas\/\">Boris Gonzal\u00e9z Arenas,<\/a> Havanna\/Kuba<\/span>\r\n<span class=\"has-font-reckless-light\" style=\"font-family: 'Reckless Regular';\">2017\u00a0<a href=\"https:\/\/www.akademie-solitude.de\/person\/azza-moghazy\/\">Azza Moghazy,<\/a> Kairo\/\u00c4gypten<\/span>\r\n<span class=\"has-font-reckless-light\" style=\"font-family: 'Reckless Regular';\">2019 <a href=\"https:\/\/www.akademie-solitude.de\/person\/alice-sarmiento\/\">Alice Sarmiento,<\/a> Quezon-Stadt\/Philippinen<\/span>\r\n<span class=\"has-font-reckless-light\" style=\"font-family: 'Reckless Regular';\">2019 <a href=\"https:\/\/www.akademie-solitude.de\/person\/enos-nyamor\/\">Enos Nyamor,<\/a> \u00a0Nairobi\/Kenia\r\n<\/span><span class=\"has-font-reckless-light\" style=\"font-family: Reckless Regular;\">2020 <a href=\"https:\/\/www.akademie-solitude.de\/de\/person\/zeina-shahla\/\">Zeina Shala<\/a>, Damascus\/Syria (postponed to 2021)<\/span><br class=\"\" \/><span class=\"has-font-reckless-light\" style=\"font-family: Reckless Regular;\">2020 Nicol\u00e1s Daniel Vizcaino Sanchez, Bogot\u00e1\/Colombia (postponed to 2022)<\/span>\r\n\r\n<span class=\"has-font-reckless-light\" style=\"font-family: 'Reckless Regular';\">\u00a0<\/span>\r\n\r\n&nbsp;\r\n\r\n&nbsp;\r\n<h3 style=\"text-align: center;\"><span class=\"has-font-maison-neue-extended\" style=\"font-family: 'Maison Neue Extended';\">Mentor*innen<\/span><\/h3>\r\n<span class=\"has-font-reckless-neue-book has-font-reckless-regular\" style=\"font-family: 'Reckless Regular';\"><strong>2020<\/strong> Prasanna Oommen<\/span>\r\n\r\n<span class=\"has-font-reckless-neue-book has-font-reckless-regular\" style=\"font-family: 'Reckless Regular';\">Referentin Kulturjournalismus und digitale Medien: <a href=\"https:\/\/www.akademie-solitude.de\/person\/denise-helene-sumi\/\">Denise Helene Sumi<\/a><\/span>"},{"acf_fc_layout":"content_teaser","acfe_flexible_layout_title":"Teaser","teaser_elements":[{"teaser_bgcolor":"has-bg-yellow","teaser_outline":false,"teaser_border":[],"teaser_type":"teaser_persons","teaser_preview":["preview_txt","preview_img"],"teaser_preview_img_style":false,"teaser_obj_type":false,"teaser_obj_el":null,"teaser_taxonomy_el":null,"teaser_headline":"Stipendiat*innen","teaser_person_current":false,"teaser_person_current_juror":false,"teaser_person_current_employee":false,"post_taxonomies_person_type":["57"],"post_taxonomies_program":["408"],"post_taxonomies_year_generation":[],"post_taxonomies_practice_field":[],"teaser_btntxt":""}]}],"intro_preview_headline":"Kulturjournalismus & Digitale Medien","intro_preview_txt":"Das 2016 gegr\u00fcndete und von der\u00a0<a href=\"https:\/\/www.carl-zeiss-stiftung.de\/german\/index.html\">Carl-Zeiss-Stiftung<\/a>\u00a0finanzierte Stipendienprogramm f\u00fcr Kulturjournalismus und Digitale Medien versteht sich als Beitrag zur Unterst\u00fctzung von jungen freien Journalist*innen, die am Aufbau einer kritischen zivilen Gesellschaft teilnehmen und ein besonderes Interesse an digitalen Formaten haben. Das Stipendium richtet sich an junge Kulturjournalist*innen aus Regionen, die sich in Transformation befinden oder in denen eingeschr\u00e4nkte Pressefreiheit herrscht.","intro_preview_img":9772,"page_program_data":408},"_links":{"self":[{"href":"https:\/\/www.akademie-solitude.de\/de\/wp-json\/wp\/v2\/pages\/11123","targetHints":{"allow":["GET"]}}],"collection":[{"href":"https:\/\/www.akademie-solitude.de\/de\/wp-json\/wp\/v2\/pages"}],"about":[{"href":"https:\/\/www.akademie-solitude.de\/de\/wp-json\/wp\/v2\/types\/page"}],"author":[{"embeddable":true,"href":"https:\/\/www.akademie-solitude.de\/de\/wp-json\/wp\/v2\/users\/2"}],"replies":[{"embeddable":true,"href":"https:\/\/www.akademie-solitude.de\/de\/wp-json\/wp\/v2\/comments?post=11123"}],"version-history":[{"count":0,"href":"https:\/\/www.akademie-solitude.de\/de\/wp-json\/wp\/v2\/pages\/11123\/revisions"}],"up":[{"embeddable":true,"href":"https:\/\/www.akademie-solitude.de\/de\/wp-json\/wp\/v2\/pages\/3649"}],"acf:term":[{"embeddable":true,"taxonomy":"program","href":"https:\/\/www.akademie-solitude.de\/de\/wp-json\/wp\/v2\/program\/408"}],"wp:featuredmedia":[{"embeddable":true,"href":"https:\/\/www.akademie-solitude.de\/de\/wp-json\/wp\/v2\/media\/9772"}],"wp:attachment":[{"href":"https:\/\/www.akademie-solitude.de\/de\/wp-json\/wp\/v2\/media?parent=11123"}],"curies":[{"name":"wp","href":"https:\/\/api.w.org\/{rel}","templated":true}]}}