{"id":14221,"date":"2020-08-04T13:38:40","date_gmt":"2020-08-04T11:38:40","guid":{"rendered":"https:\/\/www.akademie-solitude.de\/?page_id=14221"},"modified":"2025-08-07T14:25:05","modified_gmt":"2025-08-07T12:25:05","slug":"newsletter","status":"publish","type":"page","link":"https:\/\/www.akademie-solitude.de\/de\/newsletter\/","title":{"rendered":"Newsletter abonnieren"},"content":{"rendered":"","protected":false},"excerpt":{"rendered":"","protected":false},"author":1,"featured_media":0,"parent":0,"menu_order":126,"comment_status":"closed","ping_status":"closed","template":"","meta":{"_acf_changed":false,"inline_featured_image":false,"footnotes":""},"class_list":["post-14221","page","type-page","status-publish","hentry"],"acf":{"bgcolor":"","bgcolor_custom":"","custom_color_css_variable":"","content_type":[{"acf_fc_layout":"content_txt","acfe_flexible_layout_title":"Text","bgcolor":"","bgcolor_custom":"","layout_col_size":8,"txt_cols":"is-1-txtcol","txt":"<span class=\"has-font-reckless-light\" style=\"font-family: 'Reckless Regular';\">Abon\u00adnie\u00adren Sie unsere kosten\u00adlo\u00adsen Newsletter um stets \u00fcber alles auf dem Laufen\u00adden zu sein.<\/span>\r\n\r\n<span class=\"has-font-reckless-light\" style=\"font-family: 'Reckless Regular';\">Mit dem <span class=\"has-font-maison-neue\" style=\"font-family: Maison Neue;\">Solitude-Newsletter<\/span> informieren wir Sie einmal im Monat \u00fcber aktuelle Veranstaltungen und Projekte sowie \u00fcber neu angereiste Stipendiat*innen und laufende Ausschreibungen.<\/span>\r\n\r\n<span class=\"has-font-reckless-light\" style=\"font-family: 'Reckless Regular';\">Der <span class=\"has-font-maison-neue\" style=\"font-family: Maison Neue;\">Digital Solitude-Newsletter<\/span> vermittelt die neuesten Inhalte aus dem <a href=\"https:\/\/www.akademie-solitude.de\/de\/postproject\/online-publications\/\">Solitude Journal<\/a> und dem <a href=\"https:\/\/www.akademie-solitude.de\/de\/postproject\/solitude-blog\/\">Solitude Blog<\/a> und informiert regelm\u00e4\u00dfig \u00fcber aktuelle Ausschreibungen und Projekte der Web Residencies sowie \u00fcber weitere Offline- und Onlineangebote des Programms <a href=\"https:\/\/www.akademie-solitude.de\/de\/programme-projekte\/digitale-kulturen\/\">Digitale Kulturen<\/a>.<\/span>\r\n\r\n<span class=\"has-font-reckless-light\" style=\"font-family: 'Reckless Regular';\">Ihre Kontakt\u00adda\u00adten werden ausschlie\u00df\u00adlich zur Versen\u00addung der Newsletter genutzt. Der Verwen\u00addung k\u00f6nnen Sie jeder\u00adzeit wider\u00adspre\u00adchen, indem Sie sich \u00fcber die Fu\u00dfzeile des jewei\u00adli\u00adgen News\u00adlet\u00adter von unse\u00adrem Service abmel\u00adden. Bitte beachten Sie auch unsere<\/span> <a href=\"https:\/\/www.akademie-solitude.de\/datenschutz\/\">Datenschutzerkl\u00e4rung<\/a>."},{"acf_fc_layout":"content_txt","acfe_flexible_layout_title":"Text","bgcolor":"","bgcolor_custom":"","layout_col_size":8,"txt_cols":"is-1-txtcol","txt":"<h2 style=\"text-align: center;\">Solitude-Newsletter<\/h2>\r\n<iframe src=\"https:\/\/09oor.mjt.lu\/wgt\/09oor\/0x3n\/form?c=2b17a135\" width=\"100%\" frameborder=\"0\" marginwidth=\"0\" marginheight=\"0\" scrolling=\"no\" data-w-type=\"embedded\"><\/iframe>\r\n\r\n<script type=\"text\/javascript\" src=\"https:\/\/app.mailjet.com\/pas-nc-embedded-v1.js\"><\/script>"},{"acf_fc_layout":"content_txt","acfe_flexible_layout_title":"Text","bgcolor":"","bgcolor_custom":"","layout_col_size":8,"txt_cols":"is-1-txtcol","txt":"<h2 style=\"text-align: center;\">Digital Solitude<\/h2>\r\n<iframe src=\"https:\/\/09oor.mjt.lu\/wgt\/09oor\/0x3r\/form?c=0cc01446\" width=\"100%\" frameborder=\"0\" marginwidth=\"0\" marginheight=\"0\" scrolling=\"no\" data-w-type=\"embedded\"><span data-mce-type=\"bookmark\" style=\"display: inline-block; width: 0px; overflow: hidden; line-height: 0;\" class=\"mce_SELRES_start\">\ufeff<\/span><\/iframe>\r\n<script type=\"text\/javascript\" src=\"https:\/\/app.mailjet.com\/pas-nc-embedded-v1.js\"><\/script>"}],"intro_preview_headline":"","intro_preview_txt":"","intro_preview_img":""},"_links":{"self":[{"href":"https:\/\/www.akademie-solitude.de\/de\/wp-json\/wp\/v2\/pages\/14221","targetHints":{"allow":["GET"]}}],"collection":[{"href":"https:\/\/www.akademie-solitude.de\/de\/wp-json\/wp\/v2\/pages"}],"about":[{"href":"https:\/\/www.akademie-solitude.de\/de\/wp-json\/wp\/v2\/types\/page"}],"author":[{"embeddable":true,"href":"https:\/\/www.akademie-solitude.de\/de\/wp-json\/wp\/v2\/users\/1"}],"replies":[{"embeddable":true,"href":"https:\/\/www.akademie-solitude.de\/de\/wp-json\/wp\/v2\/comments?post=14221"}],"version-history":[{"count":3,"href":"https:\/\/www.akademie-solitude.de\/de\/wp-json\/wp\/v2\/pages\/14221\/revisions"}],"predecessor-version":[{"id":43380,"href":"https:\/\/www.akademie-solitude.de\/de\/wp-json\/wp\/v2\/pages\/14221\/revisions\/43380"}],"wp:attachment":[{"href":"https:\/\/www.akademie-solitude.de\/de\/wp-json\/wp\/v2\/media?parent=14221"}],"curies":[{"name":"wp","href":"https:\/\/api.w.org\/{rel}","templated":true}]}}