{"id":20756,"date":"2020-08-18T14:50:06","date_gmt":"2020-08-18T12:50:06","guid":{"rendered":"https:\/\/www.akademie-solitude.de\/?page_id=20756"},"modified":"2025-05-13T17:49:40","modified_gmt":"2025-05-13T15:49:40","slug":"new-networks-in-zusammenarbeit-mit-dem-zentrum-fuer-zeitgenoessische-kunst-schloss-ujazdowski-in-warschau-polen","status":"publish","type":"page","link":"https:\/\/www.akademie-solitude.de\/de\/stipendium\/sonderstipendien\/solitude-exchange-network\/new-networks-in-zusammenarbeit-mit-dem-zentrum-fuer-zeitgenoessische-kunst-schloss-ujazdowski-in-warschau-polen\/","title":{"rendered":"New Networks in Zusammenarbeit mit dem Zentrum f\u00fcr zeitgen\u00f6ssische Kunst Schloss Ujazdowski in Warschau, Polen"},"content":{"rendered":"","protected":false},"excerpt":{"rendered":"","protected":false},"author":8,"featured_media":0,"parent":11007,"menu_order":86,"comment_status":"closed","ping_status":"closed","template":"","meta":{"_acf_changed":false,"inline_featured_image":false,"footnotes":""},"class_list":["post-20756","page","type-page","status-publish","hentry"],"acf":{"bgcolor":"has-bg-yellow","bgcolor_custom":"","custom_color_css_variable":"","content_type":[{"acf_fc_layout":"content_txt","acfe_flexible_layout_title":"Text","bgcolor":"","bgcolor_custom":"","layout_col_size":8,"txt_cols":"is-1-txtcol","txt":"<span class=\"has-font-maison-neue\" style=\"font-family: 'Maison Neue';\">Im Jahr 2014 wurde das neue Austauschprogramm \u00bbNew Networks\u00ab des Zentrums f\u00fcr zeitgen\u00f6ssische Kunst Schloss Ujazdowski und der Akademie Schloss Solitude ins Leben gerufen, das bis 2017 andauerte. Mit dem \u00bbNew Networks\u00ab sollte der Blick auf die Regionen an der \u00f6stlichen Peripherie Europas gelenkt werden. Jedes Jahr wurde ein*e K\u00fcnstler*in aus den Partnerregionen f\u00fcr ein dreimonatiges Stipendium an das A-I-R Laboratory des Schloss Ujazdowski und im Austausch an die Akademie Schloss Solitude eingeladen. So sollte zur Schaffung eines Kommunikationsnetzwerks und eines Wissens- und Erfahrungsaustauschs mit diesen entfernten Regionen beigetragen werden.<\/span>\r\n\r\n<span class=\"has-font-reckless-regular has-font-reckless-light\" style=\"font-family: 'Reckless Regular';\">Das \u00bbNew Networks\u00ab Programm richtet sich an K\u00fcnstler*innen aus Belarus und Georgien.<\/span>\r\n\r\n<span class=\"has-font-reckless-regular has-font-reckless-light\" style=\"font-family: 'Reckless Regular';\">Mit finanzieller Unterst\u00fctzung der Deutsch-Polnischen Gesellschaft.<\/span>\r\n\r\n<span class=\"has-font-reckless-regular has-font-reckless-light\" style=\"font-family: 'Reckless Regular';\">Stipendiat*innen, die im Rahmen des \u00bbNew Networks\u00ab Programms an der Akademie waren:\u00a0<\/span>\r\n<ul>\r\n \t<li><span class=\"has-font-reckless-light\" style=\"font-family: 'Reckless Regular';\"><span style=\"text-decoration: underline;\"><a href=\"https:\/\/www.akademie-solitude.de\/person\/alicja-bielawska\/\">Alicja Bielawska <\/a><\/span>(Sept\u2013Nov 2014, Juni 2015)<\/span><\/li>\r\n \t<li><span class=\"has-font-reckless-light\" style=\"font-family: 'Reckless Regular';\"><a href=\"https:\/\/www.akademie-solitude.de\/person\/tania-arcimovic\/\"><span style=\"text-decoration: underline;\">Tania Arcimovi\u010d<\/span><\/a> (Jan\u2013M\u00e4rz 2015)<\/span><\/li>\r\n \t<li><span class=\"has-font-reckless-light\" style=\"font-family: 'Reckless Regular';\"><a href=\"https:\/\/www.akademie-solitude.de\/person\/karolina-halatek\/\"><span style=\"text-decoration: underline;\">Karolina Halatek<\/span><\/a> (Aug\u2013Nov 2016)<\/span><\/li>\r\n \t<li><span class=\"has-font-reckless-light\" style=\"font-family: 'Reckless Regular';\"><span style=\"text-decoration: underline;\"><a href=\"https:\/\/www.akademie-solitude.de\/person\/karolina-ferenc\/\">Karolina Ferenc <\/a><\/span>(Okt\u2013Dez 2017)<\/span><\/li>\r\n<\/ul>"}],"intro_preview_headline":"","intro_preview_txt":"Im Jahr 2014 wurde das neue Austauschprogramm \u00bbNew Networks\u00ab des Zentrums f\u00fcr zeitgen\u00f6ssische Kunst Schloss Ujazdowski und der Akademie Schloss Solitude ins Leben gerufen, das bis 2017 andauerte. Mit dem \u00bbNew Networks\u00ab sollte der Blick auf die Regionen an der \u00f6stlichen Peripherie Europas gelenkt werden. Jedes Jahr wurde ein*e K\u00fcnstler*in aus den Partnerregionen f\u00fcr ein dreimonatiges Stipendium an das A-I-R Laboratory des Schloss Ujazdowski und im Austausch an die Akademie Schloss Solitude eingeladen. So sollte zur Schaffung eines Kommunikationsnetzwerks und eines Wissens- und Erfahrungsaustauschs mit diesen entfernten Regionen beigetragen werden.","intro_preview_img":""},"_links":{"self":[{"href":"https:\/\/www.akademie-solitude.de\/de\/wp-json\/wp\/v2\/pages\/20756","targetHints":{"allow":["GET"]}}],"collection":[{"href":"https:\/\/www.akademie-solitude.de\/de\/wp-json\/wp\/v2\/pages"}],"about":[{"href":"https:\/\/www.akademie-solitude.de\/de\/wp-json\/wp\/v2\/types\/page"}],"author":[{"embeddable":true,"href":"https:\/\/www.akademie-solitude.de\/de\/wp-json\/wp\/v2\/users\/8"}],"replies":[{"embeddable":true,"href":"https:\/\/www.akademie-solitude.de\/de\/wp-json\/wp\/v2\/comments?post=20756"}],"version-history":[{"count":1,"href":"https:\/\/www.akademie-solitude.de\/de\/wp-json\/wp\/v2\/pages\/20756\/revisions"}],"predecessor-version":[{"id":42744,"href":"https:\/\/www.akademie-solitude.de\/de\/wp-json\/wp\/v2\/pages\/20756\/revisions\/42744"}],"up":[{"embeddable":true,"href":"https:\/\/www.akademie-solitude.de\/de\/wp-json\/wp\/v2\/pages\/11007"}],"wp:attachment":[{"href":"https:\/\/www.akademie-solitude.de\/de\/wp-json\/wp\/v2\/media?parent=20756"}],"curies":[{"name":"wp","href":"https:\/\/api.w.org\/{rel}","templated":true}]}}