{"id":20771,"date":"2020-08-18T15:02:36","date_gmt":"2020-08-18T13:02:36","guid":{"rendered":"https:\/\/www.akademie-solitude.de\/?page_id=20771"},"modified":"2026-02-06T12:14:55","modified_gmt":"2026-02-06T11:14:55","slug":"zentrum-fuer-zeitgenoessische-kunst-schloss-ujazdowski-in-warschau-polen","status":"publish","type":"page","link":"https:\/\/www.akademie-solitude.de\/de\/stipendium\/sonderstipendien\/solitude-exchange-network\/zentrum-fuer-zeitgenoessische-kunst-schloss-ujazdowski-in-warschau-polen\/","title":{"rendered":"Zentrum f\u00fcr zeitgen\u00f6ssische Kunst Schloss Ujazdowski in Warschau, Polen"},"content":{"rendered":"","protected":false},"excerpt":{"rendered":"","protected":false},"author":8,"featured_media":0,"parent":11007,"menu_order":84,"comment_status":"closed","ping_status":"closed","template":"","meta":{"_acf_changed":false,"inline_featured_image":false,"footnotes":""},"class_list":["post-20771","page","type-page","status-publish","hentry"],"acf":{"bgcolor":"","bgcolor_custom":"","custom_color_css_variable":"","content_type":[{"acf_fc_layout":"content_txt","_acfe_flexible_layout_title":null,"acfe_flexible_layout_title":"Text","bgcolor":"","bgcolor_custom":"","layout_col_size":8,"txt_cols":"is-1-txtcol","txt":"Das <a href=\"https:\/\/u-jazdowski.pl\/en\/main\">Zentrum f\u00fcr zeitgen\u00f6ssische Kunst Schloss Ujazdowski <\/a>in Warschau z\u00e4hlt zu den dynamischsten interdisziplin\u00e4ren Kunstinstitutionen in Mittel- und Osteuropa. Seit 1989 ist es in einem restaurierten barocken Schloss aus dem 17. Jahrhundert im Herzen der polnischen Hauptstadt beheimatet. Zu seinen vielf\u00e4ltigen Aktivit\u00e4ten \u2013 darunter Ausstellungen, Performances, kritische Forschung und \u00f6ffentliche Programme \u2013 geh\u00f6rt als eines der zentralen Elemente das international anerkannte Residenzprogramm f\u00fcr K\u00fcnstler*innen (U\u2013jazdowski Residencies).\r\n\r\nDas Residenzprogramm von U\u2013jazdowski wurde 2002 gegr\u00fcndet und ist eines der am l\u00e4ngsten bestehenden Programme dieser Art in der Region. Bis heute hat das Zentrum in Warschau \u00fcber 400 Kunstschaffende, Kurator*innen, K\u00fcnstler*innen, Forscher*innen, P\u00e4dagog*innen, Organisator*innen,Einzelpersonen und Kollektive, aus mehr als 50 L\u00e4ndern Europas, Asiens, Nord- und S\u00fcdamerikas sowie Afrikas beherbergt.\r\n\r\nDas Residenzprogramm wird von einem Team geleitet: Ika Sienkiewicz-Nowacka (Abteilungsleiterin), Julia Harasimowicz (Kuratorin) und Bartosz Grauman (B\u00fcroleiter) sowie unterst\u00fctzt von der Produzentin Olga Mi\u0119kus. Durch die Stipendienaufenthalte f\u00f6rdert das Programm ein Umfeld, in dem Begegnungen, Beziehungen und prozessorientierte Arbeitsweisen ebenso wichtig sind wie die \u00f6ffentliche Pr\u00e4sentation von Arbeiten. Der Aufenthalt wird als Medium und Werkzeug f\u00fcr k\u00fcnstlerische und kuratorische Arbeit betrachtet. Auf die direkte Zusammenarbeit zwischen den eingeladenen K\u00fcnstler*innen und den Kurator*innen wird gro\u00dfer Wert gelegt.\r\n\r\nDer Stipendienaufenthalt richtet sich nach den Arbeitsweisen, Ideen und Methoden der jeweiligen Einzelpersonen oder Kollektive. Die Stipendiat*innen arbeiten und recherchieren in enger Kooperation mit den Kurator*innen und Projektkoordinator*innen und haben Zugang zu den Produktionsst\u00e4tten und Ressourcen von U\u2013jazdowski.\r\n\r\nF\u00fcr alle Beteiligten des Programms, die aus dem Ausland nach Warschau kommen, schaffen \u00a0die Kurator*innen von U\u2013jazdowski ein einzigartiges Netzwerk aus Kooperationspartner*innen, K\u00fcnstler*innen, Aktivist*innen, Forscher*innen und Institutionen, das auf die jeweilige Praxis zugeschnitten ist. Die Zeit, die es braucht, um ein Verst\u00e4ndnis f\u00fcr den Ort zu entwickeln, Kontakte zu kn\u00fcpfen, sich inspirieren zu lassen und die eigene Position zu hinterfragen, ist oft wertvoller \u00a0als die Konzentration auf ein Endergebnis. Das Programm bietet Zeit und Raum \u2013 keine Deadlines.\r\n\r\nMit dem Programm werden k\u00fcnstlerische Praktiken gef\u00f6rdert, die zu unerwarteten Ergebnissen f\u00fchren und auf eine sich wandelnde Welt reagieren k\u00f6nnen. Der Stipendienaufenthalt wird als ein Medium f\u00fcr k\u00fcnstlerische Praxis verstanden, das die Suche nach Formen der Auseinandersetzung jenseits von Ausstellungen erm\u00f6glicht. Dazu z\u00e4hlen neben Performances, Vortr\u00e4gen, Seminaren, gemeinschaftsorientierten Projekten auch informellere Formate wie Kolloquien, gemeinsame Abendessen oder Gespr\u00e4che."},{"acf_fc_layout":"content_spacer","_acfe_flexible_layout_title":null,"acfe_flexible_layout_title":"Leerraum-Container","bgcolor":"","bgcolor_custom":"","layout_col_size":12,"space_height":""},{"acf_fc_layout":"content_spacer","_acfe_flexible_layout_title":null,"acfe_flexible_layout_title":"Leerraum-Container","bgcolor":"has-bg-grey","bgcolor_custom":"","layout_col_size":2,"space_height":""},{"acf_fc_layout":"content_txt","_acfe_flexible_layout_title":null,"acfe_flexible_layout_title":"Text","bgcolor":"has-bg-grey","bgcolor_custom":"","layout_col_size":8,"txt_cols":"is-1-txtcol","txt":"<h4 style=\"text-align: center;\"><span class=\"has-font-maison-neue-extended\" style=\"font-family: 'Maison Neue Extended';\">K\u00fcnstler*innen aus Polen auf Solitude<\/span><\/h4>\r\n<p class=\"is-size-6\"><span class=\"has-font-reckless-light\" style=\"font-family: 'Reckless Regular';\"><a href=\"https:\/\/www.akademie-solitude.de\/person\/pawel-althamer\/\">Pawel Althamer <\/a>(Juli\u2013Sept 2002), <a href=\"https:\/\/www.akademie-solitude.de\/person\/mariusz-maciejewski\/\">Mariusz Maciejewski<\/a> (Juli\u2013Sept 2002), <a href=\"https:\/\/www.akademie-solitude.de\/person\/wilhelm-sasnal\/\">Wilhelm Sasnal<\/a> (Apr\u2013Juni 2002), <a href=\"https:\/\/www.akademie-solitude.de\/person\/jarek-kozakiewicz\/\">Jarek Kozakiewicz<\/a> (Feb\u2013Apr 2005), <a href=\"https:\/\/www.akademie-solitude.de\/person\/marzena-nowak\/\">Marzena Nowak<\/a> (Okt\u2013Dez 2006), <a href=\"https:\/\/www.akademie-solitude.de\/person\/andrzej-dluzniewski\/\">Andrzej Dluzniewski <\/a>(Sept\u2013Nov 2007), <a href=\"https:\/\/www.akademie-solitude.de\/person\/alicja-karska\/\">Alicja Karska <\/a>(Juli\u2013Sept 2008), <a href=\"https:\/\/www.akademie-solitude.de\/person\/aleksandra-went\/\">Aleksandra Went<\/a> (Juli\u2013Aug 2008), <a href=\"https:\/\/www.akademie-solitude.de\/person\/michal-grochowiak\/\">Michal Grochowiak<\/a> (Okt\u2013Dez 2009), <a href=\"https:\/\/www.akademie-solitude.de\/person\/marcin-gwiazdowski\/\">Marcin Gwiazdowski<\/a> (Okt\u2013Dez 2009), <a href=\"https:\/\/www.akademie-solitude.de\/person\/jakub-jasiukiewicz\/\">Jakub Jasiukiewicz <\/a>(Okt\u2013Dez 2009), <a href=\"https:\/\/www.akademie-solitude.de\/person\/jakub-szczesny\/\">Jakub Szczesny <\/a>(Okt\u2013Dez 2010), <a href=\"https:\/\/www.akademie-solitude.de\/person\/wojtek-ziemilski\/\">Wojtek Ziemilski <\/a>(Okt\u2013Dez 2011), <a href=\"https:\/\/www.akademie-solitude.de\/person\/jan-strumillo\/\">Jan Strumi\u0142\u0142o<\/a> (Juli\u2013Sept 2012), <a href=\"https:\/\/www.akademie-solitude.de\/person\/ewa-borysewicz\/\">Ewa Borysewicz<\/a> (Okt\u2013Dez 2013), <a href=\"https:\/\/www.akademie-solitude.de\/person\/alicja-bielawska\/\">Alicja Bielawska<\/a> (Sept\u2013Dez 2014), <a href=\"https:\/\/www.akademie-solitude.de\/person\/simone-de-iacobis\/\">Simone De Iacobis\u00a0<\/a>(Okt\u2013Dez 2015), <a href=\"https:\/\/www.akademie-solitude.de\/person\/karolina-grzywnowicz\/\">Karolina Grzywnowicz <\/a>(Okt\u2013Dez 2018), <a href=\"https:\/\/www.akademie-solitude.de\/de\/person\/krzysztof-gutfranski\/\">Krzysztof Gutfranski<\/a> (Okt 2019\u2013Jan 2020), <a href=\"https:\/\/www.akademie-solitude.de\/de\/person\/alicja-wysocka\/\">Alicja Wysocka<\/a> (Okt\u2013Dez 2020), <a href=\"https:\/\/www.akademie-solitude.de\/de\/person\/mateusz-kowalczyk\/\">Mateusz Kowalczyk<\/a> (Sept\u2013Nov 24)<\/span><\/p>\r\n&nbsp;\r\n<h4 style=\"text-align: center;\"><span class=\"has-font-maison-neue-extended\" style=\"font-family: 'Maison Neue Extended';\">Solitude-Stipendiat*innen beim Schloss Ujazdowski in Polen<\/span><\/h4>\r\n<p class=\"is-size-6\"><span class=\"has-font-reckless-light\" style=\"font-family: 'Reckless Regular';\"><a href=\"https:\/\/www.akademie-solitude.de\/de\/person\/lene-berg\/\">Lene Berg<\/a> (2005), <a href=\"https:\/\/www.akademie-solitude.de\/de\/person\/christine-meisner\/\">Christine Meisner<\/a> (2006), Darinka Pop-Miti\u0107 &amp; <a href=\"https:\/\/www.akademie-solitude.de\/de\/person\/nikoleta-markovic\/\">Nikoleta Markovi\u0107<\/a> (2009), <a href=\"https:\/\/www.akademie-solitude.de\/de\/person\/antje-kalus\/\">Antje Kalus<\/a> (2010), <a href=\"https:\/\/www.akademie-solitude.de\/de\/person\/jackie-sumell\/\">Jackie Sumell<\/a> (2011), <a href=\"https:\/\/www.akademie-solitude.de\/de\/person\/apparatus-22\/\">Apparatus 22<\/a> (2012), <a href=\"https:\/\/www.akademie-solitude.de\/de\/person\/umschichten\/\">Studio Umschichten<\/a> (2013), Brave New Alps (<a href=\"https:\/\/www.akademie-solitude.de\/de\/person\/bianca-elzenbaumer\/\">Bianca Elzenbaumer<\/a> &amp; <a href=\"https:\/\/www.akademie-solitude.de\/de\/person\/fabio-franz\/\">Fabio Franz<\/a>) (2014), T<a href=\"https:\/\/www.akademie-solitude.de\/de\/person\/tania-arcimovic\/\">ania Arcimovi\u010d<\/a> (2015), <a href=\"https:\/\/www.akademie-solitude.de\/de\/person\/sahar-qawasmi\/\">Sahar Qawasmi<\/a> (2015), <a href=\"https:\/\/www.akademie-solitude.de\/de\/person\/anna-okrasko\/\">Anna Okrasko<\/a> (2016), Lakshmi Karunakaran (2017), <a href=\"https:\/\/www.akademie-solitude.de\/de\/person\/karolina-ferenc\/\">Karolina Ferenc<\/a> (2018), <a href=\"https:\/\/www.akademie-solitude.de\/de\/person\/lina-lapelyte\/\">Lina Lapelyt\u00e9 <\/a>\u00a0(2018), <a href=\"https:\/\/www.akademie-solitude.de\/de\/person\/karolina-grzywnowicz\/\">Karolina Grzywnowicz<\/a> (2019), <a href=\"https:\/\/www.akademie-solitude.de\/de\/person\/fotini-lazaridou-hatzigoga\/\">Fotini Lazaridou-Hatzigoga<\/a> (2020), <a href=\"https:\/\/www.akademie-solitude.de\/de\/person\/grayson-earle\/\">Grayson Earle <\/a>(2021), <a href=\"https:\/\/www.akademie-solitude.de\/de\/person\/sasha-engelmann\/\">Sasha Engelmann<\/a> (2022),<a href=\"https:\/\/www.akademie-solitude.de\/de\/person\/luiza-proenca\/\"> Luiza Proenca<\/a> (2023), <a href=\"https:\/\/www.akademie-solitude.de\/de\/person\/liera-polianskova\/\">Liera Polianskova<\/a> (2025)<\/span><\/p>"},{"acf_fc_layout":"content_spacer","_acfe_flexible_layout_title":null,"acfe_flexible_layout_title":"Leerraum-Container","bgcolor":"has-bg-grey","bgcolor_custom":"","layout_col_size":2,"space_height":""}],"intro_preview_headline":"Zentrum f\u00fcr zeitgen\u00f6ssische Kunst Schloss Ujazdowski in Warschau, Polen","intro_preview_txt":"Seit Oktober 2002 betreut die Akademie Schloss Solitude gemeinsam mit dem Zentrum f\u00fcr zeitgen\u00f6ssische Kunst Schloss Ujazdowski in Warschau ein Austauschprogramm. Das K\u00fcnstler- und Stipendienprogramm a-i-r laboratory wird von Agnieszka Sienkiewicz-Nowacka koordiniert. Jeweils ein*e bildende*r K\u00fcnstler*in wird f\u00fcr einen dreimonatigen Aufenthalt im Schloss Ujazdowski bzw. der Akademie Schloss Solitude aufgenommen und arbeitet an einem Projekt, das gegen Ende des Aufenthaltes der \u00d6ffentlichkeit vorgestellt wird.","intro_preview_img":""},"_links":{"self":[{"href":"https:\/\/www.akademie-solitude.de\/de\/wp-json\/wp\/v2\/pages\/20771","targetHints":{"allow":["GET"]}}],"collection":[{"href":"https:\/\/www.akademie-solitude.de\/de\/wp-json\/wp\/v2\/pages"}],"about":[{"href":"https:\/\/www.akademie-solitude.de\/de\/wp-json\/wp\/v2\/types\/page"}],"author":[{"embeddable":true,"href":"https:\/\/www.akademie-solitude.de\/de\/wp-json\/wp\/v2\/users\/8"}],"replies":[{"embeddable":true,"href":"https:\/\/www.akademie-solitude.de\/de\/wp-json\/wp\/v2\/comments?post=20771"}],"version-history":[{"count":3,"href":"https:\/\/www.akademie-solitude.de\/de\/wp-json\/wp\/v2\/pages\/20771\/revisions"}],"predecessor-version":[{"id":44535,"href":"https:\/\/www.akademie-solitude.de\/de\/wp-json\/wp\/v2\/pages\/20771\/revisions\/44535"}],"up":[{"embeddable":true,"href":"https:\/\/www.akademie-solitude.de\/de\/wp-json\/wp\/v2\/pages\/11007"}],"wp:attachment":[{"href":"https:\/\/www.akademie-solitude.de\/de\/wp-json\/wp\/v2\/media?parent=20771"}],"curies":[{"name":"wp","href":"https:\/\/api.w.org\/{rel}","templated":true}]}}