{"id":20782,"date":"2020-08-18T15:06:56","date_gmt":"2020-08-18T13:06:56","guid":{"rendered":"https:\/\/www.akademie-solitude.de\/?page_id=20782"},"modified":"2025-05-13T17:49:12","modified_gmt":"2025-05-13T15:49:12","slug":"austauschprogramm-mit-jungen-ungarischen-schriftstellern-in-budapest-ungarn","status":"publish","type":"page","link":"https:\/\/www.akademie-solitude.de\/de\/stipendium\/sonderstipendien\/solitude-exchange-network\/austauschprogramm-mit-jungen-ungarischen-schriftstellern-in-budapest-ungarn\/","title":{"rendered":"Austauschprogramm mit jungen ungarischen Schriftstellern in Budapest, Ungarn"},"content":{"rendered":"","protected":false},"excerpt":{"rendered":"","protected":false},"author":8,"featured_media":0,"parent":11007,"menu_order":82,"comment_status":"closed","ping_status":"closed","template":"","meta":{"_acf_changed":false,"inline_featured_image":false,"footnotes":""},"class_list":["post-20782","page","type-page","status-publish","hentry"],"acf":{"bgcolor":"has-bg-yellow","bgcolor_custom":"","custom_color_css_variable":"","content_type":[{"acf_fc_layout":"content_txt","acfe_flexible_layout_title":"Text","bgcolor":"","bgcolor_custom":"","layout_col_size":8,"txt_cols":"is-1-txtcol","txt":"<span class=\"has-font-maison-neue\" style=\"font-family: 'Maison Neue';\">Nach demselben Prinzip betrieb die Akademie Schloss Solitude ein Austauschprogramm mit jungen ungarischen Schriftsteller*innen in Zusammenarbeit mit dem J\u00f3zsef Attila Kreis, dem Verband junger ungarischer Schriftsteller*innen.<\/span>\r\n\r\n<span class=\"has-font-maison-neue\" style=\"font-family: 'Maison Neue';\">Unterst\u00fctzt wurde das Programm vom Ministerium f\u00fcr Wissenschaft, Forschung und Kunst des Landes Baden-W\u00fcrttemberg, vom ungarischen Kulturministerium sowie bis einschlie\u00dflich 2006 von der Robert Bosch Stiftung.<\/span>\r\n\r\n&nbsp;\r\n<h3 style=\"text-align: center;\"><span class=\"has-font-reckless-regular has-font-maison-neue-extended\" style=\"font-family: 'Maison Neue Extended';\">Schriftsteller*innen aus Ungarn auf Solitude<\/span><\/h3>\r\n<p style=\"text-align: left;\"><span class=\"has-font-reckless-regular\" style=\"font-family: 'Reckless Regular';\"><a href=\"https:\/\/www.akademie-solitude.de\/person\/zsuzsa-selyem\/\">Zsuzsa Selyem<\/a> (Okt\u2013Dez 2005), <a href=\"https:\/\/www.akademie-solitude.de\/person\/janos-terey\/\">J\u00e1nos T\u00e9rey <\/a>(Apr\u2013Juni 2006), <a href=\"https:\/\/www.akademie-solitude.de\/person\/balint-harcos\/\">B\u00e1lint Harcos <\/a>(Sept\u2013Nov 2006), <a href=\"https:\/\/www.akademie-solitude.de\/person\/gabor-lanczkor\/\">G\u00e1bor Lanczkor<\/a>(Apr\u2013Juni 2007), <a href=\"https:\/\/www.akademie-solitude.de\/person\/istvan-laszlo-geher\/\">Istv\u00e1n L\u00e1szl\u00f3 Geher<\/a> (Juli\u2013Sept 2008), <a href=\"https:\/\/www.akademie-solitude.de\/person\/tamas-t-kaszas\/\">Tam\u00e1s T. Kasz\u00e1s<\/a> (Okt\u2013Dez 2008), <a href=\"https:\/\/www.akademie-solitude.de\/person\/dan-sociu\/\">Dan Sociu<\/a> (Juni\u2013Aug 2008), <a href=\"https:\/\/www.akademie-solitude.de\/person\/denes-krusovszky\/\">D\u00e9nes Krusovszky<\/a> (Juli\u2013Okt 2009), <a href=\"https:\/\/www.akademie-solitude.de\/person\/zsolt-nagy-koppany\/\">Zsolt Nagy Kopp\u00e1ny<\/a> (Juli\u2013Sept 2009), <a href=\"https:\/\/www.akademie-solitude.de\/person\/zoltan-csehy\/\">Zolt\u00e1n Csehy<\/a>\u00a0(Mai\u2013Juni 2011),\u00a0<a href=\"https:\/\/www.akademie-solitude.de\/person\/ildiko-noemi-nagy\/\">Ildik\u00f3 No\u00e9mi Nagy<\/a> (Okt\u2013Dez 2011), <a href=\"https:\/\/www.akademie-solitude.de\/person\/andras-gerevich\/\">Andr\u00e1s Gerevich<\/a> (Okt\u2013Nov 2012, M\u00e4rz 2014), <a href=\"https:\/\/www.akademie-solitude.de\/person\/kinga-toth\/\">Kinga T\u00f3th<\/a> (Okt\u2013Dez 2013), <a href=\"https:\/\/www.akademie-solitude.de\/person\/mario-z-nemes\/\">M\u00e1ri\u00f3 Z\u00f3ltan Nemes<\/a> (Sept\u2013Nov 2014), <a href=\"https:\/\/www.akademie-solitude.de\/person\/matyas-dunajcsik\/\">M\u00e1ty\u00e1s Dunajcsik<\/a> (Okt\u2013Dez 2016), <a href=\"https:\/\/www.akademie-solitude.de\/person\/zoltan-lesi\/\">Zolt\u00e1n Lesi <\/a>(Okt\u2013Dez 2017).<\/span><\/p>\r\n&nbsp;\r\n<h3 style=\"text-align: center;\"><span class=\"has-font-reckless-regular has-font-maison-neue-extended\" style=\"font-family: 'Maison Neue Extended';\">Solitude-Stipendiat*innen in Ungarn in Kooperation mit dem J\u00f3zsef Attila Kreis<\/span><\/h3>\r\n<span class=\"has-font-reckless-regular\" style=\"font-family: 'Reckless Regular';\"><a href=\"https:\/\/www.akademie-solitude.de\/person\/margareth-obexer-2\/\">Margareth Obexer<\/a> (Sept\u2013Nov 2005), <a href=\"https:\/\/www.akademie-solitude.de\/person\/hans-werner-klohe\/\">Hans-Werner Klohe<\/a> (Sept\u2013Okt 2006), <a href=\"https:\/\/www.akademie-solitude.de\/person\/tilman-rammstedt\/\">Tilman Rammstedt<\/a> (Apr\u2013Mai 2006), <a href=\"https:\/\/www.akademie-solitude.de\/person\/anja-utler\/\">Anja Utler<\/a>(Sept\u2013Nov 2006), <a href=\"https:\/\/www.akademie-solitude.de\/person\/sarnath-banerjee\/\">Sarnath Banerjee <\/a>(Apr\u2013Mai 2007), <a href=\"https:\/\/www.akademie-solitude.de\/person\/esi-edugyan\/\">Esi Edugyan<\/a> (Apr\u2013Mai 2007), <a href=\"https:\/\/www.akademie-solitude.de\/person\/kaiwan-mehta\/\">Kaiwan Mehta<\/a>(2008),\u00a0<a href=\"https:\/\/www.akademie-solitude.de\/person\/ulrike-syha\/\">Ulrike Syha<\/a>\u00a0(2008),\u00a0<a href=\"https:\/\/www.akademie-solitude.de\/person\/jonathan-garfinkel\/\">Jonathan Garfinkel<\/a>\u00a0(2009),\u00a0<a href=\"https:\/\/www.akademie-solitude.de\/person\/katarzyna-sowula\/\">Katarzyna Sowula<\/a>\u00a0(2009),\u00a0<a href=\"https:\/\/www.akademie-solitude.de\/person\/franziska-gerstenberg\/\">Franziska Gerstenberg\u00a0<\/a>(2010),\u00a0<a href=\"https:\/\/www.akademie-solitude.de\/person\/mikolaj-lozinski\/\">Mikolaj Lozinski<\/a>\u00a0(2011),\u00a0<a href=\"https:\/\/www.akademie-solitude.de\/person\/lina-mounzer\/\">Lina Mounzer<\/a>\u00a0(2011),\u00a0<a href=\"https:\/\/www.akademie-solitude.de\/person\/katharina-bendixen\/\">Katharina Bendixen<\/a>(2013),\u00a0<a href=\"https:\/\/www.akademie-solitude.de\/person\/michelle-sterling\/\">Michelle Sterling <\/a>(2014).<\/span>"}],"intro_preview_headline":"","intro_preview_txt":"Nach demselben Prinzip betrieb die Akademie Schloss Solitude ein Austauschprogramm mit jungen ungarischen Schriftsteller*innen in Zusammenarbeit mit dem J\u00f3zsef Attila Kreis, dem Verband junger ungarischer Schriftsteller*innen.","intro_preview_img":""},"_links":{"self":[{"href":"https:\/\/www.akademie-solitude.de\/de\/wp-json\/wp\/v2\/pages\/20782","targetHints":{"allow":["GET"]}}],"collection":[{"href":"https:\/\/www.akademie-solitude.de\/de\/wp-json\/wp\/v2\/pages"}],"about":[{"href":"https:\/\/www.akademie-solitude.de\/de\/wp-json\/wp\/v2\/types\/page"}],"author":[{"embeddable":true,"href":"https:\/\/www.akademie-solitude.de\/de\/wp-json\/wp\/v2\/users\/8"}],"replies":[{"embeddable":true,"href":"https:\/\/www.akademie-solitude.de\/de\/wp-json\/wp\/v2\/comments?post=20782"}],"version-history":[{"count":1,"href":"https:\/\/www.akademie-solitude.de\/de\/wp-json\/wp\/v2\/pages\/20782\/revisions"}],"predecessor-version":[{"id":42743,"href":"https:\/\/www.akademie-solitude.de\/de\/wp-json\/wp\/v2\/pages\/20782\/revisions\/42743"}],"up":[{"embeddable":true,"href":"https:\/\/www.akademie-solitude.de\/de\/wp-json\/wp\/v2\/pages\/11007"}],"wp:attachment":[{"href":"https:\/\/www.akademie-solitude.de\/de\/wp-json\/wp\/v2\/media?parent=20782"}],"curies":[{"name":"wp","href":"https:\/\/api.w.org\/{rel}","templated":true}]}}