{"id":20785,"date":"2020-08-18T15:08:54","date_gmt":"2020-08-18T13:08:54","guid":{"rendered":"https:\/\/www.akademie-solitude.de\/?page_id=20785"},"modified":"2026-02-06T10:59:59","modified_gmt":"2026-02-06T09:59:59","slug":"pogon-zagreb-center-for-independent-culture-and-youth-in-kroatien","status":"publish","type":"page","link":"https:\/\/www.akademie-solitude.de\/de\/stipendium\/sonderstipendien\/solitude-exchange-network\/pogon-zagreb-center-for-independent-culture-and-youth-in-kroatien\/","title":{"rendered":"POGON \u2013 Zagreb Center for Independent Culture and Youth in Kroatien"},"content":{"rendered":"","protected":false},"excerpt":{"rendered":"","protected":false},"author":8,"featured_media":0,"parent":11007,"menu_order":80,"comment_status":"closed","ping_status":"closed","template":"","meta":{"_acf_changed":false,"inline_featured_image":false,"footnotes":""},"class_list":["post-20785","page","type-page","status-publish","hentry"],"acf":{"bgcolor":"","bgcolor_custom":"","custom_color_css_variable":"","content_type":[{"acf_fc_layout":"content_txt","_acfe_flexible_layout_title":null,"acfe_flexible_layout_title":"Text","bgcolor":"","bgcolor_custom":"","layout_col_size":8,"txt_cols":"is-1-txtcol","txt":"Das Austauschprogramm mit <a href=\"http:\/\/www.upogoni.org\/en\/\" data-cke-saved-href=\"http:\/\/www.upogoni.org\/en\/\">POGON \u2013 Zentrum f\u00fcr unabh\u00e4ngige Kultur und Jugend Zagreb<\/a> wurde 2009 ins Leben gerufen. POGON ist ein Kulturzentrum, das auf dem hybriden Modell einer \u00f6ffentlich-zivilgesellschaftlichen Partnerschaft zwischen der Stadt Zagreb und dem Zusammenschluss von NGOs basiert, die in den Bereichen unabh\u00e4ngige Kultur und Jugendarbeit t\u00e4tig sind. Zentrales Anliegen und Schwerpunkt von POGON sind die F\u00f6rderung zeitgen\u00f6ssischer Produktion, Pr\u00e4sentation und Rezeption unabh\u00e4ngiger Kultur. Daf\u00fcr werden R\u00e4umlichkeiten, technische Ausstattung und Unterst\u00fctzung kostenfrei f\u00fcr Vereine, Kunstorganisationen, informelle Gruppen und Einzelpersonen zur Verf\u00fcgung gestellt sowie M\u00f6glichkeiten zum Lernen, zur Begegnung und zur Zusammenarbeit geschaffen.\r\n\r\nJ\u00e4hrlich unterst\u00fctzt POGON die Umsetzung von \u00fcber hundert unterschiedlichen Veranstaltungsformaten aus allen Bereichen der Kultur und Kunst, darunter Ausstellungen, Theater- und Tanzauff\u00fchrungen, zeitgen\u00f6ssische Zirkusvorstellungen, Konzerte, Vortr\u00e4ge, \u00f6ffentliche Foren, Filmvorf\u00fchrungen, Workshops, Seminare sowie weitere interdisziplin\u00e4re, bildungsorientierte und diskursive Formate. Somit verf\u00fcgt POGON \u00fcber ein breites Netzwerk von Organisationen, Initiativen und K\u00fcnstler*innen.\r\n\r\nAuf dieser Grundlage zielt der Austausch im Rahmen des Solitude Exchange Network darauf ab, eine Plattform zur F\u00f6rderung kreativer Prozesse zu bieten, die \u00a0sich mit dem erweiterten Feld der Urbanit\u00e4t befassen.\r\n\r\nDer dreimonatige Aufenthalt in Zagreb richtet sich an Autor*innen, K\u00fcnstler*innen, Kurator*innen, Architekt*innen, Designer*innen und andere, die sich mit urbanen Fragestellungen auf subtile und komplexe Weise auseinandersetzen und dabei innovative Ans\u00e4tze in ihrer praktischen, theoretischen, forschungsbasierten, k\u00fcnstlerischen oder interdisziplin\u00e4ren Arbeit verfolgen. Dieser Leitgedankeanimiert die Teilnehmer*innen, die Stadt \u2013 vorzugsweise Zagreb \u2013 als Inspirationsquelle zu begreifen, die ihre Arbeit, ihre Interessen und sogar ihre Obsessionen erg\u00e4nzen oder kanalisieren kann.\r\n\r\nBevorzugt werden Projekte, die von der Zeit in Zagreb und dem \u00a0Kontext der Stadt profitieren k\u00f6nnen und die \u00a0w\u00e4hrend ihres Entwicklungsprozesses den Dialog oder andere Formen der Interaktion mit der lokalen Gemeinschaft oder mit Akteur*innen der freien Kulturszene suchen.<u><\/u>"},{"acf_fc_layout":"content_spacer","_acfe_flexible_layout_title":null,"acfe_flexible_layout_title":"Leerraum-Container","bgcolor":"","bgcolor_custom":"","layout_col_size":12,"space_height":""},{"acf_fc_layout":"content_spacer","_acfe_flexible_layout_title":null,"acfe_flexible_layout_title":"Leerraum-Container","bgcolor":"has-bg-grey","bgcolor_custom":"","layout_col_size":2,"space_height":""},{"acf_fc_layout":"content_txt","_acfe_flexible_layout_title":null,"acfe_flexible_layout_title":"Text","bgcolor":"has-bg-grey","bgcolor_custom":"","layout_col_size":8,"txt_cols":"is-1-txtcol","txt":"<h4 style=\"text-align: center;\"><span class=\"has-font-maison-neue-extended\" style=\"font-family: 'Maison Neue Extended';\">Kooperationsstipendiat*innen aus Kroatien auf Solitude<\/span><\/h4>\r\n<span class=\"has-font-reckless-light\" style=\"font-family: 'Reckless Regular';\"><a href=\"https:\/\/www.akademie-solitude.de\/de\/person\/zvonimir-marcic\/\">Zvonimir Mar\u010di\u0107<\/a> (Okt\u2013Dez 2009), <a href=\"https:\/\/www.akademie-solitude.de\/de\/person\/iva-marcetic\/\">Iva Mar\u010deti\u0107<\/a> (Nov 2011\u2013Jan 2012), <a href=\"https:\/\/www.akademie-solitude.de\/de\/person\/ana-sladetic\/\">Ana Sladetic<\/a> (Sept\u2013Nov 2012), <a href=\"https:\/\/www.akademie-solitude.de\/de\/person\/vesna-vukovic\/\">Vesna Vukovic<\/a> (Okt\u2013Dez 2013), <a href=\"https:\/\/www.akademie-solitude.de\/de\/person\/maja-markovic\/\">Maja Markovi\u0107<\/a> (Sept\u2013Nov 2014), <a href=\"https:\/\/www.akademie-solitude.de\/de\/person\/katerina-duda\/\">Katerina Duda <\/a>(Okt\u2013Dez 2015), <a href=\"https:\/\/www.akademie-solitude.de\/de\/person\/ana-kovacic\/\">Ana Kova\u010di\u0107<\/a> (Okt\u2013Dez 2016), <a href=\"https:\/\/www.akademie-solitude.de\/de\/person\/vanja-babic\/\">Vanja Babi\u0107<\/a> (Okt\u2013Dez 2017), <a href=\"https:\/\/www.akademie-solitude.de\/de\/person\/luiza-margan\/\">Luiza Margan <\/a>(Feb\u2013Apr 2019), <a href=\"https:\/\/www.akademie-solitude.de\/de\/person\/laura-baric\/\">Laura Bari\u0107<\/a> (Okt\u2013Dez 2019), <a href=\"https:\/\/www.akademie-solitude.de\/de\/person\/selma-banich\/\">Selma Banich<\/a> (Sept\u2013Nov 2023), <a href=\"https:\/\/www.akademie-solitude.de\/de\/person\/sara-salamon\/\">Sara Salamon<\/a> (Sept\u2013Nov 2024), <a href=\"https:\/\/www.akademie-solitude.de\/de\/person\/sanja-bistricic-srica\/\">Sanja Bistri\u010di\u0107 Sri\u0107a<\/a> (Sept\u2013Nov 2025)<\/span>\r\n\r\n&nbsp;\r\n<h4 style=\"text-align: center;\"><span class=\"has-font-maison-neue-extended\" style=\"font-family: 'Maison Neue Extended';\">Solitude-Stipendiat*innen im Zagreb Center for Independent Culture and Youth in Kroatien<\/span><\/h4>\r\n<span class=\"has-font-reckless-light\" style=\"font-family: 'Reckless Regular';\"><a href=\"https:\/\/www.akademie-solitude.de\/de\/person\/lan-tuazon\/\">Lan Tuazon <\/a>(2010), <a href=\"https:\/\/www.akademie-solitude.de\/de\/person\/mitch-mcewen\/\">Mitch McEwen<\/a> (2012), <a href=\"https:\/\/www.akademie-solitude.de\/de\/person\/enoch-cheng\/\">Enoch Cheng<\/a> (2018), <a href=\"https:\/\/www.akademie-solitude.de\/de\/person\/christoph-szalay\/\">Christoph Szalay<\/a> (2018), <a href=\"https:\/\/www.akademie-solitude.de\/de\/person\/vinicius-jatoba\/\">Vinicius Jatob\u00e1 <\/a>\u00a0(2019), <a href=\"https:\/\/www.akademie-solitude.de\/de\/person\/viktorija-siaulyte\/\">Viktorija \u0160iaulyt\u0117<\/a> (2021), <a href=\"https:\/\/www.akademie-solitude.de\/de\/person\/mmakhotso-lamola\/\">Mmakhotso Lamola<\/a> (2022), <a href=\"https:\/\/www.akademie-solitude.de\/de\/person\/merve-bedir\/\">Merve Bedir<\/a> (2023), <a href=\"https:\/\/www.akademie-solitude.de\/de\/person\/alia-hamdan\/\">Alia Hamdan<\/a> (2024), <a href=\"https:\/\/www.akademie-solitude.de\/de\/person\/rojia-forouhar-abadeh\/\">Rojia Forouhar Abadeh<\/a> (2025)<\/span>"},{"acf_fc_layout":"content_spacer","_acfe_flexible_layout_title":null,"acfe_flexible_layout_title":"Leerraum-Container","bgcolor":"has-bg-grey","bgcolor_custom":"","layout_col_size":2,"space_height":""}],"intro_preview_headline":"","intro_preview_txt":"Das Austauschprogramm mit <a href=\"http:\/\/www.upogoni.org\/en\/\" data-cke-saved-href=\"http:\/\/www.upogoni.org\/en\/\">POGON \u2013 Zentrum f\u00fcr unabh\u00e4ngige Kultur und Jugend Zagreb <\/a> wurde 2009 initiiert.POGON ist ein Kulturzentrum, das auf einem hybriden Modell einer \u00f6ffentlich-zivilgesellschaftlichen Partnerschaft zwischen der Stadt Zagreb und einer Koalition von NGOs basiert, die im Bereich der unabh\u00e4ngigen Kultur und Jugendarbeit t\u00e4tig sind. Zentrales Anliegen und leitende Ausrichtung von POGON ist die F\u00f6rderung zeitgen\u00f6ssischer Produktion, Pr\u00e4sentation und Rezeption unabh\u00e4ngiger Kultur. Daf\u00fcr werden R\u00e4umlichkeiten, technische Ausstattung und organisatorische Unterst\u00fctzung kostenfrei f\u00fcr Vereine, Kunstorganisationen, informelle Gruppen und Einzelpersonen zur Verf\u00fcgung gestellt und M\u00f6glichkeiten f\u00fcr Lernen, Begegnung und Zusammenarbeit geschaffen.\r\n\r\nJ\u00e4hrlich unterst\u00fctzt POGON die Umsetzung von \u00fcber hundert unterschiedlichen Veranstaltungsformaten aus allen Bereichen von Kultur und Kunst, darunter Ausstellungen, Theater- und Tanzauff\u00fchrungen, zeitgen\u00f6ssischer Zirkus, Konzerte, Vortr\u00e4ge, \u00f6ffentliche Foren, Screenings, Workshops, Seminaresowie weitere interdisziplin\u00e4re, bildungsorientierte und diskursive Formate. Auf diese Weise vereint POGON ein breites Netzwerk von Organisationen, Initiativen und K\u00fcnstler*innen.\r\n\r\nAuf dieser Grundlage zielt der Austausch im Rahmen des Solitude Exchange Network Programms darauf ab, eine Plattform zu bieten, die kreative Prozessef\u00f6rdert, welche sich mit dem erweiterten Feld von Urbanit\u00e4t auseinandersetzen.\r\n\r\nDie dreimonatige Residency in Zagreb richtet sich an Autor*innen (K\u00fcnstler*innen, Kurator*innen, Architekt*innen, Designer*innen u. a.), die sich urbanen Fragestellungen mit differenzierter Komplexit\u00e4t und auf innovative Weise n\u00e4hern \u2013 sei es durch praktische, theoretische, forschungsbasierte, k\u00fcnstlerische oder interdisziplin\u00e4re Arbeiten. Der Geist der Residency ermutigt die Teilnehmer*innen, die Stadt \u2013 vorzugsweise Zagreb \u2013 als Inspirationsquelle zu begreifen, die ihre Arbeit, Interessen und sogar Obsessionen erg\u00e4nzen oder kanalisieren kann.\r\n\r\nBevorzugt werden Projekte, die von der Zeit in Zagreb und seinem spezifischen Kontext profitieren und im Entwicklungsprozess einen Dialog oder andere Formen der Interaktion mit der lokalen Gemeinschaft oder mit Akteur*innen der freien Kulturszene einbeziehen.","intro_preview_img":""},"_links":{"self":[{"href":"https:\/\/www.akademie-solitude.de\/de\/wp-json\/wp\/v2\/pages\/20785","targetHints":{"allow":["GET"]}}],"collection":[{"href":"https:\/\/www.akademie-solitude.de\/de\/wp-json\/wp\/v2\/pages"}],"about":[{"href":"https:\/\/www.akademie-solitude.de\/de\/wp-json\/wp\/v2\/types\/page"}],"author":[{"embeddable":true,"href":"https:\/\/www.akademie-solitude.de\/de\/wp-json\/wp\/v2\/users\/8"}],"replies":[{"embeddable":true,"href":"https:\/\/www.akademie-solitude.de\/de\/wp-json\/wp\/v2\/comments?post=20785"}],"version-history":[{"count":3,"href":"https:\/\/www.akademie-solitude.de\/de\/wp-json\/wp\/v2\/pages\/20785\/revisions"}],"predecessor-version":[{"id":44528,"href":"https:\/\/www.akademie-solitude.de\/de\/wp-json\/wp\/v2\/pages\/20785\/revisions\/44528"}],"up":[{"embeddable":true,"href":"https:\/\/www.akademie-solitude.de\/de\/wp-json\/wp\/v2\/pages\/11007"}],"wp:attachment":[{"href":"https:\/\/www.akademie-solitude.de\/de\/wp-json\/wp\/v2\/media?parent=20785"}],"curies":[{"name":"wp","href":"https:\/\/api.w.org\/{rel}","templated":true}]}}