{"id":20787,"date":"2020-08-18T15:09:22","date_gmt":"2020-08-18T13:09:22","guid":{"rendered":"https:\/\/www.akademie-solitude.de\/?page_id=20787"},"modified":"2025-05-13T17:48:30","modified_gmt":"2025-05-13T15:48:30","slug":"rad-ost-aether-radar-sofia-und-swimming-pool-in-bulgarien","status":"publish","type":"page","link":"https:\/\/www.akademie-solitude.de\/de\/stipendium\/sonderstipendien\/solitude-exchange-network\/rad-ost-aether-radar-sofia-und-swimming-pool-in-bulgarien\/","title":{"rendered":"RAD.OST (\u00c6THER, RADAR SOFIA und SWIMMING POOL) in Bulgarien"},"content":{"rendered":"","protected":false},"excerpt":{"rendered":"","protected":false},"author":8,"featured_media":0,"parent":11007,"menu_order":75,"comment_status":"closed","ping_status":"closed","template":"","meta":{"_acf_changed":false,"inline_featured_image":false,"footnotes":""},"class_list":["post-20787","page","type-page","status-publish","hentry"],"acf":{"bgcolor":"","bgcolor_custom":"","custom_color_css_variable":"","content_type":[{"acf_fc_layout":"content_txt","acfe_flexible_layout_title":"Text","bgcolor":"","bgcolor_custom":"","layout_col_size":8,"txt_cols":"is-1-txtcol","txt":"<span class=\"has-font-maison-neue\" style=\"font-family: 'Maison Neue';\">2020 wurde das osteurop\u00e4ische Netzwerk der Akademie Schloss Solitude um mehrere neue Partner in Bulgarien erweitert. Drei kleine Kunstinitiativen aus Sofia \u2013 \u00c6ther,\u00a0Swimming Pool\u00a0und\u00a0Radar \u2013 arbeiten mit der Akademie Schloss Solitude und dem Goethe-Institut Sofia zusammen, um mehr Aufmerksamkeit auf die kulturelle und k\u00fcnstlerische Produktion in der osteurop\u00e4ischen Peripherie zu lenken und einen gegenseitigen Austausch zu erm\u00f6glichen.<\/span>\r\n\r\n<span class=\"has-font-reckless-light\" style=\"font-family: 'Reckless Regular';\">Ziel dieser Partnerschaften ist der langfristige Austausch zwischen den verschiedenen Organisationen und ihren Stipendiat*innen. Jedes Jahr erh\u00e4lt ein*e ehemalige*r Artist in Residence der Akademie Schloss Solitude ein Residenzstipendium in Sofia, w\u00e4hrend ein*e K\u00fcnstler*in aus Bulgarien die M\u00f6glichkeit bekommt, in Stuttgart zu leben und dort kreativ t\u00e4tig zu sein.<\/span>\r\n\r\n<span class=\"has-font-reckless-light\" style=\"font-family: 'Reckless Regular';\">Das RAD.OST-Residenzprogramm wurde von den drei bulgarischen Kunstinitiativen im Rahmen des osteurop\u00e4ischen Netzwerkprogramms geschaffen.<\/span>\r\n<blockquote><span class=\"has-font-maison-neue\" style=\"font-family: 'Maison Neue';\">\u00bbRAD.OST thematisiert die Art und Weise, wie wir uns miteinander verbinden und in der Gegenwart verorten. Wir hoffen, dass dieses neue Instrument den Dialog und die Kommunikation f\u00f6rdert, eine Reflexionsgrundlage in Bezug auf gr\u00f6\u00dfere Zusammenh\u00e4nge schafft und K\u00fcnstler*innen einen Zufluchtsort bietet, an dem sie sich erholen, ihre Kr\u00e4fte sammeln und Mut f\u00fcr neue kreative Handlungen fassen k\u00f6nnen.<\/span>\r\n<span class=\"has-font-maison-neue\" style=\"font-family: 'Maison Neue';\">Wir sind uns zudem bewusst, dass das Bed\u00fcrfnis, eine Zeit lang nichts zu tun, nichts zu produzieren oder der \u00d6ffentlichkeit zu pr\u00e4sentieren ein wichtiger Bestandteil des k\u00fcnstlerischen Prozesses sein kann. Aus diesem Grund stehen wir allen Projektvorschl\u00e4gen unserer zuk\u00fcnftigen G\u00e4ste offen gegen\u00fcber, einschlie\u00dflich laufender oder bereits gestarteter Projekte.<\/span>\r\n<span class=\"has-font-maison-neue\" style=\"font-family: 'Maison Neue';\">W\u00e4hrend ihres Residenzaufenthalts k\u00f6nnen die ausgew\u00e4hlten Kandidat*innen ganz in das Leben in Sofia eintauchen, Wichtiges \u00fcber die politischen, sozialen und k\u00fcnstlerischen Kontexte des Landes erfahren, ungest\u00f6rt arbeiten, Kontakte f\u00fcr zuk\u00fcnftige Kollaborationen kn\u00fcpfen und ihre Arbeiten oder Ans\u00e4tze in einem neuen Umfeld pr\u00e4sentieren. Die Ausschreibung und die finale Pr\u00e4sentation, Performance oder das Projekt des*der ausgew\u00e4hlten Kandidat*in werden jedes Jahr von einer anderen Organisation oder einem Team von Organisationen kuratiert. Im Jahr 2020 sind das \u00c6ther und Radar Sofia, 2021 \u00fcbernimmt Swimming Pool diese Aufgabe.\u00ab<\/span>\r\n\r\n<span class=\"has-font-maison-neue\" style=\"font-family: 'Maison Neue';\">\u00c6THER, RADAR SOFIA und SWIMMING POOL<\/span><\/blockquote>"},{"acf_fc_layout":"content_img","acfe_flexible_layout_title":"Bild(er)","bgcolor":"","bgcolor_custom":"","layout_col_size":8,"img_gallery":false,"img":[13154],"img_gallery_format":"is-16by9"},{"acf_fc_layout":"content_txt","acfe_flexible_layout_title":"Text","bgcolor":"","bgcolor_custom":"","layout_col_size":8,"txt_cols":"is-1-txtcol","txt":"<h4 style=\"text-align: center;\"><span class=\"has-font-maison-neue-extended\" style=\"font-family: 'Maison Neue Extended';\">Kooperationsstipendiat*innen aus Kroatien auf Solitude<\/span><\/h4>\r\n<p class=\"is-size-6\"><span class=\"has-font-reckless-light\" style=\"font-family: 'Reckless Regular';\"><a href=\"https:\/\/www.akademie-solitude.de\/de\/person\/alexander-manuiloff\/\">Alexander Manuiloff<\/a> (Jan 2020), <a href=\"https:\/\/www.akademie-solitude.de\/de\/person\/viktoria-draganova\/\">Viktoria Draganova<\/a> (Feb 2020), <a href=\"https:\/\/www.akademie-solitude.de\/de\/person\/voin-de-voin\/\">Voin de Voin<\/a> (M\u00e4rz\u2013Mai 2020), <a href=\"https:\/\/www.akademie-solitude.de\/de\/person\/valentina-sciarra\/\">Valentina Sciarra<\/a> (Okt\u2013Dez 2020)<\/span><\/p>"},{"acf_fc_layout":"content_spacer","acfe_flexible_layout_title":"Leerraum-Container","bgcolor":"","bgcolor_custom":"","layout_col_size":12,"space_height":""},{"acf_fc_layout":"content_spacer","acfe_flexible_layout_title":"Leerraum-Container","bgcolor":"has-bg-grey","bgcolor_custom":"","layout_col_size":2,"space_height":""},{"acf_fc_layout":"content_txt","acfe_flexible_layout_title":"Text","bgcolor":"has-bg-grey","bgcolor_custom":"","layout_col_size":8,"txt_cols":"is-1-txtcol","txt":"<h4 style=\"text-align: center;\"><span class=\"has-font-maison-neue-extended\" style=\"font-family: 'Maison Neue Extended';\">Radar Sofia<\/span><\/h4>\r\n<p class=\"is-size-6\">Radar Sofia ist ein von Kunstschaffenden betriebenes Residenzprogramm und die erste K\u00fcnstlerresidenz f\u00fcr Dramatiker*innen und Theatermacher*innen in Bulgarien. Die Organisation konnte bisher G\u00e4ste aus drei Kontinenten willkommen hei\u00dfen. Sie hat bereits zahlreiche Performances, Lesungen, Workshops, Vortr\u00e4ge, Ausstellungen und Diskussionen ausgerichtet, neue Texte bei ihren Autor*innen in Auftrag gegeben sowie Austauschprogramme initiiert. Sie ist auf Dramatiker*innen, Dramaturg*innen und K\u00fcnstler*innen ausgerichtet, die von Verfolgung und Exil bedroht sind und unterst\u00fctzt politische, sozial engagierte und experimentelle zeitgen\u00f6ssische Kunstpraktiken. Radar Sofia koordiniert Drama Pact, eine informelle Gewerkschaft von Dramatiker*innen und Dramaturg*innen in Sofia und im Ausland, sowie eine Initiative zur F\u00f6rderung zeitgen\u00f6ssischer Dramaturgie. Radar Sofia hat seinen Sitz mitten im Stadtzentrum von Sofia.\r\n<a href=\"http:\/\/radarsofia.org\/\">radarsofia.org<\/a><\/p>\r\n&nbsp;\r\n<h4 style=\"text-align: center;\"><span class=\"has-font-maison-neue-extended\" style=\"font-family: 'Maison Neue Extended';\">Swimming Pool<\/span><\/h4>\r\n<p class=\"is-size-6\">Swimming Pool ist ein gemeinn\u00fctziger Kunstverein und Projektraum in Sofia, der 2015 von der Kuratorin und Schriftstellerin Viktoria Draganova gegr\u00fcndet wurde. Der Fokus von Swimming Pool liegt auf k\u00fcnstlerischer und kuratorischer Forschung, kollaborativen Ans\u00e4tzen, Kunstvermittlung und Kulturpolitik. Seine zentral gelegenen R\u00e4umlichkeiten befinden sich auf einer Dachterrasse mit stillgelegtem Pool aus den 1930er Jahren. Der Kunstverein organisiert Ausstellungen, Performances, Filmscreenings, Veranstaltungen und Diskussionen, um bulgarische Kunst vor Ort und im Ausland zu unterst\u00fctzen und gleichzeitig die lokale Szene f\u00fcr internationale K\u00fcnstler*innen, Kurator*innen und Autor*innen zu \u00f6ffnen. Seit 2018 betreibt Swimming Pool zudem ein experimentelles Bildungsprogramm sowie die Curatorial School, in deren Rahmen die Ziele und Zukunftsperspektiven kleiner Organisationen im Kunstbereich diskutiert werden.\r\n<a href=\"http:\/\/swimmingpoolprojects.org\/\">swimmingpoolprojects.org<\/a><\/p>\r\n&nbsp;\r\n<h4 style=\"text-align: center;\"><span class=\"has-font-maison-neue-extended\" style=\"font-family: 'Maison Neue Extended';\">\u00c6ther Art Space<\/span><\/h4>\r\n<p class=\"is-size-6\">\u00c6ther Art Space ist eine selbstorganisierte, von K\u00fcnstler*innen betriebene Plattform f\u00fcr Ausstellungen, Diskussionen, Versammlungen, Experimente, Workshops und Ver\u00f6ffentlichungen im Herzen von Sofia. \u00c6ther kooperiert auf internationaler Ebene mit Organisationen in den Bereichen LGBT+, Antifaschismus und Menschenrechte, um dominanten gesellschaftlichen Str\u00f6mungen entgegenzutreten. Der Schwerpunkt des Projekts liegt auf interkulturellen, sozialen, rechtlichen und k\u00fcnstlerischen Initiativen und Praktiken, welche sich aktiv f\u00fcr gesellschaftlichen Wandel und Verbesserungen im Zusammenleben von Menschen einsetzen. \u00c6ther initiiert und pr\u00e4sentiert visuelle und diskursive Programme, die soziales Bewusstsein f\u00f6rdern.<\/p>\r\n<p class=\"is-size-6\">Indem es bulgarische und internationale K\u00fcnstler*innen, Aktivist*innen und Initiativen zusammenbringt, m\u00f6chte das Projekt eine gemeinsame Sprache schaffen, die Kunst mit politischer Vorstellungskraft verbindet. Im \u00c6ther Art Space stehen unterrepr\u00e4sentierte Stimmen und gemeinschaftliches Denken im Vordergrund \u2013 so werden Dialoge erm\u00f6glicht, in denen nichtpatriarchale, inklusive und intersektionale Stimmen Geh\u00f6r finden. Im Kontext der politischen Landschaft Europas zielt das k\u00fcnstlerische und theoretische Programm von \u00c6ther darauf ab, neue Perspektiven zu er\u00f6ffnen. Das Projekt beleuchtet Ursprung und Auswirkungen des tief in unser Leben integrierten kapitalistischen Modells und m\u00f6chte Denkanst\u00f6\u00dfe zu neuen Erfahrungen, Lebensentw\u00fcrfen und radikalen Ideen liefern. Unter dem Namen \u00c6ther Haga betreibt \u00c6ther eine weitere Plattform in Den Haag in den Niederlanden.\r\n<a href=\"http:\/\/aether-artspace.com\/\">aether-artspace.com<\/a><\/p>\r\n<p class=\"is-size-6\"><\/p>"},{"acf_fc_layout":"content_spacer","acfe_flexible_layout_title":"Leerraum-Container","bgcolor":"has-bg-grey","bgcolor_custom":"","layout_col_size":2,"space_height":""}],"intro_preview_headline":"RAD.OST (\u00c6THER, RADAR SOFIA und SWIMMING POOL) in Bulgarien","intro_preview_txt":"","intro_preview_img":20968},"_links":{"self":[{"href":"https:\/\/www.akademie-solitude.de\/de\/wp-json\/wp\/v2\/pages\/20787","targetHints":{"allow":["GET"]}}],"collection":[{"href":"https:\/\/www.akademie-solitude.de\/de\/wp-json\/wp\/v2\/pages"}],"about":[{"href":"https:\/\/www.akademie-solitude.de\/de\/wp-json\/wp\/v2\/types\/page"}],"author":[{"embeddable":true,"href":"https:\/\/www.akademie-solitude.de\/de\/wp-json\/wp\/v2\/users\/8"}],"replies":[{"embeddable":true,"href":"https:\/\/www.akademie-solitude.de\/de\/wp-json\/wp\/v2\/comments?post=20787"}],"version-history":[{"count":1,"href":"https:\/\/www.akademie-solitude.de\/de\/wp-json\/wp\/v2\/pages\/20787\/revisions"}],"predecessor-version":[{"id":42742,"href":"https:\/\/www.akademie-solitude.de\/de\/wp-json\/wp\/v2\/pages\/20787\/revisions\/42742"}],"up":[{"embeddable":true,"href":"https:\/\/www.akademie-solitude.de\/de\/wp-json\/wp\/v2\/pages\/11007"}],"wp:attachment":[{"href":"https:\/\/www.akademie-solitude.de\/de\/wp-json\/wp\/v2\/media?parent=20787"}],"curies":[{"name":"wp","href":"https:\/\/api.w.org\/{rel}","templated":true}]}}