{"id":21352,"date":"2020-09-02T14:23:12","date_gmt":"2020-09-02T12:23:12","guid":{"rendered":"https:\/\/www.akademie-solitude.de\/?page_id=21352"},"modified":"2021-01-21T22:45:39","modified_gmt":"2021-01-21T21:45:39","slug":"tanzpakt-stuttgart","status":"publish","type":"page","link":"https:\/\/www.akademie-solitude.de\/de\/stipendium\/sonderstipendien\/tanzpakt-stuttgart\/","title":{"rendered":"TANZPAKT Stuttgart"},"content":{"rendered":"","protected":false},"excerpt":{"rendered":"","protected":false},"author":8,"featured_media":0,"parent":3649,"menu_order":52,"comment_status":"closed","ping_status":"closed","template":"","meta":{"_acf_changed":false,"inline_featured_image":false,"footnotes":""},"class_list":["post-21352","page","type-page","status-publish","hentry"],"acf":{"bgcolor":"has-bg-yellow","bgcolor_custom":"","custom_color_css_variable":"","content_type":[{"acf_fc_layout":"content_txt","acfe_flexible_layout_title":"Text","bgcolor":"","bgcolor_custom":"","layout_col_size":8,"txt_cols":"is-1-txtcol","txt":"Im Rahmen von TANZPAKT Stuttgart, einer Initiative des Kulturamtes der Landeshauptstadt Stuttgart, vergibt das Produktionszentrum Tanz + Performance in Kooperation mit der Akademie Schloss Solitude zum zweiten Mal ein Residenz-Stipendium an zeitgen\u00f6ssische T\u00e4nzer*innen und Performer*innen, die nicht im Regierungsbezirk Stuttgart k\u00fcnstlerisch t\u00e4tig sind. Mit der Einladung von K\u00fcnstler*innen aus der ganzen Welt soll die Vernetzung und Zusammenarbeit in der freischaffenden Tanzszene Stuttgarts verbessert und die Arbeit an der choreographischen Praxis erm\u00f6glicht werden. Des Weiteren soll Raum f\u00fcr Recherche, Forschung und k\u00fcnstlerische Produktion geschaffen werden.\r\nDie Bereitschaft zu Pr\u00e4sentationen der eigenen Arbeit und zum Austausch mit der Freien Tanzszene Stuttgart wird vorausgesetzt.\r\n\r\nSeit 2019 werden zwei Stipendien pro Jahr vergeben. Die Aufenthalte finden im Turnus Januar\u2013Juli und Juli\u2013Dezember statt.\r\n<h3 style=\"text-align: center;\"><span class=\"has-font-maison-neue-extended\" style=\"font-family: 'Maison Neue Extended';\"><strong>Umfang des Stipendiums<\/strong><\/span><\/h3>\r\n<span class=\"has-font-reckless-light\" style=\"font-family: 'Reckless Regular';\"><strong>Der*die Residenzk\u00fcnstler*in erh\u00e4lt:<\/strong><\/span>\r\n<ul>\r\n \t<li><span class=\"has-font-reckless-light\" style=\"font-family: 'Reckless Regular';\">die M\u00f6glichkeit der Nutzung eines Probensaals<\/span><\/li>\r\n \t<li><span class=\"has-font-reckless-light\" style=\"font-family: 'Reckless Regular';\">die M\u00f6glichkeit, das w\u00f6chentliche Profitraining im Produktionszentrum zu leiten bzw. an diesem und Workshops teilzunehmen.<\/span><\/li>\r\n \t<li><span class=\"has-font-reckless-light\" style=\"font-family: 'Reckless Regular';\">ein kostenfreies, m\u00f6bliertes Wohn-\/Arbeitsstudio inklusive Strom, Wasser und Heizung an der Akademie Schloss Solitude<\/span><\/li>\r\n \t<li><span class=\"has-font-reckless-light\" style=\"font-family: 'Reckless Regular';\">ein monatliches Stipendium von 1.200 Euro<\/span><\/li>\r\n \t<li><span class=\"has-font-reckless-light\" style=\"font-family: 'Reckless Regular';\">einen Reisekostenzuschuss von bis zu 700 Euro<\/span><\/li>\r\n \t<li><span class=\"has-font-reckless-light\" style=\"font-family: 'Reckless Regular';\">Produktionsmittel von 3.500 Euro<\/span><\/li>\r\n<\/ul>\r\n<span class=\"has-font-reckless-light\" style=\"font-family: 'Reckless Regular';\">Am Ende jedes Residenzaufenthaltes werden die Ergebnisse in einem selbst gew\u00e4hlten Format pr\u00e4sentiert. Die Teilnahme an eventuell stattfindenden Festivals wird angeboten (z. B. \u00bbSEEDS Dance Laboratory\u00ab im September 2021).<\/span>\r\n\r\n&nbsp;\r\n<h3 style=\"text-align: center;\"><span class=\"has-font-maison-neue-extended\" style=\"font-family: 'Maison Neue Extended';\">Auswahlverfahren<\/span><\/h3>\r\n<span class=\"has-font-reckless-light\" style=\"font-family: 'Reckless Regular';\">Interessierte k\u00f6nnen sich w\u00e4hrend des Ausschreibungszeitraums mit Motivationsschreiben, CV mit k\u00fcnstlerischen Eckdaten, Portfolio mit Arbeitsproben und\/oder Videolinks und m\u00f6glichem Projektvorhaben bewerben.<\/span>\r\n\r\n<span class=\"has-font-reckless-light\" style=\"font-family: 'Reckless Regular';\">Die Auswahl der K\u00fcnstler*innen treffen das Produktionszentrum Tanz + Performance und die Akademie Schloss Solitude mit zwei weiteren unabh\u00e4ngigen Jurymitgliedern. Die Auswahl wird nicht begr\u00fcndet. Der Rechtsweg ist ausgeschlossen.<\/span>\r\n\r\n&nbsp;\r\n<h3 style=\"text-align: center;\"><span class=\"has-font-maison-neue-extended\" style=\"font-family: 'Maison Neue Extended';\"><strong>Zus\u00e4tzliche Informationen<\/strong><\/span><\/h3>\r\n<span class=\"has-font-reckless-light\" style=\"font-family: 'Reckless Regular';\">Das Stipendium des Produktionszentrums Tanz + Performance und der Akademie Schloss Solitude ist ein Anwesenheitsstipendium: Es wird vorausgesetzt, dass der\/die Stipendiat*in mindestens zwei Drittel der Stipendienzeit an der Akademie verbringt. Der\/die Stipendiat*in hat w\u00e4hrend des Aufenthaltes den festen Wohnsitz in Stuttgart zu nehmen (Meldepflicht).<\/span>\r\n\r\n<span class=\"has-font-reckless-light\" style=\"font-family: 'Reckless Regular';\">An einer Hochschule eingeschriebene Studierende k\u00f6nnen nicht in die Auswahl mit einbezogen werden. Die Akademie verf\u00fcgt \u00fcber 43 Wohn-\/Arbeitsstudios und drei G\u00e4stestudios. Bedingt durch die historischen Vorgaben der Geb\u00e4ude, sind die Studios in Gr\u00f6\u00dfe und Ausstattung in der Regel f\u00fcr eine Person ausgerichtet. Die Akademie versucht, die Unterbringung von Familien\/ Lebenspartner*innen zu erm\u00f6glichen. Bei Familien\/Lebenspartner*innen aus dem Ausland ist dies leider nicht immer m\u00f6glich, da die Einreise- und Aufenthaltsbestimmungen zu ber\u00fccksichtigen sind.<\/span>\r\n\r\n<span class=\"has-font-reckless-light\" style=\"font-family: 'Reckless Regular';\">Eine Kooperation von Akademie Schloss Solitude und Produktionszentrum Tanz + Performance im Rahmen von TANZPAKT Stuttgart. Das B\u00fcndnis von Kulturamt der Landeshauptstadt Stuttgart, Akademie Schloss Solitude, Freie Tanz- und Theaterszene Stuttgart, Musik der Jahrhunderte, Produktionszentrum Tanz und Performance und Theater Rampe etabliert nachhaltig angelegte Strukturen f\u00fcr den kontinuierlichen internationalen Austausch zu k\u00fcnstlerischer Produktion auf h\u00f6chstem Niveau und erweitert qualitativ das Netzwerk der Tanzakteure Stuttgarts.<\/span>\r\n\r\n<span class=\"has-font-reckless-light\" style=\"font-family: 'Reckless Regular';\">Gef\u00f6rdert von TANZPAKT Stadt-Land-Bund aus Mitteln der Beauftragten der Bundesregierung f\u00fcr Kultur und Medien sowie der Landeshauptstadt Stuttgart.<\/span>\r\n\r\nAusgew\u00e4hlte Stipendiat*innen\r\n<span class=\"has-font-maison-neue\" style=\"font-family: 'Maison Neue';\">2020\u00a0<a href=\"https:\/\/www.akademie-solitude.de\/person\/zrinka-uzbinec\/\">Zrinka U\u017ebinec<\/a> (Zagreb\/Kroatien)<\/span>\r\n<span class=\"has-font-maison-neue\" style=\"font-family: 'Maison Neue';\">2020 <a href=\"https:\/\/www.akademie-solitude.de\/person\/igor-koruga\/\">Igor Koruga<\/a> (Belgrad\/Serbien)<\/span>\r\n<span class=\"has-font-maison-neue\" style=\"font-family: 'Maison Neue';\">2021 <a href=\"https:\/\/www.akademie-solitude.de\/de\/person\/rosa-omarsdottir\/\">R\u00f3sa \u00d3marsd\u00f3ttir<\/a> (Island\/Belgien)<\/span>\r\n<span class=\"has-font-maison-neue\" style=\"font-family: 'Maison Neue';\">2021 <a href=\"https:\/\/www.akademie-solitude.de\/de\/person\/carlos-monroy\/\">Carlos Monroy<\/a> (Kolumbien\/Brasilien)<\/span>"}],"intro_preview_headline":"","intro_preview_txt":"","intro_preview_img":"","page_program_data":679},"_links":{"self":[{"href":"https:\/\/www.akademie-solitude.de\/de\/wp-json\/wp\/v2\/pages\/21352","targetHints":{"allow":["GET"]}}],"collection":[{"href":"https:\/\/www.akademie-solitude.de\/de\/wp-json\/wp\/v2\/pages"}],"about":[{"href":"https:\/\/www.akademie-solitude.de\/de\/wp-json\/wp\/v2\/types\/page"}],"author":[{"embeddable":true,"href":"https:\/\/www.akademie-solitude.de\/de\/wp-json\/wp\/v2\/users\/8"}],"replies":[{"embeddable":true,"href":"https:\/\/www.akademie-solitude.de\/de\/wp-json\/wp\/v2\/comments?post=21352"}],"version-history":[{"count":0,"href":"https:\/\/www.akademie-solitude.de\/de\/wp-json\/wp\/v2\/pages\/21352\/revisions"}],"up":[{"embeddable":true,"href":"https:\/\/www.akademie-solitude.de\/de\/wp-json\/wp\/v2\/pages\/3649"}],"acf:term":[{"embeddable":true,"taxonomy":"program","href":"https:\/\/www.akademie-solitude.de\/de\/wp-json\/wp\/v2\/program\/679"}],"wp:attachment":[{"href":"https:\/\/www.akademie-solitude.de\/de\/wp-json\/wp\/v2\/media?parent=21352"}],"curies":[{"name":"wp","href":"https:\/\/api.w.org\/{rel}","templated":true}]}}