{"id":24428,"date":"2020-11-04T16:36:51","date_gmt":"2020-11-04T15:36:51","guid":{"rendered":"https:\/\/www.akademie-solitude.de\/?page_id=24428"},"modified":"2026-02-06T10:44:15","modified_gmt":"2026-02-06T09:44:15","slug":"art-quarter-budapest-in-ungarn","status":"publish","type":"page","link":"https:\/\/www.akademie-solitude.de\/de\/stipendium\/sonderstipendien\/solitude-exchange-network\/art-quarter-budapest-in-ungarn\/","title":{"rendered":"art quarter budapest in Ungarn"},"content":{"rendered":"","protected":false},"excerpt":{"rendered":"","protected":false},"author":8,"featured_media":0,"parent":11007,"menu_order":70,"comment_status":"closed","ping_status":"closed","template":"","meta":{"_acf_changed":false,"inline_featured_image":false,"footnotes":""},"class_list":["post-24428","page","type-page","status-publish","hentry"],"acf":{"bgcolor":"","bgcolor_custom":"","custom_color_css_variable":"","content_type":[{"acf_fc_layout":"content_txt","_acfe_flexible_layout_title":null,"acfe_flexible_layout_title":"Text","bgcolor":"","bgcolor_custom":"","layout_col_size":8,"txt_cols":"is-1-txtcol","txt":"<a href=\"https:\/\/aqb.hu\/\">art quarter budapest - (aqb)<\/a> ist ein unabh\u00e4ngiges Kunstzentrum in Budapest\/ Ungarn. Auf dem Gel\u00e4nde einer \u00a0stilvoll renovierten ehemaligen Brauerei angesiedelt, dient es seit seiner Gr\u00fcndung im Jahr 2012 als Atelierhaus und Ausstellungsort. Zahlreiche ungarische bildende K\u00fcnstler*innen sowie kreative Unternehmen haben in diesem Geb\u00e4udekomplex eine dauerhafte Bleibe gefunden.\r\n\r\naqb bietet ein internationales Residenzprogramm f\u00fcr Kunst- und Kulturschaffendeund organisiert Ausstellungen in seiner gemeinn\u00fctzigen Galerie Project Space. Im Laufe der Jahre hat sich aqb zu einem kulturellen Schmelztiegel entwickelt, der eine vielf\u00e4ltige internationale Kreativgemeinschaft aus den Bereichen Musik, angewandte Kunst, Tanz und bildende Kunst zusammenbringt.\r\n\r\nDas Zentrum veranstaltet regelm\u00e4\u00dfig Events und Workshops in den Sparten Musik, Film, Performance und Tanz, darunter das j\u00e4hrliche aqb Open House Festival. Den Resident*innen stehen private Zimmer in voll ausgestatteten Gemeinschaftswohnungen innerhalb des Komplexes zur Verf\u00fcgung. Zudem haben sie rund um die Uhr Zugang zu fast 400 m\u00b2 gemeinschaftlich genutzter Atelierfl\u00e4che. F\u00fcr Projekte mit besonderen Anforderungen k\u00f6nnen auch private Ateliers eingerichtet werden.\r\n\r\nAm Ende eines jeden Aufenthalts wird zusammen mit allen K\u00fcnstler*innen eine Gemeinschaftsveranstaltung organisiert \u2013 etwa eine Pop-up-Ausstellung, eine Performance oder ein Artist Talk. W\u00e4hrend des gesamten Aufenthalts bietet das aqb-Team kontinuierliche Unterst\u00fctzung, unter anderem bei praktischen Fragen rund um das Leben in Budapest, bei der Beschaffung von Materialien, dem Zugang zu technischer Ausstattung und vielem mehr.\r\n\r\naqb legt gro\u00dfen Wert auf seine Rolle als dynamischer Begegnungsort und f\u00f6rdert den nachhaltigen Austausch zwischen lokalen, hausinternen und internationalen K\u00fcnstler*innen.\r\n\r\n&nbsp;"},{"acf_fc_layout":"content_spacer","_acfe_flexible_layout_title":null,"acfe_flexible_layout_title":"Leerraum-Container","bgcolor":"","bgcolor_custom":"","layout_col_size":12,"space_height":""},{"acf_fc_layout":"content_spacer","_acfe_flexible_layout_title":null,"acfe_flexible_layout_title":"Leerraum-Container","bgcolor":"has-bg-grey","bgcolor_custom":"","layout_col_size":2,"space_height":""},{"acf_fc_layout":"content_txt","_acfe_flexible_layout_title":null,"acfe_flexible_layout_title":"Text","bgcolor":"has-bg-grey","bgcolor_custom":"","layout_col_size":8,"txt_cols":"is-1-txtcol","txt":"<h4 style=\"text-align: center;\"><span class=\"has-font-maison-neue-extended\" style=\"font-family: 'Maison Neue Extended';\">K\u00fcnstler*innen aus Ungarn auf Solitude<\/span><\/h4>\r\n<span class=\"has-font-reckless-light\" style=\"font-family: 'Reckless Regular';\"><span class=\"has-font-reckless-light\" style=\"font-family: 'Reckless Regular';\"><a href=\"https:\/\/www.akademie-solitude.de\/de\/person\/dorottya-magyar\/\">Dorottya Magyar<\/a> (Nov\u2013Dez 2019), <a href=\"https:\/\/www.akademie-solitude.de\/de\/person\/krisztian-kukla\/\">Kriszti\u00e1n Kukla<\/a> (Dez 2019\u2013Jan 2020), <a href=\"https:\/\/www.akademie-solitude.de\/de\/person\/barnabas-neogrady-kiss\/\">Barnab\u00e1s Neogr\u00e1dy-Kiss<\/a> (Okt\u2013Dez 2020), <\/span>\r\n<span class=\"has-font-reckless-light\" style=\"font-family: 'Reckless Regular';\"><a href=\"https:\/\/www.akademie-solitude.de\/de\/person\/alagya-szilvia-bolla-aron-loedi\/\">Alagya: Szilvia Bolla &amp; Aron L\u00f6di<\/a> (Sept\u2013Nov 2023), <a href=\"https:\/\/www.akademie-solitude.de\/de\/person\/tamara-zsofia-vadas\/\">Tamara Zs\u00f3fia Vadas<\/a> (Okt\u2013Dez 24), <a href=\"https:\/\/www.akademie-solitude.de\/de\/person\/daniel-szalai\/\">Daniel Szalai<\/a> (Sept\u2013Nov 24)<\/span><\/span>\r\n\r\n&nbsp;\r\n<h4 style=\"text-align: center;\"><span class=\"has-font-maison-neue-extended\" style=\"font-family: 'Maison Neue Extended';\">Solitude-Stipendiat*innen beim aqb budapest<\/span><\/h4>\r\n<span class=\"has-font-reckless-light\" style=\"font-family: 'Reckless Regular';\"><a href=\"https:\/\/www.akademie-solitude.de\/de\/person\/neil-luck\/\">Neil Luck (2025)<\/a>, <a href=\"https:\/\/www.akademie-solitude.de\/de\/person\/brooke-leifso\/\">Brooke Leifso<\/a> (2024), <a href=\"https:\/\/www.akademie-solitude.de\/de\/person\/sarvenaz-mostofey\/\">Sarvenaz Mostofey<\/a> (2023)<\/span>\r\n\r\n<span class=\"has-font-reckless-light\" style=\"font-family: 'Reckless Regular';\">\u00a0<\/span>"},{"acf_fc_layout":"content_spacer","_acfe_flexible_layout_title":null,"acfe_flexible_layout_title":"Leerraum-Container","bgcolor":"has-bg-grey","bgcolor_custom":"","layout_col_size":2,"space_height":""}],"intro_preview_headline":"","intro_preview_txt":"","intro_preview_img":""},"_links":{"self":[{"href":"https:\/\/www.akademie-solitude.de\/de\/wp-json\/wp\/v2\/pages\/24428","targetHints":{"allow":["GET"]}}],"collection":[{"href":"https:\/\/www.akademie-solitude.de\/de\/wp-json\/wp\/v2\/pages"}],"about":[{"href":"https:\/\/www.akademie-solitude.de\/de\/wp-json\/wp\/v2\/types\/page"}],"author":[{"embeddable":true,"href":"https:\/\/www.akademie-solitude.de\/de\/wp-json\/wp\/v2\/users\/8"}],"replies":[{"embeddable":true,"href":"https:\/\/www.akademie-solitude.de\/de\/wp-json\/wp\/v2\/comments?post=24428"}],"version-history":[{"count":3,"href":"https:\/\/www.akademie-solitude.de\/de\/wp-json\/wp\/v2\/pages\/24428\/revisions"}],"predecessor-version":[{"id":44522,"href":"https:\/\/www.akademie-solitude.de\/de\/wp-json\/wp\/v2\/pages\/24428\/revisions\/44522"}],"up":[{"embeddable":true,"href":"https:\/\/www.akademie-solitude.de\/de\/wp-json\/wp\/v2\/pages\/11007"}],"wp:attachment":[{"href":"https:\/\/www.akademie-solitude.de\/de\/wp-json\/wp\/v2\/media?parent=24428"}],"curies":[{"name":"wp","href":"https:\/\/api.w.org\/{rel}","templated":true}]}}