{"id":25881,"date":"2020-12-01T11:30:26","date_gmt":"2020-12-01T10:30:26","guid":{"rendered":"https:\/\/www.akademie-solitude.de\/?page_id=25881"},"modified":"2026-03-05T12:24:58","modified_gmt":"2026-03-05T11:24:58","slug":"praktikum-im-bereich-presse-und-oeffentlichkeitsarbeit","status":"publish","type":"page","link":"https:\/\/www.akademie-solitude.de\/de\/praktikum-im-bereich-presse-und-oeffentlichkeitsarbeit\/","title":{"rendered":"Praktikum im Bereich Presse- und \u00d6ffentlichkeitsarbeit"},"content":{"rendered":"","protected":false},"excerpt":{"rendered":"","protected":false},"author":2,"featured_media":0,"parent":0,"menu_order":39,"comment_status":"closed","ping_status":"closed","template":"","meta":{"_acf_changed":false,"inline_featured_image":false,"footnotes":""},"class_list":["post-25881","page","type-page","status-publish","hentry"],"acf":{"bgcolor":"","bgcolor_custom":"","custom_color_css_variable":"","content_type":[{"acf_fc_layout":"content_txt","_acfe_flexible_layout_title":null,"acfe_flexible_layout_title":"Text","bgcolor":"","bgcolor_custom":"","layout_col_size":8,"txt_cols":"is-1-txtcol","txt":"<span class=\"has-font-maison-neue\" style=\"font-family: Maison Neue;\">Praktikumsszeitraum: 1. Juli <\/span><span class=\"has-font-maison-neue\" style=\"font-family: Maison Neue;\">\u00a0bis 31. Dezember 2026<\/span>\r\n<span class=\"has-font-maison-neue\" style=\"font-family: Maison Neue;\">Stellenumfang: 39,5\u00a0h \/ Woche<\/span>\r\n<span class=\"has-font-maison-neue\" style=\"font-family: Maison Neue;\">Verg\u00fctung: siehe Infokasten<\/span>\r\n<span class=\"has-font-maison-neue\" style=\"font-family: Maison Neue;\">Bewerbungsende: 31. M\u00e4rz 2026<\/span>\r\n<span class=\"has-font-maison-neue\" style=\"font-family: Maison Neue;\">(Bewerbung, inklusive Lebenslauf und Motivationsschreiben als PDF)<\/span>\r\n<span class=\"has-font-maison-neue\" style=\"font-family: Maison Neue;\">Bewerbung senden an: Catherine Galliou (Verwaltungsdirektorin), <a href=\"mailto:bewerbung@akademie-solitude.de\">bewerbung@akademie-solitude.de<\/a><\/span>\r\n<span class=\"has-font-maison-neue\" style=\"font-family: Maison Neue;\">Ansprechpartnerin: Angela Butterstein (Referentin Presse- und \u00d6ffentlichkeitsarbeit), <a href=\"mailto:a.butterstein@akademie-solitude.de\">a.butterstein@akademie-solitude.de<\/a>, Tel. 0711-99619-471<\/span>"},{"acf_fc_layout":"content_txt","_acfe_flexible_layout_title":null,"acfe_flexible_layout_title":"Text","bgcolor":"has-bg-grey","bgcolor_custom":"","layout_col_size":12,"txt_cols":"is-1-txtcol","txt":"<h6>Allgemeines zum Praktikum<\/h6>\r\nZur Verst\u00e4rkung ihres Teams von 16 Mitarbeiter*innen bietet die Akademie Schloss Solitude Praktikantenstellen an, vorrangig an junge Bachelor- und Master-Studierende bzw. Absolvent*innen aus der Region Stuttgart. Ziel solcher Praktika ist das Erlernen von Mechanismen und Arbeitstechniken, die im Bereich von Kulturorganisationen und -institutionen n\u00f6tig sind, vor allem in einer internationalen Ku\u0308nstler*innenresidenz.\r\n\r\nEin Praktikum an der Akademie Schloss Solitude ist eine Vollzeitbesch\u00e4ftigung mit einer Wochenarbeitszeit von 39,5 Stunden. Bei einem ausgeschriebenen Pflichtpraktikum im Rahmen eines Studiums bel\u00e4uft sich die Aufwandsentsch\u00e4digung auf 500 Euro\/Monat. Sofern es sich nicht um ein Pflichtpraktikum handelt, gelten die Konditionen des MiLoG (ca. 2.000 Euro brutto).\r\n\r\nDie Bewerbungen von BIPoC, queeren Personen und FLINTA (Frauen, Lesben, Inter*, Non-Binary*, trans*, Agender*Personen) sowie Personen mit Migrationshintergrund sind ausdr\u00fccklich erw\u00fcnscht. Anerkannt Schwerbehinderte werden bei gleicher Eignung bevorzugt ber\u00fccksichtigt."},{"acf_fc_layout":"content_txt","_acfe_flexible_layout_title":null,"acfe_flexible_layout_title":"Text","bgcolor":"","bgcolor_custom":"","layout_col_size":8,"txt_cols":"is-1-txtcol","txt":"Im Bereich Presse- und \u00d6ffentlichkeitsarbeit vergeben wir im Turnus von sechs Monaten ein Vollzeitpraktikum. Voraussetzungen fu\u0308r eine Bewerbung sind ein gro\u00dfes Interesse fu\u0308r kulturelle Themen, insbesondere fu\u0308r die aktuellen Ausdrucksformen in allen Kunstbereichen, ein ausgepr\u00e4gtes Organisationstalent, Freude am Recherchieren, Offenheit und Kommunikationsf\u00e4higkeit in einem internationalen Kontext, hervorragende Deutschkenntnisse auf dem Niveau C1\/C2 bzw. dem Niveau einer Erstsprache sowie sehr gute Englischkenntnisse. Grundkenntnisse im Umgang mit Photoshop und InDesign (Creative Suite von Adobe) sind von Vorteil.\r\n\r\nDer T\u00e4tigkeitsbereich umfasst unter anderem:\r\n<ul>\r\n \t<li>Unterstu\u0308tzung beim Verfassen, Redigieren und \u00dcbersetzen von Pressemitteilungen, Biografien, Veranstaltungsinformationen und von (Ku\u0308nstler*innen-)Texten<\/li>\r\n \t<li>Unterstu\u0308tzung bei der \u00d6ffentlichkeitsarbeit zu verschiedenen Veranstaltungsformaten, wie beispielsweise Ausstellungen, Lesungen, Konzerte, Performances und Symposien<\/li>\r\n \t<li>Erstellen von Social Media-Beitr\u00e4gen in englischer Sprache und Betreuung des Redaktionskalenders<\/li>\r\n \t<li>Unterst\u00fctzung bei der Betreuung der Stipendiat*innen<\/li>\r\n \t<li>Recherchearbeiten und administrative T\u00e4tigkeiten<\/li>\r\n<\/ul>\r\nDie Praktikant*innen sind w\u00e4hrend der Zeit Teil des Teams, \u00fcbernehmen selbstst\u00e4ndige Aufgaben, sie arbeiten aber auch Kolleg*innen der Akademie zu. Sie verf\u00fcgen \u00fcber einen vollst\u00e4ndig eingerichteten eigenen Arbeitsplatz.\r\n\r\nBei Interesse senden Sie bitte Lebenslauf und Motivationsschreiben (als PDF) per E-Mail bis zum <span style=\"text-decoration: underline;\">31. M\u00e4rz 2026<\/span>\u00a0an Catherine Galliou (Verwaltungsdirektorin): <a href=\"mailto:bewerbung@akademie-solitude.de\">bewerbung@akademie-solitude.de<\/a>.\r\nF\u00fcr R\u00fcckfragen zum Praktikum wenden Sie sich bitte an Angela Butterstein (Referentin Presse- und \u00d6ffentlichkeitsarbeit): <a href=\"mailto:a.butterstein@akademie-solitude.de\">a.butterstein@akademie-solitude.de<\/a>, Tel. 0711-99619-471."},{"acf_fc_layout":"content_cta","_acfe_flexible_layout_title":null,"acfe_flexible_layout_title":"Link \/ Call-to-Action","bgcolor":"has-bg-red","bgcolor_custom":"","layout_col_size":8,"cta_link":{"type":"url","value":"mailto:c.galliou@akademie-solitude.de","title":"Jetzt bewerben","target":false},"cta_txt":"Hier bewerben","cta_button_txt":"E-Mail schreiben"},{"acf_fc_layout":"content_download","_acfe_flexible_layout_title":null,"acfe_flexible_layout_title":"Download","bgcolor":"has-bg-blue","bgcolor_custom":"","layout_col_size":8,"download_txt":"Download PDF","download_file":44849}],"intro_preview_headline":"Praktikum im Bereich Presse- und \u00d6ffentlichkeitsarbeit","intro_preview_txt":"","intro_preview_img":""},"_links":{"self":[{"href":"https:\/\/www.akademie-solitude.de\/de\/wp-json\/wp\/v2\/pages\/25881","targetHints":{"allow":["GET"]}}],"collection":[{"href":"https:\/\/www.akademie-solitude.de\/de\/wp-json\/wp\/v2\/pages"}],"about":[{"href":"https:\/\/www.akademie-solitude.de\/de\/wp-json\/wp\/v2\/types\/page"}],"author":[{"embeddable":true,"href":"https:\/\/www.akademie-solitude.de\/de\/wp-json\/wp\/v2\/users\/2"}],"replies":[{"embeddable":true,"href":"https:\/\/www.akademie-solitude.de\/de\/wp-json\/wp\/v2\/comments?post=25881"}],"version-history":[{"count":3,"href":"https:\/\/www.akademie-solitude.de\/de\/wp-json\/wp\/v2\/pages\/25881\/revisions"}],"predecessor-version":[{"id":44851,"href":"https:\/\/www.akademie-solitude.de\/de\/wp-json\/wp\/v2\/pages\/25881\/revisions\/44851"}],"wp:attachment":[{"href":"https:\/\/www.akademie-solitude.de\/de\/wp-json\/wp\/v2\/media?parent=25881"}],"curies":[{"name":"wp","href":"https:\/\/api.w.org\/{rel}","templated":true}]}}