{"id":28404,"date":"2021-03-23T16:12:01","date_gmt":"2021-03-23T15:12:01","guid":{"rendered":"https:\/\/www.akademie-solitude.de\/?page_id=28404"},"modified":"2026-02-13T11:29:05","modified_gmt":"2026-02-13T10:29:05","slug":"arc-bucharest-in-rumaenien","status":"publish","type":"page","link":"https:\/\/www.akademie-solitude.de\/de\/stipendium\/sonderstipendien\/solitude-exchange-network\/arc-bucharest-in-rumaenien\/","title":{"rendered":"ARC Bucharest in Rum\u00e4nien"},"content":{"rendered":"","protected":false},"excerpt":{"rendered":"","protected":false},"author":14,"featured_media":0,"parent":11007,"menu_order":74,"comment_status":"closed","ping_status":"closed","template":"","meta":{"_acf_changed":false,"inline_featured_image":false,"footnotes":""},"class_list":["post-28404","page","type-page","status-publish","hentry"],"acf":{"bgcolor":"","bgcolor_custom":"","custom_color_css_variable":"","content_type":[{"acf_fc_layout":"content_txt","_acfe_flexible_layout_title":null,"acfe_flexible_layout_title":"Text","bgcolor":"","bgcolor_custom":"","layout_col_size":8,"txt_cols":"is-1-txtcol","txt":"<span style=\"font-family: 'Arial',sans-serif;\">\r\n<a href=\"http:\/\/arcbucharest.ro\/about\/\">Arc Bucharest<\/a> ist ein Programm, das 2017 von der Solitude Project cultural association initiiert wurde. Es hat zum Ziel, durch ein Residenzprogramm sowie ein kuratorisches Besuchsprogramm den internationalen Austausch zwischen der rum\u00e4nischen Kunstszene und der internationalen Kunstwelt zu f\u00f6rdern.<\/span>\r\n\r\n<span style=\"font-family: 'Arial',sans-serif;\">Das Residenzprogramm basiert auf Austausch und Zusammenarbeit mit internationalen Kunstinstitutionen und richtet sich an K\u00fcnstler*innen und Praktiker*innen aus unterschiedlichen kreativen Bereichen, darunter Bildende Kunst, Architektur, Design, Film, Sound, zeitgen\u00f6ssischer Tanz, Bildung und Literatur. Das Programm unterst\u00fctzt besonders forschungs- und prozessorientierte Arbeitsweisen, eignet sich aber ebenso f\u00fcr K\u00fcnstler*innen mit einer etablierten Atelierpraxis.<\/span>\r\n\r\n<span style=\"font-family: 'Arial',sans-serif;\">Im Zentrum des Residenzprogramms steht ein k\u00fcnstler*innenzentrierter Ansatz, der die Ideen, Ziele und Arbeitsmethoden der jeweiligen Residents unterst\u00fctzt. Gleichzeitig basiert das Programm auf der festen \u00dcberzeugung, dass Residenzen wichtige Instrumente sind, um Zeit und Unabh\u00e4ngigkeit f\u00fcr k\u00fcnstlerische Prozesse zu sch\u00fctzen.<\/span>\r\n\r\n<span style=\"font-family: 'Arial',sans-serif;\">Obwohl die Residenz von einer Programmleitung ohne festes k\u00fcnstlerisches Team betrieben wird, bietet sie sowohl inhaltliche Recherche- als auch materielle Unterst\u00fctzung und erm\u00f6glicht den Austausch mit lokalen Kurator*innen und Kunstschaffenden auf Grundlage gemeinsamer Interessen und Affinit\u00e4ten. Diese Kontakte k\u00f6nnen sich zu nachhaltigen und fruchtbaren Dialogen weiterentwickeln. Eigenst\u00e4ndigkeit und ein proaktiver Ansatz werden sehr gesch\u00e4tzt, um die Residenz und den Kontext Bukarests bestm\u00f6glich zu nutzen.<\/span>\r\n\r\n<span style=\"font-family: 'Arial',sans-serif;\">Derzeit beherbergt Arc Bucharest jeweils eine*n Resident gleichzeitig und stellt eine zentral gelegene Ein-Zimmer-Wohnung sowie einen separaten Arbeitsraum in den Malmaison Studios zur Verf\u00fcgung \u2013 einem lebendigen Kunstzentrum, das etwa 30 Minuten von der Unterkunft entfernt liegt.<\/span>\r\n\r\n<span style=\"font-family: 'Arial',sans-serif;\">Auch wenn Arc Bucharest keinen eigenen Ausstellungsraum betreibt, ist eine \u00f6ffentliche Auseinandersetzung mit der Arbeit der Residents in unterschiedlichen Formaten m\u00f6glich, etwa durch Open Studios, Artist Talks, Workshops oder andere informelle Formate, die jeweils individuell vereinbart werden.<\/span>\r\n\r\n<span style=\"font-family: 'Arial',sans-serif;\">Das kuratorische Besuchsprogramm richtet sich an internationale Kurator*innen mit unterschiedlichen Arbeitsweisen und beruflichen Hintergr\u00fcnden und bietet Resident*innen die M\u00f6glichkeit, den lokalen k\u00fcnstlerischen Kontext in Rum\u00e4nien kennenzulernen oder vertieft zu erforschen. \u00dcberschneidungen zwischen beiden Programmen kommen h\u00e4ufig vor und erm\u00f6glichen es internationalen Gastkurator*innen, internationale Artists in Residence in Bukarest zu treffen, sofern gemeinsame Interessen und zeitliche Verf\u00fcgbarkeiten bestehen.<\/span>\r\n\r\n&nbsp;"},{"acf_fc_layout":"content_spacer","_acfe_flexible_layout_title":null,"acfe_flexible_layout_title":"Leerraum-Container","bgcolor":"","bgcolor_custom":"","layout_col_size":12,"space_height":""},{"acf_fc_layout":"content_spacer","_acfe_flexible_layout_title":null,"acfe_flexible_layout_title":"Leerraum-Container","bgcolor":"has-bg-grey","bgcolor_custom":"","layout_col_size":2,"space_height":""},{"acf_fc_layout":"content_txt","_acfe_flexible_layout_title":null,"acfe_flexible_layout_title":"Text","bgcolor":"has-bg-grey","bgcolor_custom":"","layout_col_size":8,"txt_cols":"is-1-txtcol","txt":"<h4 style=\"text-align: center;\"><span class=\"has-font-maison-neue-extended\" style=\"font-family: 'Maison Neue Extended';\">K\u00fcnstler*innen aus Rum\u00e4nien an der Akademie Schloss Solitude<\/span><\/h4>\r\n<span class=\"has-font-reckless-light\" style=\"font-family: 'Reckless Regular';\">\r\n<a href=\"https:\/\/www.akademie-solitude.de\/de\/person\/radu-lesevschi\/\">Radu Lesevschi<\/a> (Juli\u2013Sep 2020), <a href=\"https:\/\/www.akademie-solitude.de\/de\/person\/maria-daria-oancea\/\">Maria Daria Oancea<\/a> (Okt\u2013Dez 2020), <a href=\"https:\/\/www.akademie-solitude.de\/de\/person\/george-marinescu\/\">George Marinescu<\/a> (Okt\u2013Dez 2020), <a href=\"https:\/\/www.akademie-solitude.de\/de\/person\/anca-benera-arnold-estefan\/\">Anca Benera &amp; Arnold Estef\u00e1n<\/a> (Okt\u2013Dez 2021), <a href=\"https:\/\/www.akademie-solitude.de\/en\/person\/flaviu-rogojan\/\">Flaviu Rogojan<\/a> (Sept\u2013Nov 2022), <a href=\"https:\/\/www.akademie-solitude.de\/de\/person\/madalina-zaharia\/\">Madalina Zaharia<\/a> (Sept\u2013Nov 2023), <a href=\"https:\/\/www.akademie-solitude.de\/en\/person\/virginia-lupu\/\">Virginia Lupu<\/a> (Sept\u2013Nov 2024), <a href=\"https:\/\/www.akademie-solitude.de\/de\/person\/sergiu-dita\/\">Sergiu Di\u021b\u0103<\/a> (Sept\u2013Nov 2025)<\/span>\r\n\r\n&nbsp;\r\n<h4 style=\"text-align: center;\"><span class=\"has-font-maison-neue-extended\" style=\"font-family: 'Maison Neue Extended';\">Solitude-Stipendiat*innen am ARC Bukarest in Rum\u00e4nien<\/span><\/h4>\r\n<span class=\"has-font-reckless-light\" style=\"font-family: 'Reckless Regular';\">\r\n<a href=\"https:\/\/www.akademie-solitude.de\/de\/person\/azar-mahmoudian-esfahani\/\">Azar Mahmoudian Esfahani<\/a> (2025), <a href=\"https:\/\/www.akademie-solitude.de\/de\/person\/neda-kovinic\/\">Neda Kovini\u0107<\/a> (2024), <a href=\"https:\/\/www.akademie-solitude.de\/de\/person\/samuel-collins\/\">Sam Collins<\/a> &amp; <a href=\"https:\/\/www.akademie-solitude.de\/de\/person\/mo-langmuir\/\">Mo Langmuir<\/a> (2023), <a href=\"https:\/\/www.akademie-solitude.de\/de\/person\/hum-collective\/\">Hannah H\u00e4u\u00dfer &amp; Max Borchert<\/a> (2022), <a href=\"https:\/\/www.akademie-solitude.de\/de\/person\/alkistis-thomidou\/\">Alkistis Thomidou<\/a> &amp; Berta Guttierez (2021)<\/span>"},{"acf_fc_layout":"content_spacer","_acfe_flexible_layout_title":null,"acfe_flexible_layout_title":"Leerraum-Container","bgcolor":"has-bg-grey","bgcolor_custom":"","layout_col_size":2,"space_height":""}],"intro_preview_headline":"","intro_preview_txt":"","intro_preview_img":""},"_links":{"self":[{"href":"https:\/\/www.akademie-solitude.de\/de\/wp-json\/wp\/v2\/pages\/28404","targetHints":{"allow":["GET"]}}],"collection":[{"href":"https:\/\/www.akademie-solitude.de\/de\/wp-json\/wp\/v2\/pages"}],"about":[{"href":"https:\/\/www.akademie-solitude.de\/de\/wp-json\/wp\/v2\/types\/page"}],"author":[{"embeddable":true,"href":"https:\/\/www.akademie-solitude.de\/de\/wp-json\/wp\/v2\/users\/14"}],"replies":[{"embeddable":true,"href":"https:\/\/www.akademie-solitude.de\/de\/wp-json\/wp\/v2\/comments?post=28404"}],"version-history":[{"count":3,"href":"https:\/\/www.akademie-solitude.de\/de\/wp-json\/wp\/v2\/pages\/28404\/revisions"}],"predecessor-version":[{"id":44645,"href":"https:\/\/www.akademie-solitude.de\/de\/wp-json\/wp\/v2\/pages\/28404\/revisions\/44645"}],"up":[{"embeddable":true,"href":"https:\/\/www.akademie-solitude.de\/de\/wp-json\/wp\/v2\/pages\/11007"}],"wp:attachment":[{"href":"https:\/\/www.akademie-solitude.de\/de\/wp-json\/wp\/v2\/media?parent=28404"}],"curies":[{"name":"wp","href":"https:\/\/api.w.org\/{rel}","templated":true}]}}