{"id":31875,"date":"2021-11-25T15:03:53","date_gmt":"2021-11-25T14:03:53","guid":{"rendered":"https:\/\/www.akademie-solitude.de\/?page_id=31875"},"modified":"2026-02-06T17:04:57","modified_gmt":"2026-02-06T16:04:57","slug":"atelietata-in-plovdiv-bulgarien","status":"publish","type":"page","link":"https:\/\/www.akademie-solitude.de\/de\/stipendium\/sonderstipendien\/solitude-exchange-network\/atelietata-in-plovdiv-bulgarien\/","title":{"rendered":"Atelietata in Plovdiv \u2013 Residenz-Programm in Bulgarien"},"content":{"rendered":"","protected":false},"excerpt":{"rendered":"","protected":false},"author":14,"featured_media":0,"parent":11007,"menu_order":72,"comment_status":"closed","ping_status":"closed","template":"","meta":{"_acf_changed":false,"inline_featured_image":false,"footnotes":""},"class_list":["post-31875","page","type-page","status-publish","hentry"],"acf":{"bgcolor":"","bgcolor_custom":"","custom_color_css_variable":"","content_type":[{"acf_fc_layout":"content_txt","_acfe_flexible_layout_title":null,"acfe_flexible_layout_title":"Text","bgcolor":"","bgcolor_custom":"","layout_col_size":8,"txt_cols":"is-1-txtcol","txt":"Ziel des Residenzprogramms der Akademie Schloss Solitude und des Goethe-Instituts Bulgarien ist es, der freien Kunstszene R\u00e4ume f\u00fcr k\u00fcnstlerische Forschung und Entwicklung zur Verf\u00fcgung zu stellen und den Austausch zwischen Bulgarien und Deutschland zu vertiefen.\r\n\r\nDas Stipendienprogramm, fr\u00fcher bekannt unter dem Namen LUFTSTUDIO, wurde 2024 von Sofia nach Plowdiw verlegt. Mit diesem Umzug von der Metropole in eine kleinere Stadt sollen die kulturelle F\u00f6rderung und der Austausch innerhalb der unabh\u00e4ngigen Kunstszene dezentralisiert werden. Plowdiw ist bekannt f\u00fcr seine ruhige und dennoch lebendige Atmosph\u00e4re, sein hohes Engagement f\u00fcr Kunst und Kultur sowie f\u00fcr seine Rolle als Europ\u00e4ische Kulturhauptstadt 2019.\r\n\r\nPartnerin und Gastgeberin in Plowdiw ist Atelietata (die Ateliers), eine Kreativgemeinschaft f\u00fcr K\u00fcnstler*innen. Sie mieten Atelierr\u00e4ume in einem Geb\u00e4ude aus den 1930er Jahren, das dem Zograph-Kloster auf dem Berg Athos geh\u00f6rt. Dieses Geb\u00e4ude wurde von den 1950er bis 1970er Jahren auch als Bezirkskrankenhaus von Plowdiw genutzt. Die zur Verf\u00fcgung gestellten R\u00e4ume dienen ausschlie\u00dflich als Arbeitsr\u00e4ume und bieten keine Unterbringungsm\u00f6glichkeiten. Die \u00c4sthetik des Geb\u00e4udes ist informell und erinnert atmosph\u00e4risch an die Berliner Hausbesetzungen.\r\n\r\nIm Jahr 2023 er\u00f6ffnete das Kollektiv zudem seinen unabh\u00e4ngigen Ausstellungsraum Galeriata (Die Galerie), in dem monatlich Ausstellungen stattfinden. Galeriata pr\u00e4sentiert sowohl Projekte von K\u00fcnstler*innen aus dem Umfeld von Atelietata als auch Gastprojekte von K\u00fcnstler*innen mit unterschiedlichem Hintergrund und von unterschiedlicher Herkunft. Das Geb\u00e4ude zeichnet sich durch eine lebendige Atmosph\u00e4re aus, da die meisten ans\u00e4ssigen K\u00fcnstler*innen jung sind, wodurch sich der Ort besonders gut f\u00fcr aufstrebende K\u00fcnstler*innen eignet. Der Innenhof dient h\u00e4ufig als Veranstaltungsort f\u00fcr Events, Konzerte und Partys.\r\n\r\nHeute haben einige der renommiertesten zeitgen\u00f6ssischen K\u00fcnstler*innen Bulgariens Ateliers bei Atelietata, darunter Preistr\u00e4ger*innen des BAZA Young Artist Award wie Martina Vacheva (Stipendiatin der Akademie Schloss Solitude, 2022), Dimitar Shopov, Yavor Kostadinov und Dimitar Genchev sowie internationale K\u00fcnstler*innen wie Mitch Brezounek und weitere. Die K\u00fcnstler*innen bei Atelietata arbeiten in unterschiedlichen Bereichen der bildenden Kunst.\r\n\r\nDie Resident*innen in Plowdiw erhalten ein Atelier im Geb\u00e4ude der Atelietata sowie eine separate Wohnung im Stadtzentrum. Dar\u00fcber hinaus besteht eine zus\u00e4tzliche Kooperation mit Cu29, einer kleinen Galerie in Kapana, dem hippen Szeneviertel der Innenstadt. Die Stipendiatin aus dem Jahr 2024, Monika Czy\u017cyk, zeigte dort zum Abschluss ihres Aufenthalts ihre Arbeiten. Seit 2025 k\u00f6nnen Stipendiat*innen im letzten Monat ihres Aufenthalts den gro\u00dfz\u00fcgigen Anbau der Galeriata nutzen. Eine Ausstellung, ein Event, eine Pr\u00e4sentation oder eine Performance in der Galeriata zum Abschluss des Aufenthalts ist m\u00f6glich und wird ausdr\u00fccklich empfohlen."},{"acf_fc_layout":"content_spacer","_acfe_flexible_layout_title":null,"acfe_flexible_layout_title":"Leerraum-Container","bgcolor":"","bgcolor_custom":"","layout_col_size":12,"space_height":""},{"acf_fc_layout":"content_spacer","_acfe_flexible_layout_title":null,"acfe_flexible_layout_title":"Leerraum-Container","bgcolor":"has-bg-grey","bgcolor_custom":"","layout_col_size":2,"space_height":""},{"acf_fc_layout":"content_txt","_acfe_flexible_layout_title":null,"acfe_flexible_layout_title":"Text","bgcolor":"has-bg-grey","bgcolor_custom":"","layout_col_size":12,"txt_cols":"is-1-txtcol","txt":"<h4 style=\"text-align: center;\"><span class=\"has-font-maison-neue-extended\" style=\"font-family: 'Maison Neue Extended';\">K\u00fcnstler*innen aus Bulgarien an der Akademie Schloss Solitude<\/span><\/h4>\r\n<p class=\"is-size-6\"><span class=\"has-font-reckless-light\" style=\"font-family: 'Reckless Regular';\"><a href=\"https:\/\/www.akademie-solitude.de\/de\/person\/krasimira-butseva\/\">Krasimira Butseva<\/a> (Okt\u2013Dez 2021), <a href=\"https:\/\/www.akademie-solitude.de\/de\/person\/martina-vacheva\/\">Martina Vacheva<\/a> (Okt\u2013Dez 2022), <a href=\"https:\/\/www.akademie-solitude.de\/de\/person\/yasen-vasilev\/\">Yasen Vasilev<\/a> (Okt\u2013Dez 2023), <a href=\"https:\/\/www.akademie-solitude.de\/de\/person\/nikola-mihov\/\">Nikola Mihov<\/a> (Okt\u2013Dez 2024), <a href=\"https:\/\/www.akademie-solitude.de\/de\/person\/rawlab\/\">RawLab<\/a> (2025)<\/span><\/p>\r\n&nbsp;\r\n<h4 style=\"text-align: center;\"><span class=\"has-font-maison-neue-extended\" style=\"font-family: 'Maison Neue Extended';\">Solitude-Stipendiat*innen in Bulgarien<\/span><\/h4>\r\n<p class=\"is-size-6\"><span class=\"has-font-reckless-light\" style=\"font-family: 'Reckless Regular';\"><a href=\"https:\/\/www.akademie-solitude.de\/de\/person\/florin-flueras\/\">Florin Flueras<\/a> (2020), <a href=\"https:\/\/www.akademie-solitude.de\/de\/person\/alicja-wysocka\/\">Alivja Wysocka<\/a> (2021), <a href=\"https:\/\/www.akademie-solitude.de\/de\/person\/mounir-saeed\/\">Mounir Saeed<\/a> (2022), <a href=\"https:\/\/www.akademie-solitude.de\/de\/person\/simina-neagu\/\">Simina Neagu<\/a> (2023), <a href=\"https:\/\/www.akademie-solitude.de\/en\/person\/monika-czyzyk\/\">Monika Czy\u017cyk<\/a> (2024), <a href=\"https:\/\/www.akademie-solitude.de\/de\/person\/marco-pando\/\">Marco Pando<\/a> (2025)<\/span><\/p>"},{"acf_fc_layout":"content_spacer","_acfe_flexible_layout_title":null,"acfe_flexible_layout_title":"Leerraum-Container","bgcolor":"has-bg-grey","bgcolor_custom":"","layout_col_size":2,"space_height":""}],"intro_preview_headline":"","intro_preview_txt":"","intro_preview_img":""},"_links":{"self":[{"href":"https:\/\/www.akademie-solitude.de\/de\/wp-json\/wp\/v2\/pages\/31875","targetHints":{"allow":["GET"]}}],"collection":[{"href":"https:\/\/www.akademie-solitude.de\/de\/wp-json\/wp\/v2\/pages"}],"about":[{"href":"https:\/\/www.akademie-solitude.de\/de\/wp-json\/wp\/v2\/types\/page"}],"author":[{"embeddable":true,"href":"https:\/\/www.akademie-solitude.de\/de\/wp-json\/wp\/v2\/users\/14"}],"replies":[{"embeddable":true,"href":"https:\/\/www.akademie-solitude.de\/de\/wp-json\/wp\/v2\/comments?post=31875"}],"version-history":[{"count":4,"href":"https:\/\/www.akademie-solitude.de\/de\/wp-json\/wp\/v2\/pages\/31875\/revisions"}],"predecessor-version":[{"id":44548,"href":"https:\/\/www.akademie-solitude.de\/de\/wp-json\/wp\/v2\/pages\/31875\/revisions\/44548"}],"up":[{"embeddable":true,"href":"https:\/\/www.akademie-solitude.de\/de\/wp-json\/wp\/v2\/pages\/11007"}],"wp:attachment":[{"href":"https:\/\/www.akademie-solitude.de\/de\/wp-json\/wp\/v2\/media?parent=31875"}],"curies":[{"name":"wp","href":"https:\/\/api.w.org\/{rel}","templated":true}]}}