{"id":32493,"date":"2022-02-08T18:25:37","date_gmt":"2022-02-08T17:25:37","guid":{"rendered":"https:\/\/www.akademie-solitude.de\/?page_id=32493"},"modified":"2025-03-19T16:16:03","modified_gmt":"2025-03-19T15:16:03","slug":"referentin-der-akademieleitung","status":"publish","type":"page","link":"https:\/\/www.akademie-solitude.de\/de\/akademie\/jobs\/referentin-der-akademieleitung\/","title":{"rendered":"Pers\u00f6nliche*r Referent*in der Akademieleitung (m\/w\/d) in Teilzeit 60%"},"content":{"rendered":"","protected":false},"excerpt":{"rendered":"","protected":false},"author":8,"featured_media":0,"parent":9651,"menu_order":22,"comment_status":"closed","ping_status":"closed","template":"","meta":{"_acf_changed":false,"inline_featured_image":false,"footnotes":""},"class_list":["post-32493","page","type-page","status-publish","hentry"],"acf":{"bgcolor":"","bgcolor_custom":"","custom_color_css_variable":"","content_type":[{"acf_fc_layout":"content_txt","acfe_flexible_layout_title":"Text","bgcolor":"","bgcolor_custom":"","layout_col_size":8,"txt_cols":"is-1-txtcol","txt":"<p style=\"text-align: left;\">Eintrittsdatum: n\u00e4chstm\u00f6glicher Termin\r\nStellenumfang: Teilzeit, 60 %\r\nVerg\u00fctung: nach TV-L EG 13\r\nBewerbungsende: 21. April 2025 (Motivationsschreiben, Lebenslauf, Zeugnisse, Referenzen)\r\nAnsprechpartnerin: Catherine Galliou, bewerbung(at)akademie-solitude.de<\/p>"},{"acf_fc_layout":"content_txt","acfe_flexible_layout_title":"Text","bgcolor":"has-bg-grey","bgcolor_custom":"","layout_col_size":12,"txt_cols":"is-1-txtcol","txt":"<h6>Allgemeines zur Institution<\/h6>\r\nDie Akademie Schloss Solitude ist ein international renommiertes Artist-in-Residence-Programm, das seit seiner Gr\u00fcndung im Jahr 1990 mehr als 1.700 K\u00fcnstler*innen und Wissenschaftler*innen aus \u00fcber 120 L\u00e4ndern gef\u00f6rdert hat. Mit ihrem transdisziplin\u00e4ren Ansatz bildet die Akademie ein bedeutendes globales Netzwerk f\u00fcr den interdisziplin\u00e4ren Austausch in Kunst und Wissenschaft."},{"acf_fc_layout":"content_txt","acfe_flexible_layout_title":"Text","bgcolor":"","bgcolor_custom":"","layout_col_size":8,"txt_cols":"is-1-txtcol","txt":"Wir suchen zum n\u00e4chstm\u00f6glichen Termin eine*n\r\n<h6>Pers\u00f6nliche*n Referent*in der Akademieleitung (m\/w\/d) in Teilzeit 60 %<\/h6>\r\nDiese vielseitige und verantwortungsvolle Position bietet Ihnen die M\u00f6glichkeit, aktiv an der Weiterentwicklung der Akademie mitzuwirken und eigene Ideen einzubringen.\r\nDie Stelle ist <strong>unbefristet<\/strong> und wird nach <strong>TV-L EG 13<\/strong> verg\u00fctet. Arbeitsort ist Stuttgart.\r\n\r\n<strong>Ihre Aufgaben:<\/strong>\r\n<ul>\r\n \t<li>Inhaltliche und operative Unterst\u00fctzung der Akademieleitung in enger Zusammenarbeit mit der Direktorin.<\/li>\r\n \t<li>Durchf\u00fchrung von Recherchen und Themenaufbereitung zur inhaltlichen und konzeptionellen Unterst\u00fctzung der Akademieleitung.<\/li>\r\n \t<li>F\u00f6rdermittelakquise und Drittmittelantr\u00e4ge zur finanziellen Unterst\u00fctzung der Akademiearbeit.<\/li>\r\n \t<li>Vorbereitung, Koordination und Organisation von Meetings, Gremienarbeit und Planungsprozessen.<\/li>\r\n \t<li>Redaktionelle T\u00e4tigkeiten, darunter Redemanuskripte, Gru\u00dfworte, Pr\u00e4sentationen, Protokolle, Vorworte und Konzeptpapiere.<\/li>\r\n \t<li>Konzeption und Organisation von Veranstaltungen und Projekten.<\/li>\r\n \t<li>Betreuung von Stipendiat*innen.<\/li>\r\n \t<li>Kommunikation und Netzwerkpflege mit K\u00fcnstler*innen, Partner*innen, Gremienmitgliedern und F\u00f6rderinstitutionen.<\/li>\r\n \t<li>Evaluation und Weiterentwicklung interner Prozesse.<\/li>\r\n<\/ul>\r\n<strong>Ihr Profil:<\/strong>\r\n<ul>\r\n \t<li>Abgeschlossenes Hochschulstudium (Master, Diplom, Magister) in Kulturmanagement, Kunstwissenschaften oder einem vergleichbaren Bereich.<\/li>\r\n \t<li>Berufserfahrung im Kunst- und Kulturbereich sowie umfassende Kenntnisse der aktuellen Diskurse.<\/li>\r\n \t<li>Strategisches Denken, Eigeninitiative und Organisationsgeschick.<\/li>\r\n \t<li>Schnelle und fundierte Recherchef\u00e4higkeit sowie die F\u00e4higkeit, komplexe Inhalte pr\u00e4gnant aufzubereiten.<\/li>\r\n \t<li>Kommunikationsst\u00e4rke und Freude an der Zusammenarbeit im Team.<\/li>\r\n \t<li>Interkulturelle Kompetenz und Gesp\u00fcr f\u00fcr internationale Entwicklungen in Kunst und Kultur.<\/li>\r\n \t<li>Sicherer Umgang mit MS Office, MS Teams, Miro und anderen g\u00e4ngigen Software-Anwendungen und -Plattformen.<\/li>\r\n \t<li>Sehr gute Deutsch- und Englischkenntnisse in Wort und Schrift; weitere Sprachkenntnisse von Vorteil.<\/li>\r\n<\/ul>\r\n<strong>Vielfalt, Inklusion &amp; Chancengleichheit<\/strong>\r\n\r\nDie Akademie Schloss Solitude setzt sich aktiv f\u00fcr Vielfalt, Inklusion und Chancengleichheit ein. Wir sch\u00e4tzen die unterschiedlichen Kompetenzen, Perspektiven und Hintergr\u00fcnde unserer Mitarbeitenden und sehen sie als Bereicherung f\u00fcr unsere Arbeit. Wir ermutigen ausdr\u00fccklich Bewerbungen von allen qualifizierten Personen, unabh\u00e4ngig von Alter, Geschlecht, ethnischer oder kultureller Herkunft, Religion und Weltanschauung, sexueller Orientierung und Identit\u00e4t oder einer m\u00f6glichen Behinderung. Dar\u00fcber hinaus f\u00f6rdern wir die Vereinbarkeit von Beruf und Familie.\r\n\r\n<strong>Was wir bieten:<\/strong>\r\n\r\n<ul>\r\n \t<li>Ein inspirierendes internationales Umfeld mit weitreichenden Kontakten in die Kunst- und Kulturlandschaft.<\/li>\r\n \t<li>Ein engagiertes und diverses Team, das mit Leidenschaft zusammenarbeitet.<\/li>\r\n \t<li>Ein vielseitiges Arbeitsfeld mit spannenden Projekten und hoher Eigenverantwortung.<\/li>\r\n \t<li>Freiraum f\u00fcr kreatives Arbeiten und die M\u00f6glichkeit, eigene Ideen aktiv zu gestalten.<\/li>\r\n \t<li>F\u00f6rderung der beruflichen Entwicklung durch gemeinsame und individuelle Fortbildungen.<\/li>\r\n \t<li>Fahrtkostenzuschuss (Jobticket BW).<\/li>\r\n \t<li>Bezuschusstes Mittagessen in der hauseigenen Cafeteria.<\/li>\r\n \t<li>Familienfreundliches Gleitzeitmodell (Arbeitsort Stuttgart).<\/li>\r\n \t<li>Arbeiten an einem einzigartigen Ort \u2013 im historischen Schloss mit Blick ins Gr\u00fcne!<\/li>\r\n<\/ul>\r\n<strong>Bewerbung<\/strong>\r\n\r\nHaben wir Ihr Interesse geweckt? Dann freuen wir uns auf Ihre Bewerbung (Motivationsschreiben, Lebenslauf, Zeugnisse, Referenzen) per E-Mail (in einem PDF) bis sp\u00e4testens 21. April 2025 an <a href=\"mailto:bewerbung@akademie-solitude.de\">bewerbung@akademie-solitude.de<\/a>\r\n\r\nWir freuen uns darauf, Sie kennenzulernen!"},{"acf_fc_layout":"content_cta","acfe_flexible_layout_title":"Link \/ Call-to-Action","bgcolor":"has-bg-red","bgcolor_custom":"","layout_col_size":8,"cta_link":{"type":"url","value":" mailto:bewerbung@akademie-solitude.de","title":"Jetzt bewerben","target":false},"cta_txt":"Hier bewerben","cta_button_txt":"E-mail schreiben"},{"acf_fc_layout":"content_download","acfe_flexible_layout_title":"Download","bgcolor":"has-bg-blue","bgcolor_custom":"","layout_col_size":8,"download_txt":"Download PDF","download_file":42330}],"intro_preview_headline":"Pers\u00f6nliche Referentin der Akademieleitung","intro_preview_txt":"","intro_preview_img":""},"_links":{"self":[{"href":"https:\/\/www.akademie-solitude.de\/de\/wp-json\/wp\/v2\/pages\/32493","targetHints":{"allow":["GET"]}}],"collection":[{"href":"https:\/\/www.akademie-solitude.de\/de\/wp-json\/wp\/v2\/pages"}],"about":[{"href":"https:\/\/www.akademie-solitude.de\/de\/wp-json\/wp\/v2\/types\/page"}],"author":[{"embeddable":true,"href":"https:\/\/www.akademie-solitude.de\/de\/wp-json\/wp\/v2\/users\/8"}],"replies":[{"embeddable":true,"href":"https:\/\/www.akademie-solitude.de\/de\/wp-json\/wp\/v2\/comments?post=32493"}],"version-history":[{"count":4,"href":"https:\/\/www.akademie-solitude.de\/de\/wp-json\/wp\/v2\/pages\/32493\/revisions"}],"predecessor-version":[{"id":42338,"href":"https:\/\/www.akademie-solitude.de\/de\/wp-json\/wp\/v2\/pages\/32493\/revisions\/42338"}],"up":[{"embeddable":true,"href":"https:\/\/www.akademie-solitude.de\/de\/wp-json\/wp\/v2\/pages\/9651"}],"wp:attachment":[{"href":"https:\/\/www.akademie-solitude.de\/de\/wp-json\/wp\/v2\/media?parent=32493"}],"curies":[{"name":"wp","href":"https:\/\/api.w.org\/{rel}","templated":true}]}}