{"id":35734,"date":"2023-02-01T18:40:45","date_gmt":"2023-02-01T17:40:45","guid":{"rendered":"https:\/\/www.akademie-solitude.de\/?page_id=35734"},"modified":"2026-02-06T14:47:58","modified_gmt":"2026-02-06T13:47:58","slug":"station-service-for-contemporary-dance-in-serbien","status":"publish","type":"page","link":"https:\/\/www.akademie-solitude.de\/de\/stipendium\/sonderstipendien\/solitude-exchange-network\/station-service-for-contemporary-dance-in-serbien\/","title":{"rendered":"STATION Service for Contemporary Dance in Serbien"},"content":{"rendered":"","protected":false},"excerpt":{"rendered":"","protected":false},"author":4,"featured_media":0,"parent":11007,"menu_order":78,"comment_status":"closed","ping_status":"closed","template":"","meta":{"_acf_changed":false,"inline_featured_image":false,"footnotes":""},"class_list":["post-35734","page","type-page","status-publish","hentry"],"acf":{"bgcolor":"","bgcolor_custom":"","custom_color_css_variable":"","content_type":[{"acf_fc_layout":"content_txt","_acfe_flexible_layout_title":null,"acfe_flexible_layout_title":"Text","bgcolor":"","bgcolor_custom":"","layout_col_size":8,"txt_cols":"is-1-txtcol","txt":"Als Plattform f\u00fcr den Austausch mit seinen vielf\u00e4ltigen internationalen Partnerinstitutionen gr\u00fcndete <span style=\"text-decoration: underline;\"><a href=\"https:\/\/dancestation.org\/\">STATION<span class=\"\"> Service<\/span> for Contemporary Dance<\/a><\/span> im Jahr 2015 das Residenzprogramm StationOne. \u00a0Der Austausch ist als Unterst\u00fctzung f\u00fcr die lokale Tanzszene konzipiert: Er bietet K\u00fcnstler*innen aus Serbien die M\u00f6glichkeit, an Residenzprogrammen innerhalb eines umfangreichen Partnernetzwerks teilzunehmen. Gleichzeitig \u00f6ffnet STATION durch die Aufnahme von K\u00fcnstler*innen aus unterschiedlichen Teilen der Welt die lokale Tanz- und Kunstszene f\u00fcr neue Kollaborationen, frische Perspektiven und zuk\u00fcnftige gemeinsame Projekte.\r\n\r\nStationOne richtet sich an K\u00fcnstler*innen, Theoretiker*innen und Kurator*innen aus den Bereichen zeitgen\u00f6ssischer Tanz, Performance und experimentelle interdisziplin\u00e4re Praktiken Ort des Programms ist das selbstorganisierte Kulturzentrum Magacin \u00a0\u2013 eine einzigartige Einrichtung, die von der unabh\u00e4ngigen Kulturszene Belgrads geschaffen wurde und getragen wird und \u00a0sich im Stadtzentrum befindet. STATION \u00a0war 2007 an der Gr\u00fcndung beteiligt. Sowohl STATION als auch Magacin arbeiten nach Prinzipien der Selbstorganisation, mit horizontalen Arbeitsstrukturen und auf der Grundlage feministischer Ans\u00e4tze. Ziel ist es, die Bereiche Kunst und Kultur zu demokratischeren, offeneren, nachhaltigeren und gerechteren R\u00e4umen sozialen Engagements zu entwickeln. Diese Werte sollen mit den ausgew\u00e4hlten G\u00e4sten geteilt werden. \u00a0Daher sind Bewerbungen von Personen, die \u00e4hnliche Ans\u00e4tze verfolgen besonders willkommen.\r\n\r\nDie Resident*innen erhalten die M\u00f6glichkeit, in diesen selbstorganisierten kulturellen Raum einzutauchen, eine Vielzahl von K\u00fcnstler*innen und Kulturschaffenden kennenzulernen und Zugang zu zahlreichen weiteren Kunst- und Kulturorten in ganz Belgrad zu erhalten. Der Arbeitsbereich im Magacin umfasst Tanzstudios, B\u00fcror\u00e4ume, eine Galerie sowie eine Werkstatt (mit zahlreichen Werkzeugen und Maschinen). Erfahrene K\u00fcnstler*innen geben ihr Wissen gerne weiter und ein unterst\u00fctzendes Netzwerk von Menschen mit vielf\u00e4ltigen Kompetenzen steht zur Verf\u00fcgung\r\n\r\nEines der zentralen Prinzipien von StationOne ist der Aufbau langfristiger Beziehungen zu den Artists in Residence. Das Programm ist bestrebt, Verbindungen zu schaffen, die \u00fcber die Dauer des Aufenthalts hinausreichen \u2013 indem es den Kontakt aufrechterh\u00e4lt und K\u00fcnstler*innen einl\u00e4dt, zur\u00fcckzukehren und sich an anderen Programmen und Projekten von STATION zu beteiligen."},{"acf_fc_layout":"content_txt","_acfe_flexible_layout_title":null,"acfe_flexible_layout_title":"Text","bgcolor":"has-bg-grey","bgcolor_custom":"","layout_col_size":8,"txt_cols":"is-1-txtcol","txt":""},{"acf_fc_layout":"content_spacer","_acfe_flexible_layout_title":null,"acfe_flexible_layout_title":"Leerraum-Container","bgcolor":"has-bg-grey","bgcolor_custom":"","layout_col_size":12,"space_height":""},{"acf_fc_layout":"content_spacer","_acfe_flexible_layout_title":null,"acfe_flexible_layout_title":"Leerraum-Container","bgcolor":"has-bg-custom","bgcolor_custom":"rgb(255,255,255)","layout_col_size":2,"space_height":""},{"acf_fc_layout":"content_txt","_acfe_flexible_layout_title":null,"acfe_flexible_layout_title":"Text","bgcolor":"has-bg-grey","bgcolor_custom":"","layout_col_size":12,"txt_cols":"is-1-txtcol","txt":"<h4 style=\"text-align: center;\"><span class=\"has-font-maison-neue-extended\" style=\"font-family: 'Maison Neue Extended';\">K\u00fcnstler*innen aus Serbien an der Akademie Schloss Solitude<\/span><\/h4>\r\n<p class=\"is-size-6\"><span class=\"has-font-reckless-light\" style=\"font-family: 'Reckless Regular';\"><a href=\"https:\/\/www.akademie-solitude.de\/de\/person\/bojana-cvejic\/\">Bojana Cveji\u0107<\/a> (2015), <a href=\"https:\/\/www.akademie-solitude.de\/de\/person\/marko-milic\/\">Marko Mili\u0107<\/a> (2016), <a href=\"https:\/\/www.akademie-solitude.de\/de\/person\/ksenija-durovic\/\">Ksenija \u0110urovi\u0107<\/a> (2016), <a href=\"https:\/\/www.akademie-solitude.de\/de\/person\/milica-ivic\/\">Milica Ivic<\/a> (2017), <a href=\"https:\/\/www.akademie-solitude.de\/de\/person\/igor-koruga\/\">Igor Koruga<\/a> (2018) <a href=\"https:\/\/www.akademie-solitude.de\/de\/person\/ana-dubljevic\/\">Ana Dublievi\u0107<\/a> (2019), <a href=\"https:\/\/www.akademie-solitude.de\/de\/person\/hristina-sormaz\/\">Hristina Sormaz<\/a> (2020), <a href=\"https:\/\/www.akademie-solitude.de\/de\/person\/jana-milenkovic\/\">Jana Milenkovi\u0107 <\/a>(2022), <a href=\"https:\/\/www.akademie-solitude.de\/de\/person\/danka-sekulovic\/\">Danka Sekulovi\u0107<\/a> (Sept\u2013Nov 2023), <a href=\"https:\/\/www.akademie-solitude.de\/de\/person\/ana-dragic\/\">Ana Dragi\u0107<\/a> (Sept\u2013Nov 2024)<\/span><\/p>\r\n&nbsp;\r\n<h4 style=\"text-align: center;\"><span class=\"has-font-maison-neue-extended\" style=\"font-family: 'Maison Neue Extended';\">Solitude-Stipendiat*innen am STATION in Serbien<\/span><\/h4>\r\n<p class=\"is-size-6\"><span class=\"has-font-reckless-light\" style=\"font-family: 'Reckless Regular';\"><a href=\"https:\/\/www.akademie-solitude.de\/de\/person\/ivana-ivkovic\/\">Ivan Ivkovi\u0107<\/a> (2015), <a href=\"https:\/\/www.akademie-solitude.de\/de\/person\/alina-popa\/\">Alina Popa<\/a> &amp; <a href=\"https:\/\/www.akademie-solitude.de\/de\/person\/florin-flueras\/\">Florin Flueras <\/a>(2016), <a href=\"https:\/\/www.akademie-solitude.de\/de\/person\/neto-machado\/\">Neto Machado<\/a> &amp; Jorge Alencar (2017), <a href=\"https:\/\/www.akademie-solitude.de\/de\/person\/thiago-granato\/\">Thiago Granato<\/a> &amp; Sandro Amaral (2019), <a href=\"https:\/\/www.akademie-solitude.de\/de\/person\/myriam-van-imschoot\/\">Myriam Van Imschoot<\/a> (2020),<a href=\"https:\/\/www.akademie-solitude.de\/de\/person\/romuald-kre%CC%A8zel\/\"> Romuald Kr\u0119\u017cel<\/a> (2022), <a href=\"https:\/\/www.akademie-solitude.de\/de\/person\/fanti-baum\/\">Fanti Baum<\/a> (2023), <a href=\"https:\/\/www.akademie-solitude.de\/de\/person\/yasen-vasilev\/\">Yasen Vasilev<\/a> (2024), <a href=\"https:\/\/www.akademie-solitude.de\/de\/person\/victoria-myronyuk\/\">Viktoriya Myronyuk<\/a> (2025)<\/span><\/p>\r\n<p class=\"is-size-6\"><span class=\"has-font-reckless-light\" style=\"font-family: 'Reckless Regular';\">\u00a0<\/span><\/p>"},{"acf_fc_layout":"content_spacer","_acfe_flexible_layout_title":null,"acfe_flexible_layout_title":"Leerraum-Container","bgcolor":"has-bg-custom","bgcolor_custom":"rgb(255,255,255)","layout_col_size":2,"space_height":""}],"intro_preview_headline":"","intro_preview_txt":"Seit dem Jahr 2019 besteht das Austauschprogramm mit Station Service for Contemporary Dance in Belgrad, Serbien.","intro_preview_img":""},"_links":{"self":[{"href":"https:\/\/www.akademie-solitude.de\/de\/wp-json\/wp\/v2\/pages\/35734","targetHints":{"allow":["GET"]}}],"collection":[{"href":"https:\/\/www.akademie-solitude.de\/de\/wp-json\/wp\/v2\/pages"}],"about":[{"href":"https:\/\/www.akademie-solitude.de\/de\/wp-json\/wp\/v2\/types\/page"}],"author":[{"embeddable":true,"href":"https:\/\/www.akademie-solitude.de\/de\/wp-json\/wp\/v2\/users\/4"}],"replies":[{"embeddable":true,"href":"https:\/\/www.akademie-solitude.de\/de\/wp-json\/wp\/v2\/comments?post=35734"}],"version-history":[{"count":4,"href":"https:\/\/www.akademie-solitude.de\/de\/wp-json\/wp\/v2\/pages\/35734\/revisions"}],"predecessor-version":[{"id":44540,"href":"https:\/\/www.akademie-solitude.de\/de\/wp-json\/wp\/v2\/pages\/35734\/revisions\/44540"}],"up":[{"embeddable":true,"href":"https:\/\/www.akademie-solitude.de\/de\/wp-json\/wp\/v2\/pages\/11007"}],"wp:attachment":[{"href":"https:\/\/www.akademie-solitude.de\/de\/wp-json\/wp\/v2\/media?parent=35734"}],"curies":[{"name":"wp","href":"https:\/\/api.w.org\/{rel}","templated":true}]}}