{"id":39577,"date":"2023-12-21T15:43:23","date_gmt":"2023-12-21T14:43:23","guid":{"rendered":"https:\/\/www.akademie-solitude.de\/?page_id=39577"},"modified":"2024-02-21T12:27:11","modified_gmt":"2024-02-21T11:27:11","slug":"mitarbeiterin-in-der-finanzbuchhaltung-m-w-d-in-teilzeit-50","status":"publish","type":"page","link":"https:\/\/www.akademie-solitude.de\/de\/akademie\/jobs\/mitarbeiterin-in-der-finanzbuchhaltung-m-w-d-in-teilzeit-50\/","title":{"rendered":"Mitarbeiter*in in der Finanzbuchhaltung (m\/w\/d) in Teilzeit, 50%"},"content":{"rendered":"","protected":false},"excerpt":{"rendered":"","protected":false},"author":8,"featured_media":0,"parent":9651,"menu_order":29,"comment_status":"closed","ping_status":"closed","template":"","meta":{"_acf_changed":false,"inline_featured_image":false,"footnotes":""},"class_list":["post-39577","page","type-page","status-publish","hentry"],"acf":{"bgcolor":"","bgcolor_custom":"","custom_color_css_variable":"","content_type":[{"acf_fc_layout":"content_txt","acfe_flexible_layout_title":"Text","bgcolor":"","bgcolor_custom":"","layout_col_size":8,"txt_cols":"is-1-txtcol","txt":"<strong>Arbeitszeitraum:<\/strong> zum n\u00e4chstm\u00f6glichen Termin\r\n(2 Jahre befristet, mit Aussicht auf \u00dcbernahme)\r\n<strong>Stellenumfang:<\/strong> 50%\r\n<strong>Verg\u00fctung:<\/strong> TV-L EG 9\r\n<strong>Bewerbungsende:<\/strong> 01.04.2024 (Bewerbung, inklusive Lebenslauf und Anschreiben)\r\n\r\n&nbsp;"},{"acf_fc_layout":"content_txt","acfe_flexible_layout_title":"Text","bgcolor":"has-bg-grey","bgcolor_custom":"","layout_col_size":12,"txt_cols":"is-1-txtcol","txt":"<ul>\r\n \t<li style=\"list-style-type: none;\">\r\n<h5>Aufgabenbereich<\/h5>\r\n<ul>\r\n \t<li>Rechnungspr\u00fcfungen, Buchungen, Umbuchungen und Kontierung<\/li>\r\n \t<li>Organisation der Belegablage<\/li>\r\n \t<li>F\u00fchrung der Barkasse<\/li>\r\n \t<li>Mitwirkung bei der Erstellung des Jahresabschlusses<\/li>\r\n \t<li>Unterst\u00fctzung bei der finanziellen Abwicklung von Drittmittelprojekten<\/li>\r\n \t<li>Unterst\u00fctzung bei den allgemeinen Verwaltungsaufgaben<\/li>\r\n<\/ul>\r\n<h5>Profil<\/h5>\r\n<ul>\r\n \t<li>Erfolgreich abgeschlossene kaufm\u00e4nnische Ausbildung mit Schwerpunkt Finanzbuchhaltung<\/li>\r\n \t<li>Berufserfahrung in einer doppisch buchenden Buchhaltung. Kenntnisse der kameralen Buchhaltung von Vorteil<\/li>\r\n \t<li>Kenntnisse im Bereich Buchhaltung und Finanzrecht nach den g\u00e4ngigen Vorschriften des Landes Baden-W\u00fcrttemberg<\/li>\r\n \t<li>Bereitschaft zur Einarbeitung in unsere Buchhaltungs-Software NaVision<\/li>\r\n \t<li>Kenntnisse und Erfahrungen in Windows- und MacOS-Anwendungen<\/li>\r\n \t<li>Ausgepr\u00e4gte Kompetenz in Selbstorganisation und Zeitmanagement<\/li>\r\n \t<li>flie\u00dfende Deutschkenntnisse werden vorausgesetzt, Englischkenntnisse sind von Vorteil<\/li>\r\n \t<li>Interesse an interkulturellen Begegnungen und kulturpolitischen Themen<\/li>\r\n<\/ul>\r\n<h5>Wir bieten<\/h5>\r\n<ul>\r\n \t<li>Eine vielseitige und verantwortungsvolle T\u00e4tigkeit in einer international herausragenden Kultureinrichtung des Landes Baden-W\u00fcrttemberg und einer einzigartigen historischen Kulisse<\/li>\r\n \t<li>Eine befristete Teilzeitstelle in einem kreativen und internationalen Umfeld gem\u00e4\u00df TV-L EG 9 (2 Jahre befristet, mit Aussicht auf \u00dcbernahme)<\/li>\r\n \t<li>Fahrtkostenzuschuss (Jobticket BW)<\/li>\r\n \t<li>flexibles und familienfreundliches Arbeitszeitmodell (Arbeitsort Stuttgart und Home Office)<\/li>\r\n<\/ul>\r\n<\/li>\r\n<\/ul>"},{"acf_fc_layout":"content_txt","acfe_flexible_layout_title":"Text","bgcolor":"","bgcolor_custom":"","layout_col_size":8,"txt_cols":"is-1-txtcol","txt":"Die Akademie Schloss Solitude ber\u00fccksichtigt die Gleichstellung von Frauen, Ma\u0308nnern und Diversen nach Ma\u00dfgabe des Landesgleichstellungsgesetzes. Die Bewerbungen von Frauen, People of Color, sowie Menschen mit Migrationserfahrung sind ausdr\u00fccklich erw\u00fcnscht. Anerkannt Schwerbehinderte werden bei gleicher Eignung bevorzugt ber\u00fccksichtigt.\r\n\r\nBei Interesse senden Sie bitte Lebenslauf und Motivationsschreiben per E-Mail bis zum <strong>01.04.2024 <\/strong>an <a href=\"mailto:bewerbung@akademie-solitude.de\">bewerbung@akademie-solitude.de<\/a>, Tel. 0711-99619-490.\r\n\r\nWeitere Informationen \u00fcber die Akademie: <a href=\"http:\/\/www.akademie-solitude.de\">www.akademie-solitude.de<\/a>"},{"acf_fc_layout":"content_cta","acfe_flexible_layout_title":"Link \/ Call-to-Action","bgcolor":"has-bg-red","bgcolor_custom":"","layout_col_size":8,"cta_link":{"type":"url","value":"mailto:bewerbung@akademie-solitude.de","title":"Jetzt bewerben","target":false},"cta_txt":"Hier bewerben","cta_button_txt":"E-Mail schreiben"},{"acf_fc_layout":"content_download","acfe_flexible_layout_title":"Download","bgcolor":"has-bg-blue","bgcolor_custom":"","layout_col_size":8,"download_txt":"Ausschreibung als PDF","download_file":39945}],"intro_preview_headline":"Mitarbeiter*in in der Finanzbuchhaltung","intro_preview_txt":"","intro_preview_img":""},"_links":{"self":[{"href":"https:\/\/www.akademie-solitude.de\/de\/wp-json\/wp\/v2\/pages\/39577","targetHints":{"allow":["GET"]}}],"collection":[{"href":"https:\/\/www.akademie-solitude.de\/de\/wp-json\/wp\/v2\/pages"}],"about":[{"href":"https:\/\/www.akademie-solitude.de\/de\/wp-json\/wp\/v2\/types\/page"}],"author":[{"embeddable":true,"href":"https:\/\/www.akademie-solitude.de\/de\/wp-json\/wp\/v2\/users\/8"}],"replies":[{"embeddable":true,"href":"https:\/\/www.akademie-solitude.de\/de\/wp-json\/wp\/v2\/comments?post=39577"}],"version-history":[{"count":3,"href":"https:\/\/www.akademie-solitude.de\/de\/wp-json\/wp\/v2\/pages\/39577\/revisions"}],"predecessor-version":[{"id":39947,"href":"https:\/\/www.akademie-solitude.de\/de\/wp-json\/wp\/v2\/pages\/39577\/revisions\/39947"}],"up":[{"embeddable":true,"href":"https:\/\/www.akademie-solitude.de\/de\/wp-json\/wp\/v2\/pages\/9651"}],"wp:attachment":[{"href":"https:\/\/www.akademie-solitude.de\/de\/wp-json\/wp\/v2\/media?parent=39577"}],"curies":[{"name":"wp","href":"https:\/\/api.w.org\/{rel}","templated":true}]}}