{"id":40443,"date":"2024-04-19T12:22:30","date_gmt":"2024-04-19T10:22:30","guid":{"rendered":"https:\/\/www.akademie-solitude.de\/?page_id=40443"},"modified":"2026-02-10T14:20:41","modified_gmt":"2026-02-10T13:20:41","slug":"field-trip-stipendium","status":"publish","type":"page","link":"https:\/\/www.akademie-solitude.de\/de\/stipendium\/sonderstipendien\/field-trip-stipendium\/","title":{"rendered":"\u00bbField Trip\u00ab-Residenzprogramm"},"content":{"rendered":"<ul>\n<li>Schriftsteller, San Jose\/Costa Rica<\/li>\n<\/ul>\n","protected":false},"excerpt":{"rendered":"<p>Schriftsteller, San Jose\/Costa Rica<\/p>\n","protected":false},"author":8,"featured_media":9772,"parent":3649,"menu_order":58,"comment_status":"closed","ping_status":"closed","template":"","meta":{"_acf_changed":false,"inline_featured_image":false,"footnotes":""},"class_list":["post-40443","page","type-page","status-publish","hentry"],"acf":{"bgcolor":"has-bg-yellow","bgcolor_custom":"","custom_color_css_variable":"","content_type":[{"acf_fc_layout":"content_txt","_acfe_flexible_layout_title":null,"acfe_flexible_layout_title":"Text","bgcolor":"has-bg-yellow","bgcolor_custom":"","layout_col_size":8,"txt_cols":"is-1-txtcol","txt":"<span class=\"has-font-maison-neue\" style=\"font-family: Maison Neue;\"><strong>\u00bbField Trip\u00ab - ein transdisziplin\u00e4res Residenzprogramm zwischen der Akademie Schloss Solitude und dem Max-Planck-Institut f\u00fcr Verhaltensbiologie<\/strong><\/span>\r\n\r\n<span class=\"has-font-maison-neue\" style=\"font-family: Maison Neue;\">Gemeinsam mit der <a href=\"https:\/\/www.ab.mpg.de\/9835\/crofoot\">Abteilung f\u00fcr \u00d6kologie der Tiergesellschaften (EAS) des Max-Planck-Instituts f\u00fcr Verhaltensbiologie (MPI-AB)<\/a>, hat die Akademie Schloss Solitude das Residenzprogramm \u00bbField Trip\u00ab ins Leben gerufen. Ziel der Zusammenarbeit ist es, den interdisziplin\u00e4ren Austausch von Praktiken gegenseitiger Wissensbildung zwischen den K\u00fcnsten und Wissenschaften zu f\u00f6rdern. Seit 2022 bietet \u00bbField Trip\u00ab das Abenteuer, einen neuen Ort kennenzulernen, in ein ungewohntes Umfeld einzutauchen und die M\u00f6glichkeit, mit Ideen zu experimentieren.<\/span>\r\n\r\n&nbsp;\r\n\r\n<strong>Idee der bilateralen Residenz <\/strong>\r\n\r\n<span class=\"has-font-reckless-light has-font-maison-neue-extended\" style=\"font-family: 'Maison Neue Extended';\">Der einzigartige Austausch er\u00f6ffnet K\u00fcnstler*innen die Gelegenheit, mit Forscher*innen des Max-Planck-Instituts f\u00fcr Verhaltensbiologie in den Dialog zu treten. Die ausgew\u00e4hlten Stipendiat*innen erhalten die M\u00f6glichkeit, Wissenschaftler*innen der Abteilung EAS f\u00fcr einen sechsw\u00f6chigen \u00bbField Trip\u00ab an ihre Forschungsorte zu begleiten. F\u00fcr die Dauer des Aufenthalts haben die Stipendiat*innen den Status von Gastforscher*innen und k\u00f6nnen an den t\u00e4glichen Feldforschungen der Wissenschaftler*innen teilnehmen. Als Fortf\u00fchrung dieses interdisziplin\u00e4ren Austauschs, verbringen die Wissenschaftler*innen dann gemeinsam mit den ausgew\u00e4hlten Stipendiat*innen sechs Wochen an der Akademie Schloss Solitude. Seit das Programm 2022 ins Leben gerufen wurde, konnten erste Ergebnisse der Residenz in einer Vielzahl von interdisziplin\u00e4ren Projekten und Veranstaltungen auch einer breiten \u00d6ffentlichkeit in Stuttgart und in Konstanz vorgestellt werden.<\/span>\r\n\r\n<span class=\"has-font-reckless-light has-font-maison-neue-extended\" style=\"font-family: 'Maison Neue Extended';\">Die dritte Ausf\u00fchrung des Austauschs im Jahr 2024 leitet ein neues Kapitel in der Zusammenarbeit ein. Zum ersten Mal haben ausgew\u00e4hlte Stipendiat*innen die M\u00f6glichkeit, das Team MELA bei ihrer Feldforschung in Indien zu begleiten. Die Forschungsgruppe untersucht ein seltenes Paarungsverhalten bei S\u00e4ugetieren, das so genannte \u00bbLekking\u00ab, das spezifisch ist f\u00fcr eine Population von Blackbuck-Antilopen, die in einem Tierschutzgebiet im Tal Chhapar in Rajasthan\/Indien leben.<\/span>\r\n\r\n&nbsp;\r\n\r\n<strong>Max-Planck-Institut f\u00fcr Verhaltensbiologie in Konstanz, Abteilung f\u00fcr \u00d6kologie der Tiergesellschaften<\/strong>\r\n\r\n<span class=\"has-font-maison-neue-extended has-font-maison-neue has-font-reckless-light\" style=\"font-family: 'Reckless Regular';\">2019 gegr\u00fcndet, forscht das Max-Planck-Institut f\u00fcr Verhaltensbiologie (MPI-AB) in enger Zusammenarbeit mit der Universit\u00e4t Konstanz daran, die Entscheidungsfindung von Tieren in ihrer nat\u00fcrlichen Umwelt zu verstehen und vorherzusagen. Insbesondere hinsichtlich der drei Themengebiete Kollektivverhalten, Tierwanderungen und \u00d6kologie der Tiergesellschaften.<\/span>\r\n\r\n<span class=\"has-font-maison-neue-extended has-font-maison-neue has-font-reckless-light\" style=\"font-family: 'Reckless Regular';\">Dar\u00fcber hinaus ist das MPI-AB Teil des Exzellenzclusters Centre for the Advanced Study of Collective Behaviour der Universit\u00e4t Konstanz. Fokus der Arbeit des MPI-AB ist es, mithilfe hochentwickelter Tracking-Technologien, Datenanalyse und Visualisierungstechniken eine Vielzahl von Tierarten zu untersuchen \u2013 von Insekten bis hin zu V\u00f6geln, Fischen und S\u00e4ugetieren, sowohl im Labor als auch in nat\u00fcrlichen Umgebungen. Die Abteilung \u00d6kologie der Tiergesellschaften besch\u00e4ftigt sich insbesondere mit der Frage: \u00bbWie entstehen und funktionieren Tiergesellschaften?\u00ab<\/span>\r\n\r\n&nbsp;"},{"acf_fc_layout":"content_img","_acfe_flexible_layout_title":null,"acfe_flexible_layout_title":"Bild(er)","bgcolor":"","bgcolor_custom":"","layout_col_size":8,"img_gallery":true,"img":[40446,40448,40450,40452],"img_gallery_format":false},{"acf_fc_layout":"content_txt","_acfe_flexible_layout_title":null,"acfe_flexible_layout_title":"Text","bgcolor":"has-bg-yellow","bgcolor_custom":"","layout_col_size":8,"txt_cols":"is-1-txtcol","txt":"<h3 style=\"text-align: center;\"><span class=\"has-font-maison-neue-extended\" style=\"font-family: 'Maison Neue Extended';\"><strong>Bewerbung<\/strong><\/span><\/h3>\r\n<strong>Die n\u00e4chste Ausschreibung f\u00fcr das \u00bbField Trip\u00ab<\/strong><strong>-<\/strong><strong>Residenzprogramm mit weiteren Informationen zur F\u00f6rderung und zu den Anforderungen wird im Herbst 2024 ver\u00f6ffentlicht. <\/strong>\r\n\r\n<span class=\"has-font-maison-neue-extended has-font-reckless-light\" style=\"font-family: 'Reckless Regular';\">Bei Fragen zum Residenzprogramm wenden Sie sich bitte an Sophie-Charlotte Thieroff, <span style=\"text-decoration: underline;\"><a href=\"http:\/\/s.thieroff@akademie-solitude.de\/\">s.thieroff@akademie-solitude.de<\/a><\/span><\/span>"},{"acf_fc_layout":"content_txt","_acfe_flexible_layout_title":null,"acfe_flexible_layout_title":"Text","bgcolor":"has-bg-yellow","bgcolor_custom":"","layout_col_size":8,"txt_cols":"is-1-txtcol","txt":"<h3 style=\"text-align: center;\"><strong>Stipendiat*innen <\/strong><\/h3>\r\n<h4>2024<\/h4>\r\n<a href=\"https:\/\/www.akademie-solitude.de\/de\/person\/simar-preet-kaur\/\"><span style=\"text-decoration: underline;\">Simar Preet Kaur<\/span><\/a>, <span class=\"has-font-reckless-light\" style=\"font-family: Reckless Regular;\">writer and journalist based in the Indian Himalayas<\/span>\r\n<br><\/br>\r\n\r\n<h4>2023<\/h4>\r\n<a href=\"https:\/\/www.akademie-solitude.de\/de\/person\/vivek-hari-sridhar\/\"><span style=\"text-decoration: underline;\">Vivek Hari Sridhar<\/span><\/a>, <span class=\"has-font-reckless-light\" style=\"font-family: Reckless Regular;\">Postdoc am MPI-AB, lebt und arbeitet in Konstanz\/Deutschland<\/span>\r\n<a href=\"https:\/\/www.akademie-solitude.de\/de\/person\/yashas-shetty\/\"><span style=\"text-decoration: underline;\">Yashas Shetty<\/span><\/a>, <span class=\"has-font-reckless-light\" style=\"font-family: Reckless Regular;\">Klangk\u00fcnstler und Komponist, lebt und arbeitet in Bangalore\/Indien<\/span>\r\n\r\n&nbsp;\r\n<h4>2022<\/h4>\r\n<a href=\"https:\/\/www.akademie-solitude.de\/de\/person\/hemal-naik\/\"><span style=\"text-decoration: underline;\">Hemal Naik<\/span><\/a>, <span class=\"has-font-reckless-light\" style=\"font-family: Reckless Regular;\">Postdoc am MPI-AB, lebt und arbeitet in Konstanz\/Deutschland<\/span>\r\n<span style=\"text-decoration: underline;\"><a href=\"https:\/\/www.akademie-solitude.de\/de\/person\/helene-sommer\/\">Helene Sommer<\/a>,<\/span> <span class=\"has-font-reckless-light\" style=\"font-family: Reckless Regular;\">K\u00fcnstlerin und Filmemacherin, lebt und arbeitet in Oslo\/Norwegen<\/span>"}],"intro_preview_headline":"\u00bbField Trip\u00ab-Residenzprogramm ","intro_preview_txt":"Gemeinsam mit der Abteilung f\u00fcr \u00d6kologie der Tiergesellschaften (EAS) des Max-Planck-Instituts f\u00fcr Verhaltensbiologie (MPI-AB), hat die Akademie Schloss Solitude das transdisziplin\u00e4re Residenzprogramm \u00bbField Trip\u00ab ins Leben gerufen. Ziel der Zusammenarbeit ist es, den interdisziplin\u00e4ren Austausch von Praktiken gegenseitiger Wissensbildung zwischen den K\u00fcnsten und Wissenschaften zu f\u00f6rdern. Seit 2022 bietet \u00bbField Trip\u00ab das Abenteuer, einen neuen Ort kennenzulernen, in ein ungewohntes Umfeld einzutauchen und die M\u00f6glichkeit, mit Ideen zu experimentieren.","intro_preview_img":"","page_program_data":861},"_links":{"self":[{"href":"https:\/\/www.akademie-solitude.de\/de\/wp-json\/wp\/v2\/pages\/40443","targetHints":{"allow":["GET"]}}],"collection":[{"href":"https:\/\/www.akademie-solitude.de\/de\/wp-json\/wp\/v2\/pages"}],"about":[{"href":"https:\/\/www.akademie-solitude.de\/de\/wp-json\/wp\/v2\/types\/page"}],"author":[{"embeddable":true,"href":"https:\/\/www.akademie-solitude.de\/de\/wp-json\/wp\/v2\/users\/8"}],"replies":[{"embeddable":true,"href":"https:\/\/www.akademie-solitude.de\/de\/wp-json\/wp\/v2\/comments?post=40443"}],"version-history":[{"count":3,"href":"https:\/\/www.akademie-solitude.de\/de\/wp-json\/wp\/v2\/pages\/40443\/revisions"}],"predecessor-version":[{"id":44598,"href":"https:\/\/www.akademie-solitude.de\/de\/wp-json\/wp\/v2\/pages\/40443\/revisions\/44598"}],"up":[{"embeddable":true,"href":"https:\/\/www.akademie-solitude.de\/de\/wp-json\/wp\/v2\/pages\/3649"}],"acf:term":[{"embeddable":true,"taxonomy":"program","href":"https:\/\/www.akademie-solitude.de\/de\/wp-json\/wp\/v2\/program\/861"}],"wp:featuredmedia":[{"embeddable":true,"href":"https:\/\/www.akademie-solitude.de\/de\/wp-json\/wp\/v2\/media\/9772"}],"wp:attachment":[{"href":"https:\/\/www.akademie-solitude.de\/de\/wp-json\/wp\/v2\/media?parent=40443"}],"curies":[{"name":"wp","href":"https:\/\/api.w.org\/{rel}","templated":true}]}}