{"id":40767,"date":"2024-05-27T15:04:37","date_gmt":"2024-05-27T13:04:37","guid":{"rendered":"https:\/\/www.akademie-solitude.de\/?page_id=40767"},"modified":"2024-05-27T15:07:39","modified_gmt":"2024-05-27T13:07:39","slug":"unterstuetzung-im-bereich-haustechnik","status":"publish","type":"page","link":"https:\/\/www.akademie-solitude.de\/de\/unterstuetzung-im-bereich-haustechnik\/","title":{"rendered":"Unterst\u00fctzung im Bereich Haustechnik"},"content":{"rendered":"","protected":false},"excerpt":{"rendered":"","protected":false},"author":4,"featured_media":0,"parent":0,"menu_order":40,"comment_status":"closed","ping_status":"closed","template":"","meta":{"_acf_changed":false,"inline_featured_image":false,"footnotes":""},"class_list":["post-40767","page","type-page","status-publish","hentry"],"acf":{"bgcolor":"","bgcolor_custom":"","custom_color_css_variable":"","content_type":[{"acf_fc_layout":"content_txt","acfe_flexible_layout_title":"Text","bgcolor":"","bgcolor_custom":"","layout_col_size":8,"txt_cols":"is-1-txtcol","txt":"<span class=\"has-font-maison-neue\" style=\"font-family: Maison Neue;\">Arbeitszeitraum:<\/span> ab sofort\r\n<span class=\"has-font-maison-neue\" style=\"font-family: Maison Neue;\">Stellenumfang: <\/span>MiniJob basis \/ Geringf\u00fcgig besch\u00e4ftigt mit 39 h\/Monat\r\n<span class=\"has-font-maison-neue\" style=\"font-family: Maison Neue;\">Verg\u00fctung:<\/span> TV-L EG 1"},{"acf_fc_layout":"content_txt","acfe_flexible_layout_title":"Text","bgcolor":"has-bg-grey","bgcolor_custom":"","layout_col_size":12,"txt_cols":"is-1-txtcol","txt":"<h5>Aufgabenbereich<\/h5>\r\n<ul>\r\n \t<li>Allgemeine Unterst\u00fctzung in der Hausmeisterei\/ Hauswirtschaft\/ Haustechnik<\/li>\r\n \t<li>Kleine Reparaturen<\/li>\r\n \t<li>Pflege Aussenanlage<\/li>\r\n \t<li>Gelegentliche Dienstfahrten (hauseigenem PKW)<\/li>\r\n \t<li>Gelegentliche <span class=\"outlook-search-highlight\" data-markjs=\"true\">Aushilfe<\/span> bei Veranstaltungen<\/li>\r\n<\/ul>\r\n\r\n\r\n<h5>Profil<\/h5>\r\n<ul>\r\n \t<li>F\u00fchrerschein<\/li>\r\n \t<li>Handwerkliches Geschick<\/li>\r\n \t<li>Keine weitere spezielle Vorkenntnisse<\/li>\r\n<\/ul>\r\n\r\n\r\n<h5>Wir bieten<\/h5>\r\n<ul>\r\n \t<li>Eine vielseitige und verantwortungsvolle T\u00e4tigkeit in einer international herausragenden Kultureinrichtung des Landes Baden-W\u00fcrttemberg<\/li>\r\n \t<li>Eine befristete Teilzeitstelle in einem kreativen Umfeld gem\u00e4\u00df TV-L EG 10 (auf 2 Jahre befristet, mit Aussicht auf \u00dcbernahme)<\/li>\r\n \t<li style=\"list-style-type: none;\"><\/li>\r\n<\/ul>"},{"acf_fc_layout":"content_txt","acfe_flexible_layout_title":"Text","bgcolor":"","bgcolor_custom":"","layout_col_size":8,"txt_cols":"is-1-txtcol","txt":"Die Akademie Schloss Solitude ber\u00fccksichtigt die Gleichstellung von Frauen, Ma\u0308nnern und Diversen nach Ma\u00dfgabe des Landesgleichstellungsgesetzes. Die Bewerbungen von Frauen, People of Color, sowie Menschen mit Migrationserfahrung sind ausdr\u00fccklich erw\u00fcnscht. Anerkannt Schwerbehinderte werden bei gleicher Eignung bevorzugt ber\u00fccksichtigt.\r\n\r\nBei Interesse senden Sie bitte Lebenslauf und Motivationsschreiben per E-Mail\u00a0 an <a href=\"mailto:bewerbung@akademie-solitude.de\">bewerbung@akademie-solitude.de<\/a>, Tel. 0711-99619-490."},{"acf_fc_layout":"content_cta","acfe_flexible_layout_title":"Link \/ Call-to-Action","bgcolor":"has-bg-red","bgcolor_custom":"","layout_col_size":6,"cta_link":{"type":"url","value":"bewerbung@akademie-solitude.de","title":"Jetzt bewerben","target":false},"cta_txt":"Hier bewerben","cta_button_txt":"E-Mail schreiben"}],"intro_preview_headline":"Unterst\u00fctzung im Bereich Haustechnik","intro_preview_txt":"","intro_preview_img":""},"_links":{"self":[{"href":"https:\/\/www.akademie-solitude.de\/de\/wp-json\/wp\/v2\/pages\/40767","targetHints":{"allow":["GET"]}}],"collection":[{"href":"https:\/\/www.akademie-solitude.de\/de\/wp-json\/wp\/v2\/pages"}],"about":[{"href":"https:\/\/www.akademie-solitude.de\/de\/wp-json\/wp\/v2\/types\/page"}],"author":[{"embeddable":true,"href":"https:\/\/www.akademie-solitude.de\/de\/wp-json\/wp\/v2\/users\/4"}],"replies":[{"embeddable":true,"href":"https:\/\/www.akademie-solitude.de\/de\/wp-json\/wp\/v2\/comments?post=40767"}],"version-history":[{"count":3,"href":"https:\/\/www.akademie-solitude.de\/de\/wp-json\/wp\/v2\/pages\/40767\/revisions"}],"predecessor-version":[{"id":40780,"href":"https:\/\/www.akademie-solitude.de\/de\/wp-json\/wp\/v2\/pages\/40767\/revisions\/40780"}],"wp:attachment":[{"href":"https:\/\/www.akademie-solitude.de\/de\/wp-json\/wp\/v2\/media?parent=40767"}],"curies":[{"name":"wp","href":"https:\/\/api.w.org\/{rel}","templated":true}]}}