{"id":42048,"date":"2025-02-14T11:42:13","date_gmt":"2025-02-14T10:42:13","guid":{"rendered":"https:\/\/www.akademie-solitude.de\/?page_id=42048"},"modified":"2026-04-07T14:55:50","modified_gmt":"2026-04-07T12:55:50","slug":"praktikum-im-bereich-programmarbeit","status":"publish","type":"page","link":"https:\/\/www.akademie-solitude.de\/de\/praktikum-im-bereich-programmarbeit\/","title":{"rendered":"Praktikum im Bereich Programmarbeit"},"content":{"rendered":"","protected":false},"excerpt":{"rendered":"","protected":false},"author":4,"featured_media":0,"parent":0,"menu_order":43,"comment_status":"closed","ping_status":"closed","template":"","meta":{"_acf_changed":false,"inline_featured_image":false,"footnotes":""},"class_list":["post-42048","page","type-page","status-publish","hentry"],"acf":{"bgcolor":"","bgcolor_custom":"","custom_color_css_variable":"","content_type":[{"acf_fc_layout":"content_txt","_acfe_flexible_layout_title":null,"acfe_flexible_layout_title":"Text","bgcolor":"","bgcolor_custom":"","layout_col_size":8,"txt_cols":"is-1-txtcol","txt":"<span class=\"has-font-maison-neue\" style=\"font-family: Maison Neue;\">Praktikumszeitraum: 1<span class=\"has-font-maison-neue\">. Januar <\/span><span class=\"has-font-maison-neue\">\u00a0bis 30. Juni 2027<\/span><\/span>\r\n<span class=\"has-font-maison-neue\" style=\"font-family: Maison Neue;\">Stellenumfang: 39,5 h \/ Woche<\/span>\r\n<span class=\"has-font-maison-neue\" style=\"font-family: Maison Neue;\">Verg\u00fctung: siehe Infokasten<\/span>\r\n<span class=\"has-font-maison-neue\" style=\"font-family: Maison Neue;\">Bewerbungsende: 31. Juli 2026<\/span>\r\n<span class=\"has-font-maison-neue\" style=\"font-family: Maison Neue;\">(Bewerbung, inklusive Lebenslauf und Motivationsschreiben als PDF)<\/span>\r\n<span class=\"has-font-maison-neue\" style=\"font-family: Maison Neue;\">Bewerbung senden an: Catherine Galliou (Verwaltungsdirektorin), <a href=\"mailto:bewerbung@akademie-solitude.de\">bewerbung@akademie-solitude.de<\/a><\/span>\r\n<span class=\"has-font-maison-neue\" style=\"font-family: Maison Neue;\">Ansprechpartnerinnen: Sophie Charlotte-Thieroff (Referentin art, science &amp; business), <a title=\"mailto:s.thieroff@akademie-solitude.de\" href=\"mailto:s.thieroff@akademie-solitude.de\" data-linkindex=\"0\">s.thieroff@akademie-solitude.de<\/a>, Tel. 0711-99619-135 und Sarah Donderer (Referentin Digitale Kulturen), <a href=\"mailto:s.donderer@akademie-solitude.de\">s.donderer@akademie-solitude.de<\/a>, Tel. 0711-99619-481.<\/span>"},{"acf_fc_layout":"content_txt","_acfe_flexible_layout_title":null,"acfe_flexible_layout_title":"Text","bgcolor":"has-bg-grey","bgcolor_custom":"","layout_col_size":12,"txt_cols":"is-1-txtcol","txt":"<strong><span class=\"has-font-maison-neue\" style=\"font-family: Maison Neue;\">Sie m\u00f6chten Kunst, Wissenschaft und Technologie miteinander verbinden? Sie interessieren sich f\u00fcr aktuelle gesellschaftliche Diskurse und haben Lust, in einer internationalen K\u00fcnstler*innenresidenz mitzuarbeiten?<\/span><\/strong>\r\n<strong><span class=\"has-font-maison-neue\" style=\"font-family: Maison Neue;\">Dann sind Sie bei uns genau richtig.<\/span><\/strong>\r\n\r\nDie Akademie Schloss Solitude in Stuttgart sucht <strong>ab dem 1. Januar 2027 <\/strong>f\u00fcr sechs Monate eine*n <strong>Praktikant*in (m\/w\/d) <\/strong>f\u00fcr die Programmarbeit, unter anderem in den Bereichen <a href=\"https:\/\/www.akademie-solitude.de\/de\/themencluster\/asb\/\">a<em>rt, science &amp; business<\/em><\/a> und <em><a href=\"https:\/\/www.akademie-solitude.de\/de\/fokusprogramme\/digitale-kulturen\/\">Digitale Kulturen.<\/a><\/em>\r\n<h4>\u00dcber die Akademie<\/h4>\r\nDie Akademie Schloss Solitude ist eine Stiftung des \u00f6ffentlichen Rechts mit Sitz in Stuttgart, die mit ihrem internationalen und transdisziplin\u00e4ren Stipendienprogramm junge Ku\u0308nstler*innen sowie Wissenschaftler*innen aus den Bereichen Architektur, Bildende Kunst, Darstellende Kunst, Design, Literatur, Musik\/Klang, Zeitbasierte Medien, Geisteswissenschaften, Sozialwissenschaften und Wirtschaft\/ Wirtschaftswissenschaften f\u00f6rdert. Seit 1990 hat die Akademie mehr als 1.800 Stipendiat*innen aus u\u0308ber 120 L\u00e4ndern mit Wohn- und Arbeitsstipendien darin gef\u00f6rdert, eigene Arbeiten und Projekte umzusetzen und weiterzuentwickeln. Die Akademie Schloss Solitude gilt international als wichtige und innovative F\u00f6rdereinrichtung und Netzwerk fu\u0308r junge Ku\u0308nstler*innen und Forschende aller Sparten.\r\n\r\nZur Verst\u00e4rkung ihres Teams von 16 Mitarbeiter*innen bietet die Akademie Schloss Solitude Praktikumsstellen in verschiedenen Bereichen an, vorrangig an junge Bachelor- und Master-Absolvent*innen aus der Region Stuttgart. Ziel solcher Praktika ist das Erlernen von Mechanismen und Arbeitstechniken, die im Bereich von Kulturorganisationen und -institutionen n\u00f6tig sind, vor allem in einer internationalen Ku\u0308nstlerresidenz.\r\n\r\nIm Bereich <span class=\"has-font-maison-neue\" style=\"font-family: Maison Neue;\">Programmarbeit<\/span> vergeben wir im Turnus von <span class=\"has-font-maison-neue\" style=\"font-family: Maison Neue;\">sechs Monaten<\/span> ein Vollzeitpraktikum.\r\n\r\n<span class=\"has-font-maison-neue\" style=\"font-family: Maison Neue;\">Der T\u00e4tigkeitsbereich umfasst unter anderem:<\/span>\r\n<ul>\r\n \t<li>Unterstu\u0308tzung des Teams im Bereich Programmarbeit bei der Organisation von Veranstaltungen, Recherche, redaktioneller Arbeit, Dokumentation und Textarbeit<\/li>\r\n \t<li>Unterstu\u0308tzung beim Verfassen, Redigieren und \u00dcbersetzen von Texten, Blog-Beitr\u00e4gen, Biografien, Veranstaltungsinformationen und Pressematerialien<\/li>\r\n \t<li>Unterstu\u0308tzung bei der inhaltlichen Betreuung und der lokalen Vernetzung der Stipendiat*innen<\/li>\r\n \t<li>Einbringen eigener Ideen und Kennenlernen des internationalen Stipendiat*innen-Netzwerks in einem kreativen Arbeitsumfeld.<\/li>\r\n<\/ul>\r\nDie Praktikant*innen sind w\u00e4hrend der Zeit Teil des Teams, u\u0308bernehmen selbstst\u00e4ndige Aufgaben, sie arbeiten aber auch Kolleg*innen der Akademie zu. Sie verfu\u0308gen u\u0308ber einen vollst\u00e4ndig eingerichteten eigenen Arbeitsplatz.\r\nEin Praktikum an der Akademie Schloss Solitude ist eine Vollzeitbesch\u00e4ftigung mit einer Wochenarbeitszeit von 39,5 Stunden. Bei einem ausgeschriebenen Pflichtpraktikum im Rahmen eines Studiums bel\u00e4uft sich die Aufwandsentsch\u00e4digung auf 500 Euro\/Monat. Sofern es sich nicht um ein Pflichtpraktikum handelt, gelten die Konditionen des MiLoG (ca. 2000 Euro brutto).\r\n\r\nDie Bewerbungen von BIPoC, queeren Personen und FLINTA (Frauen, Lesben, Inter*, Non-Binary*, trans*, Agender*Personen) sowie Personen mit Migrationshintergrund sind ausdru\u0308cklich erwu\u0308nscht. Anerkannt Schwerbehinderte werden bei gleicher Eignung bevorzugt beru\u0308cksichtigt."},{"acf_fc_layout":"content_txt","_acfe_flexible_layout_title":null,"acfe_flexible_layout_title":"Text","bgcolor":"","bgcolor_custom":"","layout_col_size":8,"txt_cols":"is-1-txtcol","txt":"<h4>Rahmenbedingungen<\/h4>\r\n<strong><span class=\"has-font-reckless-light\" style=\"font-family: Reckless Regular;\">Praktikumszeitraum:<\/span><\/strong> 1. Januar 2027 bis zum 31. Dezember 2027\r\n<strong><span class=\"has-font-reckless-light\" style=\"font-family: Reckless Regular;\">Wochenarbeitszeit:<\/span><\/strong> 39,5 Stunden (Vollzeit)\r\n<strong><span class=\"has-font-reckless-light\" style=\"font-family: Reckless Regular;\">Arbeitsplatz:<\/span><\/strong> Ein eigener, voll ausgestatteter Arbeitsplatz in der Akademie\r\n<h4>Bewerbung<\/h4>\r\n<span class=\"has-font-reckless-light\" style=\"font-family: Reckless Regular;\"><strong>Bei Interesse senden Sie bitte Lebenslauf und Motivationsschreiben (als PDF) per E-Mail bis zum <\/strong><span class=\"has-font-maison-neue\" style=\"font-family: Maison Neue;\">31. Juli 2026<\/span>\u00a0per E-Mail an <strong>Catherine Galliou (Verwaltungsdirektorin):<\/strong> <a href=\"mailto:bewerbung@akademie-solitude.de\">bewerbung@akademie-solitude.de<\/a>.<\/span>\r\n<h4>F\u00fcr R\u00fcckfragen<\/h4>\r\n<span class=\"has-font-reckless-light\" style=\"font-family: Reckless Regular;\">Fu\u0308r Ru\u0308ckfragen zum Praktikum wenden Sie sich bitte an\r\n<\/span><span class=\"has-font-reckless-light\" style=\"font-family: Reckless Regular;\">Sophie-Charlotte Thieroff(Referentin art, science &amp; business):<\/span>\r\n<span class=\"has-font-reckless-light\" style=\"font-family: Reckless Regular;\">s.thieroff(at)akademie-solitude.de, Tel. 0711-99619-135.<\/span>\r\n<span class=\"has-font-reckless-light\" style=\"font-family: Reckless Regular;\">Sarah Donderer (Referentin Digitale Kulturen):<\/span>\r\n<span class=\"has-font-reckless-light\" style=\"font-family: Reckless Regular;\">s.donderer(at)akademie-solitude.de, Tel. 0711-99619-481.<\/span>\r\n\r\n<span class=\"has-font-reckless-light\" style=\"font-family: Reckless Regular;\">Wir freuen uns auf Ihre Bewerbung!<\/span>"},{"acf_fc_layout":"content_cta","_acfe_flexible_layout_title":null,"acfe_flexible_layout_title":"Link \/ Call-to-Action","bgcolor":"has-bg-red","bgcolor_custom":"","layout_col_size":8,"cta_link":{"type":"url","value":"mailto:bewerbung@akademie-solitude.de","title":"","target":true},"cta_txt":"Hier bewerben","cta_button_txt":"E-Mail senden"},{"acf_fc_layout":"content_download","_acfe_flexible_layout_title":null,"acfe_flexible_layout_title":"Download","bgcolor":"has-bg-blue","bgcolor_custom":"","layout_col_size":8,"download_txt":"Download PDF","download_file":45057}],"intro_preview_headline":"Praktikum im Bereich Programmarbeit","intro_preview_txt":"","intro_preview_img":""},"_links":{"self":[{"href":"https:\/\/www.akademie-solitude.de\/de\/wp-json\/wp\/v2\/pages\/42048","targetHints":{"allow":["GET"]}}],"collection":[{"href":"https:\/\/www.akademie-solitude.de\/de\/wp-json\/wp\/v2\/pages"}],"about":[{"href":"https:\/\/www.akademie-solitude.de\/de\/wp-json\/wp\/v2\/types\/page"}],"author":[{"embeddable":true,"href":"https:\/\/www.akademie-solitude.de\/de\/wp-json\/wp\/v2\/users\/4"}],"replies":[{"embeddable":true,"href":"https:\/\/www.akademie-solitude.de\/de\/wp-json\/wp\/v2\/comments?post=42048"}],"version-history":[{"count":4,"href":"https:\/\/www.akademie-solitude.de\/de\/wp-json\/wp\/v2\/pages\/42048\/revisions"}],"predecessor-version":[{"id":45059,"href":"https:\/\/www.akademie-solitude.de\/de\/wp-json\/wp\/v2\/pages\/42048\/revisions\/45059"}],"wp:attachment":[{"href":"https:\/\/www.akademie-solitude.de\/de\/wp-json\/wp\/v2\/media?parent=42048"}],"curies":[{"name":"wp","href":"https:\/\/api.w.org\/{rel}","templated":true}]}}