{"id":42416,"date":"2025-03-24T19:31:39","date_gmt":"2025-03-24T18:31:39","guid":{"rendered":"https:\/\/www.akademie-solitude.de\/?page_id=42416"},"modified":"2025-03-27T10:49:36","modified_gmt":"2025-03-27T09:49:36","slug":"gameschanger","status":"publish","type":"page","link":"https:\/\/www.akademie-solitude.de\/de\/programme-projekte\/gameschanger\/","title":{"rendered":"Game(s)Changer"},"content":{"rendered":"","protected":false},"excerpt":{"rendered":"","protected":false},"author":1,"featured_media":0,"parent":9610,"menu_order":103,"comment_status":"closed","ping_status":"closed","template":"","meta":{"_acf_changed":false,"inline_featured_image":false,"footnotes":""},"class_list":["post-42416","page","type-page","status-publish","hentry"],"acf":{"bgcolor":"has-bg-yellow","bgcolor_custom":"","custom_color_css_variable":"","content_type":[{"acf_fc_layout":"content_txt","acfe_flexible_layout_title":"Text","bgcolor":"","bgcolor_custom":"","layout_col_size":8,"txt_cols":"is-1-txtcol","txt":"<h3 style=\"text-align: center;\">Mit Spielen spielen \u2013 Spiel als gesellschaftlich relevante Kunstform<\/h3>\r\n&nbsp;\r\n\r\n<span class=\"has-font-maison-neue\" style=\"font-family: Maison Neue;\">In einem dreij\u00e4hrigen Projekt besch\u00e4ftigt sich die Akademie Schloss Solitude in Kooperation mit den K\u00fcnstler*innen von Post Theater mit der Frage, wie Spiele zu k\u00fcnstlerischen Ausdrucksmitteln werden, die gesellschaftlich relevante Fragen aufgreifen k\u00f6nnen. Dazu werden in Workshops mit der spielenden Bev\u00f6lkerung zwischen 18 und 28 Jahren gemeinsam Spiele gespielt, untersucht, selbst erfunden und pr\u00e4sentiert.<\/span>\r\n\r\n<span class=\"has-font-reckless-light\" style=\"font-family: Reckless Regular;\">Noch nie wurde so viel gespielt wie heute \u2013 sei es analog oder digital. Gerade auch von jungen Erwachsenen. Hintergr\u00fcnde sind sowohl das gestiegene Angebot als auch das gr\u00f6\u00dfere Bed\u00fcrfnis nach gemeinschaftlichen Freizeitbet\u00e4tigungen. Die Akademie Schloss Solitude und Post Theater laden Interessierte dazu ein, sich mit dem Spielen an sich und als Experimentierfeld f\u00fcr gesellschaftliche Themen auseinanderzusetzen. Im Austausch mit internationalen K\u00fcnstler*innen an der Akademie Schloss Solitude und Fachleuten aus der Spielewelt k\u00f6nnen Spiele entdeckt, neu gedacht oder entwickelt werden.<\/span>\r\n\r\n<span class=\"has-font-reckless-light\" style=\"font-family: Reckless Regular;\">Ein Game Changer ist ein radikaler Wendepunkt oder eine tiefgreifende Ver\u00e4nderung in einem eingespielten Prozess. Spielende k\u00f6nnen zu Spiele-Entwickler*innen werden und mit Spielen aktuelle Diskurse in der Gesellschaft ver\u00e4ndern \u2013 gerade weil sie es erlauben, Themen spielerisch zu begreifen und zu behandeln.<\/span>\r\n\r\n<span class=\"has-font-reckless-light\" style=\"font-family: Reckless Regular;\">Im ersten Jahr steht das Thema der kulturell vielf\u00e4ltigen Gesellschaft als Inhalt f\u00fcr Spiele im Fokus. Es folgen weitere Themen f\u00fcr das zweite und das dritte Jahr.<\/span>\r\n\r\n<span class=\"has-font-reckless-light\" style=\"font-family: Reckless Regular;\">Eine Kooperation von Akademie Schloss Solitude und Post Theater<\/span>\r\n\r\n<span class=\"has-font-reckless-light\" style=\"font-family: Reckless Regular;\">\u00bbGame(s)Changer\u00ab wird gef\u00f6rdert im Rahmen von Kulturkessel \u2013 eine F\u00f6rderinitiative des Kulturkreises der deutschen Wirtschaft in Stuttgart, erm\u00f6glicht durch Mercedes-Benz.\r\n<\/span>"},{"acf_fc_layout":"content_img","acfe_flexible_layout_title":"Bild(er)","bgcolor":"","bgcolor_custom":"","layout_col_size":6,"img_gallery":false,"img":[42401],"img_gallery_format":false},{"acf_fc_layout":"content_txt","acfe_flexible_layout_title":"Text","bgcolor":"","bgcolor_custom":"","layout_col_size":8,"txt_cols":"is-1-txtcol","txt":"<h3 style=\"text-align: center;\">Thema 2025 mit Open Call\r\n\u00bbPlay a New Bev\u00f6lkerung \u2013 Wie m\u00f6chten wir gemeinsam leben?\u00ab<\/h3>\r\n<span class=\"has-font-reckless-light\" style=\"font-family: Reckless Regular;\">Schon mal ein Brett- oder Computerspiel gespielt und gew\u00fcnscht, es w\u00e4re anders? Kooperativ oder mit anderen Zielen des Gewinnens? Mit M\u00f6glichkeiten, eine andere Rolle einzunehmen? Oder schon mal \u00fcberlegt, was ein Spiel spannender machen k\u00f6nnte, oder wie es mehr mit der eigenen Welt zu tun haben k\u00f6nnte? Spiele erz\u00e4hlen viel \u00fcber die Welt \u2013 aber wessen Welt? Wie s\u00e4he die Welt aus, wenn wir sie selbst erfinden und darin spielen?<\/span>\r\n\r\n<span class=\"has-font-reckless-light\" style=\"font-family: Reckless Regular;\">In vier Workshop-Sessions (je ein halbes Wochenende, zwischen Mai und Juli 2025) an der Akademie Schloss Solitude k\u00f6nnen Spielebegeisterte herausfinden, welche Personen hinter der Entwicklung von Spielen stecken. Zu welchen Themen und Situationen gespielt wird. \u00bbGame(s)Changer\u00ab bietet neben spannenden Impulsen zu kulturellen Hintergr\u00fcnden und Spielemechanismen auch Austausch mit internationalen K\u00fcnstler*innen an der Akademie Schloss Solitude sowie mit Expert*innen aus der Welt der Spiele. Gemeinsam mit den Teilnehmer*innen werden die Welt der Spiele und ihre vielf\u00e4ltigen M\u00f6glichkeiten und Formate erforscht, ein (Gesellschafts-)Spiel wird erfunden und am Ende der Sessions gemeinsam pr\u00e4sentiert.<\/span>\r\n\r\n<span class=\"has-font-reckless-light\" style=\"font-family: Reckless Regular;\">Im Mai und Juli 2025 finden insgesamt vier Workshop-Sessions an der Akademie Schloss Solitude mit dem Themenschwerpunkt \u00bbPlay a New Bev\u00f6lkerung \u2013 Wie m\u00f6chten wir gemeinsam leben?\u00ab statt.<\/span>\r\n\r\n<span class=\"has-font-reckless-light\" style=\"font-family: Reckless Regular;\">Zum Open Call geht es <a href=\"https:\/\/www.akademie-solitude.de\/de\/news\/open-call-zur-teilnahme-an-gameschanger-play-a-new-bevoelkerung\/\" target=\"_blank\" rel=\"noopener\">hier<\/a>.<\/span>"}],"intro_preview_headline":"","intro_preview_txt":"<span class=\"has-font-maison-neue\">Im Rahmen eines dreij\u00e4hrigen Projekts besch\u00e4ftigt sich die Akademie Schloss Solitude in Kooperation mit den K\u00fcnstler*innen von Post Theater mit der Frage, wie Spiele zu k\u00fcnstlerischen Ausdrucksmitteln werden, die gesellschaftlich relevante Fragen aufgreifen k\u00f6nnen. Dazu werden in Workshops mit der spielenden Bev\u00f6lkerung zwischen 18 und 28 Jahren gemeinsam Spiele gespielt, untersucht, selbst erfunden und pr\u00e4sentiert.<\/span>","intro_preview_img":42401},"_links":{"self":[{"href":"https:\/\/www.akademie-solitude.de\/de\/wp-json\/wp\/v2\/pages\/42416","targetHints":{"allow":["GET"]}}],"collection":[{"href":"https:\/\/www.akademie-solitude.de\/de\/wp-json\/wp\/v2\/pages"}],"about":[{"href":"https:\/\/www.akademie-solitude.de\/de\/wp-json\/wp\/v2\/types\/page"}],"author":[{"embeddable":true,"href":"https:\/\/www.akademie-solitude.de\/de\/wp-json\/wp\/v2\/users\/1"}],"replies":[{"embeddable":true,"href":"https:\/\/www.akademie-solitude.de\/de\/wp-json\/wp\/v2\/comments?post=42416"}],"version-history":[{"count":3,"href":"https:\/\/www.akademie-solitude.de\/de\/wp-json\/wp\/v2\/pages\/42416\/revisions"}],"predecessor-version":[{"id":42441,"href":"https:\/\/www.akademie-solitude.de\/de\/wp-json\/wp\/v2\/pages\/42416\/revisions\/42441"}],"up":[{"embeddable":true,"href":"https:\/\/www.akademie-solitude.de\/de\/wp-json\/wp\/v2\/pages\/9610"}],"wp:attachment":[{"href":"https:\/\/www.akademie-solitude.de\/de\/wp-json\/wp\/v2\/media?parent=42416"}],"curies":[{"name":"wp","href":"https:\/\/api.w.org\/{rel}","templated":true}]}}