{"id":44159,"date":"2025-12-10T18:49:47","date_gmt":"2025-12-10T17:49:47","guid":{"rendered":"https:\/\/www.akademie-solitude.de\/?page_id=44159"},"modified":"2025-12-18T12:27:03","modified_gmt":"2025-12-18T11:27:03","slug":"mitarbeiterin-in-der-haus-und-betriebstechnik","status":"publish","type":"page","link":"https:\/\/www.akademie-solitude.de\/de\/akademie\/jobs\/mitarbeiterin-in-der-haus-und-betriebstechnik\/","title":{"rendered":"Mitarbeiter*in in der Haus- und Betriebstechnik (m\/w\/d) in Vollzeit\/Teilzeit 70%"},"content":{"rendered":"","protected":false},"excerpt":{"rendered":"","protected":false},"author":4,"featured_media":0,"parent":9651,"menu_order":31,"comment_status":"closed","ping_status":"closed","template":"","meta":{"_acf_changed":false,"inline_featured_image":false,"footnotes":""},"class_list":["post-44159","page","type-page","status-publish","hentry"],"acf":{"bgcolor":"","bgcolor_custom":"","custom_color_css_variable":"","content_type":[{"acf_fc_layout":"content_txt","acfe_flexible_layout_title":"Text","bgcolor":"","bgcolor_custom":"","layout_col_size":8,"txt_cols":"is-1-txtcol","txt":"<strong>Arbeitszeitraum:<\/strong> ab April 2026\r\n(2 Jahre befristet, mit Aussicht auf \u00dcbernahme)\r\n<strong>Stellenumfang:<\/strong> Vollzeit oder Teilzeit 70%\r\n<strong>Verg\u00fctung:<\/strong> TV-L EG 9\r\n<strong>Bewerbungsende:<\/strong> 15. Februar 2026 (Bewerbung, inklusive Lebenslauf und Anschreiben)\r\n\r\n&nbsp;"},{"acf_fc_layout":"content_txt","acfe_flexible_layout_title":"Text","bgcolor":"has-bg-grey","bgcolor_custom":"","layout_col_size":12,"txt_cols":"is-1-txtcol","txt":"Die Akademie Schloss Solitude sucht <span class=\"has-font-maison-neue\" style=\"font-family: Maison Neue;\"><strong>ab April 2026<\/strong><\/span> eine*n engagierte*n\r\n<p style=\"text-align: center;\"><strong>Haus- und Betriebstechniker*in (m\/w\/d) in Vollzeit\/Teilzeit 70%<\/strong><\/p>\r\nDie Stelle ist zun\u00e4chst auf 24 Monate <strong>befristet<\/strong> mit Aussicht auf \u00dcbernahme in ein unbefristetes Arbeitsverh\u00e4ltnis. Sie wird nach <strong>TV-L EG 9<\/strong> verg\u00fctet. Arbeitsort ist Stuttgart. Die Stelle wird als Vollzeitstelle ausgeschrieben ist aber grunds\u00e4tzlich teilbar mit einem Anteil von mindestens 70%.\r\n<h5>Ihre Aufgaben:<\/h5>\r\n<ul>\r\n \t<li>Fachliche Verantwortung f\u00fcr die Haustechnik der Akademie in enger Zusammenarbeit mit der Verwaltungsleitung und in Abstimmung mit dem Amt f\u00fcr Verm\u00f6gen und Bau Baden-W\u00fcrttemberg.<\/li>\r\n \t<li>Betreuung, Pflege und Instandhaltung der Geb\u00e4ude und ihrer technischen Einrichtungen und Anlagen unter der Ber\u00fccksichtigung besonderer Anforderungen des Denkmalschutzes.<\/li>\r\n \t<li>Ausf\u00fchrung kleinerer Reparaturen und Wartungsarbeiten an der Geb\u00e4ude- und Haustechnik sowie der Verwaltungsr\u00e4ume und Wohnstudios.<\/li>\r\n \t<li>Technische Unterst\u00fctzung von Stipendiat*innen in ihren Wohn- und Arbeitsr\u00e4umen sowie der Mitarbeiter*innen.<\/li>\r\n \t<li>\u00dcberwachung und Bedienung der Heizungsanlage bzw. des Blockheizkraftwerks und der Brandmeldeanlage.<\/li>\r\n \t<li>Kontrolle der Einhaltung von Pr\u00fcffristen \u00fcberwachungspflichtiger Anlagen sowie Durchf\u00fchrung laufender Objektbegehungen.<\/li>\r\n \t<li>Auf- und Abbau sowie gelegentliche Begleitung von Veranstaltungen.<\/li>\r\n \t<li>Lager-, Ordnungs- und Sicherheitsmanagement in den Geb\u00e4uden.<\/li>\r\n \t<li>Pflege der Au\u00dfen- und Gr\u00fcnanlagen.<\/li>\r\n \t<li>Dienstfahrten aller Art mit hauseigenem Transporter.<\/li>\r\n \t<li>Erstellung der Dienstpl\u00e4ne f\u00fcr Aushilfen in der Haustechnik.<\/li>\r\n \t<li>Einholung von Angeboten f\u00fcr Wartung- u. Reparaturarbeiten mit \u00dcberwachung der Ausf\u00fchrung.<\/li>\r\n<\/ul>\r\n<ul>\r\n \t<li style=\"list-style-type: none;\"><\/li>\r\n<\/ul>\r\n<h5>Ihr Profil<\/h5>\r\n<ul>\r\n \t<li>Eine abgeschlossene Berufsausbildung in einem handwerklichen Beruf, z. B.\u00a0 Anlagenmechaniker*in f\u00fcr Heizung, Klima, Sanit\u00e4r oder Elektroniker*in f\u00fcr Energie- und Geb\u00e4udetechnik oder eine vergleichbare Ausbildung mit Berufserfahrung als Hausmeister*in, technische*r Hauswart*in oder Monteur*in in der Geb\u00e4ude- und\/oder Haustechnik.<\/li>\r\n \t<li>Mehrj\u00e4hrige Berufserfahrung in oben genannten Arbeitsgebieten.<\/li>\r\n \t<li>Technisches Verst\u00e4ndnis sowie Kenntnisse in der Bedienung technischer Anlagen.<\/li>\r\n \t<li>Selbst\u00e4ndige Organisation der eigenen Arbeit.<\/li>\r\n \t<li>K\u00f6rperliche Belastbarkeit f\u00fcr die Erledigung oben genannter Dienstaufgaben.<\/li>\r\n \t<li>Kommunikationsst\u00e4rke und Freude an der Zusammenarbeit im Team.<\/li>\r\n \t<li>Interkulturelle Kompetenzen und Freude an der Arbeit mit internationalen K\u00fcnstler*innen.<\/li>\r\n \t<li>Bereitschaft zu gelegentlicher Arbeit au\u00dferhalb der Dienstzeiten.<\/li>\r\n \t<li>Sehr gute Deutsch- und Englischkenntnisse in Wort und Schrift.<\/li>\r\n \t<li>Besitz der Fahrerlaubnis Klasse B.<\/li>\r\n \t<li>Umgang mit MS Office<\/li>\r\n<\/ul>\r\n<h5>Was wir bieten<\/h5>\r\n<ul>\r\n \t<li>Eine leistungsgerechte Verg\u00fctung in Anlehnung an den TVL bis Entgeltgruppe 9\r\n(bei Vorliegen der fachlichen Qualifikationen) einschlie\u00dflich den Sozialleistungen des \u00f6ffentlichen Dienstes wie z. B. verm\u00f6genswirksame Leistungen, Weihnachtsgeld, betriebliche Altersvorsorge etc.<\/li>\r\n \t<li>Umfassende Einarbeitung durch den bisherigen Stelleninhaber.<\/li>\r\n \t<li>30 Tage Urlaub und zus\u00e4tzlich freie Tage an Heiligabend und Silvester.<\/li>\r\n \t<li>Ein engagiertes und diverses Team, das mit Leidenschaft zusammenarbeitet.<\/li>\r\n \t<li>F\u00f6rderung der beruflichen Entwicklung durch gemeinsame und individuelle Fortbildungen.<\/li>\r\n \t<li>Fahrtkostenzuschuss (Jobticket BW).<\/li>\r\n \t<li>Bezuschusstes Mittagessen in der hauseigenen Cafeteria.<\/li>\r\n \t<li>Arbeiten an einem einzigartigen Ort \u2013 im historischen Schloss mit Blick ins Gr\u00fcn<\/li>\r\n<\/ul>"},{"acf_fc_layout":"content_txt","acfe_flexible_layout_title":"Text","bgcolor":"","bgcolor_custom":"","layout_col_size":8,"txt_cols":"is-1-txtcol","txt":"<h5>Vielfalt, Inklusion &amp; Chancengleichheit<\/h5>\r\nDie Akademie Schloss Solitude setzt sich aktiv f\u00fcr Vielfalt, Inklusion und Chancengleichheit ein. Wir sch\u00e4tzen die unterschiedlichen Kompetenzen, Perspektiven und Hintergr\u00fcnde unserer Mitarbeitenden und sehen sie als Bereicherung f\u00fcr unsere Arbeit. Wir ermutigen ausdr\u00fccklich Bewerbungen von allen qualifizierten Personen, unabh\u00e4ngig von Alter, Geschlecht, ethnischer oder kultureller Herkunft, Religion und Weltanschauung, sexueller Orientierung und Identit\u00e4t oder einer m\u00f6glichen Behinderung. Dar\u00fcber hinaus f\u00f6rdern wir die Vereinbarkeit von Beruf und Familie.\r\n<h5>Bewerbung<\/h5>\r\nBei Interesse senden Sie bitte Lebenslauf und Motivationsschreiben per E-Mail bis zum <strong>15. Februar 2026 <\/strong>an <a href=\"mailto:bewerbung@akademie-solitude.de\">bewerbung@akademie-solitude.de<\/a>, Tel. 0711-99619-490."},{"acf_fc_layout":"content_cta","acfe_flexible_layout_title":"Link \/ Call-to-Action","bgcolor":"has-bg-red","bgcolor_custom":"","layout_col_size":8,"cta_link":{"type":"url","value":"mailto:bewerbung@akademie-solitude.de","title":"Jetzt bewerben","target":false},"cta_txt":"Hier bewerben","cta_button_txt":"E-Mail schreiben"},{"acf_fc_layout":"content_download","acfe_flexible_layout_title":"Download","bgcolor":"has-bg-blue","bgcolor_custom":"","layout_col_size":8,"download_txt":"Ausschreibung als PDF","download_file":44194}],"intro_preview_headline":"Mitarbeiter*in in der Haus- und Betriebstechnik","intro_preview_txt":"","intro_preview_img":""},"_links":{"self":[{"href":"https:\/\/www.akademie-solitude.de\/de\/wp-json\/wp\/v2\/pages\/44159","targetHints":{"allow":["GET"]}}],"collection":[{"href":"https:\/\/www.akademie-solitude.de\/de\/wp-json\/wp\/v2\/pages"}],"about":[{"href":"https:\/\/www.akademie-solitude.de\/de\/wp-json\/wp\/v2\/types\/page"}],"author":[{"embeddable":true,"href":"https:\/\/www.akademie-solitude.de\/de\/wp-json\/wp\/v2\/users\/4"}],"replies":[{"embeddable":true,"href":"https:\/\/www.akademie-solitude.de\/de\/wp-json\/wp\/v2\/comments?post=44159"}],"version-history":[{"count":3,"href":"https:\/\/www.akademie-solitude.de\/de\/wp-json\/wp\/v2\/pages\/44159\/revisions"}],"predecessor-version":[{"id":44198,"href":"https:\/\/www.akademie-solitude.de\/de\/wp-json\/wp\/v2\/pages\/44159\/revisions\/44198"}],"up":[{"embeddable":true,"href":"https:\/\/www.akademie-solitude.de\/de\/wp-json\/wp\/v2\/pages\/9651"}],"wp:attachment":[{"href":"https:\/\/www.akademie-solitude.de\/de\/wp-json\/wp\/v2\/media?parent=44159"}],"curies":[{"name":"wp","href":"https:\/\/api.w.org\/{rel}","templated":true}]}}