{"id":45099,"date":"2026-04-16T15:58:16","date_gmt":"2026-04-16T13:58:16","guid":{"rendered":"https:\/\/www.akademie-solitude.de\/?page_id=45099"},"modified":"2026-04-16T16:58:11","modified_gmt":"2026-04-16T14:58:11","slug":"metabolic-futures","status":"publish","type":"page","link":"https:\/\/www.akademie-solitude.de\/de\/programme-projekte\/metabolic-futures\/","title":{"rendered":"Metabolic Futures"},"content":{"rendered":"","protected":false},"excerpt":{"rendered":"","protected":false},"author":4,"featured_media":0,"parent":9610,"menu_order":104,"comment_status":"closed","ping_status":"closed","template":"","meta":{"_acf_changed":false,"inline_featured_image":false,"footnotes":""},"class_list":["post-45099","page","type-page","status-publish","hentry"],"acf":{"bgcolor":"has-bg-yellow","bgcolor_custom":"","custom_color_css_variable":"","content_type":[{"acf_fc_layout":"content_txt","_acfe_flexible_layout_title":null,"acfe_flexible_layout_title":"Text","bgcolor":"","bgcolor_custom":"","layout_col_size":8,"txt_cols":"is-1-txtcol","txt":"<p class=\"p1\"><span class=\"has-font-maison-neue\" style=\"font-family: Maison Neue;\">Metabolismus bezeichnet den Prozess, durch den Lebewesen Stoffe umwandeln, um zu leben. Heute reicht dieser Prozess weit \u00fcber den K\u00f6rper hinaus: Er entfaltet sich \u00fcber landwirtschaftliche Betriebe, Fabriken, Labore, Lieferketten und Umwelten hinweg. Gerade weil Metabolismus so allt\u00e4glich ist \u2013 eingebettet in die Stoffe und Routinen des t\u00e4glichen Lebens \u2013, bleibt er oft im Verborgenen sichtbar. Seit 2025 untersucht die Akademie Schloss Solitude in Zusammenarbeit mit dem Geografen Maan Barua, wie sich diese materiellen Zusammenh\u00e4nge wahrnehmbar, denkbar und f\u00fcr k\u00fcnstlerische, wissenschaftliche und politische Auseinandersetzungen \u00f6ffnen lassen.<\/span><\/p>\r\n<span class=\"has-font-reckless-light\" style=\"font-family: Reckless Regular;\">Warum Metabolismus, warum jetzt? Metabolismus steht f\u00fcr eine grundlegende Transformation darin, wie Leben organisiert ist. Tierisches Leben wurde radikal neu skaliert: Nutztiere, gez\u00fcchtet auf Effizienz und Profit, \u00fcbersteigen heute die Biomasse der Menschen auf dem Planeten. Industrielle Verarbeitung pr\u00e4gt den Alltag der Ern\u00e4hrung, wobei hochverarbeitete Lebensmittel in vielen Teilen der Welt zu einer dominierenden Kalorienquelle werden. Gleichzeitig ist Exposition untrennbar mit dem Leben verbunden. Was in den K\u00f6rper gelangt, beschr\u00e4nkt sich nicht auf N\u00e4hrstoffe allein: Tausende von lebensmittelkontaktierenden Chemikalien zirkulieren \u00fcber Verpackungen, Zusatzstoffe und Umwelten, von denen viele im menschlichen K\u00f6rper nachweisbar sind.<\/span>\r\n\r\n<span class=\"has-font-reckless-light\" style=\"font-family: Reckless Regular;\">Metabolismus bietet eine M\u00f6glichkeit, \u00d6konomie auf der Ebene des Lebens selbst zu verstehen. \u00d6konomien produzieren und zirkulieren nicht nur G\u00fcter \u2013 sie organisieren auch, was K\u00f6rper aufnehmen, verarbeiten, tolerieren und weitergeben. Industrielle Tierhaltung macht Wachstum zu messbarer Produktivit\u00e4t. Lebensmittelverarbeitung verwandelt Ern\u00e4hrung in eine Frage des Designs. Verpackungen, Konservierungsstoffe und Zusatzstoffe erm\u00f6glichen es Substanzen, zu zirkulieren und stabil zu bleiben, w\u00e4hrend viele dieser Verbindungen zugleich in Medikamenten, Kosmetika und anderen Alltagsprodukten vorkommen. In diesem Sinne entsteht Wert nicht nur durch Produktion, sondern durch Substitution, Standardisierung und logistische Kontrolle \u2013 bei gleichzeitig ungleicher Verteilung chemischer Belastungen und \u00f6kologischer Lasten.<\/span>\r\n\r\n<span class=\"has-font-reckless-light\" style=\"font-family: Reckless Regular;\">Als biologisches wie sozio-materielles Konzept bietet Metabolismus ein Vokabular zur Analyse von St\u00e4dten, Landschaften und Infrastrukturen. Er beschreibt, wie Ressourcen, Energie, Abfall und Stoffe durch Systeme zirkulieren, die von Ungleichheit und Machtverh\u00e4ltnissen gepr\u00e4gt sind. Umwelten sind in dieser Perspektive keine passiven Hintergr\u00fcnde, sondern aktive Expositionssysteme und Speichermedien industrieller R\u00fcckst\u00e4nde, in denen die lange Geschichte der Industrialisierung fortwirkt und zuk\u00fcnftiges Leben pr\u00e4gt.<\/span>\r\n<p class=\"is-intended\"><span class=\"has-font-maison-neue\" style=\"font-family: Maison Neue;\">Wenn das Anthropoz\u00e4n planetare Krisen im globalen Ma\u00dfstab beschreibt, bringt der Metabolismus diese Ebene in die gelebte Erfahrung zur\u00fcck \u2013 in Dosis und R\u00fcckst\u00e4nde, Nahrungsketten und Arbeit, Regulierung und Alltag. Er macht sichtbar, wie Macht \u00fcber Stoffe, Prozesse und ungleiche Exposition wirkt \u2013 und wie Leben selbst durch diese Dynamiken reorganisiert wird.<\/span><\/p>\r\n<span class=\"has-font-reckless-light\" style=\"font-family: Reckless Regular;\">Das Projekt \u00bbMetabolic Futures\u00ab versteht sich als Schnittstelle zwischen Gesellschaft und Wirtschaft, Wissenschaft und Kunst.\u00a0<\/span><span class=\"has-font-reckless-light\" style=\"font-family: Reckless Regular;\">Die Wissenschaft macht Stoffe, Grenzwerte und Expositionen messbar. Die \u00d6konomie organisiert sie in Systeme von Produktion, Zirkulation und Profit. Kunst und Sozialwissenschaften hingegen k\u00f6nnen diese Prozesse auf andere Weise erfahrbar machen \u2013 durch Wahrnehmung, Affekt und Erfahrung. Sie machen R\u00fcckst\u00e4nde, Ger\u00fcche, Texturen und k\u00f6rperliche Empfindungen greifbar und verleihen zeitlichen, oft intergenerationalen Folgen eine Form, die in technischer oder politischer Sprache unsichtbar bleibt.<\/span>\r\n\r\n<span class=\"has-font-reckless-light\" style=\"font-family: Reckless Regular;\">Kunst ist hier keine Illustration, sondern Methode: eine Weise, verborgene Zusammenh\u00e4nge wahrnehmbar, verhandelbar und ver\u00e4nderbar zu machen. Wissenschaft erscheint als situierte Praxis des Messens und Klassifizierens, \u00d6konomie als aktive Organisation der materiellen Bedingungen des Lebens. Metabolismus wird so zum Punkt, an dem sich diese Perspektiven \u00fcberschneiden.<\/span>\r\n<h3><span class=\"has-font-maison-neue\" style=\"font-family: Maison Neue;\">Das Projekt \u00bbMetabolic Futures\u00ab<\/span><\/h3>\r\n<span class=\"has-font-maison-neue\" style=\"font-family: Maison Neue;\">Das \u00f6ffentliche Programm zu \u00bbMetabolic Futures\u00ab begann im April 2025 mit einer zweit\u00e4gigen Veranstaltung mit Workshops, Sound Walks, Diskussionen, Vortr\u00e4gen, Filmvorf\u00fchrungen und kulinarischen Experimenten, organisiert in Kooperation mit dem K\u00fcnstlerhaus Stuttgart und Raupe Immersatt e.V.<\/span>\r\n\r\n<span class=\"has-font-maison-neue has-font-reckless-light\" style=\"font-family: Reckless Regular;\"> Anstatt Metabolismus abstrakt zu behandeln, setzte das Programm bei konkreten Substanzen an \u2013 etwa Palmfett, Kakao und Maltodextrin \u2013 als Ausgangspunkte f\u00fcr umfassendere Zusammenh\u00e4nge von Extraktion, Verarbeitung, Regulierung, Wahrnehmung und Exposition. Wissenschaftlich, sensorisch und performativ untersucht, machten diese Materialien Metabolismus als Geflecht materieller Beziehungen zwischen K\u00f6rpern, \u00d6konomien und Umwelten erfahrbar.<\/span>\r\n\r\n<span class=\"has-font-maison-neue\" style=\"font-family: Maison Neue;\">Im Jahr 2026 wird das Projekt mit \u00bbMetabolic Futures II \u2013 The Politics of Smell\u00ab fortgesetzt, einer multidisziplin\u00e4ren Veranstaltung, die Geruch als politisches, soziales und \u00f6konomisches Medium untersucht.<\/span>\r\n\r\n<span class=\"has-font-reckless-light\" style=\"font-family: Reckless Regular;\">K\u00fcnstler*innen, Biolog*innen und Geograf*innen gehen gemeinsam der Frage nach, wie Geruch das soziale Leben pr\u00e4gt, wie er industrialisiert wurde und wie seine Regulierung mit der Steuerung von Raum zusammenh\u00e4ngt. Aufbauend auf der Arbeit mit Substanzen verschiebt diese zweite Iteration den Fokus auf Prozesse und fragt, wie ein fl\u00fcchtiges sensorisches Ph\u00e4nomen f\u00fcr k\u00fcnstlerische, wissenschaftliche und politische Forschung zug\u00e4nglich gemacht werden kann.<\/span>"},{"acf_fc_layout":"content_txt","_acfe_flexible_layout_title":null,"acfe_flexible_layout_title":"Text","bgcolor":"has-bg-grey","bgcolor_custom":"","layout_col_size":12,"txt_cols":"is-1-txtcol","txt":"<span class=\"has-font-maison-neue has-font-reckless-light\" style=\"font-family: Reckless Regular;\">\u00bbMetabolic Futures\u00ab wurde von Maan Barua, Geograf an der University of Cambridge, initiiert und in Kooperation mit dem K\u00fcnstlerhaus Stuttgart und dem Zukunftskolleg der Universit\u00e4t Konstanz organisiert. Die erste Iteration wurde durch den ERC Horizon 2020 Starting Grant \u00bbUrban Ecologies\u00ab gef\u00f6rdert. Die zweite Veranstaltung wird vom Canadian Institute for Advanced Research (CIFAR) unterst\u00fctzt.<\/span>"}],"intro_preview_headline":"","intro_preview_txt":"","intro_preview_img":""},"_links":{"self":[{"href":"https:\/\/www.akademie-solitude.de\/de\/wp-json\/wp\/v2\/pages\/45099","targetHints":{"allow":["GET"]}}],"collection":[{"href":"https:\/\/www.akademie-solitude.de\/de\/wp-json\/wp\/v2\/pages"}],"about":[{"href":"https:\/\/www.akademie-solitude.de\/de\/wp-json\/wp\/v2\/types\/page"}],"author":[{"embeddable":true,"href":"https:\/\/www.akademie-solitude.de\/de\/wp-json\/wp\/v2\/users\/4"}],"replies":[{"embeddable":true,"href":"https:\/\/www.akademie-solitude.de\/de\/wp-json\/wp\/v2\/comments?post=45099"}],"version-history":[{"count":3,"href":"https:\/\/www.akademie-solitude.de\/de\/wp-json\/wp\/v2\/pages\/45099\/revisions"}],"predecessor-version":[{"id":45132,"href":"https:\/\/www.akademie-solitude.de\/de\/wp-json\/wp\/v2\/pages\/45099\/revisions\/45132"}],"up":[{"embeddable":true,"href":"https:\/\/www.akademie-solitude.de\/de\/wp-json\/wp\/v2\/pages\/9610"}],"wp:attachment":[{"href":"https:\/\/www.akademie-solitude.de\/de\/wp-json\/wp\/v2\/media?parent=45099"}],"curies":[{"name":"wp","href":"https:\/\/api.w.org\/{rel}","templated":true}]}}