{"id":8536,"date":"2020-04-10T10:44:22","date_gmt":"2020-04-10T08:44:22","guid":{"rendered":"https:\/\/www.akademie-solitude.de\/?page_id=8536"},"modified":"2025-07-28T16:21:39","modified_gmt":"2025-07-28T14:21:39","slug":"ueber-uns","status":"publish","type":"page","link":"https:\/\/www.akademie-solitude.de\/de\/akademie\/ueber-uns\/","title":{"rendered":"\u00dcber uns"},"content":{"rendered":"","protected":false},"excerpt":{"rendered":"","protected":false},"author":1,"featured_media":11141,"parent":91,"menu_order":9,"comment_status":"closed","ping_status":"closed","template":"","meta":{"_acf_changed":false,"inline_featured_image":false,"footnotes":""},"class_list":["post-8536","page","type-page","status-publish","hentry"],"acf":{"bgcolor":"","bgcolor_custom":"","custom_color_css_variable":"","content_type":[{"acf_fc_layout":"content_txt","acfe_flexible_layout_title":"Text","bgcolor":"","bgcolor_custom":"","layout_col_size":8,"txt_cols":"is-1-txtcol","txt":"<p style=\"text-align: left;\">Die Akademie Schloss Solitude ist ein internationales Artist-in-Residence-Programm, das seit seiner Gr\u00fcndung 1990 mehr als 1.700 junge K\u00fcnstler*innen und Wissenschaftler*innen aus \u00fcber 120 L\u00e4ndern gef\u00f6rdert hat. Es bildet f\u00fcr die internationale Kunstszene ein wichtiges globales und transdisziplin\u00e4res Netzwerk.<\/p>"},{"acf_fc_layout":"content_spacer","acfe_flexible_layout_title":"Leerraum-Container","bgcolor":"","bgcolor_custom":"","layout_col_size":12,"space_height":60},{"acf_fc_layout":"content_img","acfe_flexible_layout_title":"Bild(er)","bgcolor":"","bgcolor_custom":"","layout_col_size":6,"img_gallery":false,"img":[11141],"img_gallery_format":false},{"acf_fc_layout":"content_txt","acfe_flexible_layout_title":"Text","bgcolor":"","bgcolor_custom":"","layout_col_size":4,"txt_cols":"is-1-txtcol","txt":"<h3><span class=\"has-font-reckless-light\" style=\"font-family: 'Reckless Regular';\">Ein Aufenthalt an der Akademie Schloss Solitude ist eine Investition in die Zukunft, denn die ergebnisoffene F\u00f6rderung hat eine nachhaltige positive Wirkung auf die Entwicklung k\u00fcnstlerischer und wissenschaftlicher Arbeit.<\/span><\/h3>"},{"acf_fc_layout":"content_txt","acfe_flexible_layout_title":"Text","bgcolor":"","bgcolor_custom":"","layout_col_size":8,"txt_cols":"is-1-txtcol","txt":"<span class=\"has-font-reckless-light\" style=\"font-family: 'Reckless Regular';\">Der Name <em>Akademie Schloss Solitude<\/em> verbindet die Idee eines Refugiums mit dem Gedanken k\u00fcnstlerischen und wissenschaftlichen Austauschs. Ein Aufenthalt an der Akademie Schloss Solitude erm\u00f6glicht den Stipendiat*innen, sich unter guten materiellen und intellektuellen Bedingungen ihren Arbeitsvorhaben zu widmen. Die zur Verf\u00fcgung stehenden Ressourcen k\u00f6nnen bed\u00fcrfnisorientiert eingesetzt werden. F\u00fcr das Selbstverst\u00e4ndnis der Akademie ist es zentral, dass Stipendiat*innen aller Bereiche ohne Alltags- und Pr\u00e4sentationszwang k\u00fcnstlerisch arbeiten und forschen k\u00f6nnen. Zugleich bietet die Akademie M\u00f6glichkeiten, Projekte nach au\u00dfen zu kommunizieren und \u00f6ffentlichkeitswirksam zu f\u00f6rdern. Mit zahlreichen Veranstaltungen sowie \u00fcber ihre Onlinepr\u00e4senz sorgt die Akademie f\u00fcr internationale Sichtbarkeit der Stipendiat*innen und ihrer Themen und schafft zudem einen Raum f\u00fcr neue digitale Projekte.<\/span>\r\n\r\n<span class=\"has-font-reckless-neue-book has-font-reckless-light\" style=\"font-family: 'Reckless Regular';\">Die Akademie Schloss Solitude wird von Zuwendungen des Landes Baden-W\u00fcrttemberg finanziert.<\/span>"},{"acf_fc_layout":"content_spacer","acfe_flexible_layout_title":"Leerraum-Container","bgcolor":"","bgcolor_custom":"","layout_col_size":12,"space_height":60},{"acf_fc_layout":"content_img","acfe_flexible_layout_title":"Bild(er)","bgcolor":"","bgcolor_custom":"","layout_col_size":8,"img_gallery":true,"img":[11160,11155,11132,11145,21500,21514,11143,21496,21502,21153],"img_gallery_format":"is-16by9"},{"acf_fc_layout":"content_spacer","acfe_flexible_layout_title":"Leerraum-Container","bgcolor":"","bgcolor_custom":"","layout_col_size":12,"space_height":60},{"acf_fc_layout":"content_txt","acfe_flexible_layout_title":"Text","bgcolor":"","bgcolor_custom":"","layout_col_size":12,"txt_cols":"is-1-txtcol","txt":"<h3 style=\"text-align: center;\">Esprit Solitude<\/h3>"},{"acf_fc_layout":"content_txt","acfe_flexible_layout_title":"Text","bgcolor":"","bgcolor_custom":"","layout_col_size":4,"txt_cols":"is-1-txtcol","txt":"<h3><span class=\"has-font-maison-neue has-font-reckless-light\">\u00dcber den D\u00e4chern der Kultur- und Industriemetropole Stuttgart angesiedelt, hat sich die Akademie Schloss Solitude zu einem wichtigen globalen Netzwerk der internationalen Kunstszene entwickelt.<\/span><\/h3>"},{"acf_fc_layout":"content_img","acfe_flexible_layout_title":"Bild(er)","bgcolor":"","bgcolor_custom":"","layout_col_size":6,"img_gallery":false,"img":[11139],"img_gallery_format":"is-16by9"},{"acf_fc_layout":"content_spacer","acfe_flexible_layout_title":"Leerraum-Container","bgcolor":"","bgcolor_custom":"","layout_col_size":12,"space_height":1},{"acf_fc_layout":"content_txt","acfe_flexible_layout_title":"Text","bgcolor":"","bgcolor_custom":"","layout_col_size":8,"txt_cols":"is-1-txtcol","txt":"<span class=\"has-font-reckless-neue-book\" style=\"font-family: 'Reckless Neue Book';\">Im Einklang mit der Lage und Geschichte des Schlosses ist Solitude seinen G\u00e4sten R\u00fcckzugsort und Freiraum f\u00fcr Kunst und Leben. Stipendiat*innen und G\u00e4ste nutzen die Akademie als k\u00fcnstlerischen Inkubator, als Projektionsfl\u00e4che, als Kontaktb\u00f6rse oder als Gelegenheit, ein Projekt ohne Blick auf Konventionen realisieren zu k\u00f6nnen. Das Haus vertritt einen offenen Kunstbegriff und l\u00e4sst sich ganz bewusst von seinen G\u00e4sten pr\u00e4gen.\u00a0<\/span>"},{"acf_fc_layout":"content_txt","acfe_flexible_layout_title":"Text","bgcolor":"","bgcolor_custom":"","layout_col_size":12,"txt_cols":"is-1-txtcol","txt":"<h3 style=\"text-align: center;\">R\u00e4umlichkeiten<\/h3>"},{"acf_fc_layout":"content_img","acfe_flexible_layout_title":"Bild(er)","bgcolor":"","bgcolor_custom":"","layout_col_size":8,"img_gallery":true,"img":[11149,21508,21489,11151,21494,11177,21496,11171,21505,21158,15902,15296,15250,15151,20670],"img_gallery_format":"is-16by9"},{"acf_fc_layout":"content_txt","acfe_flexible_layout_title":"Text","bgcolor":"","bgcolor_custom":"","layout_col_size":6,"txt_cols":"is-1-txtcol","txt":"<h3 style=\"text-align: center;\"><span class=\"has-font-maison-neue has-font-reckless-light\" style=\"font-family: 'Reckless Regular';\">Der Akademie Schloss Solitude stehen 42 m\u00f6blierte Wohnstudios und drei G\u00e4stestudios zur Verf\u00fcgung.<\/span><\/h3>"},{"acf_fc_layout":"content_txt","acfe_flexible_layout_title":"Text","bgcolor":"","bgcolor_custom":"","layout_col_size":8,"txt_cols":"is-1-txtcol","txt":"<span class=\"has-font-reckless-light\" style=\"font-family: 'Reckless Regular';\"><span class=\"has-font-reckless-neue-book\">Au\u00dferdem besitzt das Haus einen Vortragssaal, eine Holz- und eine Metallwerkstatt, eine Bibliothek, eine Cafeteria sowie weitere gemeinschaftlich nutzbare R\u00e4ume. Ausstellungen, Symposien, Performances, Konzerte und andere Veranstaltungen finden vorwiegend an der Akademie aber auch in Kooperation mit Partnern aus Stuttgart und der Region an anderen Orten statt. Seit 2008 nutzt die Akademie zudem eine renovierte Fachwerkscheune auf dem Schlossareal insbesondere f\u00fcr klassische Konzerte. In der Stuttgarter Innenstadt steht der Akademie mit dem Projektraum R\u00f6merstra\u00dfe ein Off-Space f\u00fcr Ausstellungen, Workshops und weitere Formate zur Verf\u00fcgung. <\/span>Mit diesem Off-Space belebt die Akademie nicht nur die Stuttgarter Kulturszene, sondern schafft einen Ort des Zusammentreffens, in dem neue Formen der Gemeinschaft erprobt werden k\u00f6nnen.<\/span>"},{"acf_fc_layout":"content_spacer","acfe_flexible_layout_title":"Leerraum-Container","bgcolor":"","bgcolor_custom":"","layout_col_size":12,"space_height":100},{"acf_fc_layout":"content_download","_acfe_flexible_layout_title":"Download Satzung","acfe_flexible_layout_title":"Download Satzung","bgcolor":"has-bg-red","bgcolor_custom":"","layout_col_size":10,"download_txt":"Satzung der Akademie Schloss Solitude","download_file":43136}],"intro_preview_headline":"","intro_preview_txt":"Die Akademie Schloss Solitude ist ein internationales Artist-in-Residence-Programm, das seit seiner Gr\u00fcndung 1990 mehr als 1.700 junge K\u00fcnstler*innen und Wissenschaftler*innen aus \u00fcber 120 L\u00e4ndern gef\u00f6rdert hat. Es bildet f\u00fcr die internationale Kunstszene ein wichtiges globales und transdisziplin\u00e4res Netzwerk.","intro_preview_img":11141},"_links":{"self":[{"href":"https:\/\/www.akademie-solitude.de\/de\/wp-json\/wp\/v2\/pages\/8536","targetHints":{"allow":["GET"]}}],"collection":[{"href":"https:\/\/www.akademie-solitude.de\/de\/wp-json\/wp\/v2\/pages"}],"about":[{"href":"https:\/\/www.akademie-solitude.de\/de\/wp-json\/wp\/v2\/types\/page"}],"author":[{"embeddable":true,"href":"https:\/\/www.akademie-solitude.de\/de\/wp-json\/wp\/v2\/users\/1"}],"replies":[{"embeddable":true,"href":"https:\/\/www.akademie-solitude.de\/de\/wp-json\/wp\/v2\/comments?post=8536"}],"version-history":[{"count":3,"href":"https:\/\/www.akademie-solitude.de\/de\/wp-json\/wp\/v2\/pages\/8536\/revisions"}],"predecessor-version":[{"id":43138,"href":"https:\/\/www.akademie-solitude.de\/de\/wp-json\/wp\/v2\/pages\/8536\/revisions\/43138"}],"up":[{"embeddable":true,"href":"https:\/\/www.akademie-solitude.de\/de\/wp-json\/wp\/v2\/pages\/91"}],"wp:featuredmedia":[{"embeddable":true,"href":"https:\/\/www.akademie-solitude.de\/de\/wp-json\/wp\/v2\/media\/11141"}],"wp:attachment":[{"href":"https:\/\/www.akademie-solitude.de\/de\/wp-json\/wp\/v2\/media?parent=8536"}],"curies":[{"name":"wp","href":"https:\/\/api.w.org\/{rel}","templated":true}]}}