{"id":8555,"date":"2020-04-10T11:10:17","date_gmt":"2020-04-10T09:10:17","guid":{"rendered":"https:\/\/www.akademie-solitude.de\/?page_id=8555"},"modified":"2020-08-12T14:38:43","modified_gmt":"2020-08-12T12:38:43","slug":"leitbild","status":"publish","type":"page","link":"https:\/\/www.akademie-solitude.de\/de\/akademie\/leitbild\/","title":{"rendered":"Leitbild"},"content":{"rendered":"","protected":false},"excerpt":{"rendered":"","protected":false},"author":1,"featured_media":0,"parent":91,"menu_order":10,"comment_status":"closed","ping_status":"closed","template":"","meta":{"_acf_changed":false,"inline_featured_image":false,"footnotes":""},"class_list":["post-8555","page","type-page","status-publish","hentry"],"acf":{"bgcolor":"has-bg-red","bgcolor_custom":"","custom_color_css_variable":"","content_type":[{"acf_fc_layout":"content_txt","acfe_flexible_layout_title":"Text","bgcolor":"has-bg-red","bgcolor_custom":"","layout_col_size":4,"txt_cols":"is-1-txtcol","txt":"<span class=\"has-font-reckless-neue-book\" style=\"font-family: 'Reckless Neue Book';\">Die <em>Akademie Schloss Solitude<\/em> ist eine internationale und transdisziplin\u00e4re K\u00fcnstler*innenresidenz. Ihr einzigartiges Modell er\u00f6ffnet K\u00fcnstler*innen und Wissenschaftler*innen wertvolle Freir\u00e4ume zur Entwicklung ihrer Arbeit und zur Forschung im physischen wie im digitalen Raum. Das weit gef\u00e4cherte Stipendienprogramm der <em>Akademie Schloss Solitude <\/em>f\u00f6rdert die Verschr\u00e4nkung von Kunst und Wissenschaft in allen Disziplinen und Praxisfeldern. Durch wechselnde Sonderprogramme werden thematische Schwerpunkte gesetzt. Mit vielf\u00e4ltigen \u00f6ffentlichen Veranstaltungen verschafft die <em>Akademie Schloss Solitude\u00a0<\/em>einem breiten Publikum Zugang zu k\u00fcnstlerischem Denken und Handeln.<\/span>"},{"acf_fc_layout":"content_txt","acfe_flexible_layout_title":"Text","bgcolor":"has-bg-red","bgcolor_custom":"","layout_col_size":4,"txt_cols":"is-1-txtcol","txt":"<span class=\"has-font-reckless-neue-book\" style=\"font-family: 'Reckless Neue Book';\">Die <em>Akademie Schloss Solitude<\/em> ist ein Ort des Miteinanders. Seit \u00fcber 30 Jahren bietet sie Stipendiat*innen mit unterschiedlichen kulturellen Erfahrungen und Expertisen fachliche Unterst\u00fctzung und Solidarit\u00e4t. Die Arbeit an der <em>Akademie Schloss Solitude<\/em> folgt dem Prinzip absoluter Freiwilligkeit und Ergebnisoffenheit. Die lang angelegten Stipendienaufenthalte schaffen Zeit und Raum f\u00fcr multiperspektivische Lernprozesse und kollektive Produktionen. Auf Basis dieser Freiheit wird es m\u00f6glich, bestehende Wissenshierarchien zu hinterfragen und alternative Zukunftsentw\u00fcrfe zu entwickeln.<\/span>"},{"acf_fc_layout":"content_txt","acfe_flexible_layout_title":"Text","bgcolor":"has-bg-red","bgcolor_custom":"","layout_col_size":4,"txt_cols":"is-1-txtcol","txt":"<span class=\"has-font-reckless-neue-book\" style=\"font-family: 'Reckless Neue Book';\">Die <em>Akademie Schloss Solitude<\/em> leistet durch die Pr\u00e4senz von Stipendiat*innen und die Zusammenarbeit mit lokalen wie internationalen Partnerorganisationen einen direkten Beitrag zur Internationalisierung der Region. Zudem pflegt die <em>Akademie Schloss Solitude<\/em> nachhaltige Beziehungen mit ihrem internationalen Netzwerk von Stipendiat*innen. Sie begleitet K\u00fcnstler*innen und Wissenschaftler*innen dabei, weiterf\u00fchrende Dialoge in die Welt hinauszutragen. Durch die F\u00f6rderung von k\u00fcnstlerischem Denken und Handeln setzt die <em>Akademie Schloss Solitude<\/em> wichtige Impulse f\u00fcr gesellschaftliche Transformation.<\/span>"}],"intro_preview_headline":"Die Akademie Schloss Solitude ist ein Ort des Miteinanders. ","intro_preview_txt":"<span class=\"has-font-reckless-neue-book\" style=\"font-family: 'Reckless Neue Book';\">Die <em>Akademie Schloss Solitude<\/em> ist eine internationale und transdisziplin\u00e4re K\u00fcnstler*innenresidenz. Ihr einzigartiges Modell er\u00f6ffnet K\u00fcnstler*innen und Wissenschaftler*innen wertvolle Freir\u00e4ume zur Entwicklung ihrer Arbeit und zur Forschung im physischen wie im digitalen Raum. Das weit gef\u00e4cherte Stipendienprogramm der <em>Akademie Schloss Solitude <\/em>f\u00f6rdert die Verschr\u00e4nkung von Kunst und Wissenschaft in allen Disziplinen und Praxisfeldern. Durch wechselnde Sonderprogramme werden thematische Schwerpunkte gesetzt. Mit vielf\u00e4ltigen \u00f6ffentlichen Veranstaltungen verschafft die <em>Akademie Schloss Solitude\u00a0<\/em>einem breiten Publikum Zugang zu k\u00fcnstlerischem Denken und Handeln.<\/span>","intro_preview_img":""},"_links":{"self":[{"href":"https:\/\/www.akademie-solitude.de\/de\/wp-json\/wp\/v2\/pages\/8555","targetHints":{"allow":["GET"]}}],"collection":[{"href":"https:\/\/www.akademie-solitude.de\/de\/wp-json\/wp\/v2\/pages"}],"about":[{"href":"https:\/\/www.akademie-solitude.de\/de\/wp-json\/wp\/v2\/types\/page"}],"author":[{"embeddable":true,"href":"https:\/\/www.akademie-solitude.de\/de\/wp-json\/wp\/v2\/users\/1"}],"replies":[{"embeddable":true,"href":"https:\/\/www.akademie-solitude.de\/de\/wp-json\/wp\/v2\/comments?post=8555"}],"version-history":[{"count":0,"href":"https:\/\/www.akademie-solitude.de\/de\/wp-json\/wp\/v2\/pages\/8555\/revisions"}],"up":[{"embeddable":true,"href":"https:\/\/www.akademie-solitude.de\/de\/wp-json\/wp\/v2\/pages\/91"}],"wp:attachment":[{"href":"https:\/\/www.akademie-solitude.de\/de\/wp-json\/wp\/v2\/media?parent=8555"}],"curies":[{"name":"wp","href":"https:\/\/api.w.org\/{rel}","templated":true}]}}