{"id":8557,"date":"2020-04-10T11:11:05","date_gmt":"2020-04-10T09:11:05","guid":{"rendered":"https:\/\/www.akademie-solitude.de\/?page_id=8557"},"modified":"2025-03-27T12:49:06","modified_gmt":"2025-03-27T11:49:06","slug":"historie","status":"publish","type":"page","link":"https:\/\/www.akademie-solitude.de\/de\/akademie\/historie\/","title":{"rendered":"Historie"},"content":{"rendered":"","protected":false},"excerpt":{"rendered":"","protected":false},"author":1,"featured_media":11137,"parent":91,"menu_order":11,"comment_status":"closed","ping_status":"closed","template":"","meta":{"_acf_changed":false,"inline_featured_image":false,"footnotes":""},"class_list":["post-8557","page","type-page","status-publish","hentry"],"acf":{"bgcolor":"","bgcolor_custom":"","custom_color_css_variable":"","content_type":[{"acf_fc_layout":"content_txt","acfe_flexible_layout_title":"Text","bgcolor":"","bgcolor_custom":"","layout_col_size":8,"txt_cols":"is-1-txtcol","txt":"<span class=\"has-font-reckless-neue-book\" style=\"font-family: 'Reckless Neue Book';\">Solitude wurde zur Zeit des Absolutismus im sp\u00e4tbarocken Stil von Herzog Carl Eugen 1763\/64 als Jagdschloss, Sommerresidenz und R\u00fcckzugsort erbaut. Zugleich markierte das hochgestellte, auf einer Lichtung am Waldrand gelegene Geb\u00e4ude die damit neu gezogene Grenze zwischen politischen Gesch\u00e4ften und Zivilisation auf der einen, Natur und Wildnis auf der anderen Seite. Diese Spannung zwischen Repr\u00e4sentation und Abgeschiedenheit kann als Metapher f\u00fcr die Kunst und die K\u00fcnstler von heute gelten, die sich, wie Carl Eugen vor 250 Jahren, zur\u00fcckziehen wollen, ohne damit aus dem Blick der \u00d6ffentlichkeit zu verschwinden.<\/span>\r\n\r\n&nbsp;"},{"acf_fc_layout":"content_spacer","acfe_flexible_layout_title":"Leerraum-Container","bgcolor":"","bgcolor_custom":"","layout_col_size":12,"space_height":12},{"acf_fc_layout":"content_img","acfe_flexible_layout_title":"Bild(er)","bgcolor":"","bgcolor_custom":"","layout_col_size":6,"img_gallery":true,"img":[11130],"img_gallery_format":"is-16by9"},{"acf_fc_layout":"content_spacer","acfe_flexible_layout_title":"Leerraum-Container","bgcolor":"","bgcolor_custom":"","layout_col_size":12,"space_height":1},{"acf_fc_layout":"content_txt","acfe_flexible_layout_title":"Text","bgcolor":"","bgcolor_custom":"","layout_col_size":8,"txt_cols":"is-1-txtcol","txt":"<span class=\"has-font-reckless-neue-book\" style=\"font-family: 'Reckless Neue Book';\">Mit dem Bau von Solitude hatte Herzog Carl Eugen einen Ort geschaffen, der seither in den unterschiedlichsten Varianten der Nutzung immer ein Ort mit einer besonderen Anziehungskraft und Ausstrahlung geblieben ist. An die auf Solitude gegr\u00fcndete Hohe Carlsschule, mit der die Akademie Schloss Solitude \u2013 trotz aller Unterschiede \u2013 immer wieder verglichen wird, kann hier erinnert werden, oder an Schillers Vater, der mit seiner 1775 gegr\u00fcndeten Baumschule ein Glaubensbekenntnis an die Zukunft ablegte. In nunmehr 250 Jahren wurden die Nebengeb\u00e4ude des Schlosses Solitude zu allem Erdenklichen genutzt: in Kriegszeiten als Lazarett, in Friedenszeiten als Gastwirtschaft oder Gef\u00e4ngnis, als Ausgangspunkt der Landesvermessung, als Kurbetrieb, Hotel oder Treffpunkt der ersten Turnvereine, als Ziel von Automobilrennen, als Radio-Empfangsstation, als Lager f\u00fcr den Reichsarbeitsdienst, nach dem Zweiten Weltkrieg als Kriegsblindenanstalt, zuletzt, in den sechziger und siebziger Jahren, als Studentenwohnheim. Die Akademie nimmt diese Geschichte wahr, sie wei\u00df aber vor allem, dass die Kunst in ihrem Entstehungsprozess an der Qualit\u00e4t der Kunst gemessen wird, die in der Barockzeit auf Solitude entstanden ist: An Guibal und seinen Sch\u00fclern, an La Gu\u00eapi\u00e8re, Noverre oder Jommelli. Betrachtet man das Barockambiente von Solitude als das allgemein Erkannte und Anerkannte der Kultur, so stellt die Kunst, wie die Akademie sie f\u00f6rdert und erm\u00f6glicht, das Unbekannte dar. Es stellt zwangsl\u00e4ufig das bisher Gewesene der Kultur in Frage. Aus dieser Spannung entstehen k\u00fcnstlerische Gegens\u00e4tze, die sicher fruchtbar sein, aber nicht unbedingt den idyllischen Charakter der Solitude best\u00e4tigen k\u00f6nnen.<\/span>"},{"acf_fc_layout":"content_spacer","acfe_flexible_layout_title":"Leerraum-Container","bgcolor":"","bgcolor_custom":"","layout_col_size":12,"space_height":100}],"intro_preview_headline":"","intro_preview_txt":"Herzog Carl Eugen lie\u00df das sp\u00e4tbarocke Schloss Solitude von 1763 bis 1769 als Jagdschloss und Sommerresidenz erbauen, brachte dort aber bald die Hohe Karlsschule unter, zu deren Sch\u00fclern auch Friedrich Schiller z\u00e4hlte. Sp\u00e4ter wurde Solitude unter anderem als Kriegslazarett, Gastwirtschaft, Gef\u00e4ngnis und Studentenwohnheim genutzt.","intro_preview_img":11137},"_links":{"self":[{"href":"https:\/\/www.akademie-solitude.de\/de\/wp-json\/wp\/v2\/pages\/8557","targetHints":{"allow":["GET"]}}],"collection":[{"href":"https:\/\/www.akademie-solitude.de\/de\/wp-json\/wp\/v2\/pages"}],"about":[{"href":"https:\/\/www.akademie-solitude.de\/de\/wp-json\/wp\/v2\/types\/page"}],"author":[{"embeddable":true,"href":"https:\/\/www.akademie-solitude.de\/de\/wp-json\/wp\/v2\/users\/1"}],"replies":[{"embeddable":true,"href":"https:\/\/www.akademie-solitude.de\/de\/wp-json\/wp\/v2\/comments?post=8557"}],"version-history":[{"count":1,"href":"https:\/\/www.akademie-solitude.de\/de\/wp-json\/wp\/v2\/pages\/8557\/revisions"}],"predecessor-version":[{"id":42442,"href":"https:\/\/www.akademie-solitude.de\/de\/wp-json\/wp\/v2\/pages\/8557\/revisions\/42442"}],"up":[{"embeddable":true,"href":"https:\/\/www.akademie-solitude.de\/de\/wp-json\/wp\/v2\/pages\/91"}],"wp:featuredmedia":[{"embeddable":true,"href":"https:\/\/www.akademie-solitude.de\/de\/wp-json\/wp\/v2\/media\/11137"}],"wp:attachment":[{"href":"https:\/\/www.akademie-solitude.de\/de\/wp-json\/wp\/v2\/media?parent=8557"}],"curies":[{"name":"wp","href":"https:\/\/api.w.org\/{rel}","templated":true}]}}