{"id":8917,"date":"2020-05-06T14:09:17","date_gmt":"2020-05-06T12:09:17","guid":{"rendered":"https:\/\/www.akademie-solitude.de\/?page_id=8917"},"modified":"2026-02-10T12:24:52","modified_gmt":"2026-02-10T11:24:52","slug":"gremien","status":"publish","type":"page","link":"https:\/\/www.akademie-solitude.de\/de\/akademie\/gremien\/","title":{"rendered":"Gremien"},"content":{"rendered":"","protected":false},"excerpt":{"rendered":"","protected":false},"author":1,"featured_media":0,"parent":91,"menu_order":16,"comment_status":"closed","ping_status":"closed","template":"","meta":{"_acf_changed":false,"inline_featured_image":false,"footnotes":""},"class_list":["post-8917","page","type-page","status-publish","hentry"],"acf":{"bgcolor":"has-bg-lila","bgcolor_custom":"","custom_color_css_variable":"","content_type":[{"acf_fc_layout":"content_txt","_acfe_flexible_layout_title":null,"acfe_flexible_layout_title":"Text","bgcolor":"","bgcolor_custom":"","layout_col_size":8,"txt_cols":"is-1-txtcol","txt":"<span class=\"has-font-maison-neue\" style=\"font-family: 'Maison Neue';\">Die wesentlichen Stiftungsorgane der Akademie Schloss Solitude sind Stiftungsrat, Vorstand und Kuratorium.\u00a0Der Stiftungsrat besteht aus einer Vertretung des Staatsministeriums, einer Vertretung des Ministeriums f\u00fcr Wissenschaft, Forschung und Kunst sowie einer Vertretung des Finanzministeriums Baden-W\u00fcrttemberg. Der Stiftungsrat ist leitendes Organ der Stiftung und \u00fcberwacht die T\u00e4tigkeit des Vorstands.<\/span>"},{"acf_fc_layout":"content_txt","_acfe_flexible_layout_title":null,"acfe_flexible_layout_title":"Text","bgcolor":"","bgcolor_custom":"","layout_col_size":8,"txt_cols":"is-1-txtcol","txt":"<span class=\"has-font-reckless-neue-book\" style=\"font-family: 'Reckless Neue Book';\">Vorstand der Stiftung ist die Akademieleitung. Sie f\u00fchrt die Gesch\u00e4fte der Akademie im Rahmen des Stiftungszwecks.<\/span>\r\n\r\n<span class=\"has-font-reckless-neue-book\" style=\"font-family: 'Reckless Neue Book';\">Dem Kuratorium geh\u00f6ren an:<\/span>\r\n<ul>\r\n \t<li><span class=\"has-font-reckless-neue-book\" style=\"font-family: 'Reckless Neue Book';\">bis zu zw\u00f6lf Pers\u00f6nlichkeiten des k\u00fcnstlerischen Lebens (davon mindestens je zwei der Sparten Bildende Kunst, Darstellende Kunst, Literatur und Musik)<\/span><\/li>\r\n \t<li><span class=\"has-font-reckless-neue-book\" style=\"font-family: 'Reckless Neue Book';\">bis zu zw\u00f6lf Pers\u00f6nlichkeiten des \u00f6ffentlichen Lebens sowie aus Wissenschaft und Wirtschaft, die den Zielen der Stiftung nahestehen<\/span><\/li>\r\n \t<li><span class=\"has-font-reckless-neue-book\" style=\"font-family: 'Reckless Neue Book';\">zwei Vertretungen der Kunststiftung Baden-W\u00fcrttemberg gGmbH<\/span><\/li>\r\n \t<li><span class=\"has-font-reckless-neue-book\" style=\"font-family: 'Reckless Neue Book';\">je eine Vertretung der Fraktionen des Landtags<\/span><\/li>\r\n \t<li><span class=\"has-font-reckless-neue-book\" style=\"font-family: 'Reckless Neue Book';\">eine Vertretung der Stadt Stuttgart<\/span><\/li>\r\n<\/ul>\r\n<span class=\"has-font-reckless-neue-book\" style=\"font-family: 'Reckless Neue Book';\">Das Kuratorium ber\u00e4t den Stiftungsrat und die Akademieleitung in allen grunds\u00e4tzlichen Fragen. Es w\u00e4hlt aus seiner Mitte einen Beirat, der die Akademie als Arbeitsausschuss laufend unterst\u00fctzt. Die Mitglieder des Stiftungsrats sind berechtigt, an den Sitzungen des Kuratoriums beratend teilzunehmen.<\/span>"},{"acf_fc_layout":"content_txt","_acfe_flexible_layout_title":null,"acfe_flexible_layout_title":"Text","bgcolor":"","bgcolor_custom":"","layout_col_size":8,"txt_cols":"is-1-txtcol","txt":"<h3 style=\"text-align: center;\"><span class=\"has-font-maison-neue-extended\" style=\"font-family: 'Maison Neue Extended';\">Stiftungsrat<\/span><\/h3>"},{"acf_fc_layout":"content_rows","_acfe_flexible_layout_title":null,"acfe_flexible_layout_title":"Auflistung","bgcolor":"","rows_el":[{"row_el_content_collapsible":false,"row_el_content_collapsible_init_state":true,"row_el_content_headline":"","row_el_content_left":"Esther Pfalzer","row_el_content_right":"<span id=\"page986R_mcid10063\" class=\"markedContent\"><span dir=\"ltr\" role=\"presentation\">Regierungsdirektorin, <\/span><span dir=\"ltr\" role=\"presentation\">Ministerium f\u00fcr Finanzen Baden-W\u00fcrttemberg <\/span><\/span>"},{"row_el_content_collapsible":false,"row_el_content_collapsible_init_state":true,"row_el_content_headline":"","row_el_content_left":"Anne-Katrin Schwarz","row_el_content_right":"Stellvertretende Ministerialr\u00e4tin, Staatsministerium Baden-W\u00fcrttemberg"},{"row_el_content_collapsible":false,"row_el_content_collapsible_init_state":true,"row_el_content_headline":"","row_el_content_left":"Dr. Claudia Rose","row_el_content_right":"Ministerialdirigentin und Leiterin der Abteilung Kunst, Ministerium f\u00fcr Wissenschaft, Forschung und Kunst Baden-W\u00fcrttemberg"}]},{"acf_fc_layout":"content_txt","_acfe_flexible_layout_title":null,"acfe_flexible_layout_title":"Text","bgcolor":"","bgcolor_custom":"","layout_col_size":8,"txt_cols":"is-1-txtcol","txt":"<h3 style=\"text-align: center;\"><span class=\"has-font-maison-neue-extended\" style=\"font-family: 'Maison Neue Extended';\">Kuratorium<\/span><\/h3>"},{"acf_fc_layout":"content_rows","_acfe_flexible_layout_title":null,"acfe_flexible_layout_title":"Auflistung","bgcolor":"","rows_el":[{"row_el_content_collapsible":false,"row_el_content_collapsible_init_state":true,"row_el_content_headline":"","row_el_content_left":"","row_el_content_right":"<h4><\/h4>\r\n<h4 style=\"text-align: left;\">Vertreter*innen des kulturellen Lebens<\/h4>"},{"row_el_content_collapsible":false,"row_el_content_collapsible_init_state":true,"row_el_content_headline":"","row_el_content_left":"Prof. Ludger Engels","row_el_content_right":"K\u00fcnstlerischer Direktor und Gesch\u00e4ftsf\u00fchrer, Akademie f\u00fcr Darstellende Kunst, Ludwigsburg"},{"row_el_content_collapsible":false,"row_el_content_collapsible_init_state":true,"row_el_content_headline":"","row_el_content_left":"Dr. Annika Hampel","row_el_content_right":"Max-Planck-Institut zur Erforschung von Kriminalit\u00e4t, Sicherheit und Recht, Freiburg im Breisgau"},{"row_el_content_collapsible":false,"row_el_content_collapsible_init_state":true,"row_el_content_headline":"","row_el_content_left":"Christian Holtzhauer","row_el_content_right":"Intendant Nationaltheater Mannheim"},{"row_el_content_collapsible":false,"row_el_content_collapsible_init_state":true,"row_el_content_headline":"","row_el_content_left":"Dr. Holger Kube Ventura","row_el_content_right":"Lei\u00adter Kunst\u00admu\u00adse\u00adum Reut\u00adlin\u00adgen | kon\u00adkret"},{"row_el_content_collapsible":false,"row_el_content_collapsible_init_state":true,"row_el_content_headline":"","row_el_content_left":"Mark Kwami","row_el_content_right":"Designer, Berlin"},{"row_el_content_collapsible":false,"row_el_content_collapsible_init_state":true,"row_el_content_headline":"","row_el_content_left":"Prasanna Oommen","row_el_content_right":"Moderatorin, Kommunikationsberaterin und Autorin, K\u00f6ln\r\nStellvertretende Kuratoriumsvorsitzende"},{"row_el_content_collapsible":false,"row_el_content_collapsible_init_state":true,"row_el_content_headline":"","row_el_content_left":"Dieter Ripberger","row_el_content_right":"Dramaturg &amp; Kulturmanager, T\u00fcbingen"},{"row_el_content_collapsible":false,"row_el_content_collapsible_init_state":true,"row_el_content_headline":"","row_el_content_left":"Marcus Schmickler","row_el_content_right":"Komponist, K\u00f6ln\/Graz"},{"row_el_content_collapsible":false,"row_el_content_collapsible_init_state":true,"row_el_content_headline":"","row_el_content_left":"Prof. Dr. Bonaventure\r\nSoh Bejeng Ndikung","row_el_content_right":"Intendant, Haus der Kulturen der Welt, Berlin"},{"row_el_content_collapsible":false,"row_el_content_collapsible_init_state":true,"row_el_content_headline":"","row_el_content_left":"Han Song Hiltmann","row_el_content_right":"Abteilungsleiter Programm, Stiftung Humboldt-Forum, Berlin"},{"row_el_content_collapsible":false,"row_el_content_collapsible_init_state":true,"row_el_content_headline":"","row_el_content_left":"Prof. Susanne M. \r\nWinterling","row_el_content_right":"K\u00fcnstlerin &amp; Professorin f\u00fcr material- und medienbasierte Kunst, Nationalakademie der K\u00fcnste Oslo"},{"row_el_content_collapsible":false,"row_el_content_collapsible_init_state":true,"row_el_content_headline":"","row_el_content_left":"Gitte Zschoch","row_el_content_right":"Generalsekret\u00e4rin, Institut f\u00fcr Auslandsbeziehungen ifa, Stuttgart"},{"row_el_content_collapsible":false,"row_el_content_collapsible_init_state":true,"row_el_content_headline":"","row_el_content_left":"","row_el_content_right":"<h4><\/h4>\r\n<h4 style=\"text-align: left;\">Vertreter*innen des \u00f6ffentlichen Lebens<\/h4>"},{"row_el_content_collapsible":false,"row_el_content_collapsible_init_state":true,"row_el_content_headline":"","row_el_content_left":"Anna Bartels","row_el_content_right":"Ausw\u00e4rtige Kulturpolitik, Ausw\u00e4rtiges Amt, Berlin"},{"row_el_content_collapsible":false,"row_el_content_collapsible_init_state":true,"row_el_content_headline":"","row_el_content_left":"Dr. Hans Peter Buohler","row_el_content_right":"Programmleitung Sachbuch und Belletristik, reclam Verlag, Ditzingen"},{"row_el_content_collapsible":false,"row_el_content_collapsible_init_state":true,"row_el_content_headline":"","row_el_content_left":"Prof. Danica Dakic","row_el_content_right":"K\u00fcnstlerin &amp; Professorin an der Kunstakademie D\u00fcsseldorf"},{"row_el_content_collapsible":false,"row_el_content_collapsible_init_state":true,"row_el_content_headline":"","row_el_content_left":"Prof. Dr. Giovanni Galizia","row_el_content_right":"Direktor des Zukunftskollegs der Universit\u00e4t Konstanz"},{"row_el_content_collapsible":false,"row_el_content_collapsible_init_state":true,"row_el_content_headline":"","row_el_content_left":"Julia Grosse","row_el_content_right":"Kuratorin &amp; Publizistin, Contemporary And (C&amp;), Berlin"},{"row_el_content_collapsible":false,"row_el_content_collapsible_init_state":true,"row_el_content_headline":"","row_el_content_left":"Prof. Dr. Felix Heidenreich","row_el_content_right":"Politikwissenschaftler Universit\u00e4t Stuttgart, Internationales Zentrum f\u00fcr Kultur- und Technikforschung (IZKT)"},{"row_el_content_collapsible":false,"row_el_content_collapsible_init_state":true,"row_el_content_headline":"","row_el_content_left":"Prof. Dr. Andreas Kaminski","row_el_content_right":"Philosoph, TU Darmstadt"},{"row_el_content_collapsible":false,"row_el_content_collapsible_init_state":true,"row_el_content_headline":"","row_el_content_left":"Anh-Linh Ngo","row_el_content_right":"Architekt &amp; Chefredakteur Arch+, Vizepr\u00e4sident der Akademie der K\u00fcnste, Berlin"},{"row_el_content_collapsible":false,"row_el_content_collapsible_init_state":true,"row_el_content_headline":"","row_el_content_left":"Cem \u00d6zdemir","row_el_content_right":"B\u00fcndnis 90\/Die Gr\u00fcnen, Spitzenkandidat f\u00fcr die Landtagswahl in Baden-W\u00fcrttemberg\r\nKuratoriumsvorsitzender"},{"row_el_content_collapsible":false,"row_el_content_collapsible_init_state":true,"row_el_content_headline":"","row_el_content_left":"Prof. Dr. Prof. \r\nh. c. mult. \r\nEva-Maria Seng","row_el_content_right":"Rektorin, Staatliche Akademie der Bildenden K\u00fcnste, Stuttgart"},{"row_el_content_collapsible":false,"row_el_content_collapsible_init_state":true,"row_el_content_headline":"","row_el_content_left":"\u00dclk\u00fc S\u00fcng\u00fcn","row_el_content_right":"K\u00fcnstlerin, Stuttgart"},{"row_el_content_collapsible":false,"row_el_content_collapsible_init_state":true,"row_el_content_headline":"","row_el_content_left":"Prof. Dr. Miriam Zadoff","row_el_content_right":"Direktorin, NS-Dokumentationszentrum, M\u00fcnchen"},{"row_el_content_collapsible":false,"row_el_content_collapsible_init_state":true,"row_el_content_headline":"","row_el_content_left":"","row_el_content_right":"<h4><\/h4>\r\n<h4>Vertreter*innen kraft Amtes<\/h4>"},{"row_el_content_collapsible":false,"row_el_content_collapsible_init_state":true,"row_el_content_headline":"","row_el_content_left":"Dr. Rainer Balzer","row_el_content_right":"Mitglied des Landtags, AfD, Bruchsal"},{"row_el_content_collapsible":false,"row_el_content_collapsible_init_state":true,"row_el_content_headline":"","row_el_content_left":"Stephen Brauer","row_el_content_right":"Mitglied des Landtags, FDP, Crailsheim"},{"row_el_content_collapsible":false,"row_el_content_collapsible_init_state":true,"row_el_content_headline":"","row_el_content_left":"Marc Gegenfurtner","row_el_content_right":"Kulturamtsleiter, Landeshauptstadt Stuttgart"},{"row_el_content_collapsible":false,"row_el_content_collapsible_init_state":true,"row_el_content_headline":"","row_el_content_left":"Prof. Susanne Kriemann","row_el_content_right":"Mitglied des Beirats der Kunststiftung Baden-W\u00fcrttemberg, Stuttgart"},{"row_el_content_collapsible":false,"row_el_content_collapsible_init_state":true,"row_el_content_headline":"","row_el_content_left":"Erwin K\u00f6hler","row_el_content_right":"Mitglied des Landtags, B\u00fcndnis90 \/Die Gr\u00fcnen, Stuttgart"},{"row_el_content_collapsible":false,"row_el_content_collapsible_init_state":true,"row_el_content_headline":"","row_el_content_left":"N. N.","row_el_content_right":"Mitglied des Beirats der Kunststiftung Baden-W\u00fcrttemberg"},{"row_el_content_collapsible":false,"row_el_content_collapsible_init_state":true,"row_el_content_headline":"","row_el_content_left":"Katrin Steinh\u00fclb-Joos","row_el_content_right":"Mitglied des Landtags, SPD, Stuttgart"},{"row_el_content_collapsible":false,"row_el_content_collapsible_init_state":true,"row_el_content_headline":"","row_el_content_left":"Andreas Sturm","row_el_content_right":"Mitglied des Landtags, CDU, Hockenheim"}]},{"acf_fc_layout":"content_txt","_acfe_flexible_layout_title":null,"acfe_flexible_layout_title":"Text","bgcolor":"","bgcolor_custom":"","layout_col_size":8,"txt_cols":"is-1-txtcol","txt":"<h3 style=\"text-align: center;\"><span class=\"has-font-maison-neue-extended\" style=\"font-family: 'Maison Neue Extended';\">Beirat<\/span><\/h3>"},{"acf_fc_layout":"content_rows","_acfe_flexible_layout_title":null,"acfe_flexible_layout_title":"Auflistung","bgcolor":"","rows_el":[{"row_el_content_collapsible":false,"row_el_content_collapsible_init_state":true,"row_el_content_headline":"","row_el_content_left":"Marc Gegenfurtner","row_el_content_right":"Kulturamtsleiter, Landeshauptstadt Stuttgart"},{"row_el_content_collapsible":false,"row_el_content_collapsible_init_state":true,"row_el_content_headline":"","row_el_content_left":"Dr. Annika Hampel","row_el_content_right":"Max-Planck-Institut zur Erforschung von Kriminalit\u00e4t, Sicherheit und Recht, Freiburg im Breisgau"},{"row_el_content_collapsible":false,"row_el_content_collapsible_init_state":true,"row_el_content_headline":"","row_el_content_left":"Christian Holtzhauer","row_el_content_right":"Intendant Nationaltheater Mannheim"},{"row_el_content_collapsible":false,"row_el_content_collapsible_init_state":true,"row_el_content_headline":"","row_el_content_left":"Prof. Dr. Andreas Kaminski","row_el_content_right":"Philosoph, TU Darmstadt"},{"row_el_content_collapsible":false,"row_el_content_collapsible_init_state":true,"row_el_content_headline":"","row_el_content_left":"Dr. Holger Kube Ventura","row_el_content_right":"Lei\u00adter Kunst\u00admu\u00adse\u00adum Reut\u00adlin\u00adgen | kon\u00adkret"},{"row_el_content_collapsible":false,"row_el_content_collapsible_init_state":true,"row_el_content_headline":"","row_el_content_left":"Prof. Dr. Prof.\r\nh. c. mult.\r\nEva-Maria Seng","row_el_content_right":"Rektorin, Staatliche Akademie der Bildenden K\u00fcnste, Stuttgart"},{"row_el_content_collapsible":false,"row_el_content_collapsible_init_state":true,"row_el_content_headline":"","row_el_content_left":"\u00dclk\u00fc S\u00fcng\u00fcn","row_el_content_right":"K\u00fcnstlerin, Stuttgart\r\nStellvertretende Beiratsvorsitzende"},{"row_el_content_collapsible":false,"row_el_content_collapsible_init_state":true,"row_el_content_headline":"","row_el_content_left":"Gitte Zschoch","row_el_content_right":"Generalsekret\u00e4rin, Institut f\u00fcr Auslandsbeziehungen ifa, Stuttgart\r\nBeiratsvorsitzende"}]}],"intro_preview_headline":"Die wesentlichen Stiftungsorgane der Akademie Schloss Solitude:","intro_preview_txt":"<span class=\"has-font-maison-neue-extended\" style=\"font-family: 'Maison Neue Extended';\">Der Stiftungsrat\r\n<\/span><span class=\"has-font-reckless-neue-book has-font-reckless-light\" style=\"font-family: 'Reckless Regular';\">ist leitendes Organ der Stiftung und \u00fcberwacht die T\u00e4tigkeit des Vorstands.<\/span>\r\n\r\n<span class=\"has-font-maison-neue-extended\" style=\"font-family: 'Maison Neue Extended';\">\r\n<span class=\"has-font-maison-neue-extended\" style=\"font-family: 'Maison Neue Extended';\">Der Vorstand<\/span>\r\n<\/span><span class=\"has-font-reckless-neue-book has-font-reckless-light\" style=\"font-family: 'Reckless Regular';\">ist die Akademieleitung. Sie f\u00fchrt die Gesch\u00e4fte der Akademie im Rahmen des Stiftungszwecks.<\/span>\r\n\r\n<span class=\"has-font-maison-neue-extended\" style=\"font-family: 'Maison Neue Extended';\">\r\n<span class=\"has-font-maison-neue-extended\" style=\"font-family: 'Maison Neue Extended';\">Dem Kuratorium<\/span>\r\n<\/span><span class=\"has-font-reckless-neue-book has-font-reckless-light\" style=\"font-family: 'Reckless Regular';\">geh\u00f6ren rund 40 Personen des \u00f6ffentlichen und kulturellen Lebens an.<\/span>","intro_preview_img":""},"_links":{"self":[{"href":"https:\/\/www.akademie-solitude.de\/de\/wp-json\/wp\/v2\/pages\/8917","targetHints":{"allow":["GET"]}}],"collection":[{"href":"https:\/\/www.akademie-solitude.de\/de\/wp-json\/wp\/v2\/pages"}],"about":[{"href":"https:\/\/www.akademie-solitude.de\/de\/wp-json\/wp\/v2\/types\/page"}],"author":[{"embeddable":true,"href":"https:\/\/www.akademie-solitude.de\/de\/wp-json\/wp\/v2\/users\/1"}],"replies":[{"embeddable":true,"href":"https:\/\/www.akademie-solitude.de\/de\/wp-json\/wp\/v2\/comments?post=8917"}],"version-history":[{"count":3,"href":"https:\/\/www.akademie-solitude.de\/de\/wp-json\/wp\/v2\/pages\/8917\/revisions"}],"predecessor-version":[{"id":44576,"href":"https:\/\/www.akademie-solitude.de\/de\/wp-json\/wp\/v2\/pages\/8917\/revisions\/44576"}],"up":[{"embeddable":true,"href":"https:\/\/www.akademie-solitude.de\/de\/wp-json\/wp\/v2\/pages\/91"}],"wp:attachment":[{"href":"https:\/\/www.akademie-solitude.de\/de\/wp-json\/wp\/v2\/media?parent=8917"}],"curies":[{"name":"wp","href":"https:\/\/api.w.org\/{rel}","templated":true}]}}