{"id":91,"date":"2020-01-24T16:39:52","date_gmt":"2020-01-24T15:39:52","guid":{"rendered":"https:\/\/www.akademie-solitude.de\/?page_id=91"},"modified":"2025-05-21T16:17:57","modified_gmt":"2025-05-21T14:17:57","slug":"akademie","status":"publish","type":"page","link":"https:\/\/www.akademie-solitude.de\/de\/akademie\/","title":{"rendered":"Akademie"},"content":{"rendered":"","protected":false},"excerpt":{"rendered":"","protected":false},"author":1,"featured_media":10762,"parent":0,"menu_order":7,"comment_status":"closed","ping_status":"closed","template":"","meta":{"_acf_changed":false,"inline_featured_image":false,"footnotes":""},"class_list":["post-91","page","type-page","status-publish","hentry"],"acf":{"bgcolor":"","bgcolor_custom":"","custom_color_css_variable":"","content_type":[{"acf_fc_layout":"content_teaser","_acfe_flexible_layout_title":"Leitbild","acfe_flexible_layout_title":"Leitbild","teaser_elements":[{"teaser_bgcolor":"has-bg-red","teaser_outline":false,"teaser_border":[],"teaser_type":"teaser_post","teaser_preview":["preview_txt"],"teaser_preview_img_style":"teaser_preview_img_default","teaser_obj_type":"teaser_post","teaser_obj_el":8555,"teaser_taxonomy_el":null,"teaser_headline":"Leitbild","teaser_person_current":false,"teaser_person_current_juror":false,"teaser_person_current_employee":false,"post_taxonomies_person_type":["52"],"post_taxonomies_program":"","post_taxonomies_year_generation":"","post_taxonomies_practice_field":"","teaser_btntxt":"Zum Leitbild"}]},{"acf_fc_layout":"content_teaser","_acfe_flexible_layout_title":"\u00dcber uns","acfe_flexible_layout_title":"\u00dcber uns","teaser_elements":[{"teaser_bgcolor":"","teaser_outline":false,"teaser_border":[],"teaser_type":"teaser_post","teaser_preview":["preview_txt","preview_img"],"teaser_preview_img_style":false,"teaser_obj_type":"teaser_post","teaser_obj_el":8536,"teaser_taxonomy_el":null,"teaser_headline":"\u00dcber uns","teaser_person_current":false,"teaser_person_current_juror":false,"teaser_person_current_employee":false,"post_taxonomies_person_type":["52"],"post_taxonomies_program":"","post_taxonomies_year_generation":"","post_taxonomies_practice_field":"","teaser_btntxt":"Mehr \u00fcber uns"},{"teaser_bgcolor":"","teaser_outline":false,"teaser_border":[],"teaser_type":"teaser_post","teaser_preview":["preview_txt","preview_img"],"teaser_preview_img_style":false,"teaser_obj_type":"teaser_post","teaser_obj_el":8557,"teaser_taxonomy_el":null,"teaser_headline":"Historie","teaser_person_current":false,"teaser_person_current_juror":false,"teaser_person_current_employee":false,"post_taxonomies_person_type":[],"post_taxonomies_program":[],"post_taxonomies_year_generation":[],"post_taxonomies_practice_field":[],"teaser_btntxt":"zur Historie"}]},{"acf_fc_layout":"content_teaser","_acfe_flexible_layout_title":"Gremien","acfe_flexible_layout_title":"Gremien","teaser_elements":[{"teaser_bgcolor":"has-bg-lila","teaser_outline":false,"teaser_border":[],"teaser_type":"teaser_post","teaser_preview":["preview_txt"],"teaser_preview_img_style":"teaser_preview_img_default","teaser_obj_type":"teaser_post","teaser_obj_el":8917,"teaser_taxonomy_el":null,"teaser_headline":"Gremien","teaser_person_current":false,"teaser_person_current_juror":false,"teaser_person_current_employee":false,"post_taxonomies_person_type":["52"],"post_taxonomies_program":"","post_taxonomies_year_generation":"","post_taxonomies_practice_field":"","teaser_btntxt":"ZU GREMIEN"}]},{"acf_fc_layout":"content_teaser","_acfe_flexible_layout_title":"Mitarbeiter","acfe_flexible_layout_title":"Mitarbeiter","teaser_elements":[{"teaser_bgcolor":"has-bg-red","teaser_outline":false,"teaser_border":[],"teaser_type":"teaser_persons","teaser_preview":["preview_txt"],"teaser_preview_img_style":"teaser_preview_img_default","teaser_obj_type":false,"teaser_obj_el":8555,"teaser_taxonomy_el":null,"teaser_headline":"Mitarbeiter*innen","teaser_person_current":false,"teaser_person_current_juror":false,"teaser_person_current_employee":true,"post_taxonomies_person_type":["52"],"post_taxonomies_program":"","post_taxonomies_year_generation":"","post_taxonomies_practice_field":"","teaser_btntxt":"Mehr Infos"}]},{"acf_fc_layout":"content_cta","acfe_flexible_layout_title":"Link \/ Call-to-Action","bgcolor":"has-bg-red","bgcolor_custom":"","layout_col_size":6,"cta_link":{"type":"post","value":"9651","title":"","target":false},"cta_txt":"Join our team!","cta_button_txt":"BEWERBEN"}],"intro_preview_headline":"","intro_preview_txt":"Die Akademie Schloss Solitude ist ein internationales Artist-in-Residence-Programm, das seit seiner Gr\u00fcndung 1990 mehr als 1.400 junge K\u00fcnstler*innen und Wissenschaftler*innen aus \u00fcber 120 L\u00e4ndern gef\u00f6rdert hat. Es bildet f\u00fcr die internationale Kunstszene ein wichtiges globales und transdisziplin\u00e4res Netzwerk.","intro_preview_img":10762},"_links":{"self":[{"href":"https:\/\/www.akademie-solitude.de\/de\/wp-json\/wp\/v2\/pages\/91","targetHints":{"allow":["GET"]}}],"collection":[{"href":"https:\/\/www.akademie-solitude.de\/de\/wp-json\/wp\/v2\/pages"}],"about":[{"href":"https:\/\/www.akademie-solitude.de\/de\/wp-json\/wp\/v2\/types\/page"}],"author":[{"embeddable":true,"href":"https:\/\/www.akademie-solitude.de\/de\/wp-json\/wp\/v2\/users\/1"}],"replies":[{"embeddable":true,"href":"https:\/\/www.akademie-solitude.de\/de\/wp-json\/wp\/v2\/comments?post=91"}],"version-history":[{"count":3,"href":"https:\/\/www.akademie-solitude.de\/de\/wp-json\/wp\/v2\/pages\/91\/revisions"}],"predecessor-version":[{"id":42776,"href":"https:\/\/www.akademie-solitude.de\/de\/wp-json\/wp\/v2\/pages\/91\/revisions\/42776"}],"wp:featuredmedia":[{"embeddable":true,"href":"https:\/\/www.akademie-solitude.de\/de\/wp-json\/wp\/v2\/media\/10762"}],"wp:attachment":[{"href":"https:\/\/www.akademie-solitude.de\/de\/wp-json\/wp\/v2\/media?parent=91"}],"curies":[{"name":"wp","href":"https:\/\/api.w.org\/{rel}","templated":true}]}}