{"id":9612,"date":"2020-06-08T15:18:44","date_gmt":"2020-06-08T13:18:44","guid":{"rendered":"https:\/\/www.akademie-solitude.de\/?page_id=9612"},"modified":"2025-03-24T19:20:51","modified_gmt":"2025-03-24T18:20:51","slug":"mutation","status":"publish","type":"page","link":"https:\/\/www.akademie-solitude.de\/de\/programme-projekte\/archiv\/mutation\/","title":{"rendered":"Fokusthema: Mutationen"},"content":{"rendered":"","protected":false},"excerpt":{"rendered":"","protected":false},"author":1,"featured_media":0,"parent":42404,"menu_order":110,"comment_status":"closed","ping_status":"closed","template":"","meta":{"_acf_changed":false,"inline_featured_image":false,"footnotes":""},"class_list":["post-9612","page","type-page","status-publish","hentry"],"acf":{"bgcolor":"has-bg-green","bgcolor_custom":"","custom_color_css_variable":"","content_type":[{"acf_fc_layout":"content_txt","acfe_flexible_layout_title":"Text","bgcolor":"","bgcolor_custom":"","layout_col_size":8,"txt_cols":"is-1-txtcol","txt":"<h3 style=\"text-align: center;\"><span class=\"has-font-maison-neue-extended\" style=\"font-family: 'Maison Neue Extended';\">Thematischer Fokus<\/span><\/h3>\r\n<p style=\"text-align: center;\">Interdisziplin\u00e4re thematische Residenz 2020\u20132021\r\nMUTATIONEN<\/p>\r\n\u00a0\r\n\r\n<span class=\"has-font-maison-neue\" style=\"font-family: 'Maison Neue';\">Mutationen sind Prozesse mit unvorhersehbaren Folgen: Transformation, Kontrollverlust und Irreversibilit\u00e4t, aber auch Vielfalt, Metamorphose und Hybridit\u00e4t. Es ist diese Unbestimmtheit und der assoziative Reichtum, der Mutationen unheimlich und attraktiv zugleich macht.<\/span>\r\n\r\n<span class=\"has-font-maison-neue\" style=\"font-family: 'Maison Neue';\">In der Biologie und Genetik beziehen sich Mutationen auf eine Ver\u00e4nderung der DNS, den elementaren Code des Lebens. Mutationen treten als Variation und Ver\u00e4nderung auf, als unvorhergesehene Transformation von Material oder Umgebung. Mutationen entstehen an der Schnittstelle genetischer Codes und manifestieren sich in einer Ver\u00e4nderung aller Aspekte des Lebens, in der physischen Beschaffenheit von Lebewesen. Sie beeinflussen unsere \u00f6kologische, soziale und politische Umwelt und wirken sich auf die Gestaltung kultureller R\u00e4ume aus. Mutationen bergen ein enormes Potenzial f\u00fcr radikales Denken und Wandel. Sie widersprechen der bestehenden Ordnung, fordern Hierarchien heraus und l\u00e4uten vielleicht den Aufbruch in ein neues Zeitalter ein.<\/span>\r\n\r\n<span class=\"has-font-reckless-neue-book\" style=\"font-family: 'Reckless Neue Book';\">Die \u00f6kologische Krise und soziale Ungleichheiten stellen alle Gesellschaften von heute vor gro\u00dfe strukturelle Herausforderungen. Residenzprogramme dienen als Experimentalr\u00e4ume, in denen die Teilnehmer*innen mutierende Prozesse beobachten, analysieren und hinterfragen. Durch die Linse der Mutationen k\u00f6nnen wir diese Prozesse von Grund auf neu bewerten und neue Verbindungen kn\u00fcpfen. Wie k\u00f6nnen wir in Zeiten eines tiefgreifenden gesellschaftspolitischen und \u00f6kologischen Wandels \u00fcber Mutationen nachdenken? Wie k\u00f6nnen wir die Vielfalt und Vielf\u00e4ltigkeit, die den Mutationen innewohnt, entfesseln? Was bedeutet \u00bbMutation\u00ab im Beziehungsgeflecht von k\u00fcnstlerischer, sozialer und planetarischer Arbeit? In diesem Sinne dient \u00bbMutationen\u00ab als Thema, das sowohl wissenschaftlich als auch k\u00fcnstlerisch aus ineinandergreifenden Blickwinkeln untersucht werden kann. Die Gruppe der sieben ausgew\u00e4hlten Fellows wird das Thema \u00fcber einen Zeitraum von neun Monaten gemeinsam bearbeiten. Durch monatlich stattfindende Labs gestalten sie das interne Programm der Akademie mit und beteiligen sich auch an \u00f6ffentlichen Veranstaltungen. W\u00e4hrend ihres gesamten Aufenthalts werden die Fellows von Mentor*innen begleitet.<\/span>\r\n<p style=\"text-align: left;\"><span class=\"has-font-reckless-neue-book\" style=\"font-family: 'Reckless Neue Book';\">\u00bbMutationen\u00ab ist eine Kooperation der Akademie Schloss Solitude und der <a href=\"http:\/\/www.kfw-stiftung.de\/\">KfW Stiftung<\/a> zur F\u00f6rderung des transdisziplin\u00e4ren und transkulturellen Dialogs zwischen Kunst und Wissenschaft. Durch die Einladung von K\u00fcnstler*innen, Wissenschaftler*innen und Kreativen aus allen Bereichen zu einem zielgerichteten Gruppengespr\u00e4ch innerhalb eines vorgegebenen thematischen Rahmens f\u00f6rdert das 9-monatige Programm die kritische Reflexion und k\u00fcnstlerische Produktion sowie den Austausch \u00fcber Disziplinen hinweg.<\/span><\/p>\r\n<span class=\"has-font-reckless-neue-book\" style=\"font-family: 'Reckless Neue Book';\">Die <a href=\"http:\/\/www.kfw-stiftung.de\/\">KfW Stiftung<\/a>\u00a0ist eine unabh\u00e4ngige gemeinn\u00fctzige Stiftung mit Sitz in Frankfurt am Main, die sich mit den Herausforderungen der heutigen Gesellschaft auseinandersetzt. Mit dem Ziel, das Bewusstsein von Menschen zu sch\u00e4rfen, sie zu ermutigen, Verantwortung zu \u00fcbernehmen und Vielfalt in der heutigen globalisierten Welt zu gestalten, hat die KfW Stiftung vier gro\u00dfe T\u00e4tigkeitsfelder: Umwelt und Klima, soziales Engagement, verantwortungsvolles Unternehmertum sowie Kunst und Kultur. \u00dcber das Programm Kunst und Kultur schafft sie verschiedene Plattformen f\u00fcr internationale zeitgen\u00f6ssische Kunst und legt dabei einen Schwerpunkt auf au\u00dfereurop\u00e4ische und nichtwestliche Kunst. Die KfW Stiftung initiiert und f\u00f6rdert Projekte wie etwa Residenzprogramme f\u00fcr aufstrebende K\u00fcnstler*innen und Kurator*innen oder Schreibwerkst\u00e4tten f\u00fcr junge Autor*innen.<\/span>\r\n\r\n\u00a0\r\n<h3 style=\"text-align: center;\"><span class=\"has-font-maison-neue-extended\" style=\"font-family: 'Maison Neue Extended';\">Residenzprogramm<\/span><\/h3>\r\n<span class=\"has-font-reckless-neue-book\" style=\"font-family: 'Reckless Neue Book';\">Die Dauer des Programms ist Oktober 2020 bis Juni 2021. <\/span><span class=\"has-font-reckless-neue-book\" style=\"font-family: 'Reckless Neue Book';\">Die ersten sechs Monate des Stipendiums sind einem intensiven Dialog zwischen den Fellows gewidmet, in dem sie ihre Praxis gemeinsam weiterentwickeln und eine Plattform f\u00fcr den Wissensaustausch schaffen. Im Vordergrund dieser Phase steht der kollaborative Ansatz der k\u00fcnstlerischen Forschung. Die folgenden drei Monate sind dem Entwicklungsprozess eines \u00f6ffentlichen Abschlussformates gewidmet, in dem die Stipendiat*innen ihre Praxis mit der \u00d6ffentlichkeit teilen (Symposium, Ausstellung oder andere Veranstaltung und Publikation).<\/span>\r\n\r\nWeitere Informationen zur Thematischen Residenz \u00bbMutations\u00ab und den Projekten der sieben ausgew\u00e4hlten Stipendiat*innen finden Sie auch auf der Mutations Website: <a href=\"http:\/\/www.mutations.akademie-solitude.de\">www.mutations.akademie-solitude.de<\/a>\r\n\r\n"},{"acf_fc_layout":"content_sponsors","acfe_flexible_layout_title":"Sponsoren","sponsors":[{"sponsor_name":"In Kooperation mit","sponsor_link":"http:\/\/kfw-stiftung.de","sponsor_img":29640}]}],"intro_preview_headline":"","intro_preview_txt":"Mit der Bewerbungsrunde 2019 hat die Akademie Schloss Solitude ihr Profil\u00a0 um einen <strong>thematischen Fokus<\/strong> erweitert und\u00a0 gemeinsam mit der\u00a0<a href=\"http:\/\/www.kfw-stiftung.de\/\">KfW Stiftung<\/a>\u00a0ein neues Programm mit inhaltlichem Schwerpunkt eingerichtet. Im Rahmen dieses Fokusprogramms arbeitet ab Oktober 2020 erstmalig eine Gruppe von sieben Stipendiat*innen \u00fcber einen Zeitraum von neun Monaten gemeinsam zu einem bestimmten Thema. Die Akademie m\u00f6chte mit dem thematischen Fokus den Stellenwert des transdisziplin\u00e4ren und diskursiv-k\u00fcnstlerischen Arbeitens in der Gesellschaft st\u00e4rken und hierf\u00fcr inhaltliche Impulse geben.","intro_preview_img":""},"_links":{"self":[{"href":"https:\/\/www.akademie-solitude.de\/de\/wp-json\/wp\/v2\/pages\/9612","targetHints":{"allow":["GET"]}}],"collection":[{"href":"https:\/\/www.akademie-solitude.de\/de\/wp-json\/wp\/v2\/pages"}],"about":[{"href":"https:\/\/www.akademie-solitude.de\/de\/wp-json\/wp\/v2\/types\/page"}],"author":[{"embeddable":true,"href":"https:\/\/www.akademie-solitude.de\/de\/wp-json\/wp\/v2\/users\/1"}],"replies":[{"embeddable":true,"href":"https:\/\/www.akademie-solitude.de\/de\/wp-json\/wp\/v2\/comments?post=9612"}],"version-history":[{"count":1,"href":"https:\/\/www.akademie-solitude.de\/de\/wp-json\/wp\/v2\/pages\/9612\/revisions"}],"predecessor-version":[{"id":42043,"href":"https:\/\/www.akademie-solitude.de\/de\/wp-json\/wp\/v2\/pages\/9612\/revisions\/42043"}],"up":[{"embeddable":true,"href":"https:\/\/www.akademie-solitude.de\/de\/wp-json\/wp\/v2\/pages\/42404"}],"wp:attachment":[{"href":"https:\/\/www.akademie-solitude.de\/de\/wp-json\/wp\/v2\/media?parent=9612"}],"curies":[{"name":"wp","href":"https:\/\/api.w.org\/{rel}","templated":true}]}}