{"id":9614,"date":"2020-06-08T15:18:57","date_gmt":"2020-06-08T13:18:57","guid":{"rendered":"https:\/\/www.akademie-solitude.de\/?page_id=9614"},"modified":"2026-03-05T10:53:57","modified_gmt":"2026-03-05T09:53:57","slug":"digitale-kulturen","status":"publish","type":"page","link":"https:\/\/www.akademie-solitude.de\/de\/programme-projekte\/digitale-kulturen\/","title":{"rendered":"Digitale Kulturen"},"content":{"rendered":"","protected":false},"excerpt":{"rendered":"","protected":false},"author":1,"featured_media":0,"parent":9610,"menu_order":102,"comment_status":"closed","ping_status":"closed","template":"","meta":{"_acf_changed":false,"inline_featured_image":false,"footnotes":""},"class_list":["post-9614","page","type-page","status-publish","hentry"],"acf":{"bgcolor":"has-bg-yellow","bgcolor_custom":"","custom_color_css_variable":"","content_type":[{"acf_fc_layout":"content_txt","_acfe_flexible_layout_title":null,"acfe_flexible_layout_title":"Text","bgcolor":"","bgcolor_custom":"","layout_col_size":8,"txt_cols":"is-1-txtcol","txt":"<span class=\"has-font-maison-neue\" style=\"font-family: 'Maison Neue';\">Der Fokus von <em>Digital Solitude<\/em> liegt auf der Verschr\u00e4nkung des physischen und digitalen Raums. <em>Digital Solitude<\/em> f\u00f6rdert die \u00f6ffentliche Sichtbarmachung und Vermittlung der Themen des Solitude-Netzwerks und digitaler Kulturen. <em>Digital Solitude<\/em> regt alternative Ans\u00e4tze im Umgang mit digitalen Medien und Technologien an, um diese f\u00fcr Transformationsprozesse innerhalb unserer Gesellschaft wirksam zu machen. Durch das Stipendium, die Web Residencies sowie wechselnde Ver\u00f6ffentlichungs- und Vermittlungsformate im Rahmen dieses Programms f\u00f6rdert die Akademie Schloss Solitude die spekulative und kritische Auseinandersetzung mit k\u00fcnstlerischer Praxis und Medienentwicklungen innerhalb der digitalen Kultur. Dabei spielen die Anwendung und Weitergabe von Wissen um Open-Source-Praktiken, das Gestalten niedrigschwelliger Zug\u00e4nge und das Erm\u00f6glichen kollaborativer Prozesse zur Teilhabe an Transformationsentwicklungen eine ma\u00dfgebliche Rolle. Das Programm <em>Digital Solitude<\/em> m\u00f6chte k\u00fcnstlerisch-wissenschaftliche Forschung mit zukunftsweisenden technischen Entwicklungen verbinden. Digitale Praxisfelder werden nachhaltig mit Werten und Methoden der K\u00fcnste verwoben.<\/span>\r\n\r\n<span class=\"has-font-maison-neue\" style=\"font-family: 'Maison Neue';\">Der\u00a0<a href=\"https:\/\/www.akademie-solitude.de\/newsletter\/\">Digital Solitude-Newsletter<\/a> informiert regelm\u00e4\u00dfig \u00fcber aktuelle Ausschreibungen und Projekte aus dem Programm Web Residencies sowie \u00fcber Offline- und Onlineangebote des Themenclusters Digital Solitude und vermittelt die neuesten Inhalte aus dem Solitude Journal und dem Solitude Blog.\u00a0<\/span>"},{"acf_fc_layout":"content_txt","_acfe_flexible_layout_title":null,"acfe_flexible_layout_title":"Text","bgcolor":"","bgcolor_custom":"","layout_col_size":8,"txt_cols":"is-1-txtcol","txt":"<h3 style=\"text-align: center;\"><span class=\"has-font-maison-neue-extended\" style=\"font-family: 'Maison Neue Extended';\"><strong>Stipendium Praxisfeld DIGITAL\u00a0<\/strong><\/span><\/h3>\r\n<span class=\"has-font-reckless-regular\" style=\"font-family: 'Reckless Regular';\">Das Praxisfeld <span class=\"has-font-maison-neue-extended\" style=\"font-family: 'Maison Neue Extended';\">DIGITAL<\/span> ist disziplin- und aktions\u00fcbergreifend angelegt. Bewerben k\u00f6nnen sich K\u00fcnstler*innen, Aktivist*innen, Expert*innen und Kreative, ebenso wie Coder*innen, Hacker*innen und Journalist*innen, die im digitalen Bereich arbeiten und forschen oder diesen als aktiven Handlungsraum verstehen. Die Stipendien werden im Rahmen der alle zwei Jahre stattfindenden regul\u00e4ren Ausschreibung der Akademie Schloss Solitude von zwei Juror*innen vergeben.\u00a0<\/span>\r\n\r\n<span class=\"has-font-reckless-regular\" style=\"font-family: 'Reckless Regular';\">Digital Solitude bietet sowohl online als auch offline gro\u00dfen Spielraum f\u00fcr unterschiedliche Formen der Teilnahme und Teilhabe. Stipendiat*innen k\u00f6nnen an der Redaktion und Ver\u00f6ffentlichung von Inhalten f\u00fcr das Solitude Journal und den Solitude Blog mitwirken, eigene Projekte oder auch Workshops \u2013 zum Beispiel in Kooperation mit Stuttgarter Hochschulen \u2013 realisieren.<\/span>\r\n\r\n&nbsp;\r\n<h3 style=\"text-align: center;\"><span class=\"has-font-maison-neue-extended\" style=\"font-family: 'Maison Neue Extended';\">Web Residencies<\/span><\/h3>\r\n<span class=\"has-font-reckless-regular\" style=\"font-family: 'Reckless Regular';\">Mit ihren <a href=\"https:\/\/www.akademie-solitude.de\/de\/stipendium\/sonderstipendien\/web-residencies\/\">Web Residencies<\/a> f\u00f6rdert die Akademie Schloss Solitude seit 2016 (von 2017 bis 2020 gemeinsam mit dem ZKM | Zentrum f\u00fcr Kunst und Medien) K\u00fcnstler*innen, Designer*innen, Cyborgs, Hacker*innen und Forscher*innen, die den digitalen Raum nutzen. Das Programm findet ausschlie\u00dflich online statt. Bis zu dreimal im Jahr gibt es Open Calls, die von eingeladenen Expert*innen oder Kollektiven kuratiert werden. Bei jedem Call w\u00e4hlen die Kurator*innen vier bis sechs Personen oder Kollektive f\u00fcr eine vierw\u00f6chige Web Residency aus. Die Arbeitsprozesse und -ergebnisse werden online pr\u00e4sentiert.<\/span>\r\n\r\n<span class=\"has-font-reckless-regular\" style=\"font-family: 'Reckless Regular';\">Bis 2020 vergab die Akademie Schloss Solitude einmal j\u00e4hrlich den Produktionspreis HASH an ein herausragendes Web-Residency-Projekt. Der Preis wurde mit 8.000 Euro dotiert und von der Stiftung Landesbank Baden-W\u00fcrttemberg gef\u00f6rdert.<\/span>"},{"acf_fc_layout":"content_img","_acfe_flexible_layout_title":null,"acfe_flexible_layout_title":"Bild(er)","bgcolor":"","bgcolor_custom":"","layout_col_size":8,"img_gallery":true,"img":[12136,11405,9754,12231],"img_gallery_format":"is-16by9"},{"acf_fc_layout":"content_txt","_acfe_flexible_layout_title":null,"acfe_flexible_layout_title":"Text","bgcolor":"","bgcolor_custom":"","layout_col_size":8,"txt_cols":"is-1-txtcol","txt":"<h3 style=\"text-align: center;\"><span class=\"has-font-maison-neue-extended\" style=\"font-family: 'Maison Neue Extended';\">Online Publishing \u2013 Journal &amp; Blog<\/span><\/h3>\r\n<span class=\"has-font-reckless-regular\" style=\"font-family: 'Reckless Regular';\">Die Publishing-Formate der Akademie Schloss Solitude geben einer multiperspektivischen Welt und vielf\u00e4ltigen Wissensformen eine \u00d6ffentlichkeit und gestalten den digitalen Raum als transkulturellen und transdisziplin\u00e4ren Raum der Wissensproduktion.<\/span>\r\n\r\n<span class=\"has-font-reckless-regular\" style=\"font-family: 'Reckless Regular';\">Das <a href=\"https:\/\/www.akademie-solitude.de\/de\/post-project\/online-publications\/\">Solitude Journal<\/a> vermittelt aktuelle Themen der Akademie Schloss Solitude und erscheint mehrmals j\u00e4hrlich als Online- und Printmagazin. Das Solitude Journal pr\u00e4sentiert eine Auswahl eigens f\u00fcr dieses Format konzipierter Beitr\u00e4ge und erm\u00f6glicht eine diskursive und vertiefende Auseinandersetzung mit bestimmten Themenclustern. Es vereint unterschiedlichste k\u00fcnstlerische und wissenschaftliche Haltungen und erkundet Formen des Publizierens und Schreibens als kollektiven und kuratorischen Prozess.<\/span>\r\n\r\n<span class=\"has-font-reckless-regular\" style=\"font-family: 'Reckless Regular';\">Der <a href=\"https:\/\/www.akademie-solitude.de\/de\/post-project\/solitude-blog\/\">Solitude Blog<\/a> ist eine transdisziplin\u00e4re Onlineplattform f\u00fcr die Publikation und Vermittlung von journalistischer, literarischer und k\u00fcnstlerischer Arbeit sowie k\u00fcnstlerisch-wissenschaftlicher Forschung. Die Plattform diskutiert gemeinsam mit Stipendiat*innen, den Web Residents und dem Solitude Netzwerk aktuelle Themen aus Kunst, Kultur, Gesellschaft und Wissenschaft. Das Format <a href=\"https:\/\/www.akademie-solitude.de\/de\/post-project\/studio-visits\/\">Studio Visits<\/a> bieten Einblicke in die Studios und die aktuelle Arbeit internationaler K\u00fcnstler*innen, Kurator*innen und Wissenschaftler*innen. Das Journal, der Blog und die Studio Visits erm\u00f6glichen die Sichtbarkeit des Solitude-Netzwerks aus Alumni, Expert*innen und Freund*innen aus \u00fcber 120 L\u00e4ndern sowie die F\u00f6rderung neuer k\u00fcnstlerischer und politischer Stimmen und kollektiver Diskurse.\u00a0<\/span>\r\n\r\n<span class=\"has-font-reckless-regular\" style=\"font-family: 'Reckless Regular';\"><a href=\"https:\/\/schloss-post.com\/\">Schlosspost<\/a>, die Onlineplattform der Akademie Schloss Solitude von 2015 bis 2020, bleibt als offenes Archiv mit rund 1.800 Beitr\u00e4gen frei zug\u00e4nglich.<\/span>\r\n\r\n&nbsp;\r\n<h3 style=\"text-align: center;\">Digital Solitude \u2013 Online Events &amp; Workshops<\/h3>\r\n<div>\r\n\r\n<span class=\"has-font-reckless-regular\"><i>Digital Solitude<\/i><\/span><span class=\"has-font-reckless-regular\"> f\u00f6rdert Online-Events, Workshops und partizipativen Formaten, initiiert durch\u00a0die Akademie Schloss Solitude, Digital Solitude und das Solitude-Netzwerk, welche\u00a0 die Notwendigkeit aufzeigen, alternative Handlungsweisen und Anwendungsmethoden zu entwickeln und diese zu teilen. Auf diese Weise f\u00f6rdert das das Programm kollektive Teilhabe und Zugang zu Wissen. Der Schwerpunkt liegt sowohl auf dem technologiebasierten Kn\u00fcpfen und Pflegen von sozialen Beziehungen und R\u00e4umen als auch auf der Weitergabe von Wissen \u00fcber k\u00fcnstlerische Praktiken und digitale Kulturen. Digital Solitude l\u00e4dt im Besonderen dazu ein, zusammen mit aktuellen und ehemaligen Stipendiat*innen, Web-Residents und Expert*innen Modelle zu diskutieren, die neue Realit\u00e4ten artikulieren und dazu ermutigen, sich in und zwischen analogen und digitalen Territorien, Netzwerken und Welten zu bewegen. <\/span>\r\n\r\n&nbsp;\r\n\r\nZu bisherigen Veranstaltungen aus dem Programmbereich <i>Digital Solitude<\/i> geh\u00f6ren unter anderem: <a href=\"https:\/\/www.akademie-solitude.de\/de\/event\/fragile-solidarity-fragile-connections\/\">Digital Solitude Festival \u00bbFragile Solidarity\/Fragile Connections\u00ab<\/a>, die audio-visuelle Serie <a href=\"https:\/\/www.akademie-solitude.de\/de\/event\/audio-visuelle-serie-reuse-refuse\/\">\u00bbREUSE&gt;&gt;REFUSE\u00ab<\/a>, die Ausstellung <a href=\"https:\/\/www.akademie-solitude.de\/de\/event\/online-ausstellung-molecular-minds-monstrous-matters\/\">\u00bbMolecular Minds \/\/ Monstrous Matters\u00ab<\/a><u>, <\/u><a href=\"https:\/\/www.akademie-solitude.de\/en\/event\/the-horizontal-reading-group\/\">\u00bbThe Horizontal Reading Group\u00ab<\/a>, <a href=\"https:\/\/www.akademie-solitude.de\/en\/event\/nepantlas-1\/\">\u00bbNepantlas: Infrastructures for World-building\u00ab<\/a>.\r\n\r\n<\/div>"},{"acf_fc_layout":"content_img","_acfe_flexible_layout_title":null,"acfe_flexible_layout_title":"Bild(er)","bgcolor":"","bgcolor_custom":"","layout_col_size":8,"img_gallery":true,"img":[39775,39771,39773,27072,29473],"img_gallery_format":false},{"acf_fc_layout":"content_footnotes","_acfe_flexible_layout_title":null,"acfe_flexible_layout_title":"Fu\u00dfnoten","bgcolor":"","footnotes_list_hide_numbers":true,"footnotes":[{"footnote":"<p class=\"is-size-6\"><span class=\"has-font-reckless-regular\" style=\"font-family: 'Reckless Regular';\">Referentin | Digital Solitude und Publishing: <a href=\"https:\/\/www.akademie-solitude.de\/de\/person\/sarah-donderer\/\">Sarah Donderer<\/a><\/span><\/p>"}]}],"intro_preview_headline":"","intro_preview_txt":"Der Fokus von <i>Digital Solitude<\/i> liegt auf der Verschr\u00e4nkung des physischen und digitalen Raums. <i>Digital Solitud<\/i>e f\u00f6rdert die \u00f6ffentliche Sichtbarmachung und Vermittlung der Themen des Solitude Netzwerks und digitaler Kulturen. <i>Digital Solitude <\/i>regt innovative und alternative Ans\u00e4tze im Umgang mit digitalen Medien und Technologien an, um diese in der kritischen Auseinandersetzung f\u00fcr die Transformationsprozesse innerhalb unserer Gesellschaft wirksam zu machen.","intro_preview_img":""},"_links":{"self":[{"href":"https:\/\/www.akademie-solitude.de\/de\/wp-json\/wp\/v2\/pages\/9614","targetHints":{"allow":["GET"]}}],"collection":[{"href":"https:\/\/www.akademie-solitude.de\/de\/wp-json\/wp\/v2\/pages"}],"about":[{"href":"https:\/\/www.akademie-solitude.de\/de\/wp-json\/wp\/v2\/types\/page"}],"author":[{"embeddable":true,"href":"https:\/\/www.akademie-solitude.de\/de\/wp-json\/wp\/v2\/users\/1"}],"replies":[{"embeddable":true,"href":"https:\/\/www.akademie-solitude.de\/de\/wp-json\/wp\/v2\/comments?post=9614"}],"version-history":[{"count":4,"href":"https:\/\/www.akademie-solitude.de\/de\/wp-json\/wp\/v2\/pages\/9614\/revisions"}],"predecessor-version":[{"id":44841,"href":"https:\/\/www.akademie-solitude.de\/de\/wp-json\/wp\/v2\/pages\/9614\/revisions\/44841"}],"up":[{"embeddable":true,"href":"https:\/\/www.akademie-solitude.de\/de\/wp-json\/wp\/v2\/pages\/9610"}],"wp:attachment":[{"href":"https:\/\/www.akademie-solitude.de\/de\/wp-json\/wp\/v2\/media?parent=9614"}],"curies":[{"name":"wp","href":"https:\/\/api.w.org\/{rel}","templated":true}]}}