{"id":9618,"date":"2020-06-08T15:19:24","date_gmt":"2020-06-08T13:19:24","guid":{"rendered":"https:\/\/www.akademie-solitude.de\/?page_id=9618"},"modified":"2025-03-24T19:21:20","modified_gmt":"2025-03-24T18:21:20","slug":"oekosysteme-des-wissens","status":"publish","type":"page","link":"https:\/\/www.akademie-solitude.de\/de\/programme-projekte\/archiv\/oekosysteme-des-wissens\/","title":{"rendered":"\u00d6kosysteme des Wissens"},"content":{"rendered":"","protected":false},"excerpt":{"rendered":"","protected":false},"author":1,"featured_media":0,"parent":42404,"menu_order":110,"comment_status":"closed","ping_status":"closed","template":"","meta":{"_acf_changed":false,"inline_featured_image":false,"footnotes":""},"class_list":["post-9618","page","type-page","status-publish","hentry"],"acf":{"bgcolor":"","bgcolor_custom":"","custom_color_css_variable":"","content_type":[{"acf_fc_layout":"content_txt","acfe_flexible_layout_title":"Text","bgcolor":"","bgcolor_custom":"","layout_col_size":8,"txt_cols":"is-1-txtcol","txt":"<span class=\"has-font-maison-neue\" style=\"font-family: 'Maison Neue';\">Mit dem neuen Format \u00bbEcosystems of Knowledge\u00ab initiiert die Akademie Schloss Solitude eine Plattform f\u00fcr kollektives Arbeiten, die von Stipendiat*innen um ein selbst gew\u00e4hltes Thema entwickelt wird. Im Rahmen kontinuierlicher Arbeitsgespr\u00e4che werden Methoden der k\u00fcnstlerischen und wissenschaftlichen Praxis ausgetauscht, um zu einem neuen Verst\u00e4ndnis des untersuchten Themas zu gelangen. Ziel des Formats ist es, eine Vielfalt von transdisziplin\u00e4ren Ans\u00e4tzen zu entwickeln und als Gruppe voneinander zu lernen. <\/span>\r\n\r\n<span class=\"has-font-reckless-light\" style=\"font-family: 'Reckless Regular';\">\u00d6kosysteme beschreiben eine dynamische Gemeinschaft von verschiedenen Individuen, die eng miteinander verbunden, aber gegen\u00fcber \u00e4u\u00dferen Einfl\u00fcssen durchl\u00e4ssig sind. Die wesentliche Grundlage der neuen Plattform wird ihre Vielfalt und der freie Austausch von Fachwissen sein. Dieser Dialog kann sowohl in Form von kritischer Reflexion als auch in Form der Entwicklung neuartiger Produktionen \u00fcber Disziplinen hinweg stattfinden. Als offene Einheiten werden auch externe Beitr\u00e4ge hinzugezogen, um die Heterogenit\u00e4t der Gruppe zu verst\u00e4rken. Aus diesem Austausch k\u00f6nnen vielf\u00e4ltige Resultate hervorgehen, die sich herauskristallisieren und dem, was erlebt wurde und sich aus diesem Dialog entwickelt hat, eine Form geben k\u00f6nnten.<\/span>\r\n\r\n&nbsp;"},{"acf_fc_layout":"content_txt","acfe_flexible_layout_title":"Text","bgcolor":"","bgcolor_custom":"","layout_col_size":8,"txt_cols":"is-1-txtcol","txt":"<h3 style=\"text-align: center;\"><span class=\"has-font-maison-neue-extended\" style=\"font-family: 'Maison Neue Extended';\"><strong>The Horizontal Reading Group\u00a0<\/strong><\/span><\/h3>\r\nDiese Initiative ist ein Rhizom der Residenz von <a href=\"https:\/\/www.akademie-solitude.de\/de\/person\/gabriella-torres-ferrer\/\">Gabriella Torres-Ferrer<\/a>\u00a0an der Akademie. Die Horizontal Reading Group l\u00e4dt dazu ein, sich w\u00e4hrend dieser Sperrzeiten online zu treffen, um eine Reihe von Texten und Ideen rund um eine breite Palette von Themen zu diskutieren, die f\u00fcr die Mitglieder von Interesse sind. Das Ziel ist es, Wissen aus verschiedenen Perspektiven zu schaffen, dem die Erkundung von nicht-hierarchischen Existenzweisen zugrunde liegt. Dabei soll eine sichere und inklusive Umgebung f\u00fcr jede*n geschaffen werden.\r\n\r\nDie Horizontal Reading Group findet jeden Sonntag statt, mehr Informationen dazu finden Sie\u00a0<a href=\"http:\/\/gabriellatorr.es\/hrg\/\">hier<\/a>.\r\n\r\n&nbsp;\r\n<h3 style=\"text-align: center;\"><span class=\"has-font-maison-neue-extended\" style=\"font-family: 'Maison Neue Extended';\">Non- &amp; Post-Human Knowledge-Working Group<\/span><\/h3>\r\n<span class=\"\">Die Non- &amp; Post-Human <\/span><span class=\"\">(NPH) <\/span><span class=\"\">Knowledge-Working Group ist eine interdisziplin\u00e4re und transnationale Gruppe <\/span><span class=\"\">f\u00fcr den Austausch, Diskussion und Kritik zu verschiedenen Auspr\u00e4gungen<\/span> <span class=\"\">des Nicht- &amp; Post-Humanen,<\/span><span class=\"\">\u00a0<\/span><span class=\"\">sowie\u00a0zu <\/span><span class=\"\">unterschie<\/span><span class=\"\">dlichen Praktiken, die das <\/span><span class=\"\">Nicht- &amp; Post-Humane untersuchen und ausdr\u00fccken. Die Gruppe wurde kuratiert und moderiert von <\/span><a class=\"\" href=\"https:\/\/www.akademie-solitude.de\/en\/person\/aouefa-amoussouvi\/\">Aouefa Amoussouvi<\/a><span class=\"\">.<\/span>"}],"intro_preview_headline":"","intro_preview_txt":"<span class=\"has-font-maison-neue\" style=\"font-family: 'Maison Neue';\">Mit dem neuen Format \u00bbEcosystems of Knowledge\u00ab initiiert die Akademie Schloss Solitude eine Plattform f\u00fcr kollektives Arbeiten, die von Stipendiat*innen um ein selbst gew\u00e4hltes Thema entwickelt wird. Im Rahmen kontinuierlicher Arbeitsgespr\u00e4che werden Methoden der k\u00fcnstlerischen und wissenschaftlichen Praxis ausgetauscht, um zu einem neuen Verst\u00e4ndnis des untersuchten Themas zu gelangen. Ziel des Formats ist es, eine Vielfalt von transdisziplin\u00e4ren Ans\u00e4tzen zu entwickeln und als Gruppe voneinander zu lernen.<\/span>","intro_preview_img":""},"_links":{"self":[{"href":"https:\/\/www.akademie-solitude.de\/de\/wp-json\/wp\/v2\/pages\/9618","targetHints":{"allow":["GET"]}}],"collection":[{"href":"https:\/\/www.akademie-solitude.de\/de\/wp-json\/wp\/v2\/pages"}],"about":[{"href":"https:\/\/www.akademie-solitude.de\/de\/wp-json\/wp\/v2\/types\/page"}],"author":[{"embeddable":true,"href":"https:\/\/www.akademie-solitude.de\/de\/wp-json\/wp\/v2\/users\/1"}],"replies":[{"embeddable":true,"href":"https:\/\/www.akademie-solitude.de\/de\/wp-json\/wp\/v2\/comments?post=9618"}],"version-history":[{"count":1,"href":"https:\/\/www.akademie-solitude.de\/de\/wp-json\/wp\/v2\/pages\/9618\/revisions"}],"predecessor-version":[{"id":39816,"href":"https:\/\/www.akademie-solitude.de\/de\/wp-json\/wp\/v2\/pages\/9618\/revisions\/39816"}],"up":[{"embeddable":true,"href":"https:\/\/www.akademie-solitude.de\/de\/wp-json\/wp\/v2\/pages\/42404"}],"wp:attachment":[{"href":"https:\/\/www.akademie-solitude.de\/de\/wp-json\/wp\/v2\/media?parent=9618"}],"curies":[{"name":"wp","href":"https:\/\/api.w.org\/{rel}","templated":true}]}}