{"id":9644,"date":"2020-06-09T11:03:24","date_gmt":"2020-06-09T09:03:24","guid":{"rendered":"https:\/\/www.akademie-solitude.de\/?page_id=9644"},"modified":"2026-01-26T11:19:22","modified_gmt":"2026-01-26T10:19:22","slug":"bewerbung","status":"publish","type":"page","link":"https:\/\/www.akademie-solitude.de\/de\/stipendium\/bewerbung\/","title":{"rendered":"Bewerbung"},"content":{"rendered":"","protected":false},"excerpt":{"rendered":"","protected":false},"author":1,"featured_media":0,"parent":85,"menu_order":94,"comment_status":"closed","ping_status":"closed","template":"","meta":{"_acf_changed":false,"inline_featured_image":false,"footnotes":""},"class_list":["post-9644","page","type-page","status-publish","hentry"],"acf":{"bgcolor":"has-bg-lila","bgcolor_custom":"","custom_color_css_variable":"","content_type":[{"acf_fc_layout":"content_txt","_acfe_flexible_layout_title":null,"acfe_flexible_layout_title":"Text","bgcolor":"","bgcolor_custom":"","layout_col_size":8,"txt_cols":"is-1-txtcol","txt":"<p class=\"p2\">Vielen Dank f\u00fcr Ihr Interesse an einem Aufenthaltsstipendium an der Akademie Schloss Solitude.<\/p>\r\nDie Bewerbungsrunde f\u00fcr das Solitude-Stipendium 2026\/2028 ist beendet. Wir m\u00f6chten uns herzlich bei allen bedanken, die eine Bewerbung eingereicht haben.\r\n<p class=\"p1\">Die Jurysitzung findet im Mai 2026 statt. Die Ergebnisse werden voraussichtlich Mitte Mai 2026 ver\u00f6ffentlicht und auf unserer Webseite bekannt gegeben. Alle Bewerberinnen und Bewerber werden au\u00dferdem per E-Mail \u00fcber die Resultate informiert.<\/p>\r\nDie n\u00e4chste Ausschreibung f\u00fcr das Solitude-Stipendium findet voraussichtlich im Herbst 2027 statt f\u00fcr Aufenthaltsstipendien, die fr\u00fchestens im Herbst 2028 beginnen.\r\n<p class=\"p1\">Wir danken Ihnen f\u00fcr Ihr Interesse an der Akademie Schloss Solitude und f\u00fcr Ihre Geduld.<\/p>\r\nWeitere Informationen zum Solitude-Stipendium finden Sie <a href=\"https:\/\/www.akademie-solitude.de\/de\/stipendium\/solitude-stipendium\/\">hier.<\/a>"}],"intro_preview_headline":"","intro_preview_txt":"","intro_preview_img":""},"_links":{"self":[{"href":"https:\/\/www.akademie-solitude.de\/de\/wp-json\/wp\/v2\/pages\/9644","targetHints":{"allow":["GET"]}}],"collection":[{"href":"https:\/\/www.akademie-solitude.de\/de\/wp-json\/wp\/v2\/pages"}],"about":[{"href":"https:\/\/www.akademie-solitude.de\/de\/wp-json\/wp\/v2\/types\/page"}],"author":[{"embeddable":true,"href":"https:\/\/www.akademie-solitude.de\/de\/wp-json\/wp\/v2\/users\/1"}],"replies":[{"embeddable":true,"href":"https:\/\/www.akademie-solitude.de\/de\/wp-json\/wp\/v2\/comments?post=9644"}],"version-history":[{"count":3,"href":"https:\/\/www.akademie-solitude.de\/de\/wp-json\/wp\/v2\/pages\/9644\/revisions"}],"predecessor-version":[{"id":44317,"href":"https:\/\/www.akademie-solitude.de\/de\/wp-json\/wp\/v2\/pages\/9644\/revisions\/44317"}],"up":[{"embeddable":true,"href":"https:\/\/www.akademie-solitude.de\/de\/wp-json\/wp\/v2\/pages\/85"}],"wp:attachment":[{"href":"https:\/\/www.akademie-solitude.de\/de\/wp-json\/wp\/v2\/media?parent=9644"}],"curies":[{"name":"wp","href":"https:\/\/api.w.org\/{rel}","templated":true}]}}