{"id":20663,"date":"2020-05-06T14:09:17","date_gmt":"2020-05-06T12:09:17","guid":{"rendered":"https:\/\/www.akademie-solitude.de\/akademie\/gremien\/"},"modified":"2026-02-10T12:26:54","modified_gmt":"2026-02-10T11:26:54","slug":"foundation-bodies","status":"publish","type":"page","link":"https:\/\/www.akademie-solitude.de\/en\/academy\/foundation-bodies\/","title":{"rendered":"Foundation Bodies"},"content":{"rendered":"","protected":false},"excerpt":{"rendered":"","protected":false},"author":1,"featured_media":0,"parent":19132,"menu_order":17,"comment_status":"closed","ping_status":"closed","template":"","meta":{"_acf_changed":false,"inline_featured_image":false,"footnotes":""},"class_list":["post-20663","page","type-page","status-publish","hentry"],"acf":{"bgcolor":"has-bg-lila","bgcolor_custom":"","custom_color_css_variable":"","content_type":[{"acf_fc_layout":"content_txt","_acfe_flexible_layout_title":null,"bgcolor":"","bgcolor_custom":"","layout_col_size":8,"txt_cols":"is-1-txtcol","txt":"<span class=\"has-font-maison-neue\" style=\"font-family: 'Maison Neue';\">The main foundation bodies of Akademie Schloss Solitude are the Foundation Board, the Executive Board and the Board of Trustees.<\/span>\r\n\r\n<span class=\"has-font-maison-neue\" style=\"font-family: 'Maison Neue';\">The Foundation Board consists of a representative of the State Ministry, a representative of the Ministry of Science, Research and the Arts and a representative of the Ministry of Finance of the State of Baden-Wuerttemberg. The Foundation Board is the Foundation\u2019s leading body, and supervises the activities of the Executive Board.<\/span>\r\n\r\n<span class=\"has-font-maison-neue\" style=\"font-family: 'Maison Neue';\">The Foundation\u2019s Executive Board constitutes the Akademie\u2019s management team. It is tasked with conducting the business of the Akademie within the framework of the Foundation\u2019s objective.<\/span>"},{"acf_fc_layout":"content_txt","_acfe_flexible_layout_title":null,"bgcolor":"","bgcolor_custom":"","layout_col_size":8,"txt_cols":"is-1-txtcol","txt":"<span class=\"has-font-reckless-light\" style=\"font-family: 'Reckless Regular';\">The Board of Trustees constitutes the following:<\/span>\r\n<ul>\r\n \t<li><span class=\"has-font-reckless-light\" style=\"font-family: 'Reckless Regular';\">up to twelve prominent individuals from the arts (including at least two each from the fields of fine arts, performing arts, literature and music)<\/span><\/li>\r\n \t<li><span class=\"has-font-reckless-light\" style=\"font-family: 'Reckless Regular';\">up to twelve prominent individuals from public life, academe and business who identify with the goals of the Foundation<\/span><\/li>\r\n \t<li><span class=\"has-font-reckless-light\" style=\"font-family: 'Reckless Regular';\">two representatives of Kunststiftung Baden-W\u00fcrttemberg gGmbH<\/span><\/li>\r\n \t<li><span class=\"has-font-reckless-light\" style=\"font-family: 'Reckless Regular';\">one representative of each of the parliamentary groups of the German <em>Landtag<\/em> (State Parliament)<\/span><\/li>\r\n \t<li><span class=\"has-font-reckless-light\" style=\"font-family: 'Reckless Regular';\">one representative from the city of Stuttgart<\/span><\/li>\r\n<\/ul>\r\n<span class=\"has-font-reckless-light\" style=\"font-family: 'Reckless Regular';\">The Board of Trustees advises the Foundation Board and the Akademie management on all fundamental issues. It elects an Advisory Board from among its members, which provides ongoing support to the Akademie in its capacity as a working committee. The members of the Foundation Board are entitled to attend the meetings of the Board of Trustees in an advisory capacity.<\/span>"},{"acf_fc_layout":"content_txt","_acfe_flexible_layout_title":null,"bgcolor":"","bgcolor_custom":"","layout_col_size":8,"txt_cols":"is-1-txtcol","txt":"<h3 style=\"text-align: center;\"><span class=\"has-font-maison-neue-extended\" style=\"font-family: 'Maison Neue Extended';\">Foundation Board<\/span><\/h3>"},{"acf_fc_layout":"content_rows","_acfe_flexible_layout_title":null,"bgcolor":"","rows_el":[{"row_el_content_collapsible":false,"row_el_content_collapsible_init_state":true,"row_el_content_headline":"","row_el_content_left":"Esther Pfalzer","row_el_content_right":"Government Director, Ministry of Finance Baden-W\u00fcrttemberg"},{"row_el_content_collapsible":false,"row_el_content_collapsible_init_state":true,"row_el_content_headline":"","row_el_content_left":"Anne-Katrin Schwarz","row_el_content_right":"Deputy Ministerial Councillor, State Ministry of Baden-W\u00fcrttemberg"},{"row_el_content_collapsible":false,"row_el_content_collapsible_init_state":true,"row_el_content_headline":"","row_el_content_left":"Dr. Claudia Rose","row_el_content_right":"Ministerial Director and Head of the Department of Art, Ministry for Science, Research and the Arts Baden-W\u00fcrttemberg"}]},{"acf_fc_layout":"content_txt","_acfe_flexible_layout_title":null,"bgcolor":"","bgcolor_custom":"","layout_col_size":8,"txt_cols":"is-1-txtcol","txt":"<h3 style=\"text-align: center;\"><span class=\"has-font-maison-neue-extended\" style=\"font-family: 'Maison Neue Extended';\">Board of Trustees<\/span><\/h3>"},{"acf_fc_layout":"content_rows","_acfe_flexible_layout_title":null,"bgcolor":"","rows_el":[{"row_el_content_collapsible":false,"row_el_content_collapsible_init_state":true,"row_el_content_headline":"","row_el_content_left":"","row_el_content_right":"<h6>Representatives of the sphere of art<\/h6>"},{"row_el_content_collapsible":false,"row_el_content_collapsible_init_state":true,"row_el_content_headline":"","row_el_content_left":"Prof. Ludger Engels","row_el_content_right":"Artistic director and managing director, Akademie f\u00fcr Darstellende Kunst, Ludwigsburg"},{"row_el_content_collapsible":false,"row_el_content_collapsible_init_state":true,"row_el_content_headline":"","row_el_content_left":"Dr. Annika Hampel","row_el_content_right":"Max Planck Institute for the Study of Crime, Security and Law, Freiburg im Breisgau"},{"row_el_content_collapsible":false,"row_el_content_collapsible_init_state":true,"row_el_content_headline":"","row_el_content_left":"Christian Holtzhauer","row_el_content_right":"Director Nationaltheater Mannheim"},{"row_el_content_collapsible":false,"row_el_content_collapsible_init_state":true,"row_el_content_headline":"","row_el_content_left":"Dr. Holger Kube Ventura","row_el_content_right":"Director Kunst\u00admu\u00adse\u00adum Reut\u00adlin\u00adgen | kon\u00adkret"},{"row_el_content_collapsible":false,"row_el_content_collapsible_init_state":true,"row_el_content_headline":"","row_el_content_left":"Mark Kwami","row_el_content_right":"Designer, Berlin"},{"row_el_content_collapsible":false,"row_el_content_collapsible_init_state":true,"row_el_content_headline":"","row_el_content_left":"Prasanna Oommen","row_el_content_right":"Moderator, Public Relations Specialist, and Author, Cologne\r\nDeputy Chairperson of the Board of Trustees"},{"row_el_content_collapsible":false,"row_el_content_collapsible_init_state":true,"row_el_content_headline":"","row_el_content_left":"Dieter Ripberger","row_el_content_right":"Dramaturge &amp; Cultural Manager, T\u00fcbingen"},{"row_el_content_collapsible":false,"row_el_content_collapsible_init_state":true,"row_el_content_headline":"","row_el_content_left":"Marcus Schmickler","row_el_content_right":"Composer, Cologne\/Graz"},{"row_el_content_collapsible":false,"row_el_content_collapsible_init_state":true,"row_el_content_headline":"","row_el_content_left":"Prof. Dr. Bonaventure\r\nSoh Bejeng Ndikung","row_el_content_right":"Director, Haus der Kulturen der Welt, Berlin"},{"row_el_content_collapsible":false,"row_el_content_collapsible_init_state":true,"row_el_content_headline":"","row_el_content_left":"Hortensia V\u00f6lckers","row_el_content_right":"Former Artistic Director of Kulturstiftung des Bundes, Berlin"},{"row_el_content_collapsible":false,"row_el_content_collapsible_init_state":true,"row_el_content_headline":"","row_el_content_left":"Prof. Susanne M.\r\nWinterling","row_el_content_right":"Artist and Professor for Art and Craft, Oslo National Academy of the Arts"},{"row_el_content_collapsible":false,"row_el_content_collapsible_init_state":true,"row_el_content_headline":"","row_el_content_left":"Gitte Zschoch","row_el_content_right":"General Secretary, Institut f\u00fcr Auslandsbeziehungen (ifa), Stuttgart"},{"row_el_content_collapsible":false,"row_el_content_collapsible_init_state":true,"row_el_content_headline":"","row_el_content_left":"","row_el_content_right":"<h6>Representatives of the public sphere<\/h6>"},{"row_el_content_collapsible":false,"row_el_content_collapsible_init_state":true,"row_el_content_headline":"","row_el_content_left":"Anna Bartels","row_el_content_right":"Foreign Cultural Policy, Federal Foreign Office, Berlin"},{"row_el_content_collapsible":false,"row_el_content_collapsible_init_state":true,"row_el_content_headline":"","row_el_content_left":"Dr. Hans Peter Buohler","row_el_content_right":"Program Director for Non-Fiction and Fiction, reclam Verlag, Ditzingen"},{"row_el_content_collapsible":false,"row_el_content_collapsible_init_state":true,"row_el_content_headline":"","row_el_content_left":"Prof. Danica Dakic","row_el_content_right":"Artist &amp; Professor, Kunstakademie D\u00fcsseldorf"},{"row_el_content_collapsible":false,"row_el_content_collapsible_init_state":true,"row_el_content_headline":"","row_el_content_left":"Prof. Dr. Giovanni Galizia","row_el_content_right":"Head of the Zukunftskolleg at the University of Konstanz"},{"row_el_content_collapsible":false,"row_el_content_collapsible_init_state":true,"row_el_content_headline":"","row_el_content_left":"Julia Grosse","row_el_content_right":"Curator &amp; Publisher, Contemporary And (C&amp;), Berlin"},{"row_el_content_collapsible":false,"row_el_content_collapsible_init_state":true,"row_el_content_headline":"","row_el_content_left":"Prof. Dr. Felix Heidenreich","row_el_content_right":"Political Scientist, University of Stuttgart, International Center for Cultural and Technological Studies (IZKT)"},{"row_el_content_collapsible":false,"row_el_content_collapsible_init_state":true,"row_el_content_headline":"","row_el_content_left":"Prof. Dr. Andreas Kaminski","row_el_content_right":"Philosopher, TU Darmstadt"},{"row_el_content_collapsible":false,"row_el_content_collapsible_init_state":true,"row_el_content_headline":"","row_el_content_left":"Anh-Linh Ngo","row_el_content_right":"Architect &amp; Chief Editor of Arch+, Vice president of Akademie der K\u00fcnste, Berlin"},{"row_el_content_collapsible":false,"row_el_content_collapsible_init_state":true,"row_el_content_headline":"","row_el_content_left":"Cem \u00d6zdemir","row_el_content_right":"B\u00fcndnis 90\/Die Gr\u00fcnen\r\nChairperson of the Board of Trustees"},{"row_el_content_collapsible":false,"row_el_content_collapsible_init_state":true,"row_el_content_headline":"","row_el_content_left":"Prof. Dr. Prof.\r\nh. c. mult.\r\nEva-Maria Seng","row_el_content_right":"Rector, Staatliche Akademie der Bildenden K\u00fcnste, Stuttgart"},{"row_el_content_collapsible":false,"row_el_content_collapsible_init_state":true,"row_el_content_headline":"","row_el_content_left":"\u00dclk\u00fc S\u00fcng\u00fcn","row_el_content_right":"Artist, Stuttgart"},{"row_el_content_collapsible":false,"row_el_content_collapsible_init_state":true,"row_el_content_headline":"","row_el_content_left":"Prof. Dr. Miriam Zadoff","row_el_content_right":"Director, Munich Documentation Center for the History of National Socialism"},{"row_el_content_collapsible":false,"row_el_content_collapsible_init_state":true,"row_el_content_headline":"","row_el_content_left":"","row_el_content_right":"<h6>Representatives by virtue of office<\/h6>"},{"row_el_content_collapsible":false,"row_el_content_collapsible_init_state":true,"row_el_content_headline":"","row_el_content_left":"Dr. Rainer Balzer ","row_el_content_right":"Member of the State Parliament, AfD, Bruchsal"},{"row_el_content_collapsible":false,"row_el_content_collapsible_init_state":true,"row_el_content_headline":"","row_el_content_left":"Stephen Brauer","row_el_content_right":"Member of the State Parliament, FDP, Crailsheim"},{"row_el_content_collapsible":false,"row_el_content_collapsible_init_state":true,"row_el_content_headline":"","row_el_content_left":"Marc Gegenfurtner","row_el_content_right":"Head of Kulturamt (Cultural Office) Stuttgart"},{"row_el_content_collapsible":false,"row_el_content_collapsible_init_state":true,"row_el_content_headline":"","row_el_content_left":"Prof. Susanne Kriemann","row_el_content_right":"Member of the Advisory Board of Kunststiftung Baden-W\u00fcrttemberg, Stuttgart"},{"row_el_content_collapsible":false,"row_el_content_collapsible_init_state":true,"row_el_content_headline":"","row_el_content_left":"Erwin K\u00f6hler","row_el_content_right":"Member of the State Parliament, B\u00fcndnis 90\/Die Gr\u00fcnen, Stuttgart"},{"row_el_content_collapsible":false,"row_el_content_collapsible_init_state":true,"row_el_content_headline":"","row_el_content_left":"Dr. Nils Schmid","row_el_content_right":"Member of the German Bundestag, Member of the Advisory Board of Kunststiftung Baden-W\u00fcrttemberg"},{"row_el_content_collapsible":false,"row_el_content_collapsible_init_state":true,"row_el_content_headline":"","row_el_content_left":"Katrin Steinh\u00fclb-Joos","row_el_content_right":"Member of the State Parliament, SPD, Stuttgart"},{"row_el_content_collapsible":false,"row_el_content_collapsible_init_state":true,"row_el_content_headline":"","row_el_content_left":"Andreas Sturm","row_el_content_right":"Member of the State Parliament, CDU, Hockenheim"}]},{"acf_fc_layout":"content_txt","_acfe_flexible_layout_title":null,"bgcolor":"","bgcolor_custom":"","layout_col_size":8,"txt_cols":"is-1-txtcol","txt":"<h3 style=\"text-align: center;\"><span class=\"has-font-maison-neue-extended\" style=\"font-family: 'Maison Neue Extended';\">Advisory Board<\/span><\/h3>"},{"acf_fc_layout":"content_rows","_acfe_flexible_layout_title":null,"bgcolor":"","rows_el":[{"row_el_content_collapsible":false,"row_el_content_collapsible_init_state":true,"row_el_content_headline":"","row_el_content_left":"Marc Gegenfurtner","row_el_content_right":"Head of Kulturamt (Cultural Office) Stuttgart"},{"row_el_content_collapsible":false,"row_el_content_collapsible_init_state":true,"row_el_content_headline":"","row_el_content_left":"Dr. Annika Hampel","row_el_content_right":"Max Planck Institute for the Study of Crime, Security and Law, Freiburg im Breisgau"},{"row_el_content_collapsible":false,"row_el_content_collapsible_init_state":true,"row_el_content_headline":"","row_el_content_left":"Christian Holtzhauer","row_el_content_right":"Director Nationaltheater Mannheim"},{"row_el_content_collapsible":false,"row_el_content_collapsible_init_state":true,"row_el_content_headline":"","row_el_content_left":"Prof. Dr. Andreas Kaminski\r\n","row_el_content_right":"Philosopher, TU Darmstadt"},{"row_el_content_collapsible":false,"row_el_content_collapsible_init_state":true,"row_el_content_headline":"","row_el_content_left":"Dr. Holger Kube Ventura","row_el_content_right":"Director Kunst\u00admu\u00adse\u00adum Reut\u00adlin\u00adgen | kon\u00adkret"},{"row_el_content_collapsible":false,"row_el_content_collapsible_init_state":true,"row_el_content_headline":"","row_el_content_left":"Prof. Dr. Prof.\r\nh. c. mult.\r\nEva-Maria Seng","row_el_content_right":"Rector, Staatliche Akademie der Bildenden K\u00fcnste, Stuttgart"},{"row_el_content_collapsible":false,"row_el_content_collapsible_init_state":true,"row_el_content_headline":"","row_el_content_left":"\u00dclk\u00fc S\u00fcng\u00fcn","row_el_content_right":"Artist, Stuttgart\r\nDeputy Chair of the Advisory Board"},{"row_el_content_collapsible":false,"row_el_content_collapsible_init_state":true,"row_el_content_headline":"","row_el_content_left":"Gitte Zschoch","row_el_content_right":"General Secretary, Institut f\u00fcr Auslandsbeziehungen (ifa), Stuttgart\r\nChair of the Advisory Board"}]}]},"_links":{"self":[{"href":"https:\/\/www.akademie-solitude.de\/en\/wp-json\/wp\/v2\/pages\/20663","targetHints":{"allow":["GET"]}}],"collection":[{"href":"https:\/\/www.akademie-solitude.de\/en\/wp-json\/wp\/v2\/pages"}],"about":[{"href":"https:\/\/www.akademie-solitude.de\/en\/wp-json\/wp\/v2\/types\/page"}],"author":[{"embeddable":true,"href":"https:\/\/www.akademie-solitude.de\/en\/wp-json\/wp\/v2\/users\/1"}],"replies":[{"embeddable":true,"href":"https:\/\/www.akademie-solitude.de\/en\/wp-json\/wp\/v2\/comments?post=20663"}],"version-history":[{"count":3,"href":"https:\/\/www.akademie-solitude.de\/en\/wp-json\/wp\/v2\/pages\/20663\/revisions"}],"predecessor-version":[{"id":44577,"href":"https:\/\/www.akademie-solitude.de\/en\/wp-json\/wp\/v2\/pages\/20663\/revisions\/44577"}],"up":[{"embeddable":true,"href":"https:\/\/www.akademie-solitude.de\/en\/wp-json\/wp\/v2\/pages\/19132"}],"wp:attachment":[{"href":"https:\/\/www.akademie-solitude.de\/en\/wp-json\/wp\/v2\/media?parent=20663"}],"curies":[{"name":"wp","href":"https:\/\/api.w.org\/{rel}","templated":true}]}}