{"id":21383,"date":"2020-08-18T15:08:54","date_gmt":"2020-08-18T13:08:54","guid":{"rendered":"https:\/\/www.akademie-solitude.de\/stipendium\/stipendien\/eastern-european-network\/pogon-zagreb-center-for-independent-culture-and-youth\/"},"modified":"2026-02-06T11:09:55","modified_gmt":"2026-02-06T10:09:55","slug":"pogon-zagreb-center-for-independent-culture-and-youth","status":"publish","type":"page","link":"https:\/\/www.akademie-solitude.de\/en\/fellowship\/special-fellowships\/solitude-exchange-network\/pogon-zagreb-center-for-independent-culture-and-youth\/","title":{"rendered":"POGON \u2013 Zagreb Center for Independent Culture and Youth in Croatia"},"content":{"rendered":"","protected":false},"excerpt":{"rendered":"","protected":false},"author":8,"featured_media":0,"parent":20795,"menu_order":79,"comment_status":"closed","ping_status":"closed","template":"","meta":{"_acf_changed":false,"inline_featured_image":false,"footnotes":""},"class_list":["post-21383","page","type-page","status-publish","hentry"],"acf":{"bgcolor":"","bgcolor_custom":"","custom_color_css_variable":"","content_type":[{"acf_fc_layout":"content_txt","_acfe_flexible_layout_title":null,"bgcolor":"","bgcolor_custom":"","layout_col_size":8,"txt_cols":"is-1-txtcol","txt":"The exchange program with <a href=\"http:\/\/www.upogoni.org\/en\/\" data-cke-saved-href=\"http:\/\/www.upogoni.org\/en\/\">POGON \u2013 Zagreb Center for Independent Culture and Youth<\/a> was initiated in 2009. POGON is a cultural center based on a hybrid model of public-civil partnership between the City of Zagreb and a coalition of NGOs working in the fields of independent culture and youth. Its key goal is to support the contemporary creation, presentation and reception of independent culture by providing its premises, technical equipment and support to associations, art organizations, informal groups and individuals free of charge, as well as by creating opportunities for learning, encounters and collaboration.\r\n\r\nEvery year, POGON supports the implementation of over one hundred different event formats from all spheres of culture and art (exhibitions, theatre and dance performances, contemporary circus performances, concerts, lectures, public forums, screenings, workshops, seminars, and other interdisciplinary, educational and discursive events). As such, POGON brings together a broad network of organizations, initiatives, and artists.\r\n\r\nBuilding on this foundation, the purpose of the exchange with the Solitude Exchange Network program is to provide a platform aimed at fostering creative processes that address the extended field of urbanity.\r\n\r\nThe three-month residency in Zagreb hosts authors (artists, curators, architects, designers, and others) who approach urban issues with subtle complexity, in innovative ways through their practical, theoretical, research-based, artistic or interdisciplinary work. The intention underlying the residency encourages participants to take the city, preferably Zagreb, as an inspiration that can complement or channel their work, interests and even obsessions.\r\n\r\nPreferred projects are those that can benefit from the time spent in Zagreb and its context, incorporating a dialogue or other forms of interaction with the local community or professionals from the independent cultural field during the development process."},{"acf_fc_layout":"content_spacer","_acfe_flexible_layout_title":null,"bgcolor":"","bgcolor_custom":"","layout_col_size":12,"space_height":""},{"acf_fc_layout":"content_spacer","_acfe_flexible_layout_title":null,"bgcolor":"has-bg-grey","bgcolor_custom":"","layout_col_size":2,"space_height":""},{"acf_fc_layout":"content_txt","_acfe_flexible_layout_title":null,"bgcolor":"has-bg-grey","bgcolor_custom":"","layout_col_size":8,"txt_cols":"is-1-txtcol","txt":"<h4 style=\"text-align: center;\">Cooperation fellows from Croatia at Solitude<\/h4>\r\n<span class=\"has-font-reckless-light\" style=\"font-family: 'Reckless Regular';\"><a href=\"https:\/\/www.akademie-solitude.de\/en\/person\/zvonimir-marcic\/\">Zvonimir Mar\u010di\u0107 <\/a>(Oct\u2013Dec 2009), <a href=\"https:\/\/www.akademie-solitude.de\/en\/person\/iva-marcetic\/\">Iva Mar\u010deti\u0107<\/a> (Nov 2011\u2013Jan 2012),\u00a0<a href=\"https:\/\/www.akademie-solitude.de\/en\/person\/ana-sladetic\/\">Ana Sladetic<\/a> (Sept\u2013Nov 2012), <a href=\"https:\/\/www.akademie-solitude.de\/en\/person\/vesna-vukovic\/\">Vesna Vukovic<\/a> (Oct\u2013Dec 2013), <a href=\"https:\/\/www.akademie-solitude.de\/en\/person\/maja-markovic\/\">Maja Markovi\u0107<\/a> (Sept\u2013Nov 2014), <a href=\"https:\/\/www.akademie-solitude.de\/en\/person\/katerina-duda\/\">Katerina Duda <\/a>(Oct\u2013Dec 2015), <a href=\"https:\/\/www.akademie-solitude.de\/en\/person\/ana-kovacic\/\">Ana Kova\u010di\u0107<\/a> (Oct\u2013Dec 2016), <a href=\"https:\/\/www.akademie-solitude.de\/en\/person\/vanja-babic\/\">Vanja Babi\u0107<\/a> (Oct\u2013Dec 2017), <a href=\"https:\/\/www.akademie-solitude.de\/en\/person\/luiza-margan\/\">Luiza Margan <\/a>(Feb\u2013Apr 2019), <a href=\"https:\/\/www.akademie-solitude.de\/en\/person\/laura-baric\/\">Laura Bari\u0107<\/a> (Oct\u2013Dec 2019), <a href=\"https:\/\/www.akademie-solitude.de\/en\/person\/selma-banich\/\">Selma Banich<\/a> (Sept\u2013Nov 2023), <a href=\"https:\/\/www.akademie-solitude.de\/en\/person\/sara-salamon\/\">Sara Salamon<\/a> (Sept\u2013Nov 2024), <a href=\"https:\/\/www.akademie-solitude.de\/en\/person\/sanja-bistricic-srica\/\">Sanja Bistri\u010di\u0107 Sri\u0107a<\/a> (Sept\u2013Nov 2025),<\/span>\r\n<h4 style=\"text-align: center;\">Solitude fellows at Zagreb Center for Independent Culture and Youth in Croatia<\/h4>\r\n<span class=\"has-font-reckless-light\" style=\"font-family: 'Reckless Regular';\"><a href=\"https:\/\/www.akademie-solitude.de\/en\/person\/lan-tuazon\/\">Lan Tuazon <\/a>(2010), <a href=\"https:\/\/www.akademie-solitude.de\/en\/person\/mitch-mcewen\/\">Mitch McEwen<\/a> (2012), <a href=\"https:\/\/www.akademie-solitude.de\/en\/person\/enoch-cheng\/\">Enoch Cheng<\/a> (2018), <a href=\"https:\/\/www.akademie-solitude.de\/en\/person\/christoph-szalay\/\">Christoph Szalay<\/a> (2018), <a href=\"https:\/\/www.akademie-solitude.de\/en\/person\/vinicius-jatoba\/\">Vinicius Jatob\u00e1 <\/a>\u00a0(2019), <a href=\"https:\/\/www.akademie-solitude.de\/en\/person\/viktorija-siaulyte\/\">Viktorija \u0160iaulyt\u0117<\/a> ( 2021), <a href=\"https:\/\/www.akademie-solitude.de\/en\/person\/mmakhotso-lamola\/\">Mmakhotso Lamola<\/a> (2022), <a href=\"https:\/\/www.akademie-solitude.de\/en\/person\/merve-bedir\/\">Merve Bedir<\/a> (2023), <a href=\"https:\/\/www.akademie-solitude.de\/en\/person\/alia-hamdan\/\">Alia Hamdan<\/a> (2024), <a href=\"https:\/\/www.akademie-solitude.de\/en\/person\/rojia-forouhar-abadeh\/\">Rojia Forouhar Abadeh<\/a> (2025)<\/span>"},{"acf_fc_layout":"content_spacer","_acfe_flexible_layout_title":null,"bgcolor":"has-bg-grey","bgcolor_custom":"","layout_col_size":2,"space_height":""}]},"_links":{"self":[{"href":"https:\/\/www.akademie-solitude.de\/en\/wp-json\/wp\/v2\/pages\/21383","targetHints":{"allow":["GET"]}}],"collection":[{"href":"https:\/\/www.akademie-solitude.de\/en\/wp-json\/wp\/v2\/pages"}],"about":[{"href":"https:\/\/www.akademie-solitude.de\/en\/wp-json\/wp\/v2\/types\/page"}],"author":[{"embeddable":true,"href":"https:\/\/www.akademie-solitude.de\/en\/wp-json\/wp\/v2\/users\/8"}],"replies":[{"embeddable":true,"href":"https:\/\/www.akademie-solitude.de\/en\/wp-json\/wp\/v2\/comments?post=21383"}],"version-history":[{"count":3,"href":"https:\/\/www.akademie-solitude.de\/en\/wp-json\/wp\/v2\/pages\/21383\/revisions"}],"predecessor-version":[{"id":44529,"href":"https:\/\/www.akademie-solitude.de\/en\/wp-json\/wp\/v2\/pages\/21383\/revisions\/44529"}],"up":[{"embeddable":true,"href":"https:\/\/www.akademie-solitude.de\/en\/wp-json\/wp\/v2\/pages\/20795"}],"wp:attachment":[{"href":"https:\/\/www.akademie-solitude.de\/en\/wp-json\/wp\/v2\/media?parent=21383"}],"curies":[{"name":"wp","href":"https:\/\/api.w.org\/{rel}","templated":true}]}}