{"id":21393,"date":"2020-08-18T15:06:56","date_gmt":"2020-08-18T13:06:56","guid":{"rendered":"https:\/\/www.akademie-solitude.de\/stipendium\/stipendien\/eastern-european-network\/austauschprogramm-mit-jungen-ungarischen-schriftstellern-in-budapest-ungarn\/"},"modified":"2020-09-15T22:02:49","modified_gmt":"2020-09-15T20:02:49","slug":"exchange-program-with-young-hungarian-writers-in-budapest-hungary","status":"publish","type":"page","link":"https:\/\/www.akademie-solitude.de\/en\/fellowship\/special-fellowships\/solitude-exchange-network\/exchange-program-with-young-hungarian-writers-in-budapest-hungary\/","title":{"rendered":"Exchange program with young Hungarian writers in Budapest, Hungary"},"content":{"rendered":"","protected":false},"excerpt":{"rendered":"","protected":false},"author":8,"featured_media":0,"parent":20795,"menu_order":81,"comment_status":"closed","ping_status":"closed","template":"","meta":{"_acf_changed":false,"inline_featured_image":false,"footnotes":""},"class_list":["post-21393","page","type-page","status-publish","hentry"],"acf":{"bgcolor":"has-bg-yellow","bgcolor_custom":"","custom_color_css_variable":"","content_type":[{"acf_fc_layout":"content_txt","bgcolor":"","bgcolor_custom":"","layout_col_size":8,"txt_cols":"is-1-txtcol","txt":"<span class=\"has-font-maison-neue\" style=\"font-family: 'Maison Neue';\">After the same principle as in Warsaw, the Akademie Schloss Solitude initiated an exchange program for young Hungarian writers which existed from summer 2005 until end of 2018, coordinated by the J\u00f3zsef Attila Circle in Budapest.<\/span>\r\n\r\n<span class=\"has-font-maison-neue\" style=\"font-family: 'Maison Neue';\">The program was supported by the Ministry of Science, Research and Art of the State of Baden-W\u00fcrttemberg, the Hungarian Ministry of Culture, and the Robert Bosch Foundation (until December 2006).<\/span>\r\n\r\n&nbsp;\r\n<h3 style=\"text-align: center;\">Writers from Hungary at Solitude<\/h3>\r\n<p style=\"text-align: left;\"><span class=\"has-font-reckless-regular\" style=\"font-family: 'Reckless Regular';\"><a href=\"https:\/\/www.akademie-solitude.de\/en\/person\/zsuzsa-selyem\/\">Zsuzsa Selyem<\/a> (Oct\u2013Dec 2005), <a href=\"https:\/\/www.akademie-solitude.de\/en\/person\/janos-terey\/\">J\u00e1nos T\u00e9rey <\/a>(Apr\u2013June 2006), <a href=\"https:\/\/www.akademie-solitude.de\/en\/person\/balint-harcos\/\">B\u00e1lint Harcos <\/a>(Sept\u2013Nov 2006), <a href=\"https:\/\/www.akademie-solitude.de\/en\/person\/gabor-lanczkor\/\">G\u00e1bor Lanczkor<\/a>(Apr\u2013June 2007), <a href=\"https:\/\/www.akademie-solitude.de\/en\/person\/istvan-laszlo-geher\/\">Istv\u00e1n L\u00e1szl\u00f3 Geher<\/a> (July\u2013Sept 2008), <a href=\"https:\/\/www.akademie-solitude.de\/en\/person\/tamas-t-kaszas\/\">Tam\u00e1s T. Kasz\u00e1s<\/a> (Oct\u2013Dec 2008), <a href=\"https:\/\/www.akademie-solitude.de\/en\/person\/dan-sociu\/\">Dan Sociu<\/a> (June\u2013Aug 2008), <a href=\"https:\/\/www.akademie-solitude.de\/en\/person\/denes-krusovszky\/\">D\u00e9nes Krusovszky<\/a> (July\u2013Oct 2009), <a href=\"https:\/\/www.akademie-solitude.de\/en\/person\/zsolt-nagy-koppany\/\">Zsolt Nagy Kopp\u00e1ny<\/a> (July\u2013Sept 2009), <a href=\"https:\/\/www.akademie-solitude.de\/en\/person\/zoltan-csehy\/\">Zolt\u00e1n Csehy<\/a>\u00a0(May\u2013June 2011),\u00a0<a href=\"https:\/\/www.akademie-solitude.de\/en\/person\/ildiko-noemi-nagy\/\">Ildik\u00f3 No\u00e9mi Nagy<\/a> (Oct\u2013Dec 2011), <a href=\"https:\/\/www.akademie-solitude.de\/en\/person\/andras-gerevich\/\">Andr\u00e1s Gerevich<\/a> (Oct\u2013Nov 2012, Mar 2014), <a href=\"https:\/\/www.akademie-solitude.de\/en\/person\/kinga-toth\/\">Kinga T\u00f3th<\/a> (Oct\u2013Dec 2013), <a href=\"https:\/\/www.akademie-solitude.de\/en\/person\/mario-z-nemes\/\">M\u00e1ri\u00f3 Z\u00f3ltan Nemes<\/a> (Sept\u2013Nov 2014), <a href=\"https:\/\/www.akademie-solitude.de\/en\/person\/matyas-dunajcsik\/\">M\u00e1ty\u00e1s Dunajcsik<\/a> (Oct\u2013Dec 2016), <a href=\"https:\/\/www.akademie-solitude.de\/en\/person\/zoltan-lesi\/\">Zolt\u00e1n Lesi <\/a>(Oct\u2013Dec 2017).<\/span><\/p>\r\n&nbsp;\r\n<h3 style=\"text-align: center;\">Solitude fellows in Hungary in cooperation with the J\u00f3zsef Attila Circle<\/h3>\r\n<span class=\"has-font-reckless-regular\" style=\"font-family: 'Reckless Regular';\"><a href=\"https:\/\/www.akademie-solitude.de\/person\/en\/margareth-obexer-2\/\">Margareth Obexer<\/a> (Sept\u2013Nov 2005), <a href=\"https:\/\/www.akademie-solitude.de\/en\/person\/hans-werner-klohe\/\">Hans-Werner Klohe<\/a> (Sept\u2013Oct 2006), <a href=\"https:\/\/www.akademie-solitude.de\/en\/person\/tilman-rammstedt\/\">Tilman Rammstedt<\/a> (Apr\u2013May 2006), <a href=\"https:\/\/www.akademie-solitude.de\/en\/person\/anja-utler\/\">Anja Utler <\/a>(Sept\u2013Nov 2006), <a href=\"https:\/\/www.akademie-solitude.de\/en\/person\/sarnath-banerjee\/\">Sarnath Banerjee <\/a>(Apr\u2013May 2007), <a href=\"https:\/\/www.akademie-solitude.de\/en\/person\/esi-edugyan\/\">Esi Edugyan<\/a> (Apr\u2013May 2007), <a href=\"https:\/\/www.akademie-solitude.de\/en\/person\/kaiwan-mehta\/\">Kaiwan Mehta <\/a>(2008),\u00a0<a href=\"https:\/\/www.akademie-solitude.de\/en\/person\/ulrike-syha\/\">Ulrike Syha<\/a>\u00a0(2008),\u00a0<a href=\"https:\/\/www.akademie-solitude.de\/en\/person\/jonathan-garfinkel\/\">Jonathan Garfinkel<\/a>\u00a0(2009),\u00a0<a href=\"https:\/\/www.akademie-solitude.de\/en\/person\/katarzyna-sowula\/\">Katarzyna Sowula<\/a>\u00a0(2009),\u00a0<a href=\"https:\/\/www.akademie-solitude.de\/en\/person\/franziska-gerstenberg\/\">Franziska Gerstenberg\u00a0<\/a>(2010),\u00a0<a href=\"https:\/\/www.akademie-solitude.de\/en\/person\/mikolaj-lozinski\/\">Mikolaj Lozinski<\/a>\u00a0(2011),\u00a0<a href=\"https:\/\/www.akademie-solitude.de\/en\/person\/lina-mounzer\/\">Lina Mounzer<\/a>\u00a0(2011),\u00a0<a href=\"https:\/\/www.akademie-solitude.de\/en\/person\/katharina-bendixen\/\">Katharina Bendixen<\/a>(2013),\u00a0<a href=\"https:\/\/www.akademie-solitude.de\/en\/person\/michelle-sterling\/\">Michelle Sterling <\/a>(2014).<\/span>"}]},"_links":{"self":[{"href":"https:\/\/www.akademie-solitude.de\/en\/wp-json\/wp\/v2\/pages\/21393","targetHints":{"allow":["GET"]}}],"collection":[{"href":"https:\/\/www.akademie-solitude.de\/en\/wp-json\/wp\/v2\/pages"}],"about":[{"href":"https:\/\/www.akademie-solitude.de\/en\/wp-json\/wp\/v2\/types\/page"}],"author":[{"embeddable":true,"href":"https:\/\/www.akademie-solitude.de\/en\/wp-json\/wp\/v2\/users\/8"}],"replies":[{"embeddable":true,"href":"https:\/\/www.akademie-solitude.de\/en\/wp-json\/wp\/v2\/comments?post=21393"}],"version-history":[{"count":0,"href":"https:\/\/www.akademie-solitude.de\/en\/wp-json\/wp\/v2\/pages\/21393\/revisions"}],"up":[{"embeddable":true,"href":"https:\/\/www.akademie-solitude.de\/en\/wp-json\/wp\/v2\/pages\/20795"}],"wp:attachment":[{"href":"https:\/\/www.akademie-solitude.de\/en\/wp-json\/wp\/v2\/media?parent=21393"}],"curies":[{"name":"wp","href":"https:\/\/api.w.org\/{rel}","templated":true}]}}