{"id":33690,"date":"2020-12-01T11:53:20","date_gmt":"2020-12-01T10:53:20","guid":{"rendered":"https:\/\/www.akademie-solitude.de\/academy\/jobs\/praktikum-im-bereich-art-science-business\/"},"modified":"2022-07-19T11:22:14","modified_gmt":"2022-07-19T09:22:14","slug":"praktikum-im-bereich-art-science-business","status":"publish","type":"page","link":"https:\/\/www.akademie-solitude.de\/en\/praktikum-im-bereich-art-science-business\/","title":{"rendered":"Internship in the program art, science &#038; business"},"content":{"rendered":"","protected":false},"excerpt":{"rendered":"","protected":false},"author":2,"featured_media":0,"parent":0,"menu_order":41,"comment_status":"closed","ping_status":"closed","template":"","meta":{"_acf_changed":false,"inline_featured_image":false,"footnotes":""},"class_list":["post-33690","page","type-page","status-publish","hentry"],"acf":{"bgcolor":"","bgcolor_custom":"","custom_color_css_variable":"","content_type":[{"acf_fc_layout":"content_spacer","bgcolor":"","bgcolor_custom":"","layout_col_size":8,"space_height":0},{"acf_fc_layout":"content_txt","bgcolor":"has-bg-grey","bgcolor_custom":"","layout_col_size":8,"txt_cols":"is-1-txtcol","txt":"<h6>Allgemeines zum Praktikum<\/h6>\r\nZur Verst\u00e4rkung ihres Teams von 14 Mitarbeiter*innen bietet die Akademie Schloss Solitude Praktikantenstellen an, vorrangig an junge Bachelor- und Master-Studierende bzw. Absolvent*innen aus der Region Stuttgart. Ziel solcher Praktika ist das Erlernen von Mechanismen und Arbeitstechniken, die im Bereich von Kulturorganisationen und -institutionen n\u00f6tig sind.\r\n\r\nEin Praktikum an der Akademie Schloss Solitude ist eine Vollzeitbesch\u00e4ftigung mit einer Wochenarbeitszeit von 39,5 Stunden. Bei einem ausgeschriebenen Pflichtpraktikum im Rahmen eines Studiums bel\u00e4uft sich die Aufwandsentsch\u00e4digung auf 500 Euro\/Monat. Sofern es sich nicht um ein Pflichtpraktikum handelt, gelten die Konditionen des MiLoG (ca. 1600 Euro brutto).\r\n\r\nDie Bewerbungen von PIPoC, queeren Personen und FLINTA (Frauen, Lesben, Inter*, Non-Binary*, trans*, Agender*Personen) sowie Personen mit Migrationshintergrund sind ausdr\u00fccklich erw\u00fcnscht. Anerkannt Schwerbehinderte werden bei gleicher Eignung bevorzugt ber\u00fccksichtigt."}]},"_links":{"self":[{"href":"https:\/\/www.akademie-solitude.de\/en\/wp-json\/wp\/v2\/pages\/33690","targetHints":{"allow":["GET"]}}],"collection":[{"href":"https:\/\/www.akademie-solitude.de\/en\/wp-json\/wp\/v2\/pages"}],"about":[{"href":"https:\/\/www.akademie-solitude.de\/en\/wp-json\/wp\/v2\/types\/page"}],"author":[{"embeddable":true,"href":"https:\/\/www.akademie-solitude.de\/en\/wp-json\/wp\/v2\/users\/2"}],"replies":[{"embeddable":true,"href":"https:\/\/www.akademie-solitude.de\/en\/wp-json\/wp\/v2\/comments?post=33690"}],"version-history":[{"count":0,"href":"https:\/\/www.akademie-solitude.de\/en\/wp-json\/wp\/v2\/pages\/33690\/revisions"}],"wp:attachment":[{"href":"https:\/\/www.akademie-solitude.de\/en\/wp-json\/wp\/v2\/media?parent=33690"}],"curies":[{"name":"wp","href":"https:\/\/api.w.org\/{rel}","templated":true}]}}